{"id":870,"date":"2015-03-16T07:24:27","date_gmt":"2015-03-16T07:24:27","guid":{"rendered":"http:\/\/blogsaverroes.juntadeandalucia.es\/pre\/ceip\/?page_id=103"},"modified":"2019-10-12T16:17:05","modified_gmt":"2019-10-12T16:17:05","slug":"aula-matinal","status":"publish","type":"page","link":"https:\/\/blogsaverroes.juntadeandalucia.es\/ceipsantateresaestepa\/aula-matinal\/","title":{"rendered":"Aula Matinal"},"content":{"rendered":"<p>&nbsp;<\/p>\n<p>El <strong>Aula Matinal<\/strong> abre a las&nbsp; horas de lunes a viernes, ofreciendo actividades diversas a los estudiantes hasta el comienzo del horario lectivo.<\/p>\n<p>Puede&nbsp;utilizarse&nbsp;cualquier d\u00eda previa inscripci\u00f3n y domicializaci\u00f3n bancaria.<\/p>\n<p class=\"western\" lang=\"es-ES\">Le informamos de los servicios de AULA MATINAL, COMEDOR Y ACTIVIDADES EXTRAESCOLARES que estar\u00e1n en funcionamiento el pr\u00f3ximo curso 2019-20. Si est\u00e1 interesado en que su hijo\/a participe en alguno de ellos, deber\u00e1 rellenar la solicitud que recoger\u00e1 en la secretar\u00eda del Centro (C\/Camino de las Vigas) a partir del d\u00eda 28 de mayo en horario de 12:00 a 14 horas. PLAZO DE PRESENTACI\u00d3N DE SOLICITUDES: Del 1 al 8 de junio, ambos inclusive.<\/p>\n<p>&nbsp;<\/p>\n<p class=\"western\" lang=\"es-ES\" style=\"text-align: center\">COMEDOR, AULA MATINAL Y ACTIVIDADES EXTRAESCOLARES.<\/p>\n<p class=\"western\" lang=\"es-ES\">Nuestro colegio oferta el Plan de Apertura de Centros de la Consejer\u00eda de Educaci\u00f3n. Este plan pretende facilitar la conciliaci\u00f3n de las jornadas laborales y escolar mediante la ampliaci\u00f3n del horario de los centros y mejorar la oferta educativa de los centros p\u00fablicos con servicios complementarios de aula matinal, comedor y actividades extraescolares.<\/p>\n<p class=\"western\" lang=\"es-ES\">La participaci\u00f3n en las actividades extraescolares que organizan los centros es voluntaria por parte de los alumnos y tienen un coste asequible para las familias que, no obstante, pueden beneficiarse de una bonificaci\u00f3n del 10% , 18% , 26% , 34% , 42% , 50% o el 100% del precio, en funci\u00f3n de sus niveles de renta.<\/p>\n<p class=\"western\" lang=\"es-ES\">Esperamos y deseamos que este servicio sea de gran utilidad para todos y nos anime a participar en \u00e9l.<\/p>\n","protected":false},"excerpt":{"rendered":"<p>&nbsp; El Aula Matinal abre a las&nbsp; horas de lunes a viernes, ofreciendo actividades diversas a los estudiantes hasta el comienzo del horario lectivo. Puede&nbsp;utilizarse&nbsp;cualquier d\u00eda previa inscripci\u00f3n y domicializaci\u00f3n&#46;&#46;&#46;<\/p>\n","protected":false},"author":1,"featured_media":0,"parent":0,"menu_order":0,"comment_status":"open","ping_status":"open","template":"","meta":{"ngg_post_thumbnail":0,"footnotes":"","_mc_calendar":[]},"aioseo_notices":[],"_links":{"self":[{"href":"https:\/\/blogsaverroes.juntadeandalucia.es\/ceipsantateresaestepa\/wp-json\/wp\/v2\/pages\/870"}],"collection":[{"href":"https:\/\/blogsaverroes.juntadeandalucia.es\/ceipsantateresaestepa\/wp-json\/wp\/v2\/pages"}],"about":[{"href":"https:\/\/blogsaverroes.juntadeandalucia.es\/ceipsantateresaestepa\/wp-json\/wp\/v2\/types\/page"}],"author":[{"embeddable":true,"href":"https:\/\/blogsaverroes.juntadeandalucia.es\/ceipsantateresaestepa\/wp-json\/wp\/v2\/users\/1"}],"replies":[{"embeddable":true,"href":"https:\/\/blogsaverroes.juntadeandalucia.es\/ceipsantateresaestepa\/wp-json\/wp\/v2\/comments?post=870"}],"version-history":[{"count":8,"href":"https:\/\/blogsaverroes.juntadeandalucia.es\/ceipsantateresaestepa\/wp-json\/wp\/v2\/pages\/870\/revisions"}],"predecessor-version":[{"id":2627,"href":"https:\/\/blogsaverroes.juntadeandalucia.es\/ceipsantateresaestepa\/wp-json\/wp\/v2\/pages\/870\/revisions\/2627"}],"wp:attachment":[{"href":"https:\/\/blogsaverroes.juntadeandalucia.es\/ceipsantateresaestepa\/wp-json\/wp\/v2\/media?parent=870"}],"curies":[{"name":"wp","href":"https:\/\/api.w.org\/{rel}","templated":true}]}}