{"id":592,"date":"2021-02-10T18:23:12","date_gmt":"2021-02-10T17:23:12","guid":{"rendered":"https:\/\/blogsaverroes.juntadeandalucia.es\/ceipsantateresalgeciras\/?page_id=592"},"modified":"2021-02-24T20:35:27","modified_gmt":"2021-02-24T19:35:27","slug":"el-centro","status":"publish","type":"page","link":"https:\/\/blogsaverroes.juntadeandalucia.es\/ceipsantateresalgeciras\/","title":{"rendered":"EL CENTRO"},"content":{"rendered":"<p>\u00a1Bienvenidos al CEIP Santa Teresa de Jes\u00fas!<\/p>\n<p style=\"text-align: justify\">La vida en los centros escolares caracterizada por su diversidad, heterogeneidad y sobre todo por su dinamismo, se complica a\u00fan m\u00e1s con la incorporaci\u00f3n de las nuevas tecnolog\u00edas a los proyectos curriculares. En el&nbsp;CEIP Santa Teresa de Jes\u00fas trabajamos en la renovaci\u00f3n y formaci\u00f3n permanente por parte de los docentes, con la finalidad de proporcionar a nuestro alumnado una educaci\u00f3n integral para que puedan desenvolverse con \u00e9xito dentro del mundo laboral y en la sociedad actual.&nbsp;<\/p>\n<table style=\"border-collapse: collapse;width: 100.86206896551724%\">\n<tbody>\n<tr>\n<td style=\"width: 33.333333333333336%\"><a href=\"https:\/\/blogsaverroes.juntadeandalucia.es\/ceipsantateresalgeciras\/nuestra-historia\/\"><img loading=\"lazy\" decoding=\"async\" class=\"size-medium wp-image-721 alignnone\" src=\"https:\/\/blogsaverroes.juntadeandalucia.es\/ceipsantateresalgeciras\/files\/2021\/02\/61D82362-A2D6-4D98-9169-7B3617261AAA-300x300.png\" alt=\"\" width=\"300\" height=\"300\" srcset=\"https:\/\/blogsaverroes.juntadeandalucia.es\/ceipsantateresalgeciras\/files\/2021\/02\/61D82362-A2D6-4D98-9169-7B3617261AAA-300x300.png 300w, https:\/\/blogsaverroes.juntadeandalucia.es\/ceipsantateresalgeciras\/files\/2021\/02\/61D82362-A2D6-4D98-9169-7B3617261AAA-1024x1024.png 1024w, https:\/\/blogsaverroes.juntadeandalucia.es\/ceipsantateresalgeciras\/files\/2021\/02\/61D82362-A2D6-4D98-9169-7B3617261AAA-150x150.png 150w, https:\/\/blogsaverroes.juntadeandalucia.es\/ceipsantateresalgeciras\/files\/2021\/02\/61D82362-A2D6-4D98-9169-7B3617261AAA-768x768.png 768w, https:\/\/blogsaverroes.juntadeandalucia.es\/ceipsantateresalgeciras\/files\/2021\/02\/61D82362-A2D6-4D98-9169-7B3617261AAA-100x100.png 100w, https:\/\/blogsaverroes.juntadeandalucia.es\/ceipsantateresalgeciras\/files\/2021\/02\/61D82362-A2D6-4D98-9169-7B3617261AAA.png 1080w\" sizes=\"(max-width: 300px) 100vw, 300px\" \/><\/a><\/td>\n<td style=\"width: 33.333333333333336%\"><a href=\"https:\/\/blogsaverroes.juntadeandalucia.es\/ceipsantateresalgeciras\/planes-y-proyectos\/\"><img loading=\"lazy\" decoding=\"async\" class=\"size-medium wp-image-722 aligncenter\" src=\"https:\/\/blogsaverroes.juntadeandalucia.es\/ceipsantateresalgeciras\/files\/2021\/02\/3FAB2AE7-7A81-44C2-890A-95292FF971F9-300x300.png\" alt=\"\" width=\"300\" height=\"300\" srcset=\"https:\/\/blogsaverroes.juntadeandalucia.es\/ceipsantateresalgeciras\/files\/2021\/02\/3FAB2AE7-7A81-44C2-890A-95292FF971F9-300x300.png 300w, https:\/\/blogsaverroes.juntadeandalucia.es\/ceipsantateresalgeciras\/files\/2021\/02\/3FAB2AE7-7A81-44C2-890A-95292FF971F9-1024x1024.png 1024w, https:\/\/blogsaverroes.juntadeandalucia.es\/ceipsantateresalgeciras\/files\/2021\/02\/3FAB2AE7-7A81-44C2-890A-95292FF971F9-150x150.png 150w, https:\/\/blogsaverroes.juntadeandalucia.es\/ceipsantateresalgeciras\/files\/2021\/02\/3FAB2AE7-7A81-44C2-890A-95292FF971F9-768x768.png 768w, https:\/\/blogsaverroes.juntadeandalucia.es\/ceipsantateresalgeciras\/files\/2021\/02\/3FAB2AE7-7A81-44C2-890A-95292FF971F9-100x100.png 100w, https:\/\/blogsaverroes.juntadeandalucia.es\/ceipsantateresalgeciras\/files\/2021\/02\/3FAB2AE7-7A81-44C2-890A-95292FF971F9.png 1080w\" sizes=\"(max-width: 300px) 100vw, 300px\" \/><\/a><\/td>\n<td style=\"width: 34.195402298850574%\"><a href=\"https:\/\/blogsaverroes.juntadeandalucia.es\/ceipsantateresalgeciras\/contacto\/\"><img loading=\"lazy\" decoding=\"async\" class=\"size-medium wp-image-723 aligncenter\" src=\"https:\/\/blogsaverroes.juntadeandalucia.es\/ceipsantateresalgeciras\/files\/2021\/02\/919962BA-0E5B-4432-954E-F350DD5DA101-300x300.png\" alt=\"\" width=\"300\" height=\"300\" srcset=\"https:\/\/blogsaverroes.juntadeandalucia.es\/ceipsantateresalgeciras\/files\/2021\/02\/919962BA-0E5B-4432-954E-F350DD5DA101-300x300.png 300w, https:\/\/blogsaverroes.juntadeandalucia.es\/ceipsantateresalgeciras\/files\/2021\/02\/919962BA-0E5B-4432-954E-F350DD5DA101-1024x1024.png 1024w, https:\/\/blogsaverroes.juntadeandalucia.es\/ceipsantateresalgeciras\/files\/2021\/02\/919962BA-0E5B-4432-954E-F350DD5DA101-150x150.png 150w, https:\/\/blogsaverroes.juntadeandalucia.es\/ceipsantateresalgeciras\/files\/2021\/02\/919962BA-0E5B-4432-954E-F350DD5DA101-768x768.png 768w, https:\/\/blogsaverroes.juntadeandalucia.es\/ceipsantateresalgeciras\/files\/2021\/02\/919962BA-0E5B-4432-954E-F350DD5DA101-100x100.png 100w, https:\/\/blogsaverroes.juntadeandalucia.es\/ceipsantateresalgeciras\/files\/2021\/02\/919962BA-0E5B-4432-954E-F350DD5DA101.png 1080w\" sizes=\"(max-width: 300px) 100vw, 300px\" \/><\/a><\/td>\n<\/tr>\n<tr>\n<td style=\"width: 33.333333333333336%;text-align: center\"><a href=\"https:\/\/blogsaverroes.juntadeandalucia.es\/ceipsantateresalgeciras\/nuestra-historia\/\">Nuestro Centro<\/a>&nbsp;<\/td>\n<td style=\"width: 33.333333333333336%;text-align: center\"><a href=\"https:\/\/blogsaverroes.juntadeandalucia.es\/ceipsantateresalgeciras\/planes-y-proyectos\/\">Planes y proyectos<\/a><\/td>\n<td style=\"width: 34.195402298850574%;text-align: center\"><a href=\"https:\/\/blogsaverroes.juntadeandalucia.es\/ceipsantateresalgeciras\/contacto\/\">Contacto<\/a><\/td>\n<\/tr>\n<\/tbody>\n<\/table>\n<p>&nbsp;<\/p>\n","protected":false},"excerpt":{"rendered":"<p>\u00a1Bienvenidos al CEIP Santa Teresa de Jes\u00fas! La vida en los centros escolares caracterizada por su diversidad, heterogeneidad y sobre todo por su dinamismo, se complica a\u00fan m\u00e1s con la incorporaci\u00f3n de las nuevas tecnolog\u00edas a los proyectos curriculares. En el&nbsp;CEIP Santa Teresa de Jes\u00fas trabajamos en la renovaci\u00f3n y formaci\u00f3n permanente por parte de &hellip; <\/p>\n<p class=\"link-more\"><a href=\"https:\/\/blogsaverroes.juntadeandalucia.es\/ceipsantateresalgeciras\/\" class=\"more-link\">Continuar leyendo<span class=\"screen-reader-text\"> \u00abEL CENTRO\u00bb<\/span><\/a><\/p>\n","protected":false},"author":12123,"featured_media":0,"parent":0,"menu_order":0,"comment_status":"closed","ping_status":"closed","template":"","meta":{"ngg_post_thumbnail":0,"footnotes":""},"aioseo_notices":[],"_links":{"self":[{"href":"https:\/\/blogsaverroes.juntadeandalucia.es\/ceipsantateresalgeciras\/wp-json\/wp\/v2\/pages\/592"}],"collection":[{"href":"https:\/\/blogsaverroes.juntadeandalucia.es\/ceipsantateresalgeciras\/wp-json\/wp\/v2\/pages"}],"about":[{"href":"https:\/\/blogsaverroes.juntadeandalucia.es\/ceipsantateresalgeciras\/wp-json\/wp\/v2\/types\/page"}],"author":[{"embeddable":true,"href":"https:\/\/blogsaverroes.juntadeandalucia.es\/ceipsantateresalgeciras\/wp-json\/wp\/v2\/users\/12123"}],"replies":[{"embeddable":true,"href":"https:\/\/blogsaverroes.juntadeandalucia.es\/ceipsantateresalgeciras\/wp-json\/wp\/v2\/comments?post=592"}],"version-history":[{"count":15,"href":"https:\/\/blogsaverroes.juntadeandalucia.es\/ceipsantateresalgeciras\/wp-json\/wp\/v2\/pages\/592\/revisions"}],"predecessor-version":[{"id":2614,"href":"https:\/\/blogsaverroes.juntadeandalucia.es\/ceipsantateresalgeciras\/wp-json\/wp\/v2\/pages\/592\/revisions\/2614"}],"wp:attachment":[{"href":"https:\/\/blogsaverroes.juntadeandalucia.es\/ceipsantateresalgeciras\/wp-json\/wp\/v2\/media?parent=592"}],"curies":[{"name":"wp","href":"https:\/\/api.w.org\/{rel}","templated":true}]}}