{"id":596,"date":"2021-02-10T18:25:48","date_gmt":"2021-02-10T17:25:48","guid":{"rendered":"https:\/\/blogsaverroes.juntadeandalucia.es\/ceipsantateresalgeciras\/?page_id=596"},"modified":"2021-05-10T20:15:34","modified_gmt":"2021-05-10T18:15:34","slug":"nuestra-historia","status":"publish","type":"page","link":"https:\/\/blogsaverroes.juntadeandalucia.es\/ceipsantateresalgeciras\/nuestra-historia\/","title":{"rendered":"Nuestro Centro"},"content":{"rendered":"<p><img loading=\"lazy\" decoding=\"async\" class=\"wp-image-721 aligncenter\" style=\"font-size: 1rem\" src=\"https:\/\/blogsaverroes.juntadeandalucia.es\/ceipsantateresalgeciras\/files\/2021\/02\/61D82362-A2D6-4D98-9169-7B3617261AAA-300x300.png\" alt=\"\" width=\"148\" height=\"148\" srcset=\"https:\/\/blogsaverroes.juntadeandalucia.es\/ceipsantateresalgeciras\/files\/2021\/02\/61D82362-A2D6-4D98-9169-7B3617261AAA-300x300.png 300w, https:\/\/blogsaverroes.juntadeandalucia.es\/ceipsantateresalgeciras\/files\/2021\/02\/61D82362-A2D6-4D98-9169-7B3617261AAA-1024x1024.png 1024w, https:\/\/blogsaverroes.juntadeandalucia.es\/ceipsantateresalgeciras\/files\/2021\/02\/61D82362-A2D6-4D98-9169-7B3617261AAA-150x150.png 150w, https:\/\/blogsaverroes.juntadeandalucia.es\/ceipsantateresalgeciras\/files\/2021\/02\/61D82362-A2D6-4D98-9169-7B3617261AAA-768x768.png 768w, https:\/\/blogsaverroes.juntadeandalucia.es\/ceipsantateresalgeciras\/files\/2021\/02\/61D82362-A2D6-4D98-9169-7B3617261AAA-100x100.png 100w, https:\/\/blogsaverroes.juntadeandalucia.es\/ceipsantateresalgeciras\/files\/2021\/02\/61D82362-A2D6-4D98-9169-7B3617261AAA.png 1080w\" sizes=\"(max-width: 148px) 100vw, 148px\" \/><\/p>\n<p style=\"text-align: justify\">El CEIP Santa Teresa de Jes\u00fas, est\u00e1 ubicado en el Centro del n\u00facleo urbano dela ciudad de Algeciras, en la&nbsp;<span style=\"font-size: 1rem\">barriada de la Reconquista. Esta zona a nivel urban\u00edstico se caracteriza por ser viviendas de car\u00e1cter unifamiliar, dispuestas en bloques de pisos.<\/span><\/p>\n<p style=\"text-align: justify\">El Centro se encuentra ubicado en la avda. Pr\u00edncipes de Espa\u00f1a s\/n. Los alumnos acceden al Centro sin necesidad de una l\u00ednea de transporte&nbsp;<span style=\"font-size: 1rem\">escolar. Nuestro Centro cuenta con un total de 700 alumnos repartidos entre Educa<\/span><span style=\"font-size: 1rem\">ci\u00f3n Infantil y Primaria.<\/span><\/p>\n<p style=\"text-align: justify\">Este al<span style=\"font-size: 1rem\">umn<\/span><span style=\"font-size: 1rem\">ado de nivel socioecon\u00f3mico medio, junto a la nueva realidad social, como es la incorporaci\u00f3n de un alumnado procedente de otros pa\u00edses, est\u00e1 provocando la creaci\u00f3n de nuevos proyectos y programas educativos, cuya finalidad principal es la adaptaci\u00f3n de esta nueva realidad social dentro de nuestro Centro y nuestro entorno.<\/span><\/p>\n<hr>\n<p style=\"text-align: justify\"><strong>Las infraestructuras.<\/strong><\/p>\n<p style=\"text-align: justify\">Las infraestructuras de car\u00e1cter general con las que cuenta nuestro Centro para albergar e impartir las ense\u00f1anzas a estos alumnos est\u00e1n distribuidas de la siguiente manera:<\/p>\n<p style=\"text-align: justify;padding-left: 40px\">-Un m\u00f3dulo donde se aloja la educaci\u00f3n infantil (7 cursos), el Aula Espec\u00edfica, una clase de segundo, una sala de Profesores, la Biblioteca y aula de PT<\/p>\n<p style=\"text-align: justify;padding-left: 40px\">-Un segundo m\u00f3dulo que alberga a tres cursos de primero y uno de segundo de primaria.<\/p>\n<p style=\"text-align: justify;padding-left: 40px\">-Un tercer m\u00f3dulo que aloja un curso de segundo, tres cursos de tercero, tres de cuarto, tres de quinto y tres de sexto de primaria; el aula de Audici\u00f3n y Lenguaje, y el Aula de Pedagog\u00eda Terap\u00e9utica, un aula de inform\u00e1tica y una Sala de Profesores.<\/p>\n<p style=\"text-align: justify;padding-left: 40px\">-Un \u00faltimo m\u00f3dulo donde se encuentran la secretar\u00eda del Centro, donde se ubican los despachos de los tres miembros del Equipo Directivo, una Sala de Profesores, comedor, cocina, Sal\u00f3n de psicomotricidad y departamento de m\u00fasica.<\/p>\n<p style=\"text-align: justify\">Completamente independiente se encuentra el Pabell\u00f3n polideportivo del Centro, totalmente equipado para poder realizar cualquier deporte colectivo descrito en el proyecto con total autonom\u00eda e independencia, y adem\u00e1s disponemos de varios patios (un total de 4), dos de ellos preparados para poder practicar baloncesto y voleibol.<\/p>\n<hr>\n<p style=\"text-align: justify\"><strong>Caracter\u00edsticas del alumnado.<\/strong><\/p>\n<p style=\"text-align: justify\">El Centro cuenta con un alumnado de perfil muy heterog\u00e9neo debido a las distintas procedencias de los mismos.<\/p>\n<p style=\"text-align: justify\">Son pocas las familias que no participan activamente con el Centro, esto facilita la labor pedag\u00f3gica del profesorado, ya que cuando la colaboraci\u00f3n se da, y los padres asisten a tutor\u00edas u otras reuniones programadas, los resultados suelen mejorar considerablemente y las relaciones entre los miembros de la Comunidad Educativa se enriquecen para lograr los objetivos marcados, consiguiendo un progreso positivo en el desarrollo de las capacidades individuales del alumnado.<\/p>\n<p style=\"text-align: justify\">En nuestro Centro el n\u00facleo central de alumnado presenta un nivel competencial-curricular homog\u00e9neo, existiendo, evidentemente, diferencias no significativas.<\/p>\n<p style=\"text-align: justify\">Desde un plano social, como ya se dijo en la contextualizaci\u00f3n, el n\u00famero de alumnos y alumnas en necesidad derivada de sus caracter\u00edsticas sociales, (situaci\u00f3n de riesgo, inmigrantes con escasa competencia en lengua espa\u00f1ola, etc.\u2026) es poco significativo.<\/p>\n<hr>\n<p style=\"text-align: justify\"><strong>Personal del Centro.<\/strong><\/p>\n<p style=\"text-align: justify\">El Centro cuenta con 40 maestros y maestras adscritos a las siguientes especialidades:<\/p>\n<table style=\"border-collapse: collapse;width: 74.3103448275862%\">\n<tbody>\n<tr>\n<td style=\"width: 86.92661702977009%\">Infantil<\/td>\n<td style=\"width: 86.25433510526628%\">7<\/td>\n<\/tr>\n<tr>\n<td style=\"width: 86.92661702977009%\">Primaria<\/td>\n<td style=\"width: 86.25433510526628%\">18<\/td>\n<\/tr>\n<tr>\n<td style=\"width: 86.92661702977009%\">&nbsp;Ingl\u00e9s<\/td>\n<td style=\"width: 86.25433510526628%\">3<\/td>\n<\/tr>\n<tr>\n<td style=\"width: 86.92661702977009%\">Educaci\u00f3n F\u00edsica<\/td>\n<td style=\"width: 86.25433510526628%\">3<\/td>\n<\/tr>\n<tr>\n<td style=\"width: 86.92661702977009%\">M\u00fasica<\/td>\n<td style=\"width: 86.25433510526628%\">1<\/td>\n<\/tr>\n<tr>\n<td style=\"width: 86.92661702977009%\">PT<\/td>\n<td style=\"width: 86.25433510526628%\">3<\/td>\n<\/tr>\n<tr>\n<td style=\"width: 86.92661702977009%\">AL<\/td>\n<td style=\"width: 86.25433510526628%\">1<\/td>\n<\/tr>\n<tr>\n<td style=\"width: 86.92661702977009%\">&nbsp;Religi\u00f3n<\/td>\n<td style=\"width: 86.25433510526628%\">2<\/td>\n<\/tr>\n<tr>\n<td style=\"width: 86.92661702977009%\">&nbsp;Apoyo<\/td>\n<td style=\"width: 86.25433510526628%\">2<\/td>\n<\/tr>\n<tr>\n<td style=\"width: 86.92661702977009%\">Apoyos COVID<\/td>\n<td style=\"width: 86.25433510526628%\">4<\/td>\n<\/tr>\n<\/tbody>\n<\/table>\n<p style=\"text-align: justify\"><u>Personal docente laboral y laboral no docente.<\/u><\/p>\n<p style=\"text-align: justify\">Como personal docente laboral, hay una maestra de religi\u00f3n con jornada completa en nuestro Centro y un segundo profesor cuya labor la distribuye entre dos Centros de la localidad.<\/p>\n<p style=\"text-align: justify\">Asimismo, para atender al alumnado con necesidades espec\u00edficas de apoyo educativo, el Centro cuenta con dos monitoras de educaci\u00f3n especial, y otra monitora que atiende a los alumnos del Aula Espec\u00edfica.<\/p>\n<p style=\"text-align: justify\">En este proyecto, es indispensable la labor de la monitora escolar que realiza funciones administrativas y colabora en el Comedor Escolar. Adem\u00e1s, el Centro tiene comedor escolar de gesti\u00f3n directa, en el que trabajan un cocinero y tres ayudantes de cocina.<\/p>\n","protected":false},"excerpt":{"rendered":"<p>El CEIP Santa Teresa de Jes\u00fas, est\u00e1 ubicado en el Centro del n\u00facleo urbano dela ciudad de Algeciras, en la&nbsp;barriada de la Reconquista. Esta zona a nivel urban\u00edstico se caracteriza por ser viviendas de car\u00e1cter unifamiliar, dispuestas en bloques de pisos. El Centro se encuentra ubicado en la avda. Pr\u00edncipes de Espa\u00f1a s\/n. Los alumnos &hellip; <\/p>\n<p class=\"link-more\"><a href=\"https:\/\/blogsaverroes.juntadeandalucia.es\/ceipsantateresalgeciras\/nuestra-historia\/\" class=\"more-link\">Continuar leyendo<span class=\"screen-reader-text\"> \u00abNuestro Centro\u00bb<\/span><\/a><\/p>\n","protected":false},"author":12123,"featured_media":0,"parent":0,"menu_order":0,"comment_status":"closed","ping_status":"closed","template":"","meta":{"ngg_post_thumbnail":0,"footnotes":""},"aioseo_notices":[],"_links":{"self":[{"href":"https:\/\/blogsaverroes.juntadeandalucia.es\/ceipsantateresalgeciras\/wp-json\/wp\/v2\/pages\/596"}],"collection":[{"href":"https:\/\/blogsaverroes.juntadeandalucia.es\/ceipsantateresalgeciras\/wp-json\/wp\/v2\/pages"}],"about":[{"href":"https:\/\/blogsaverroes.juntadeandalucia.es\/ceipsantateresalgeciras\/wp-json\/wp\/v2\/types\/page"}],"author":[{"embeddable":true,"href":"https:\/\/blogsaverroes.juntadeandalucia.es\/ceipsantateresalgeciras\/wp-json\/wp\/v2\/users\/12123"}],"replies":[{"embeddable":true,"href":"https:\/\/blogsaverroes.juntadeandalucia.es\/ceipsantateresalgeciras\/wp-json\/wp\/v2\/comments?post=596"}],"version-history":[{"count":17,"href":"https:\/\/blogsaverroes.juntadeandalucia.es\/ceipsantateresalgeciras\/wp-json\/wp\/v2\/pages\/596\/revisions"}],"predecessor-version":[{"id":2788,"href":"https:\/\/blogsaverroes.juntadeandalucia.es\/ceipsantateresalgeciras\/wp-json\/wp\/v2\/pages\/596\/revisions\/2788"}],"wp:attachment":[{"href":"https:\/\/blogsaverroes.juntadeandalucia.es\/ceipsantateresalgeciras\/wp-json\/wp\/v2\/media?parent=596"}],"curies":[{"name":"wp","href":"https:\/\/api.w.org\/{rel}","templated":true}]}}