{"id":598,"date":"2021-02-10T18:26:16","date_gmt":"2021-02-10T17:26:16","guid":{"rendered":"https:\/\/blogsaverroes.juntadeandalucia.es\/ceipsantateresalgeciras\/?page_id=598"},"modified":"2021-02-24T22:30:53","modified_gmt":"2021-02-24T21:30:53","slug":"planes-y-proyectos","status":"publish","type":"page","link":"https:\/\/blogsaverroes.juntadeandalucia.es\/ceipsantateresalgeciras\/planes-y-proyectos\/","title":{"rendered":"Planes y proyectos"},"content":{"rendered":"<p style=\"padding-left: 40px\"><img loading=\"lazy\" decoding=\"async\" class=\"wp-image-722 alignleft\" style=\"text-align: justify\" src=\"https:\/\/blogsaverroes.juntadeandalucia.es\/ceipsantateresalgeciras\/files\/2021\/02\/3FAB2AE7-7A81-44C2-890A-95292FF971F9-300x300.png\" alt=\"\" width=\"155\" height=\"155\" srcset=\"https:\/\/blogsaverroes.juntadeandalucia.es\/ceipsantateresalgeciras\/files\/2021\/02\/3FAB2AE7-7A81-44C2-890A-95292FF971F9-300x300.png 300w, https:\/\/blogsaverroes.juntadeandalucia.es\/ceipsantateresalgeciras\/files\/2021\/02\/3FAB2AE7-7A81-44C2-890A-95292FF971F9-1024x1024.png 1024w, https:\/\/blogsaverroes.juntadeandalucia.es\/ceipsantateresalgeciras\/files\/2021\/02\/3FAB2AE7-7A81-44C2-890A-95292FF971F9-150x150.png 150w, https:\/\/blogsaverroes.juntadeandalucia.es\/ceipsantateresalgeciras\/files\/2021\/02\/3FAB2AE7-7A81-44C2-890A-95292FF971F9-768x768.png 768w, https:\/\/blogsaverroes.juntadeandalucia.es\/ceipsantateresalgeciras\/files\/2021\/02\/3FAB2AE7-7A81-44C2-890A-95292FF971F9-100x100.png 100w, https:\/\/blogsaverroes.juntadeandalucia.es\/ceipsantateresalgeciras\/files\/2021\/02\/3FAB2AE7-7A81-44C2-890A-95292FF971F9.png 1080w\" sizes=\"(max-width: 155px) 100vw, 155px\" \/><\/p>\n<table style=\"border-collapse: collapse;width: 100%;height: 1017px\">\n<tbody>\n<tr style=\"height: 137px\">\n<td style=\"width: 50%;height: 137px\"><strong>RED ANDALUZA ESCUELA ESPACIO DE PAZ<\/strong><\/td>\n<td style=\"width: 50%;height: 137px;text-align: left\">Promoci\u00f3n de la Convivencia: desarrollo de valores, actitudes, habilidades y h\u00e1bitos. Prevenci\u00f3n de situaciones de riesgo para la convivencia.<\/td>\n<\/tr>\n<tr style=\"height: 234px\">\n<td style=\"width: 50%;height: 234px\"><strong>PLAN DE SALUD LABORAL Y PRL<\/strong><\/td>\n<td style=\"width: 50%;height: 234px\">Gu\u00eda para el desarrollo del Plan de Autoprotecci\u00f3n que establece los criterios esenciales para la regulaci\u00f3n de la autoprotecci\u00f3n y garantice la evacuaci\u00f3n y protecci\u00f3n del alumnado, personal docente, personal administrativo, trabajadores de empresas que prestan sus servicios al centro y visitantes.<\/td>\n<\/tr>\n<tr style=\"height: 128px\">\n<td style=\"width: 50%;height: 128px\"><strong>PREVENCI\u00d3N VIOLENCIA DE G\u00c9NERO<\/strong><\/td>\n<td style=\"width: 50%;height: 128px\">Objetivo desmontar estereotipos para la Prevenci\u00f3n de la Violencia de G\u00e9nero: Cuentos, Juegos y Juguetes no sexistas\u2026<\/td>\n<\/tr>\n<tr style=\"height: 104px\">\n<td style=\"width: 50%;height: 104px\"><strong>PR\u00c1CTICUM GRADO MAESTRO<\/strong><\/td>\n<td style=\"width: 50%;height: 104px\">Centro colaborador del Pr\u00e1cticum Grado Maestro para recibir alumnos\/as que van a realizar sus pr\u00e1cticas.<\/td>\n<\/tr>\n<tr style=\"height: 130px\">\n<td style=\"width: 50%;height: 130px\"><strong>ALIMENTACI\u00d3N SALUDABLE<\/strong><\/td>\n<td style=\"width: 50%;height: 130px\">&nbsp;El objetivo \u00faltimo que se persigue el programa Alimentaci\u00f3n Saludable es un&nbsp;&nbsp; cambio de las actitudes del grupo, que repercutan en el \u00e1mbito familiar y social.<\/td>\n<\/tr>\n<tr style=\"height: 180px\">\n<td style=\"width: 50%;height: 180px\"><strong>TRANSFORMACI\u00d3N DIGITAL EDUCATIVA<\/strong><\/td>\n<td style=\"width: 50%;height: 180px\">Se pretende una gesti\u00f3n efectiva y racional de los tiempos de docencia y que permitan el desarrollo de la competencia digital &nbsp;de toda la comunidad educativa en el \u00e1mbito de la ense\u00f1anza.<\/td>\n<\/tr>\n<tr style=\"height: 26px\">\n<td style=\"width: 50%;height: 26px\"><strong>MEDIACI\u00d3N INTERCULTURAL<\/strong><\/td>\n<td style=\"width: 50%;height: 26px\">Refuerza la sensibilizaci\u00f3n sobre aspectos relacionados con la diversidad cultural presente en nuestra sociedad y las condiciones apropiadas para conseguir un a convivencia \u00f3ptima.<\/td>\n<\/tr>\n<tr style=\"height: 26px\">\n<td style=\"width: 50%;height: 26px\"><strong>PLAN DE IGUALDAD<\/strong><\/td>\n<td style=\"width: 50%;height: 26px\">Se pretende responder a una necesidad social y educativa. Necesidad de crear un clima de centro y desarrollar una acci\u00f3n educativa que garantice la participaci\u00f3n democr\u00e1tica y en igualdad de todos los miembros de nuestra comunidad con independencia de su sexo, as\u00ed como sus raza y religi\u00f3n<\/td>\n<\/tr>\n<tr style=\"height: 26px\">\n<td style=\"width: 50%;height: 26px\"><strong>PREVENCI\u00d3N ABSENTISMO ESCOLAR.<\/strong><\/td>\n<td style=\"width: 50%;height: 26px\">Centrado en actuaciones para tratar el problema cuando se presenten los primeros s\u00edntomas a trav\u00e9s de un trabajo preventivo de intervenci\u00f3n con las familias de menores que presenten conductas de riesgo de absentismo.<\/td>\n<\/tr>\n<tr style=\"height: 26px\">\n<td style=\"width: 50%;height: 26px\"><strong>PLAN DE APERTURA<\/strong><\/td>\n<td style=\"width: 50%;height: 26px\">&nbsp;El Plan funciona en el centro en sus modalidades de Aula Matinal, Comedor Escolar&nbsp;&nbsp;y Actividades Extraescolares.<\/td>\n<\/tr>\n<\/tbody>\n<\/table>\n<p style=\"text-align: justify\">&nbsp;<\/p>\n<p style=\"text-align: justify\">&nbsp;<\/p>\n<p style=\"text-align: justify\">&nbsp;<\/p>\n<p style=\"text-align: justify\">&nbsp;<\/p>\n","protected":false},"excerpt":{"rendered":"<p>RED ANDALUZA ESCUELA ESPACIO DE PAZ Promoci\u00f3n de la Convivencia: desarrollo de valores, actitudes, habilidades y h\u00e1bitos. Prevenci\u00f3n de situaciones de riesgo para la convivencia. PLAN DE SALUD LABORAL Y PRL Gu\u00eda para el desarrollo del Plan de Autoprotecci\u00f3n que establece los criterios esenciales para la regulaci\u00f3n de la autoprotecci\u00f3n y garantice la evacuaci\u00f3n y &hellip; <\/p>\n<p class=\"link-more\"><a href=\"https:\/\/blogsaverroes.juntadeandalucia.es\/ceipsantateresalgeciras\/planes-y-proyectos\/\" class=\"more-link\">Continuar leyendo<span class=\"screen-reader-text\"> \u00abPlanes y proyectos\u00bb<\/span><\/a><\/p>\n","protected":false},"author":12123,"featured_media":0,"parent":0,"menu_order":0,"comment_status":"closed","ping_status":"closed","template":"","meta":{"ngg_post_thumbnail":0,"footnotes":""},"aioseo_notices":[],"_links":{"self":[{"href":"https:\/\/blogsaverroes.juntadeandalucia.es\/ceipsantateresalgeciras\/wp-json\/wp\/v2\/pages\/598"}],"collection":[{"href":"https:\/\/blogsaverroes.juntadeandalucia.es\/ceipsantateresalgeciras\/wp-json\/wp\/v2\/pages"}],"about":[{"href":"https:\/\/blogsaverroes.juntadeandalucia.es\/ceipsantateresalgeciras\/wp-json\/wp\/v2\/types\/page"}],"author":[{"embeddable":true,"href":"https:\/\/blogsaverroes.juntadeandalucia.es\/ceipsantateresalgeciras\/wp-json\/wp\/v2\/users\/12123"}],"replies":[{"embeddable":true,"href":"https:\/\/blogsaverroes.juntadeandalucia.es\/ceipsantateresalgeciras\/wp-json\/wp\/v2\/comments?post=598"}],"version-history":[{"count":11,"href":"https:\/\/blogsaverroes.juntadeandalucia.es\/ceipsantateresalgeciras\/wp-json\/wp\/v2\/pages\/598\/revisions"}],"predecessor-version":[{"id":2636,"href":"https:\/\/blogsaverroes.juntadeandalucia.es\/ceipsantateresalgeciras\/wp-json\/wp\/v2\/pages\/598\/revisions\/2636"}],"wp:attachment":[{"href":"https:\/\/blogsaverroes.juntadeandalucia.es\/ceipsantateresalgeciras\/wp-json\/wp\/v2\/media?parent=598"}],"curies":[{"name":"wp","href":"https:\/\/api.w.org\/{rel}","templated":true}]}}