{"id":600,"date":"2021-02-10T18:26:44","date_gmt":"2021-02-10T17:26:44","guid":{"rendered":"https:\/\/blogsaverroes.juntadeandalucia.es\/ceipsantateresalgeciras\/?page_id=600"},"modified":"2021-02-24T22:34:46","modified_gmt":"2021-02-24T21:34:46","slug":"contacto","status":"publish","type":"page","link":"https:\/\/blogsaverroes.juntadeandalucia.es\/ceipsantateresalgeciras\/contacto\/","title":{"rendered":"Contacto"},"content":{"rendered":"<div class=\"mod\">\n<div class=\"_eFb\">\n<div class=\"mod\">\n<div class=\"_eFb\">\n<div>&nbsp;<\/div>\n<div class=\"_mr kno-fb-ctx\"><span class=\"_Xbe\"><img loading=\"lazy\" decoding=\"async\" class=\"wp-image-723 alignleft\" src=\"https:\/\/blogsaverroes.juntadeandalucia.es\/ceipsantateresalgeciras\/files\/2021\/02\/919962BA-0E5B-4432-954E-F350DD5DA101-300x300.png\" alt=\"\" width=\"168\" height=\"168\" srcset=\"https:\/\/blogsaverroes.juntadeandalucia.es\/ceipsantateresalgeciras\/files\/2021\/02\/919962BA-0E5B-4432-954E-F350DD5DA101-300x300.png 300w, https:\/\/blogsaverroes.juntadeandalucia.es\/ceipsantateresalgeciras\/files\/2021\/02\/919962BA-0E5B-4432-954E-F350DD5DA101-1024x1024.png 1024w, https:\/\/blogsaverroes.juntadeandalucia.es\/ceipsantateresalgeciras\/files\/2021\/02\/919962BA-0E5B-4432-954E-F350DD5DA101-150x150.png 150w, https:\/\/blogsaverroes.juntadeandalucia.es\/ceipsantateresalgeciras\/files\/2021\/02\/919962BA-0E5B-4432-954E-F350DD5DA101-768x768.png 768w, https:\/\/blogsaverroes.juntadeandalucia.es\/ceipsantateresalgeciras\/files\/2021\/02\/919962BA-0E5B-4432-954E-F350DD5DA101-100x100.png 100w, https:\/\/blogsaverroes.juntadeandalucia.es\/ceipsantateresalgeciras\/files\/2021\/02\/919962BA-0E5B-4432-954E-F350DD5DA101.png 1080w\" sizes=\"(max-width: 168px) 100vw, 168px\" \/><\/span><\/div>\n<\/div>\n<\/div>\n<\/div>\n<\/div>\n<div>&nbsp;<\/div>\n<div class=\"mod\">\n<div class=\"_eFb\">\n<div class=\"mod\">\n<div class=\"_eFb\">\n<div>CEIP Santa Teresa de Jes\u00fas.<\/div>\n<div class=\"_mr kno-fb-ctx\"><span class=\"_Xbe\">Calle Pr\u00edncipes de Espa\u00f1a, S\/N Bda Reconquista, <\/span><\/div>\n<div class=\"_mr kno-fb-ctx\"><span class=\"_Xbe\">CP 11202 <\/span><\/div>\n<div class=\"_mr kno-fb-ctx\"><span class=\"_Xbe\">Algeciras, C\u00e1diz<\/span><\/div>\n<\/div>\n<\/div>\n<div class=\"mod\">\n<div class=\"_eFb\">\n<div class=\"_mr kno-fb-ctx\"><span class=\"_Xbe kno-fv\"><span class=\"_QUg\">Tel\u00e9fono:&nbsp;<\/span><a class=\"fl r-iE6bZFr_sETw\" title=\"Llamar a trav\u00e9s de Hangouts\">956 67 07 11<\/a><\/span><\/div>\n<\/div>\n<\/div>\n<\/div>\n<div>&nbsp;<\/div>\n<\/div>\n<div>&nbsp;<\/div>\n<div>&nbsp;<\/div>\n<div>Puedes contactar con nosotros&nbsp;a trav\u00e9s del siguiente formulario:<\/div>\n<div>&nbsp;<\/div>\n<div class=\"mod\">\n<div class=\"_eFb\">\n<div><span style=\"font-size: 1rem\">\n<div class=\"wpcf7 no-js\" id=\"wpcf7-f438-o1\" lang=\"es-ES\" dir=\"ltr\">\n<div class=\"screen-reader-response\"><p role=\"status\" aria-live=\"polite\" aria-atomic=\"true\"><\/p> <ul><\/ul><\/div>\n<form action=\"\/ceipsantateresalgeciras\/wp-json\/wp\/v2\/pages\/600#wpcf7-f438-o1\" method=\"post\" class=\"wpcf7-form init\" aria-label=\"Formulario de contacto\" enctype=\"multipart\/form-data\" novalidate=\"novalidate\" data-status=\"init\">\n<div style=\"display: none;\">\n<input type=\"hidden\" name=\"_wpcf7\" value=\"438\" \/>\n<input type=\"hidden\" name=\"_wpcf7_version\" value=\"5.9.8\" \/>\n<input type=\"hidden\" name=\"_wpcf7_locale\" value=\"es_ES\" \/>\n<input type=\"hidden\" name=\"_wpcf7_unit_tag\" value=\"wpcf7-f438-o1\" \/>\n<input type=\"hidden\" name=\"_wpcf7_container_post\" value=\"0\" \/>\n<input type=\"hidden\" name=\"_wpcf7_posted_data_hash\" value=\"\" \/>\n<\/div>\n<div class=\"et_pb_contact\">\n\t<div class=\"et_pb_contact_form\">\n\t\t<p class=\"et_pb_contact_field et_pb_contact_field_half\"><span class=\"wpcf7-form-control-wrap\" data-name=\"your-name\"><input size=\"40\" maxlength=\"400\" class=\"wpcf7-form-control wpcf7-text wpcf7-validates-as-required\" aria-required=\"true\" aria-invalid=\"false\" placeholder=\"Nombre\" value=\"\" type=\"text\" name=\"your-name\" \/><\/span>\n\t\t<\/p>\n\t\t<p class=\"et_pb_contact_field et_pb_contact_field_half et_pb_contact_field_last\"><span class=\"wpcf7-form-control-wrap\" data-name=\"your-email\"><input size=\"40\" maxlength=\"400\" class=\"wpcf7-form-control wpcf7-email wpcf7-validates-as-required wpcf7-text wpcf7-validates-as-email\" aria-required=\"true\" aria-invalid=\"false\" placeholder=\"Correo electr\u00f3nico\" value=\"\" type=\"email\" name=\"your-email\" \/><\/span>\n\t\t<\/p>\n\t\t<p class=\"et_pb_contact_field et_pb_contact_field_half\"><span class=\"wpcf7-form-control-wrap\" data-name=\"tel-1\"><input size=\"40\" maxlength=\"400\" class=\"wpcf7-form-control wpcf7-tel wpcf7-text wpcf7-validates-as-tel\" aria-invalid=\"false\" placeholder=\"Tel\u00e9fono (No obligatorio)\" value=\"\" type=\"tel\" name=\"tel-1\" \/><\/span>\n\t\t<\/p>\n\t\t<p class=\"et_pb_contact_field et_pb_contact_field_half et_pb_contact_field_last\"><span class=\"wpcf7-form-control-wrap\" data-name=\"your-subject\"><input size=\"40\" maxlength=\"400\" class=\"wpcf7-form-control wpcf7-text wpcf7-validates-as-required\" aria-required=\"true\" aria-invalid=\"false\" placeholder=\"Asunto\" value=\"\" type=\"text\" name=\"your-subject\" \/><\/span>\n\t\t<\/p>\n\t\t<p class=\"et_pb_contact_field et_pb_contact_field_last\"><span class=\"wpcf7-form-control-wrap\" data-name=\"your-message\"><textarea cols=\"40\" rows=\"10\" maxlength=\"2000\" class=\"wpcf7-form-control wpcf7-textarea\" aria-invalid=\"false\" placeholder=\"Mensaje\" name=\"your-message\"><\/textarea><\/span>\n\t\t<\/p>\n\t<\/div>\n\t<p><span class=\"wpcf7-form-control-wrap\" data-name=\"file-428\"><input size=\"40\" class=\"wpcf7-form-control wpcf7-file\" accept=\"audio\/*,video\/*,image\/*\" aria-invalid=\"false\" type=\"file\" name=\"file-428\" \/><\/span>\n\t<\/p>\n<\/div>\n<div class=\"et_contact_bottom_container padding-button-contact-form\">\n\t<p><button type=\"submit\" name=\"et_builder_submit_button\" class=\"et_pb_contact_submit et_pb_button\">Enviar<\/button>\n\t<\/p>\n<\/div><div class=\"wpcf7-response-output\" aria-hidden=\"true\"><\/div>\n<\/form>\n<\/div>\n<\/span><\/div>\n<\/div>\n<\/div>\n<div class=\"mod\">\n<div class=\"_eFb\">\n<div>&nbsp;<\/div>\n<\/div>\n<\/div>\n","protected":false},"excerpt":{"rendered":"<p>&nbsp; &nbsp; CEIP Santa Teresa de Jes\u00fas. Calle Pr\u00edncipes de Espa\u00f1a, S\/N Bda Reconquista, CP 11202 Algeciras, C\u00e1diz Tel\u00e9fono:&nbsp;956 67 07 11 &nbsp; &nbsp; &nbsp; Puedes contactar con nosotros&nbsp;a trav\u00e9s del siguiente formulario: &nbsp; &nbsp;<\/p>\n","protected":false},"author":12123,"featured_media":0,"parent":0,"menu_order":0,"comment_status":"closed","ping_status":"closed","template":"","meta":{"ngg_post_thumbnail":0,"footnotes":""},"aioseo_notices":[],"_links":{"self":[{"href":"https:\/\/blogsaverroes.juntadeandalucia.es\/ceipsantateresalgeciras\/wp-json\/wp\/v2\/pages\/600"}],"collection":[{"href":"https:\/\/blogsaverroes.juntadeandalucia.es\/ceipsantateresalgeciras\/wp-json\/wp\/v2\/pages"}],"about":[{"href":"https:\/\/blogsaverroes.juntadeandalucia.es\/ceipsantateresalgeciras\/wp-json\/wp\/v2\/types\/page"}],"author":[{"embeddable":true,"href":"https:\/\/blogsaverroes.juntadeandalucia.es\/ceipsantateresalgeciras\/wp-json\/wp\/v2\/users\/12123"}],"replies":[{"embeddable":true,"href":"https:\/\/blogsaverroes.juntadeandalucia.es\/ceipsantateresalgeciras\/wp-json\/wp\/v2\/comments?post=600"}],"version-history":[{"count":9,"href":"https:\/\/blogsaverroes.juntadeandalucia.es\/ceipsantateresalgeciras\/wp-json\/wp\/v2\/pages\/600\/revisions"}],"predecessor-version":[{"id":2638,"href":"https:\/\/blogsaverroes.juntadeandalucia.es\/ceipsantateresalgeciras\/wp-json\/wp\/v2\/pages\/600\/revisions\/2638"}],"wp:attachment":[{"href":"https:\/\/blogsaverroes.juntadeandalucia.es\/ceipsantateresalgeciras\/wp-json\/wp\/v2\/media?parent=600"}],"curies":[{"name":"wp","href":"https:\/\/api.w.org\/{rel}","templated":true}]}}