{"id":602,"date":"2021-02-10T18:27:12","date_gmt":"2021-02-10T17:27:12","guid":{"rendered":"https:\/\/blogsaverroes.juntadeandalucia.es\/ceipsantateresalgeciras\/?page_id=602"},"modified":"2021-02-24T21:01:50","modified_gmt":"2021-02-24T20:01:50","slug":"ensenanzas","status":"publish","type":"page","link":"https:\/\/blogsaverroes.juntadeandalucia.es\/ceipsantateresalgeciras\/ensenanzas\/","title":{"rendered":"ENSE\u00d1ANZAS"},"content":{"rendered":"<p style=\"text-align: justify\">El CEIP Santa Teresa de Jes\u00fas acoge en sus instalaciones el 2\u00ba ciclo de Educaci\u00f3n Infantil y la etapa de Educaci\u00f3n Primaria.<\/p>\n<p style=\"text-align: justify\">Tanto en Infantil como en Primaria se utiliza el M\u00e9todo ABN para la ense\u00f1anza de las Matem\u00e1ticas Es el M\u00e9todo del Algoritmo Basado en N\u00fameros cuyo planteamiento fomenta el c\u00e1lculo mental a trav\u00e9s de la utilizaci\u00f3n de materiales y objetos cotidianos como botones, pinzas de la ropa, palillos, suelos de goma numerados del 0 al 9\u2026<\/p>\n<p style=\"text-align: justify\">Lo que caracteriza a esta metodolog\u00eda de ense\u00f1anza es su car\u00e1cter abierto -es posible dar con la soluci\u00f3n correcta de diferentes maneras- ya que la base sobre la que trabaja el alumnado son los n\u00fameros, donde las unidades, las decenas, las centenas\u2026 se componen y se descomponen libremente sin aplicar una determinada regla o criterio para su resoluci\u00f3n final.<\/p>\n<table style=\"border-collapse: collapse;width: 100%\">\n<tbody>\n<tr>\n<td style=\"width: 33.333333333333336%\"><a href=\"https:\/\/blogsaverroes.juntadeandalucia.es\/ceipsantateresalgeciras\/orientacion-educativa\/\"><img loading=\"lazy\" decoding=\"async\" class=\"wp-image-726 size-medium aligncenter\" src=\"https:\/\/blogsaverroes.juntadeandalucia.es\/ceipsantateresalgeciras\/files\/2021\/02\/FB3D1DBA-6A65-4DDF-9BCB-4FBB461F7688-300x300.png\" alt=\"\" width=\"300\" height=\"300\" srcset=\"https:\/\/blogsaverroes.juntadeandalucia.es\/ceipsantateresalgeciras\/files\/2021\/02\/FB3D1DBA-6A65-4DDF-9BCB-4FBB461F7688-300x300.png 300w, https:\/\/blogsaverroes.juntadeandalucia.es\/ceipsantateresalgeciras\/files\/2021\/02\/FB3D1DBA-6A65-4DDF-9BCB-4FBB461F7688-1024x1024.png 1024w, https:\/\/blogsaverroes.juntadeandalucia.es\/ceipsantateresalgeciras\/files\/2021\/02\/FB3D1DBA-6A65-4DDF-9BCB-4FBB461F7688-150x150.png 150w, https:\/\/blogsaverroes.juntadeandalucia.es\/ceipsantateresalgeciras\/files\/2021\/02\/FB3D1DBA-6A65-4DDF-9BCB-4FBB461F7688-768x768.png 768w, https:\/\/blogsaverroes.juntadeandalucia.es\/ceipsantateresalgeciras\/files\/2021\/02\/FB3D1DBA-6A65-4DDF-9BCB-4FBB461F7688-100x100.png 100w, https:\/\/blogsaverroes.juntadeandalucia.es\/ceipsantateresalgeciras\/files\/2021\/02\/FB3D1DBA-6A65-4DDF-9BCB-4FBB461F7688.png 1080w\" sizes=\"(max-width: 300px) 100vw, 300px\" \/><\/a><\/td>\n<td style=\"width: 33.333333333333336%\"><a href=\"https:\/\/blogsaverroes.juntadeandalucia.es\/ceipsantateresalgeciras\/educacion-infantil\/\"><img loading=\"lazy\" decoding=\"async\" class=\"wp-image-725 size-medium aligncenter\" src=\"https:\/\/blogsaverroes.juntadeandalucia.es\/ceipsantateresalgeciras\/files\/2021\/02\/FDEC2AB9-07FF-48A5-B622-D2701064717B-300x300.png\" alt=\"\" width=\"300\" height=\"300\" srcset=\"https:\/\/blogsaverroes.juntadeandalucia.es\/ceipsantateresalgeciras\/files\/2021\/02\/FDEC2AB9-07FF-48A5-B622-D2701064717B-300x300.png 300w, https:\/\/blogsaverroes.juntadeandalucia.es\/ceipsantateresalgeciras\/files\/2021\/02\/FDEC2AB9-07FF-48A5-B622-D2701064717B-1024x1024.png 1024w, https:\/\/blogsaverroes.juntadeandalucia.es\/ceipsantateresalgeciras\/files\/2021\/02\/FDEC2AB9-07FF-48A5-B622-D2701064717B-150x150.png 150w, https:\/\/blogsaverroes.juntadeandalucia.es\/ceipsantateresalgeciras\/files\/2021\/02\/FDEC2AB9-07FF-48A5-B622-D2701064717B-768x768.png 768w, https:\/\/blogsaverroes.juntadeandalucia.es\/ceipsantateresalgeciras\/files\/2021\/02\/FDEC2AB9-07FF-48A5-B622-D2701064717B-100x100.png 100w, https:\/\/blogsaverroes.juntadeandalucia.es\/ceipsantateresalgeciras\/files\/2021\/02\/FDEC2AB9-07FF-48A5-B622-D2701064717B.png 1080w\" sizes=\"(max-width: 300px) 100vw, 300px\" \/><\/a><\/td>\n<td style=\"width: 33.333333333333336%\"><a href=\"https:\/\/blogsaverroes.juntadeandalucia.es\/ceipsantateresalgeciras\/educacion-primaria\/\"><img loading=\"lazy\" decoding=\"async\" class=\"wp-image-724 size-medium aligncenter\" src=\"https:\/\/blogsaverroes.juntadeandalucia.es\/ceipsantateresalgeciras\/files\/2021\/02\/F033BC64-728B-4E9A-9752-DC524863102E-300x300.png\" alt=\"\" width=\"300\" height=\"300\" srcset=\"https:\/\/blogsaverroes.juntadeandalucia.es\/ceipsantateresalgeciras\/files\/2021\/02\/F033BC64-728B-4E9A-9752-DC524863102E-300x300.png 300w, https:\/\/blogsaverroes.juntadeandalucia.es\/ceipsantateresalgeciras\/files\/2021\/02\/F033BC64-728B-4E9A-9752-DC524863102E-1024x1024.png 1024w, https:\/\/blogsaverroes.juntadeandalucia.es\/ceipsantateresalgeciras\/files\/2021\/02\/F033BC64-728B-4E9A-9752-DC524863102E-150x150.png 150w, https:\/\/blogsaverroes.juntadeandalucia.es\/ceipsantateresalgeciras\/files\/2021\/02\/F033BC64-728B-4E9A-9752-DC524863102E-768x768.png 768w, https:\/\/blogsaverroes.juntadeandalucia.es\/ceipsantateresalgeciras\/files\/2021\/02\/F033BC64-728B-4E9A-9752-DC524863102E-100x100.png 100w, https:\/\/blogsaverroes.juntadeandalucia.es\/ceipsantateresalgeciras\/files\/2021\/02\/F033BC64-728B-4E9A-9752-DC524863102E.png 1080w\" sizes=\"(max-width: 300px) 100vw, 300px\" \/><\/a><\/td>\n<\/tr>\n<tr>\n<td style=\"width: 33.333333333333336%;text-align: center\"><a href=\"https:\/\/blogsaverroes.juntadeandalucia.es\/ceipsantateresalgeciras\/orientacion-educativa\/\">Orientaci\u00f3n Educativa<\/a> &nbsp;<\/td>\n<td style=\"width: 33.333333333333336%;text-align: center\"><a href=\"https:\/\/blogsaverroes.juntadeandalucia.es\/ceipsantateresalgeciras\/educacion-infantil\/\">Educacion Infantil<\/a>&nbsp;<\/td>\n<td style=\"width: 33.333333333333336%;text-align: center\"><a href=\"https:\/\/blogsaverroes.juntadeandalucia.es\/ceipsantateresalgeciras\/educacion-primaria\/\">Educaci\u00f3n Primaria<\/a><\/td>\n<\/tr>\n<\/tbody>\n<\/table>\n<p>&nbsp;<\/p>\n","protected":false},"excerpt":{"rendered":"<p>El CEIP Santa Teresa de Jes\u00fas acoge en sus instalaciones el 2\u00ba ciclo de Educaci\u00f3n Infantil y la etapa de Educaci\u00f3n Primaria. Tanto en Infantil como en Primaria se utiliza el M\u00e9todo ABN para la ense\u00f1anza de las Matem\u00e1ticas Es el M\u00e9todo del Algoritmo Basado en N\u00fameros cuyo planteamiento fomenta el c\u00e1lculo mental a trav\u00e9s &hellip; <\/p>\n<p class=\"link-more\"><a href=\"https:\/\/blogsaverroes.juntadeandalucia.es\/ceipsantateresalgeciras\/ensenanzas\/\" class=\"more-link\">Continuar leyendo<span class=\"screen-reader-text\"> \u00abENSE\u00d1ANZAS\u00bb<\/span><\/a><\/p>\n","protected":false},"author":12123,"featured_media":0,"parent":0,"menu_order":0,"comment_status":"closed","ping_status":"closed","template":"","meta":{"ngg_post_thumbnail":0,"footnotes":""},"aioseo_notices":[],"_links":{"self":[{"href":"https:\/\/blogsaverroes.juntadeandalucia.es\/ceipsantateresalgeciras\/wp-json\/wp\/v2\/pages\/602"}],"collection":[{"href":"https:\/\/blogsaverroes.juntadeandalucia.es\/ceipsantateresalgeciras\/wp-json\/wp\/v2\/pages"}],"about":[{"href":"https:\/\/blogsaverroes.juntadeandalucia.es\/ceipsantateresalgeciras\/wp-json\/wp\/v2\/types\/page"}],"author":[{"embeddable":true,"href":"https:\/\/blogsaverroes.juntadeandalucia.es\/ceipsantateresalgeciras\/wp-json\/wp\/v2\/users\/12123"}],"replies":[{"embeddable":true,"href":"https:\/\/blogsaverroes.juntadeandalucia.es\/ceipsantateresalgeciras\/wp-json\/wp\/v2\/comments?post=602"}],"version-history":[{"count":13,"href":"https:\/\/blogsaverroes.juntadeandalucia.es\/ceipsantateresalgeciras\/wp-json\/wp\/v2\/pages\/602\/revisions"}],"predecessor-version":[{"id":2621,"href":"https:\/\/blogsaverroes.juntadeandalucia.es\/ceipsantateresalgeciras\/wp-json\/wp\/v2\/pages\/602\/revisions\/2621"}],"wp:attachment":[{"href":"https:\/\/blogsaverroes.juntadeandalucia.es\/ceipsantateresalgeciras\/wp-json\/wp\/v2\/media?parent=602"}],"curies":[{"name":"wp","href":"https:\/\/api.w.org\/{rel}","templated":true}]}}