{"id":2229,"date":"2015-11-28T22:03:58","date_gmt":"2015-11-28T22:03:58","guid":{"rendered":"http:\/\/blogsaverroes.juntadeandalucia.es\/ceipsantesifon\/?page_id=2229"},"modified":"2015-11-28T22:11:14","modified_gmt":"2015-11-28T22:11:14","slug":"servicios-del-centro-plan-de-apoyo-a-las-familias-andaluzas","status":"publish","type":"page","link":"https:\/\/blogsaverroes.juntadeandalucia.es\/ceipsantesifon\/servicios-del-centro-plan-de-apoyo-a-las-familias-andaluzas\/","title":{"rendered":"Servicios del Centro"},"content":{"rendered":"<p><strong>PLAN DE APOYO A LAS FAMILIAS ANDALUZA<\/strong><\/p>\n<p>El Decreto 137\/2002, de 30 de abril, de apoyo a las familias andaluzas, y el Decreto 18\/2003, de 4 de febrero, de ampliaci\u00f3n de las medidas de apoyo a las familias andaluzas, establecen un conjunto coherente de medidas, servicios y ayudas que, incidiendo en cualesquiera de estos aspectos, se reflejan en un apoyo a la instituci\u00f3n familiar desde una perspectiva global. Entre estas medidas se incluyen algunas destinadas a ampliar el horario de apertura de los centros docentes y a mejorar su oferta de actividades extraescolares y servicios educativos complementarios.<\/p>\n<p>Este Plan incluye medidas con impacto en las diversas \u00e1reas que afectan a la vida familiar, entre ellas la Educaci\u00f3n. As\u00ed, El Plan de Apoyo a las Familias persigue que los centros docentes, m\u00e1s all\u00e1 de la jornada lectiva tradicional, proporcionen una oferta de jornada escolar completa, de manera que los alumnos y alumnas encuentren en sus centros las actividades que necesitan para completar su formaci\u00f3n y para utilizar de una manera provechosa su tiempo libre.<\/p>\n<p>Para ello se aprob\u00f3 el Plan de Apertura de Centros, que se traduce b\u00e1sicamente en la ampliaci\u00f3n del horario de apertura de los centros docentes y en una mejora de la oferta de actividades extraescolares y de servicios educativos complementarios, tales como el comedor escolar o la atenci\u00f3n al alumnado a partir de las siete y media de la ma\u00f1ana.<\/p>\n<p>La Agencia P\u00fablica Andaluza de\u00a0Educaci\u00f3n tiene entre sus funciones la contrataci\u00f3n de las empresas que prestan estos servicios complementarios en los centros educativos.<\/p>\n<p>Por otra parte, la\u00a0Agencia de\u00a0Educaci\u00f3n gestiona la contrataci\u00f3n de las empresas de transporte que prestan el servicio de transporte gratuito al alumnado cuyo centro educativo no se encuentre en su localidad o que tenga dificultades para acceder al mismo.<\/p>\n<p><a href=\"http:\/\/blogsaverroes.juntadeandalucia.es\/ceipsantesifon\/files\/2015\/11\/centros-andalucia.jpg\"><img loading=\"lazy\" decoding=\"async\" class=\"  wp-image-2230 aligncenter\" src=\"http:\/\/blogsaverroes.juntadeandalucia.es\/ceipsantesifon\/files\/2015\/11\/centros-andalucia-300x220.jpg\" alt=\"centros-andalucia\" width=\"243\" height=\"191\" \/><\/a><\/p>\n","protected":false},"excerpt":{"rendered":"<p>PLAN DE APOYO A LAS FAMILIAS ANDALUZA El Decreto 137\/2002, de 30 de abril, de apoyo a las familias andaluzas, y el Decreto 18\/2003, de&hellip;<\/p>\n","protected":false},"author":2318,"featured_media":0,"parent":0,"menu_order":0,"comment_status":"open","ping_status":"open","template":"","meta":{"ngg_post_thumbnail":0,"footnotes":"","_mc_calendar":[]},"aioseo_notices":[],"_links":{"self":[{"href":"https:\/\/blogsaverroes.juntadeandalucia.es\/ceipsantesifon\/wp-json\/wp\/v2\/pages\/2229"}],"collection":[{"href":"https:\/\/blogsaverroes.juntadeandalucia.es\/ceipsantesifon\/wp-json\/wp\/v2\/pages"}],"about":[{"href":"https:\/\/blogsaverroes.juntadeandalucia.es\/ceipsantesifon\/wp-json\/wp\/v2\/types\/page"}],"author":[{"embeddable":true,"href":"https:\/\/blogsaverroes.juntadeandalucia.es\/ceipsantesifon\/wp-json\/wp\/v2\/users\/2318"}],"replies":[{"embeddable":true,"href":"https:\/\/blogsaverroes.juntadeandalucia.es\/ceipsantesifon\/wp-json\/wp\/v2\/comments?post=2229"}],"version-history":[{"count":2,"href":"https:\/\/blogsaverroes.juntadeandalucia.es\/ceipsantesifon\/wp-json\/wp\/v2\/pages\/2229\/revisions"}],"predecessor-version":[{"id":2232,"href":"https:\/\/blogsaverroes.juntadeandalucia.es\/ceipsantesifon\/wp-json\/wp\/v2\/pages\/2229\/revisions\/2232"}],"wp:attachment":[{"href":"https:\/\/blogsaverroes.juntadeandalucia.es\/ceipsantesifon\/wp-json\/wp\/v2\/media?parent=2229"}],"curies":[{"name":"wp","href":"https:\/\/api.w.org\/{rel}","templated":true}]}}