{"id":3851,"date":"2023-11-25T11:11:52","date_gmt":"2023-11-25T11:11:52","guid":{"rendered":"http:\/\/blogsaverroes.juntadeandalucia.es\/ceipsantesifon\/?page_id=3851"},"modified":"2023-11-25T11:13:30","modified_gmt":"2023-11-25T11:13:30","slug":"aula-tea","status":"publish","type":"page","link":"https:\/\/blogsaverroes.juntadeandalucia.es\/ceipsantesifon\/aula-tea\/","title":{"rendered":"Aula TEA"},"content":{"rendered":"<p>Nuestro centro cuenta con Aula de Educaci\u00f3n Especial dedicada al alumnado con Trastornos del Espectro Autista (TEA). El n\u00famero m\u00e1ximo de plazas es 5.<\/p>\n<p>Son atendidos por el personal especialista del EOE donde se incluye un docente tutor y con el apoyo de un PTIS.<\/p>\n<p><a href=\"https:\/\/blogsaverroes.juntadeandalucia.es\/ceipsantesifon\/files\/2020\/04\/presentacion_autismo_primaria.png\"><img loading=\"lazy\" decoding=\"async\" class=\"aligncenter size-medium wp-image-3175\" src=\"https:\/\/blogsaverroes.juntadeandalucia.es\/ceipsantesifon\/files\/2020\/04\/presentacion_autismo_primaria-300x209.png\" alt=\"\" width=\"300\" height=\"209\" srcset=\"https:\/\/blogsaverroes.juntadeandalucia.es\/ceipsantesifon\/files\/2020\/04\/presentacion_autismo_primaria-300x209.png 300w, https:\/\/blogsaverroes.juntadeandalucia.es\/ceipsantesifon\/files\/2020\/04\/presentacion_autismo_primaria-768x535.png 768w, https:\/\/blogsaverroes.juntadeandalucia.es\/ceipsantesifon\/files\/2020\/04\/presentacion_autismo_primaria-1024x714.png 1024w, https:\/\/blogsaverroes.juntadeandalucia.es\/ceipsantesifon\/files\/2020\/04\/presentacion_autismo_primaria-700x488.png 700w, https:\/\/blogsaverroes.juntadeandalucia.es\/ceipsantesifon\/files\/2020\/04\/presentacion_autismo_primaria-24x17.png 24w, https:\/\/blogsaverroes.juntadeandalucia.es\/ceipsantesifon\/files\/2020\/04\/presentacion_autismo_primaria-36x25.png 36w, https:\/\/blogsaverroes.juntadeandalucia.es\/ceipsantesifon\/files\/2020\/04\/presentacion_autismo_primaria-48x33.png 48w, https:\/\/blogsaverroes.juntadeandalucia.es\/ceipsantesifon\/files\/2020\/04\/presentacion_autismo_primaria.png 1234w\" sizes=\"(max-width: 300px) 100vw, 300px\" \/><\/a><\/p>\n","protected":false},"excerpt":{"rendered":"<p>Nuestro centro cuenta con Aula de Educaci\u00f3n Especial dedicada al alumnado con Trastornos del Espectro Autista (TEA). El n\u00famero m\u00e1ximo de plazas es 5. Son&hellip;<\/p>\n","protected":false},"author":2318,"featured_media":0,"parent":0,"menu_order":0,"comment_status":"closed","ping_status":"closed","template":"","meta":{"ngg_post_thumbnail":0,"footnotes":"","_mc_calendar":[]},"aioseo_notices":[],"_links":{"self":[{"href":"https:\/\/blogsaverroes.juntadeandalucia.es\/ceipsantesifon\/wp-json\/wp\/v2\/pages\/3851"}],"collection":[{"href":"https:\/\/blogsaverroes.juntadeandalucia.es\/ceipsantesifon\/wp-json\/wp\/v2\/pages"}],"about":[{"href":"https:\/\/blogsaverroes.juntadeandalucia.es\/ceipsantesifon\/wp-json\/wp\/v2\/types\/page"}],"author":[{"embeddable":true,"href":"https:\/\/blogsaverroes.juntadeandalucia.es\/ceipsantesifon\/wp-json\/wp\/v2\/users\/2318"}],"replies":[{"embeddable":true,"href":"https:\/\/blogsaverroes.juntadeandalucia.es\/ceipsantesifon\/wp-json\/wp\/v2\/comments?post=3851"}],"version-history":[{"count":1,"href":"https:\/\/blogsaverroes.juntadeandalucia.es\/ceipsantesifon\/wp-json\/wp\/v2\/pages\/3851\/revisions"}],"predecessor-version":[{"id":3865,"href":"https:\/\/blogsaverroes.juntadeandalucia.es\/ceipsantesifon\/wp-json\/wp\/v2\/pages\/3851\/revisions\/3865"}],"wp:attachment":[{"href":"https:\/\/blogsaverroes.juntadeandalucia.es\/ceipsantesifon\/wp-json\/wp\/v2\/media?parent=3851"}],"curies":[{"name":"wp","href":"https:\/\/api.w.org\/{rel}","templated":true}]}}