{"id":42,"date":"2015-03-13T08:40:47","date_gmt":"2015-03-13T08:40:47","guid":{"rendered":"http:\/\/blogsaverroes.juntadeandalucia.es\/pre\/ceip\/?page_id=42"},"modified":"2024-09-28T09:03:03","modified_gmt":"2024-09-28T09:03:03","slug":"equipo-directivo","status":"publish","type":"page","link":"https:\/\/blogsaverroes.juntadeandalucia.es\/ceipsantesifon\/equipo-directivo\/","title":{"rendered":"Equipo directivo"},"content":{"rendered":"<p style=\"text-align: center\"><strong>Direcci\u00f3n: CLARA ISABEL RABELO MALDONADO<\/strong><\/p>\n<p style=\"text-align: center\"><strong>Jefatura de estudios: JOS\u00c9 MANUEL RODR\u00cdGUEZ OLMEDO<br \/>\n<\/strong><\/p>\n<p style=\"text-align: center\"><strong>Secretar\u00eda: JAIRO HEREDIA FERN\u00c1NDEZ<br \/>\n<\/strong><\/p>\n","protected":false},"excerpt":{"rendered":"<p>Direcci\u00f3n: CLARA ISABEL RABELO MALDONADO Jefatura de estudios: JOS\u00c9 MANUEL RODR\u00cdGUEZ OLMEDO Secretar\u00eda: JAIRO HEREDIA FERN\u00c1NDEZ<\/p>\n","protected":false},"author":1,"featured_media":0,"parent":0,"menu_order":0,"comment_status":"closed","ping_status":"open","template":"","meta":{"ngg_post_thumbnail":0,"footnotes":"","_mc_calendar":[]},"aioseo_notices":[],"_links":{"self":[{"href":"https:\/\/blogsaverroes.juntadeandalucia.es\/ceipsantesifon\/wp-json\/wp\/v2\/pages\/42"}],"collection":[{"href":"https:\/\/blogsaverroes.juntadeandalucia.es\/ceipsantesifon\/wp-json\/wp\/v2\/pages"}],"about":[{"href":"https:\/\/blogsaverroes.juntadeandalucia.es\/ceipsantesifon\/wp-json\/wp\/v2\/types\/page"}],"author":[{"embeddable":true,"href":"https:\/\/blogsaverroes.juntadeandalucia.es\/ceipsantesifon\/wp-json\/wp\/v2\/users\/1"}],"replies":[{"embeddable":true,"href":"https:\/\/blogsaverroes.juntadeandalucia.es\/ceipsantesifon\/wp-json\/wp\/v2\/comments?post=42"}],"version-history":[{"count":7,"href":"https:\/\/blogsaverroes.juntadeandalucia.es\/ceipsantesifon\/wp-json\/wp\/v2\/pages\/42\/revisions"}],"predecessor-version":[{"id":4040,"href":"https:\/\/blogsaverroes.juntadeandalucia.es\/ceipsantesifon\/wp-json\/wp\/v2\/pages\/42\/revisions\/4040"}],"wp:attachment":[{"href":"https:\/\/blogsaverroes.juntadeandalucia.es\/ceipsantesifon\/wp-json\/wp\/v2\/media?parent=42"}],"curies":[{"name":"wp","href":"https:\/\/api.w.org\/{rel}","templated":true}]}}