{"id":436,"date":"2015-03-20T07:08:17","date_gmt":"2015-03-20T07:08:17","guid":{"rendered":"http:\/\/blogsaverroes.juntadeandalucia.es\/pre\/ceip\/?page_id=436"},"modified":"2024-01-04T10:27:41","modified_gmt":"2024-01-04T10:27:41","slug":"ed-primaria-3o-ciclo","status":"publish","type":"page","link":"https:\/\/blogsaverroes.juntadeandalucia.es\/ceipsantesifon\/ed-primaria-3o-ciclo\/","title":{"rendered":"Ed. Primaria. 3\u00ba ciclo"},"content":{"rendered":"<p style=\"text-align: left\"><strong>PODCAST EDUCATIVO<\/strong><a href=\"https:\/\/blogsaverroes.juntadeandalucia.es\/ceipsantesifon\/files\/2024\/01\/TESIpodcast.jpg\"><img loading=\"lazy\" decoding=\"async\" class=\" wp-image-4007 aligncenter\" src=\"https:\/\/blogsaverroes.juntadeandalucia.es\/ceipsantesifon\/files\/2024\/01\/TESIpodcast-300x169.jpg\" alt=\"\" width=\"222\" height=\"125\" srcset=\"https:\/\/blogsaverroes.juntadeandalucia.es\/ceipsantesifon\/files\/2024\/01\/TESIpodcast-300x169.jpg 300w, https:\/\/blogsaverroes.juntadeandalucia.es\/ceipsantesifon\/files\/2024\/01\/TESIpodcast-1024x576.jpg 1024w, https:\/\/blogsaverroes.juntadeandalucia.es\/ceipsantesifon\/files\/2024\/01\/TESIpodcast-768x432.jpg 768w, https:\/\/blogsaverroes.juntadeandalucia.es\/ceipsantesifon\/files\/2024\/01\/TESIpodcast-1536x864.jpg 1536w, https:\/\/blogsaverroes.juntadeandalucia.es\/ceipsantesifon\/files\/2024\/01\/TESIpodcast-2048x1152.jpg 2048w, https:\/\/blogsaverroes.juntadeandalucia.es\/ceipsantesifon\/files\/2024\/01\/TESIpodcast.jpg 1600w\" sizes=\"(max-width: 222px) 100vw, 222px\" \/><\/a><\/p>\n<p>Aqu\u00ed ten\u00e9is nuevas entregas de Tesipodcast. El alumnado de 5\u00ba de Primaria os deja 5 episodios nuevos donde hablan sobre elementos del cuerpo humano y su cuidado, o aspectos relacionados con la organizaci\u00f3n territorial y el estado. De este modo han trabajado durante este trimestre desde su visi\u00f3n como individuo a nivel f\u00edsico y psicol\u00f3gico,&nbsp; hasta su dimensi\u00f3n como individuo social, como ciudadano.<\/p>\n<p>El trabajo de las 2 Situaciones de Aprendizaje desarrolladas durante este trimestre ha permitido abordar los siguientes objetivos de desarrollo sostenible encuadrados dentro de la Agenda 2030:<\/p>\n<p>1. Fin de la pobreza.<\/p>\n<p>2. Hambre cero.<\/p>\n<p>3. Salud y bienestar.<\/p>\n<p>4. Educaci\u00f3n de calidad.<\/p>\n<p>5. Igualdad de g\u00e9nero.<\/p>\n<p><strong>Enlaces a los episodios del podcast: <a href=\"https:\/\/open.spotify.com\/show\/5sQhsuXW9bc9ygYGHRHY9A?si=897be30c35164434\">TESIpodcast<\/a><br \/>\n<\/strong><\/p>\n","protected":false},"excerpt":{"rendered":"<p>PODCAST EDUCATIVO Aqu\u00ed ten\u00e9is nuevas entregas de Tesipodcast. El alumnado de 5\u00ba de Primaria os deja 5 episodios nuevos donde hablan sobre elementos del cuerpo&hellip;<\/p>\n","protected":false},"author":1,"featured_media":0,"parent":0,"menu_order":0,"comment_status":"closed","ping_status":"open","template":"","meta":{"ngg_post_thumbnail":0,"footnotes":"","_mc_calendar":[]},"aioseo_notices":[],"_links":{"self":[{"href":"https:\/\/blogsaverroes.juntadeandalucia.es\/ceipsantesifon\/wp-json\/wp\/v2\/pages\/436"}],"collection":[{"href":"https:\/\/blogsaverroes.juntadeandalucia.es\/ceipsantesifon\/wp-json\/wp\/v2\/pages"}],"about":[{"href":"https:\/\/blogsaverroes.juntadeandalucia.es\/ceipsantesifon\/wp-json\/wp\/v2\/types\/page"}],"author":[{"embeddable":true,"href":"https:\/\/blogsaverroes.juntadeandalucia.es\/ceipsantesifon\/wp-json\/wp\/v2\/users\/1"}],"replies":[{"embeddable":true,"href":"https:\/\/blogsaverroes.juntadeandalucia.es\/ceipsantesifon\/wp-json\/wp\/v2\/comments?post=436"}],"version-history":[{"count":4,"href":"https:\/\/blogsaverroes.juntadeandalucia.es\/ceipsantesifon\/wp-json\/wp\/v2\/pages\/436\/revisions"}],"predecessor-version":[{"id":4008,"href":"https:\/\/blogsaverroes.juntadeandalucia.es\/ceipsantesifon\/wp-json\/wp\/v2\/pages\/436\/revisions\/4008"}],"wp:attachment":[{"href":"https:\/\/blogsaverroes.juntadeandalucia.es\/ceipsantesifon\/wp-json\/wp\/v2\/media?parent=436"}],"curies":[{"name":"wp","href":"https:\/\/api.w.org\/{rel}","templated":true}]}}