{"id":870,"date":"2015-03-16T07:24:27","date_gmt":"2015-03-16T07:24:27","guid":{"rendered":"http:\/\/blogsaverroes.juntadeandalucia.es\/pre\/ceip\/?page_id=103"},"modified":"2023-11-25T11:07:40","modified_gmt":"2023-11-25T11:07:40","slug":"aula-matinal","status":"publish","type":"page","link":"https:\/\/blogsaverroes.juntadeandalucia.es\/ceipsantesifon\/aula-matinal\/","title":{"rendered":"Aula Matinal"},"content":{"rendered":"<p><img loading=\"lazy\" decoding=\"async\" class=\" size-medium wp-image-226 alignleft\" src=\"http:\/\/blogsaverroes.juntadeandalucia.es\/pre\/ceip\/files\/2015\/03\/aula_matinal-300x186.jpg\" alt=\"aula_matinal\" width=\"300\" height=\"186\" srcset=\"https:\/\/blogsaverroes.juntadeandalucia.es\/ceipsantesifon\/files\/2015\/03\/aula_matinal-300x186.jpg 300w, https:\/\/blogsaverroes.juntadeandalucia.es\/ceipsantesifon\/files\/2015\/03\/aula_matinal-700x433.jpg 700w, https:\/\/blogsaverroes.juntadeandalucia.es\/ceipsantesifon\/files\/2015\/03\/aula_matinal-332x206.jpg 332w, https:\/\/blogsaverroes.juntadeandalucia.es\/ceipsantesifon\/files\/2015\/03\/aula_matinal.jpg 709w\" sizes=\"(max-width: 300px) 100vw, 300px\" \/><\/p>\n<h4>Informaci\u00f3n sobre el Aula Matinal<\/h4>\n<p>El <strong>Aula Matinal<\/strong> abre a las 7.30 horas de lunes a viernes, ofreciendo actividades diversas a las ni\u00f1as y ni\u00f1os que lo necesiten hasta el comienzo del horario lectivo (09:00).<\/p>\n<p>Puede utilizarse cualquier d\u00eda previa inscripci\u00f3n y en funci\u00f3n del n\u00famero de plazas disponible.<\/p>\n<p>&nbsp;<\/p>\n","protected":false},"excerpt":{"rendered":"<p>Informaci\u00f3n sobre el Aula Matinal El Aula Matinal abre a las 7.30 horas de lunes a viernes, ofreciendo actividades diversas a las ni\u00f1as y ni\u00f1os&hellip;<\/p>\n","protected":false},"author":1,"featured_media":0,"parent":0,"menu_order":0,"comment_status":"closed","ping_status":"open","template":"","meta":{"ngg_post_thumbnail":0,"footnotes":"","_mc_calendar":[]},"aioseo_notices":[],"_links":{"self":[{"href":"https:\/\/blogsaverroes.juntadeandalucia.es\/ceipsantesifon\/wp-json\/wp\/v2\/pages\/870"}],"collection":[{"href":"https:\/\/blogsaverroes.juntadeandalucia.es\/ceipsantesifon\/wp-json\/wp\/v2\/pages"}],"about":[{"href":"https:\/\/blogsaverroes.juntadeandalucia.es\/ceipsantesifon\/wp-json\/wp\/v2\/types\/page"}],"author":[{"embeddable":true,"href":"https:\/\/blogsaverroes.juntadeandalucia.es\/ceipsantesifon\/wp-json\/wp\/v2\/users\/1"}],"replies":[{"embeddable":true,"href":"https:\/\/blogsaverroes.juntadeandalucia.es\/ceipsantesifon\/wp-json\/wp\/v2\/comments?post=870"}],"version-history":[{"count":4,"href":"https:\/\/blogsaverroes.juntadeandalucia.es\/ceipsantesifon\/wp-json\/wp\/v2\/pages\/870\/revisions"}],"predecessor-version":[{"id":3864,"href":"https:\/\/blogsaverroes.juntadeandalucia.es\/ceipsantesifon\/wp-json\/wp\/v2\/pages\/870\/revisions\/3864"}],"wp:attachment":[{"href":"https:\/\/blogsaverroes.juntadeandalucia.es\/ceipsantesifon\/wp-json\/wp\/v2\/media?parent=870"}],"curies":[{"name":"wp","href":"https:\/\/api.w.org\/{rel}","templated":true}]}}