{"id":1185,"date":"2023-02-28T08:33:51","date_gmt":"2023-02-28T07:33:51","guid":{"rendered":"https:\/\/blogsaverroes.juntadeandalucia.es\/ceipsantiagolalinea\/?page_id=1185"},"modified":"2024-10-03T19:26:44","modified_gmt":"2024-10-03T18:26:44","slug":"claustro-de-profesores","status":"publish","type":"page","link":"https:\/\/blogsaverroes.juntadeandalucia.es\/ceipsantiagolalinea\/claustro-de-profesores\/","title":{"rendered":"Claustro de Profesores."},"content":{"rendered":"<p>[et_pb_section fb_built=&#8221;1&#8243; _builder_version=&#8221;4.16&#8243; background_color=&#8221;#FFFFFF&#8221; global_colors_info=&#8221;{}&#8221;][et_pb_row _builder_version=&#8221;4.16&#8243; background_size=&#8221;initial&#8221; background_position=&#8221;top_left&#8221; background_repeat=&#8221;repeat&#8221; global_colors_info=&#8221;{}&#8221;][et_pb_column type=&#8221;4_4&#8243; _builder_version=&#8221;4.16&#8243; custom_padding=&#8221;|||&#8221; global_colors_info=&#8221;{}&#8221; custom_padding__hover=&#8221;|||&#8221;][et_pb_text _builder_version=&#8221;4.24.2&#8243; background_size=&#8221;initial&#8221; background_position=&#8221;top_left&#8221; background_repeat=&#8221;repeat&#8221; hover_enabled=&#8221;0&#8243; global_colors_info=&#8221;{}&#8221; sticky_enabled=&#8221;0&#8243;]<\/p>\n<div id=\"cc-m-11262147095\" class=\"j-module n j-textWithImage \">\n<div>\n<div style=\"text-align: center\"><span style=\"font-size: 18pt\"><strong>EL CLAUSTRO DE PROFESORES Y PROFESORAS.<\/strong><\/span><\/div>\n<div>&nbsp;<\/div>\n<div><img loading=\"lazy\" decoding=\"async\" class=\"alignnone size-full wp-image-1206 aligncenter\" src=\"https:\/\/blogsaverroes.juntadeandalucia.es\/ceipsantiagolalinea\/files\/2023\/02\/Claustro-de-Profesores.jpg\" alt=\"\" width=\"300\" height=\"199\"><\/div>\n<div id=\"cc-m-textwithimage-11262147095\" class=\"cc-m-textwithimage-inline-rte\">1. El Claustro de profesores y profesoras es el \u00f3rgano propio de participaci\u00f3n de los profesores y profesoras en el gobierno del centro y tiene la responsabilidad de planificar, coordinar, informar y, en su caso, decidir sobre todos los aspectos educativos del centro.<br \/>2. El Claustro ser\u00e1 presidido por el\/la director\/a y estar\u00e1 integrado por la totalidad de los profesores y profesoras que presten servicio en el centro.<\/div>\n<\/div>\n<div id=\"cc-m-11262148695\" class=\"j-module n j-spacing \">&nbsp;<\/div>\n<\/div>\n<div id=\"cc-m-11262148795\" class=\"j-module n j-textWithImage \">\n<p><strong>Competencias del Claustro de profesores y profesoras.<\/strong><\/p>\n<div>\n<div id=\"cc-m-textwithimage-11262148795\" class=\"cc-m-textwithimage-inline-rte\">\n<p>a) Formular al equipo directivo y al Consejo Escolar propuestas para la elaboraci\u00f3n de los proyectos del centro y de la programaci\u00f3n general anual.<br \/>b) Aprobar y evaluar la concreci\u00f3n del curr\u00edculo y todos los aspectos educativos de los proyectos y de la programaci\u00f3n general anual.<br \/>c) Fijar los criterios referentes a la orientaci\u00f3n, tutor\u00eda, evaluaci\u00f3n y recuperaci\u00f3n de los alumnos.<br \/>d) Promover iniciativas en el \u00e1mbito de la experimentaci\u00f3n y de la investigaci\u00f3n pedag\u00f3gica y en la formaci\u00f3n del profesorado del centro.<br \/>e) Elegir sus representantes en el Consejo Escolar del centro y participar en la selecci\u00f3n del director en los t\u00e9rminos establecidos por la presente Ley.<br \/>f) Conocer las candidaturas a la direcci\u00f3n y los proyectos de direcci\u00f3n presentados por los candidatos.<br \/>g) Analizar y valorar el funcionamiento general del centro, la evoluci\u00f3n del rendimiento escolar y los resultados de las evaluaciones internas y externas en las que participe el centro.<br \/>h) Informar las normas de organizaci\u00f3n y funcionamiento del centro.<br \/>i) Conocer la resoluci\u00f3n de conflictos disciplinarios y la imposici\u00f3n de sanciones y velar por que \u00e9stas se atengan a la normativa vigente.<br \/>j) Proponer medidas e iniciativas que favorezcan la convivencia en el centro.<br \/>k) Cualesquiera otras que le sean atribuidas por la Administraci\u00f3n educativa o por las respectivas normas de organizaci\u00f3n y funcionamiento.<br \/>&nbsp;&nbsp;&nbsp;&nbsp;&nbsp;<\/p>\n<p style=\"text-align: center\"><strong>Claustro de Profesores y Profesoras del CEIP Santiago&#8221;<\/strong><\/p>\n<div>\n<div id=\"cc-m-11262151195\" class=\"j-module n j-textWithImage \">\n<div>\n<div id=\"cc-m-textwithimage-11262151195\" class=\"cc-m-textwithimage-inline-rte\">\n<p><strong>EDUCACI\u00d3N INFANTIL<\/strong><\/p>\n<ul>\n<li>D\u00aa.Mar\u00eda P\u00e9rez Villalba. (Educaci\u00f3n Infantil 3 a\u00f1os).<\/li>\n<li>D\u00aa.Silvia Raquel Calero Bar\u00f3n . (Educaci\u00f3n Infantil 4 a\u00f1os).<\/li>\n<li>D\u00aa. Patricia Bl\u00e1zquez Cano. (Educaci\u00f3n Infantil 5 a\u00f1os).&nbsp; Coordinadora del ciclo.<\/li>\n<li>D\u00aa F\u00e1tima Mold\u00f3n Riveiro. (Educaci\u00f3n Religiosa).<\/li>\n<\/ul>\n<p>&nbsp;<\/p>\n<p><strong>EDUCACI\u00d3N PRIMARIA.<\/strong><\/p>\n<p>&nbsp;<\/p>\n<p>1ER CICLO:<\/p>\n<ul>\n<li>D\u00aa Arantxa Redondo R\u00edos (1\u00ba de Educaci\u00f3n Primaria). Coordinadora del Ciclo.<\/li>\n<li>D\u00ba Ver\u00f3nica Ca\u00f1ete Marfil. (2\u00ba de Educaci\u00f3n Primaria).Jefa de Estudios del centro.<\/li>\n<li>D\u00aa Paula Fortes Guti\u00e9rrez. (Educaci\u00f3n Religiosa).<\/li>\n<li>D\u00aa Isabel Jim\u00e9nez Moreno. (Pedagog\u00eda Terap\u00e9utica). Coordinadora del Equipo de Orientaci\u00f3n.<\/li>\n<\/ul>\n<p>&nbsp;<\/p>\n<p>2\u00ba CICLO:<\/p>\n<ul>\n<li>D\u00aa M\u00aa del Carmen Delgado Moreno&nbsp; (3\u00ba de Educaci\u00f3n Primaria). Secretaria del centro.<\/li>\n<li>D. Jes\u00fas Cort\u00e9s Pend\u00f3n (4\u00ba de Educaci\u00f3n Primaria &#8211; Especialista en Educaci\u00f3n Musical).<\/li>\n<li>D. Juan Luis Serrano Pedrosa (Educaci\u00f3n Primaria Biling\u00fce). Director del centro.<\/li>\n<li>D\u00aa Tamara Ardanaz Garc\u00eda (Lengua Extranjera- Ingl\u00e9s). Coordinadora del ciclo.<\/li>\n<\/ul>\n<p>&nbsp;<\/p>\n<p>3ER CICLO:<\/p>\n<ul>\n<li>D\u00aa Mar\u00eda Luisa Aranguren Rey (5\u00ba de Educaci\u00f3n Primaria). Coordinadora del ciclo.<\/li>\n<li>D\u00aa Nuria Carrasco Solano (6\u00ba de Educaci\u00f3n Primaria- Lengua Extranjera-Ingl\u00e9s).&nbsp;<\/li>\n<li>D. Jos\u00e9 Luis Valverde L\u00f3pez (Lengua Extranjera-&nbsp; Franc\u00e9s).<\/li>\n<li>D\u00aa Mar\u00eda Jos\u00e9 Mart\u00edn Fern\u00e1ndez (Educaci\u00f3n F\u00edsica Biling\u00fce).&nbsp;<\/li>\n<\/ul>\n<p>&nbsp;<\/p>\n<\/div>\n<\/div>\n<div>&nbsp;<\/div>\n<div class=\"cc-clear\"><strong>ESPECIALIDADES.<\/strong><\/div>\n<\/div>\n<div id=\"cc-m-7303838195\" class=\"j-module n j-text \">\n<ul>\n<li>LOGOPEDA. D\u00aa Alicia Guti\u00e9rrez Aniado.<\/li>\n<li>ORIENTADOR: D\u00aa Laura L\u00f3pez Fern\u00e1ndez.<\/li>\n<\/ul>\n<\/div>\n<\/div>\n<\/div>\n<\/div>\n<\/div>\n<p>[\/et_pb_text][\/et_pb_column][\/et_pb_row][\/et_pb_section]<\/p>\n","protected":false},"excerpt":{"rendered":"<p>EL CLAUSTRO DE PROFESORES Y PROFESORAS. &nbsp; 1. El Claustro de profesores y profesoras es el \u00f3rgano propio de participaci\u00f3n de los profesores y profesoras en el gobierno del centro y tiene la responsabilidad de planificar, coordinar, informar y, en su caso, decidir sobre todos los aspectos educativos del centro.2. El Claustro ser\u00e1 presidido por [&hellip;]<\/p>\n","protected":false},"author":17575,"featured_media":0,"parent":0,"menu_order":0,"comment_status":"closed","ping_status":"closed","template":"","meta":{"_et_pb_use_builder":"on","_et_pb_old_content":"<div id=\"cc-m-11262147095\" class=\"j-module n j-textWithImage \"><div><div style=\"text-align: center;\"><span style=\"font-size: 18pt;\"><strong>EL CLAUSTRO DE PROFESORES Y PROFESORAS.<\/strong><\/span><\/div><div>\u00a0<\/div><div><img class=\"alignnone size-full wp-image-1206 aligncenter\" src=\"https:\/\/blogsaverroes.juntadeandalucia.es\/ceipsantiagolalinea\/files\/2023\/02\/Claustro-de-Profesores.jpg\" alt=\"\" width=\"300\" height=\"199\"><\/div><div id=\"cc-m-textwithimage-11262147095\" class=\"cc-m-textwithimage-inline-rte\">1. El Claustro de profesores y profesoras es el \u00f3rgano propio de participaci\u00f3n de los profesores y profesoras en el gobierno del centro y tiene la responsabilidad de planificar, coordinar, informar y, en su caso, decidir sobre todos los aspectos educativos del centro.<br>2. El Claustro ser\u00e1 presidido por el\/la director\/a y estar\u00e1 integrado por la totalidad de los profesores y profesoras que presten servicio en el centro.<\/div><\/div><div id=\"cc-m-11262148695\" class=\"j-module n j-spacing \">\u00a0<\/div><\/div><div id=\"cc-m-11262148795\" class=\"j-module n j-textWithImage \"><p><strong>Competencias del Claustro de profesores y profesoras.<\/strong><\/p><div><div id=\"cc-m-textwithimage-11262148795\" class=\"cc-m-textwithimage-inline-rte\">a) Formular al equipo directivo y al Consejo Escolar propuestas para la elaboraci\u00f3n de los proyectos del centro y de la programaci\u00f3n general anual.<br>b) Aprobar y evaluar la concreci\u00f3n del curr\u00edculo y todos los aspectos educativos de los proyectos y de la programaci\u00f3n general anual.<br>c) Fijar los criterios referentes a la orientaci\u00f3n, tutor\u00eda, evaluaci\u00f3n y recuperaci\u00f3n de los alumnos.<br>d) Promover iniciativas en el \u00e1mbito de la experimentaci\u00f3n y de la investigaci\u00f3n pedag\u00f3gica y en la formaci\u00f3n del profesorado del centro.<br>e) Elegir sus representantes en el Consejo Escolar del centro y participar en la selecci\u00f3n del director en los t\u00e9rminos establecidos por la presente Ley.<br>f) Conocer las candidaturas a la direcci\u00f3n y los proyectos de direcci\u00f3n presentados por los candidatos.<br>g) Analizar y valorar el funcionamiento general del centro, la evoluci\u00f3n del rendimiento escolar y los resultados de las evaluaciones internas y externas en las que participe el centro.<br>h) Informar las normas de organizaci\u00f3n y funcionamiento del centro.<br>i) Conocer la resoluci\u00f3n de conflictos disciplinarios y la imposici\u00f3n de sanciones y velar por que \u00e9stas se atengan a la normativa vigente.<br>j) Proponer medidas e iniciativas que favorezcan la convivencia en el centro.<br>k) Cualesquiera otras que le sean atribuidas por la Administraci\u00f3n educativa o por las respectivas normas de organizaci\u00f3n y funcionamiento.<br>\u00a0<p style=\"text-align: center;\"><strong>Claustro de Profesores y Profesoras del CEIP Santiago\"<\/strong><\/p><div><div id=\"cc-m-11262151195\" class=\"j-module n j-textWithImage \"><div><div id=\"cc-m-textwithimage-11262151195\" class=\"cc-m-textwithimage-inline-rte\"><p><strong>EDUCACI\u00d3N INFANTIL<\/strong><\/p><ul><li>D\u00aa. Patricia Bl\u00e1zquez Cano (Educaci\u00f3n Infantil 3 a\u00f1os).<\/li><li>D\u00aa. Isabel Haro Romerov(Educaci\u00f3n Infantil 4 a\u00f1os).<\/li><li>D\u00aa. Manuela S\u00e1nchez Mayora(Educaci\u00f3n Infantil 5 a\u00f1os).\u00a0 Coordinadora del ciclo.<\/li><li>D\u00aa F\u00e1tima Mold\u00f3n Riveiro (Educaci\u00f3n Religiosa)<\/li><\/ul><p><strong>EDUCACI\u00d3N PRIMARIA.<\/strong><\/p><p>1ER CICLO:<\/p><ul><li>D\u00aa. Mar\u00eda Luisa Aranguren Rey (1\u00ba de Educaci\u00f3n Primaria)<\/li><li>D\u00aa Inmaculada G\u00f3mez Olmedo (2\u00ba de Educaci\u00f3n Primaria). Coordinadora del ciclo.<\/li><li>D\u00aa Isabel Jim\u00e9nez Moreno (Pedagog\u00eda Terap\u00e9utica). Coordinadora del Equipo de Orientaci\u00f3n.<\/li><li>D\u00aa M\u00aa del Carmen Delgado Moreno (Educaci\u00f3n Primaria).<\/li><\/ul><p>2\u00ba CICLO:<\/p><ul><li>D. Francisco Zamora Cano (3\u00ba de Educaci\u00f3n Primaria)<\/li><li>D. Rafael Dom\u00ednguez Montesino (4\u00ba de Educaci\u00f3n Primaria) Coordinador del ciclo.<\/li><li>D\u00aa Ver\u00f3nica Ca\u00f1ete Marfil (Educaci\u00f3n Primaria).<\/li><li>D. Jos\u00e9 Luis Valverde L\u00f3pez ( Lengua Extranjera- Franc\u00e9s)<\/li><\/ul><p>3ER CICLO:<\/p><ul><li>D. Daniel L\u00f3pez Torralbo (5\u00ba de Educaci\u00f3n Primaria).<\/li><li>D. Jes\u00fas Cort\u00e9s Pend\u00f3n (6\u00ba de Educaci\u00f3n Primaria) Coordinador del ciclo.<\/li><li>D. Juan Carlos Cobos Guti\u00e9rrez (Lengua Extranjera- Ingl\u00e9s).<\/li><li>D\u00aa Paula Fortes Guti\u00e9rrez (Educaci\u00f3n Religiosa).<\/li><li>D. Juan Luis Serrano Pedrosa (Educaci\u00f3n Primaria).<\/li><\/ul><p>\u00a0<\/p><\/div><\/div><div class=\"cc-clear\"><strong>ESPECIALIDADES.<\/strong><\/div><\/div><div id=\"cc-m-7303838195\" class=\"j-module n j-text \"><ul><li>LOGOPEDA. D.\u00a0 \u00c1lvaro Mart\u00edn Barea.<\/li><li>ORIENTADOR: D. Fernando Ponce del R\u00edo.<\/li><\/ul><\/div><\/div><\/div><\/div><\/div>","_et_gb_content_width":"","ngg_post_thumbnail":0,"footnotes":""},"aioseo_notices":[],"_links":{"self":[{"href":"https:\/\/blogsaverroes.juntadeandalucia.es\/ceipsantiagolalinea\/wp-json\/wp\/v2\/pages\/1185"}],"collection":[{"href":"https:\/\/blogsaverroes.juntadeandalucia.es\/ceipsantiagolalinea\/wp-json\/wp\/v2\/pages"}],"about":[{"href":"https:\/\/blogsaverroes.juntadeandalucia.es\/ceipsantiagolalinea\/wp-json\/wp\/v2\/types\/page"}],"author":[{"embeddable":true,"href":"https:\/\/blogsaverroes.juntadeandalucia.es\/ceipsantiagolalinea\/wp-json\/wp\/v2\/users\/17575"}],"replies":[{"embeddable":true,"href":"https:\/\/blogsaverroes.juntadeandalucia.es\/ceipsantiagolalinea\/wp-json\/wp\/v2\/comments?post=1185"}],"version-history":[{"count":13,"href":"https:\/\/blogsaverroes.juntadeandalucia.es\/ceipsantiagolalinea\/wp-json\/wp\/v2\/pages\/1185\/revisions"}],"predecessor-version":[{"id":3748,"href":"https:\/\/blogsaverroes.juntadeandalucia.es\/ceipsantiagolalinea\/wp-json\/wp\/v2\/pages\/1185\/revisions\/3748"}],"wp:attachment":[{"href":"https:\/\/blogsaverroes.juntadeandalucia.es\/ceipsantiagolalinea\/wp-json\/wp\/v2\/media?parent=1185"}],"curies":[{"name":"wp","href":"https:\/\/api.w.org\/{rel}","templated":true}]}}