{"id":1187,"date":"2023-02-28T08:36:17","date_gmt":"2023-02-28T07:36:17","guid":{"rendered":"https:\/\/blogsaverroes.juntadeandalucia.es\/ceipsantiagolalinea\/?page_id=1187"},"modified":"2023-03-08T20:35:44","modified_gmt":"2023-03-08T19:35:44","slug":"el-equipo-directivo","status":"publish","type":"page","link":"https:\/\/blogsaverroes.juntadeandalucia.es\/ceipsantiagolalinea\/el-equipo-directivo\/","title":{"rendered":"El Equipo Directivo"},"content":{"rendered":"<p>[et_pb_section fb_built=&#8221;1&#8243; _builder_version=&#8221;4.14.5&#8243; hover_enabled=&#8221;0&#8243; global_colors_info=&#8221;{}&#8221; background_color=&#8221;#FFFFFF&#8221; sticky_enabled=&#8221;0&#8243;][et_pb_row _builder_version=&#8221;3.25&#8243; background_size=&#8221;initial&#8221; background_position=&#8221;top_left&#8221; background_repeat=&#8221;repeat&#8221; global_colors_info=&#8221;{}&#8221;][et_pb_column type=&#8221;4_4&#8243; _builder_version=&#8221;3.25&#8243; custom_padding=&#8221;|||&#8221; global_colors_info=&#8221;{}&#8221; custom_padding__hover=&#8221;|||&#8221;][et_pb_text _builder_version=&#8221;4.14.5&#8243; background_size=&#8221;initial&#8221; background_position=&#8221;top_left&#8221; background_repeat=&#8221;repeat&#8221; global_colors_info=&#8221;{}&#8221;]<\/p>\n<h2 id=\"cc-m-header-11261878595\" class=\"\">El Equipo Directivo.<\/h2>\n<p>El equipo directivo lo componen: El Director, la Jefa de Estudios y la Secretaria del Centro.<\/p>\n<p><strong>Director: <\/strong>D. Juan Luis Serrano Pedrosa.<strong><br \/><\/strong><\/p>\n<p><strong>Jefea de Estudios: <\/strong>D\u00aa. Ver\u00f3nica Ca\u00f1ete Marfil.<strong><br \/><\/strong><\/p>\n<p><strong>Secretaria: <\/strong>D\u00aa Mar\u00eda del Carmen Delgado Moreno.<\/p>\n<p>&nbsp;<\/p>\n<div id=\"cc-m-11261878595\" class=\"j-module n j-header \">\n<h2 id=\"cc-m-header-11261878595\" class=\"\">El Director.<\/h2>\n<\/div>\n<div id=\"cc-m-11261878995\" class=\"j-module n j-textWithImage \">\n<figure class=\"cc-imagewrapper cc-m-image-align-2\"><img loading=\"lazy\" decoding=\"async\" class=\"wp-image-1277 size-full aligncenter\" src=\"https:\/\/blogsaverroes.juntadeandalucia.es\/ceipsantiagolalinea\/files\/2023\/02\/director_1.png\" alt=\"\" width=\"150\" height=\"150\"><\/figure>\n<div>\n<div id=\"cc-m-textwithimage-11261878995\" class=\"cc-m-textwithimage-inline-rte\">\n<p><strong>Competencias<\/strong><\/p>\n<p>a) Ostentar la representaci\u00f3n del centro, representar a la Administraci\u00f3n educativa en el mismo y hacerle llegar a esta los planteamientos, aspiraciones y necesidades de la comunidad educativa.<br \/>b) Dirigir y coordinar todas las actividades del centro, sin perjuicio de las competencias atribuidas al Claustro del profesorado y al Consejo Escolar.<br \/>c) Ejercer la direcci\u00f3n pedag\u00f3gica, promover la innovaci\u00f3n educativa e impulsar planes para la consecuci\u00f3n de los fines del proyecto educativo del centro.<br \/>d) Garantizar el cumplimiento de las leyes y dem\u00e1s disposiciones vigentes.<br \/>e) Ejercer la jefatura de todo el personal adscrito al centro.<br \/>f) Favorecer la convivencia en el centro, garantizar la mediaci\u00f3n en la resoluci\u00f3n de los conflictos e imponer las medidas correctoras que correspondan a los alumnos y alumnas, en cumplimiento de la normativa vigente, sin perjuicio de las competencias atribuidas al Consejo Escolar en el art\u00edculo 127 de esta Ley. A tal fin, se promover\u00e1 la agilizaci\u00f3n de los procedimientos para la resoluci\u00f3n de los conflictos en los centros.<br \/>g) Impulsar la colaboraci\u00f3n con las familias, con instituciones y con organismos que faciliten la relaci\u00f3n del centro con el entorno, y fomentar un clima escolar que favorezca el estudio y el desarrollo de cuantas actuaciones propicien una formaci\u00f3n integral en conocimientos y valores de los alumnos y alumnas.<br \/>h) Impulsar las evaluaciones internas del centro y colaborar en las evaluaciones externas y en la evaluaci\u00f3n del profesorado.<br \/>i) Convocar y presidir los actos acad\u00e9micos y las sesiones del Consejo Escolar y del Claustro del profesorado del centro y ejecutar los acuerdos adoptados, en el \u00e1mbito de sus competencias.<br \/>j) Realizar las contrataciones de obras, servicios y suministros, as\u00ed como autorizar los gastos de acuerdo con el presupuesto del centro, ordenar los pagos y visar las certificaciones y documentos oficiales del centro, todo ello de acuerdo con lo que establezcan las Administraciones educativas.<br \/>k) Proponer a la Administraci\u00f3n educativa el nombramiento y cese de los miembros del equipo directivo, previa informaci\u00f3n al Claustro del profesorado y al Consejo Escolar del centro.<br \/>l) Promover experimentaciones, innovaciones pedag\u00f3gicas, programas educativos, planes de trabajo, formas de organizaci\u00f3n, normas de convivencia, ampliaci\u00f3n del calendario escolar o del horario lectivo de \u00e1reas o materias, de acuerdo con lo recogido en el art\u00edculo 120.4.<br \/>m) Fomentar la cualificaci\u00f3n y formaci\u00f3n del equipo docente, as\u00ed como la investigaci\u00f3n, la experimentaci\u00f3n y la innovaci\u00f3n educativa en el centro.<br \/>n) Dise\u00f1ar la planificaci\u00f3n y organizaci\u00f3n docente del centro, recogida en la programaci\u00f3n general anual.<br \/>\u00f1) Cualesquiera otras que le sean encomendadas por la Administraci\u00f3n educativa.<\/p>\n<\/div>\n<\/div>\n<div class=\"cc-clear\">&nbsp;<\/div>\n<\/div>\n<div id=\"cc-m-11261879995\" class=\"j-module n j-header \">\n<h2 id=\"cc-m-header-11261879995\" class=\"\">La Jefa de Estudios.<\/h2>\n<\/div>\n<div id=\"cc-m-11261882095\" class=\"j-module n j-textWithImage \">\n<figure class=\"cc-imagewrapper cc-m-image-align-2\"><img loading=\"lazy\" decoding=\"async\" class=\"aligncenter wp-image-2709\" src=\"https:\/\/blogsaverroes.juntadeandalucia.es\/ceipmiguelzubeldia\/files\/2019\/09\/jefa_de_estudios-300x225.png\" alt=\"\" width=\"152\" height=\"114\"><\/figure>\n<div>\n<div id=\"cc-m-textwithimage-11261882095\" class=\"cc-m-textwithimage-inline-rte\">\n<p><strong>Competencias<\/strong><\/p>\n<p>1.- Ejercer, por delegaci\u00f3n de la direcci\u00f3n y bajo su autoridad, la jefatura del personal docente en todo lo relativo al r\u00e9gimen acad\u00e9mico y controlar la asistencia al trabajo del mismo.<\/p>\n<p>2.- Sustituir al director\/a en caso de vacante, ausencia o enfermedad.<\/p>\n<p>3.- Ejercer, por delegaci\u00f3n de la direcci\u00f3n, la presidencia de las sesiones del equipo t\u00e9cnico de coordinaci\u00f3n pedag\u00f3gica.<\/p>\n<p>4.- Proponer a la direcci\u00f3n del centro el nombramiento y cese de los tutores y tutoras de grupo.<\/p>\n<p>5.- Coordinar las actividades de car\u00e1cter acad\u00e9mico y de orientaci\u00f3n, incluidas las derivadas de la coordinaci\u00f3n con el IES Sierra de los Filabres.<\/p>\n<p>6.- Elaborar, en colaboraci\u00f3n con los restantes miembros del equipo directivo, el horario general del centro, as\u00ed como el horario lectivo del alumnado y el individual de cada maestro y maestra, de acuerdo con los criterios incluidos en el proyecto educativo, as\u00ed como velar por su estricto cumplimiento.<\/p>\n<p>7.- Elaborar el plan de reuniones de los \u00f3rganos de coordinaci\u00f3n docente.<\/p>\n<p>8.- Elaborar la planificaci\u00f3n general de las sesiones de evaluaci\u00f3n<\/p>\n<p>9.- Coordinar las actividades de los coordinadores de ciclo.<\/p>\n<p>10.- Garantizar el cumplimiento de las programaciones did\u00e1cticas<\/p>\n<p>11.- Organizar los actos acad\u00e9micos.<\/p>\n<p>12.- Organizar la atenci\u00f3n y el cuidado del alumnado en los periodos de recreo y en las actividades no lectivas.<\/p>\n<p>13.- Cualesquiera otras que le sean atribuidas en el Plan de Centro o por Orden de la persona titular de la Consejer\u00eda competente en materia de educaci\u00f3n.<\/p>\n<\/div>\n<\/div>\n<\/div>\n<div id=\"cc-m-11261882895\" class=\"j-module n j-spacing \">\n<p>&nbsp;<\/p>\n<h2 id=\"cc-m-header-11261882495\" class=\"\">La Secretaria.<\/h2>\n<\/div>\n<div id=\"cc-m-11261883595\" class=\"j-module n j-textWithImage \">\n<figure class=\"cc-imagewrapper cc-m-image-align-1\"><img loading=\"lazy\" decoding=\"async\" class=\"wp-image-1278 size-full aligncenter\" src=\"https:\/\/blogsaverroes.juntadeandalucia.es\/ceipsantiagolalinea\/files\/2023\/02\/secretaria.png\" alt=\"\" width=\"150\" height=\"150\"><\/figure>\n<div>\n<div id=\"cc-m-textwithimage-11261883595\" class=\"cc-m-textwithimage-inline-rte\">\n<p><strong>Competencias<\/strong><\/p>\n<p>1. Ordenar el r\u00e9gimen administrativo del centro, de conformidad con las directrices de la direcci\u00f3n.<\/p>\n<p>2. &nbsp;Ejercer &nbsp;la secretar\u00eda de los \u00f3rganos colegiados de gobierno del centro, establecer el plan de reuniones de dichos \u00f3rganos, levantar actas de las sesiones y dar fe de los acuerdos, todo ello con el visto bueno de la direcci\u00f3n.<\/p>\n<p>3. &nbsp;Custodiar los libros oficiales y archivos del centro.<\/p>\n<p>4. &nbsp;Expedir, con el visto bueno de la direcci\u00f3n, las certificaciones que soliciten las autoridades y las personas interesadas.<\/p>\n<p>5. &nbsp; Realizar el inventario general del centro y mantenerlo actualizado.<\/p>\n<p>6. &nbsp; Adquirir el material y el equipamiento del centro, custodiar y gestionar la utilizaci\u00f3n del mismo y velar por su mantenimiento en todos los aspectos, de acuerdo con la normativa vigente y las indicaciones de la direcci\u00f3n.<\/p>\n<p>7. &nbsp; Ejercer, por delegaci\u00f3n de la direcci\u00f3n y bajo su autoridad, la jefatura del personal de administraci\u00f3n y servicios y de atenci\u00f3n educativa complementaria adscrito al centro y controlar la asistencia al trabajo del mismo.<\/p>\n<p>8. &nbsp; Elaborar, en colaboraci\u00f3n con los restantes miembros del equipo directivo, el horario del personal de administraci\u00f3n y servicios y de atenci\u00f3n educativa complementaria, as\u00ed como velar por su estricto cumplimiento.<\/p>\n<p>9. &nbsp; Elaborar&nbsp; el anteproyecto de presupuesto de ingresos y gastos del centro.<\/p>\n<p>10. Ordenar el r\u00e9gimen econ\u00f3mico del centro, de conformidad con las instrucciones de la direcci\u00f3n, realizar la contabilidad y rendir cuentas ante la Consejer\u00eda de educaci\u00f3n y dem\u00e1s \u00f3rganos competentes en materia de fiscalizaci\u00f3n econ\u00f3mica y presupuestaria.<\/p>\n<p>11.&nbsp; Cualesquiera otras que le sean atribuidas en el Plan de Centro o por Orden de la persona titular de la Consejer\u00eda competente en materia de educaci\u00f3n.<\/p>\n<\/div>\n<\/div>\n<\/div>\n<p>[\/et_pb_text][\/et_pb_column][\/et_pb_row][\/et_pb_section]<\/p>\n","protected":false},"excerpt":{"rendered":"<p>El Equipo Directivo. El equipo directivo lo componen: El Director, la Jefa de Estudios y la Secretaria del Centro. Director: D. Juan Luis Serrano Pedrosa. Jefea de Estudios: D\u00aa. Ver\u00f3nica Ca\u00f1ete Marfil. Secretaria: D\u00aa Mar\u00eda del Carmen Delgado Moreno. &nbsp; El Director. Competencias a) Ostentar la representaci\u00f3n del centro, representar a la Administraci\u00f3n educativa en [&hellip;]<\/p>\n","protected":false},"author":17575,"featured_media":0,"parent":0,"menu_order":0,"comment_status":"closed","ping_status":"closed","template":"","meta":{"_et_pb_use_builder":"on","_et_pb_old_content":"<p>El equipo directivo lo componen: La Directora, el Jefe de Estudios y el Secretario del Centro.<\/p><p><strong>Director: <\/strong>D. Juan Luis Serrano Pedrosa.<strong><br><\/strong><\/p><p><strong>Jefea de Estudios: <\/strong>D\u00aa. Ver\u00f3nica Ca\u00f1ete Marfil.<strong><br><\/strong><\/p><p><strong>Secretaria: <\/strong>D\u00aa Mar\u00eda del Carmen Delgado Moreno.<\/p><div id=\"cc-m-11261878595\" class=\"j-module n j-header \"><h2 id=\"cc-m-header-11261878595\" class=\"\">El Director.<\/h2><\/div><div id=\"cc-m-11261878995\" class=\"j-module n j-textWithImage \"><figure class=\"cc-imagewrapper cc-m-image-align-2\"><img class=\"aligncenter wp-image-2708\" src=\"https:\/\/blogsaverroes.juntadeandalucia.es\/ceipmiguelzubeldia\/files\/2019\/09\/directora.jpg\" alt=\"\" width=\"138\" height=\"138\"><\/figure><div><div id=\"cc-m-textwithimage-11261878995\" class=\"cc-m-textwithimage-inline-rte\"><p><strong>Competencias<\/strong><\/p><p>a) Ostentar la representaci\u00f3n del centro, representar a la Administraci\u00f3n educativa en el mismo y hacerle llegar a esta los planteamientos, aspiraciones y necesidades de la comunidad educativa.<br>b) Dirigir y coordinar todas las actividades del centro, sin perjuicio de las competencias atribuidas al Claustro del profesorado y al Consejo Escolar.<br>c) Ejercer la direcci\u00f3n pedag\u00f3gica, promover la innovaci\u00f3n educativa e impulsar planes para la consecuci\u00f3n de los fines del proyecto educativo del centro.<br>d) Garantizar el cumplimiento de las leyes y dem\u00e1s disposiciones vigentes.<br>e) Ejercer la jefatura de todo el personal adscrito al centro.<br>f) Favorecer la convivencia en el centro, garantizar la mediaci\u00f3n en la resoluci\u00f3n de los conflictos e imponer las medidas correctoras que correspondan a los alumnos y alumnas, en cumplimiento de la normativa vigente, sin perjuicio de las competencias atribuidas al Consejo Escolar en el art\u00edculo 127 de esta Ley. A tal fin, se promover\u00e1 la agilizaci\u00f3n de los procedimientos para la resoluci\u00f3n de los conflictos en los centros.<br>g) Impulsar la colaboraci\u00f3n con las familias, con instituciones y con organismos que faciliten la relaci\u00f3n del centro con el entorno, y fomentar un clima escolar que favorezca el estudio y el desarrollo de cuantas actuaciones propicien una formaci\u00f3n integral en conocimientos y valores de los alumnos y alumnas.<br>h) Impulsar las evaluaciones internas del centro y colaborar en las evaluaciones externas y en la evaluaci\u00f3n del profesorado.<br>i) Convocar y presidir los actos acad\u00e9micos y las sesiones del Consejo Escolar y del Claustro del profesorado del centro y ejecutar los acuerdos adoptados, en el \u00e1mbito de sus competencias.<br>j) Realizar las contrataciones de obras, servicios y suministros, as\u00ed como autorizar los gastos de acuerdo con el presupuesto del centro, ordenar los pagos y visar las certificaciones y documentos oficiales del centro, todo ello de acuerdo con lo que establezcan las Administraciones educativas.<br>k) Proponer a la Administraci\u00f3n educativa el nombramiento y cese de los miembros del equipo directivo, previa informaci\u00f3n al Claustro del profesorado y al Consejo Escolar del centro.<br>l) Promover experimentaciones, innovaciones pedag\u00f3gicas, programas educativos, planes de trabajo, formas de organizaci\u00f3n, normas de convivencia, ampliaci\u00f3n del calendario escolar o del horario lectivo de \u00e1reas o materias, de acuerdo con lo recogido en el art\u00edculo 120.4.<br>m) Fomentar la cualificaci\u00f3n y formaci\u00f3n del equipo docente, as\u00ed como la investigaci\u00f3n, la experimentaci\u00f3n y la innovaci\u00f3n educativa en el centro.<br>n) Dise\u00f1ar la planificaci\u00f3n y organizaci\u00f3n docente del centro, recogida en la programaci\u00f3n general anual.<br>\u00f1) Cualesquiera otras que le sean encomendadas por la Administraci\u00f3n educativa.<\/p><\/div><\/div><div class=\"cc-clear\">\u00a0<\/div><\/div><div id=\"cc-m-11261879995\" class=\"j-module n j-header \"><h2 id=\"cc-m-header-11261879995\" class=\"\">La Jefa de Estudios.<\/h2><\/div><div id=\"cc-m-11261882095\" class=\"j-module n j-textWithImage \"><figure class=\"cc-imagewrapper cc-m-image-align-2\"><img class=\"aligncenter wp-image-2709\" src=\"https:\/\/blogsaverroes.juntadeandalucia.es\/ceipmiguelzubeldia\/files\/2019\/09\/jefa_de_estudios-300x225.png\" alt=\"\" width=\"152\" height=\"114\"><\/figure><div><div id=\"cc-m-textwithimage-11261882095\" class=\"cc-m-textwithimage-inline-rte\"><p><strong>Competencias<\/strong><\/p><p>1.- Ejercer, por delegaci\u00f3n de la direcci\u00f3n y bajo su autoridad, la jefatura del personal docente en todo lo relativo al r\u00e9gimen acad\u00e9mico y controlar la asistencia al trabajo del mismo.<\/p><p>2.- Sustituir al director\/a en caso de vacante, ausencia o enfermedad.<\/p><p>3.- Ejercer, por delegaci\u00f3n de la direcci\u00f3n, la presidencia de las sesiones del equipo t\u00e9cnico de coordinaci\u00f3n pedag\u00f3gica.<\/p><p>4.- Proponer a la direcci\u00f3n del centro el nombramiento y cese de los tutores y tutoras de grupo.<\/p><p>5.- Coordinar las actividades de car\u00e1cter acad\u00e9mico y de orientaci\u00f3n, incluidas las derivadas de la coordinaci\u00f3n con el IES Sierra de los Filabres.<\/p><p>6.- Elaborar, en colaboraci\u00f3n con los restantes miembros del equipo directivo, el horario general del centro, as\u00ed como el horario lectivo del alumnado y el individual de cada maestro y maestra, de acuerdo con los criterios incluidos en el proyecto educativo, as\u00ed como velar por su estricto cumplimiento.<\/p><p>7.- Elaborar el plan de reuniones de los \u00f3rganos de coordinaci\u00f3n docente.<\/p><p>8.- Elaborar la planificaci\u00f3n general de las sesiones de evaluaci\u00f3n<\/p><p>9.- Coordinar las actividades de los coordinadores de ciclo.<\/p><p>10.- Garantizar el cumplimiento de las programaciones did\u00e1cticas<\/p><p>11.- Organizar los actos acad\u00e9micos.<\/p><p>12.- Organizar la atenci\u00f3n y el cuidado del alumnado en los periodos de recreo y en las actividades no lectivas.<\/p><p>13.- Cualesquiera otras que le sean atribuidas en el Plan de Centro o por Orden de la persona titular de la Consejer\u00eda competente en materia de educaci\u00f3n.<\/p><\/div><\/div><\/div><div id=\"cc-m-11261882895\" class=\"j-module n j-spacing \"><p>\u00a0<\/p><h2 id=\"cc-m-header-11261882495\" class=\"\">La Secretaria.<\/h2><\/div><div id=\"cc-m-11261883595\" class=\"j-module n j-textWithImage \"><figure class=\"cc-imagewrapper cc-m-image-align-1\"><img class=\"aligncenter wp-image-2710\" src=\"https:\/\/blogsaverroes.juntadeandalucia.es\/ceipmiguelzubeldia\/files\/2019\/09\/693-266x266.jpg\" alt=\"\" width=\"171\" height=\"171\"><\/figure><div><div id=\"cc-m-textwithimage-11261883595\" class=\"cc-m-textwithimage-inline-rte\"><p><strong>Competencias<\/strong><\/p><p>1. Ordenar el r\u00e9gimen administrativo del centro, de conformidad con las directrices de la direcci\u00f3n.<\/p><p>2. \u00a0Ejercer \u00a0la secretar\u00eda de los \u00f3rganos colegiados de gobierno del centro, establecer el plan de reuniones de dichos \u00f3rganos, levantar actas de las sesiones y dar fe de los acuerdos, todo ello con el visto bueno de la direcci\u00f3n.<\/p><p>3. \u00a0Custodiar los libros oficiales y archivos del centro.<\/p><p>4. \u00a0Expedir, con el visto bueno de la direcci\u00f3n, las certificaciones que soliciten las autoridades y las personas interesadas.<\/p><p>5. \u00a0 Realizar el inventario general del centro y mantenerlo actualizado.<\/p><p>6. \u00a0 Adquirir el material y el equipamiento del centro, custodiar y gestionar la utilizaci\u00f3n del mismo y velar por su mantenimiento en todos los aspectos, de acuerdo con la normativa vigente y las indicaciones de la direcci\u00f3n.<\/p><p>7. \u00a0 Ejercer, por delegaci\u00f3n de la direcci\u00f3n y bajo su autoridad, la jefatura del personal de administraci\u00f3n y servicios y de atenci\u00f3n educativa complementaria adscrito al centro y controlar la asistencia al trabajo del mismo.<\/p><p>8. \u00a0 Elaborar, en colaboraci\u00f3n con los restantes miembros del equipo directivo, el horario del personal de administraci\u00f3n y servicios y de atenci\u00f3n educativa complementaria, as\u00ed como velar por su estricto cumplimiento.<\/p><p>9. \u00a0 Elaborar\u00a0 el anteproyecto de presupuesto de ingresos y gastos del centro.<\/p><p>10. Ordenar el r\u00e9gimen econ\u00f3mico del centro, de conformidad con las instrucciones de la direcci\u00f3n, realizar la contabilidad y rendir cuentas ante la Consejer\u00eda de educaci\u00f3n y dem\u00e1s \u00f3rganos competentes en materia de fiscalizaci\u00f3n econ\u00f3mica y presupuestaria.<\/p><p>11.\u00a0 Cualesquiera otras que le sean atribuidas en el Plan de Centro o por Orden de la persona titular de la Consejer\u00eda competente en materia de educaci\u00f3n.<\/p><\/div><\/div><\/div>","_et_gb_content_width":"","ngg_post_thumbnail":0,"footnotes":""},"aioseo_notices":[],"_links":{"self":[{"href":"https:\/\/blogsaverroes.juntadeandalucia.es\/ceipsantiagolalinea\/wp-json\/wp\/v2\/pages\/1187"}],"collection":[{"href":"https:\/\/blogsaverroes.juntadeandalucia.es\/ceipsantiagolalinea\/wp-json\/wp\/v2\/pages"}],"about":[{"href":"https:\/\/blogsaverroes.juntadeandalucia.es\/ceipsantiagolalinea\/wp-json\/wp\/v2\/types\/page"}],"author":[{"embeddable":true,"href":"https:\/\/blogsaverroes.juntadeandalucia.es\/ceipsantiagolalinea\/wp-json\/wp\/v2\/users\/17575"}],"replies":[{"embeddable":true,"href":"https:\/\/blogsaverroes.juntadeandalucia.es\/ceipsantiagolalinea\/wp-json\/wp\/v2\/comments?post=1187"}],"version-history":[{"count":7,"href":"https:\/\/blogsaverroes.juntadeandalucia.es\/ceipsantiagolalinea\/wp-json\/wp\/v2\/pages\/1187\/revisions"}],"predecessor-version":[{"id":1775,"href":"https:\/\/blogsaverroes.juntadeandalucia.es\/ceipsantiagolalinea\/wp-json\/wp\/v2\/pages\/1187\/revisions\/1775"}],"wp:attachment":[{"href":"https:\/\/blogsaverroes.juntadeandalucia.es\/ceipsantiagolalinea\/wp-json\/wp\/v2\/media?parent=1187"}],"curies":[{"name":"wp","href":"https:\/\/api.w.org\/{rel}","templated":true}]}}