{"id":1451,"date":"2023-03-01T00:10:26","date_gmt":"2023-02-28T23:10:26","guid":{"rendered":"https:\/\/blogsaverroes.juntadeandalucia.es\/ceipsantiagolalinea\/?page_id=1451"},"modified":"2023-03-01T17:42:16","modified_gmt":"2023-03-01T16:42:16","slug":"steam","status":"publish","type":"page","link":"https:\/\/blogsaverroes.juntadeandalucia.es\/ceipsantiagolalinea\/steam\/","title":{"rendered":"Programa Steam"},"content":{"rendered":"<p><img loading=\"lazy\" decoding=\"async\" class=\"alignnone size-full wp-image-1580\" src=\"https:\/\/blogsaverroes.juntadeandalucia.es\/ceipsantiagolalinea\/files\/2023\/03\/STEAM.png\" alt=\"\" width=\"200\" height=\"200\" srcset=\"https:\/\/blogsaverroes.juntadeandalucia.es\/ceipsantiagolalinea\/files\/2023\/03\/STEAM.png 200w, https:\/\/blogsaverroes.juntadeandalucia.es\/ceipsantiagolalinea\/files\/2023\/03\/STEAM-150x150.png 150w\" sizes=\"(max-width: 200px) 100vw, 200px\" \/><\/p>\n<p>El programa tiene como objetivos mejorar la competencia digital del profesorado, fomentando los procesos de investigaci\u00f3n y experimentaci\u00f3n en el alumnado, todo ello para mejorar la resoluci\u00f3n&nbsp; de retos concretos de la vida cotidiana aplicando conocimientos y habilidades de distintas disciplinas del saber.&nbsp;<\/p>\n<p>El programa tambi\u00e9n se encuadra en un enfoque coopretaivo y colaborativo&nbsp; a trav\u00e9s de metodolog\u00edas activas e inclusivas (Aprendizaje Basado en Proyectos, Aprendizaje Servicio, Aprendizaje Basado en Problemas, el M\u00e9todo del Caso, la Simulaci\u00f3n, etc.) en la pr\u00e1ctica docente y en los procesos de ense\u00f1anza-aprendizaje en el centro, teniendo como meta a largo plazo el fomento de las vocaciones cient\u00edfico-tecnol\u00f3gicas en el alumnado, especialmente en las ni\u00f1as, mediante su participaci\u00f3n en actividades STEAM.<\/p>\n<p>En este segundo curso de desarrollo del programa las actividades se centra en la iniciaci\u00f3n a la rob\u00f3tica y al lenguaje computacional.<\/p>\n<p>El programa est\u00e1 coordinado por D\u00aa Ver\u00f3nica Ca\u00f1ete Marfil, Jefa de Estudios de nuestro centro y maestra de educaci\u00f3n primaria.<\/p>\n","protected":false},"excerpt":{"rendered":"<p>El programa tiene como objetivos mejorar la competencia digital del profesorado, fomentando los procesos de investigaci\u00f3n y experimentaci\u00f3n en el alumnado, todo ello para mejorar la resoluci\u00f3n&nbsp; de retos concretos de la vida cotidiana aplicando conocimientos y habilidades de distintas disciplinas del saber.&nbsp; El programa tambi\u00e9n se encuadra en un enfoque coopretaivo y colaborativo&nbsp; a [&hellip;]<\/p>\n","protected":false},"author":17575,"featured_media":0,"parent":0,"menu_order":0,"comment_status":"closed","ping_status":"closed","template":"","meta":{"_et_pb_use_builder":"","_et_pb_old_content":"","_et_gb_content_width":"","ngg_post_thumbnail":0,"footnotes":""},"aioseo_notices":[],"_links":{"self":[{"href":"https:\/\/blogsaverroes.juntadeandalucia.es\/ceipsantiagolalinea\/wp-json\/wp\/v2\/pages\/1451"}],"collection":[{"href":"https:\/\/blogsaverroes.juntadeandalucia.es\/ceipsantiagolalinea\/wp-json\/wp\/v2\/pages"}],"about":[{"href":"https:\/\/blogsaverroes.juntadeandalucia.es\/ceipsantiagolalinea\/wp-json\/wp\/v2\/types\/page"}],"author":[{"embeddable":true,"href":"https:\/\/blogsaverroes.juntadeandalucia.es\/ceipsantiagolalinea\/wp-json\/wp\/v2\/users\/17575"}],"replies":[{"embeddable":true,"href":"https:\/\/blogsaverroes.juntadeandalucia.es\/ceipsantiagolalinea\/wp-json\/wp\/v2\/comments?post=1451"}],"version-history":[{"count":4,"href":"https:\/\/blogsaverroes.juntadeandalucia.es\/ceipsantiagolalinea\/wp-json\/wp\/v2\/pages\/1451\/revisions"}],"predecessor-version":[{"id":1587,"href":"https:\/\/blogsaverroes.juntadeandalucia.es\/ceipsantiagolalinea\/wp-json\/wp\/v2\/pages\/1451\/revisions\/1587"}],"wp:attachment":[{"href":"https:\/\/blogsaverroes.juntadeandalucia.es\/ceipsantiagolalinea\/wp-json\/wp\/v2\/media?parent=1451"}],"curies":[{"name":"wp","href":"https:\/\/api.w.org\/{rel}","templated":true}]}}