{"id":1461,"date":"2023-03-01T00:12:25","date_gmt":"2023-02-28T23:12:25","guid":{"rendered":"https:\/\/blogsaverroes.juntadeandalucia.es\/ceipsantiagolalinea\/?page_id=1461"},"modified":"2025-11-09T21:14:03","modified_gmt":"2025-11-09T20:14:03","slug":"biblioteca-de-centro","status":"publish","type":"page","link":"https:\/\/blogsaverroes.juntadeandalucia.es\/ceipsantiagolalinea\/biblioteca-de-centro\/","title":{"rendered":"Biblioteca de centro."},"content":{"rendered":"<p><strong><span style=\"font-size: 14pt\">BIBLIOTECA ESCOLAR.<\/span><\/strong><\/p>\n<p><img loading=\"lazy\" decoding=\"async\" class=\"alignnone size-full wp-image-1553\" src=\"https:\/\/blogsaverroes.juntadeandalucia.es\/ceipsantiagolalinea\/files\/2023\/03\/Mascota-biblioteca-para-web.png\" alt=\"\" width=\"130\" height=\"151\"><\/p>\n<p>Nuestro centro tiene una biblioteca escolar que funciona durante los recreos, gracias al trabajo del profesorado, que ha conseguido hacer realidad uno de los recursos m\u00e1s demandados por la comunidad escolar.<\/p>\n<p>Este a\u00f1o nuestra bibliotecaria es la se\u00f1orita&nbsp; Ver\u00f3nica Ca\u00f1ete Marfil, Jefa de Estudios del centro. Durante el curso seguimos informatizando todos los libros de lectura a trav\u00e9s de un programa de gesti\u00f3n de bibliotecas para que los pr\u00e9stamos sean m\u00e1s f\u00e1ciles de realizar. En esta labor tambi\u00e9n participan los profesores D\u00aa M\u00aa Carmen Delgado Moreno y D. Juan Luis Serrano Pedrosa.<\/p>\n<p>Junto con las bibliotecas de aula, en la biblioteca del centro los alumnos y alumnas del colegio puedan ir a leer o cambiar sus libros de lecturas y aprovechar el tiempo de descanso en hacer volar su ilusi\u00f3n leyendo fant\u00e1sticas aventuras.<\/p>\n<p>Este curso escolar la biblioteca se encuentra funcionando con los mismos niveles de atenci\u00f3n al alumnado previos a la pandemia. Adem\u00e1s, como novedad, este curso escolar, se ha puesto en funcionamiento la &#8220;bibliopatio&#8221; en las instalaciones del patio interior del colegio.<\/p>\n<p><strong><span style=\"font-size: 14pt\">NORMAS DE LA BIBLIOTECA<\/span><\/strong><\/p>\n<p>-La sala de la biblioteca es un lugar donde disfrutar leyendo. Para poder hacerlo tranquilamente debemos estar en silencio, evitar ruidos y la voz alta. Procura no distraer ni molestar a los dem\u00e1s.<\/p>\n<p>-Al coger un libro recuerda cu\u00e1l es su sitio para devolverlo a su lugar cuando hayas terminado. As\u00ed mantenemos nuestros libros siempre en orden y ser\u00e1 m\u00e1s f\u00e1cil encontrarlos.<\/p>\n<p>-Cada libro es un tesoro y como tal hay que tratarlo con cuidado<br \/>\n-Hay que evitar estropear los libros (doblarlos, mancharlos, romperlos..).<\/p>\n<p>-Cuando quieras se\u00f1alar una p\u00e1gina, hazlo con un trocito de papel o con un marca p\u00e1ginas, nunca dobles las puntas de las p\u00e1ginas.<\/p>\n<p>-Elige bien y acaba de leer el libro o de ver el cuento, aunque al principio te parezca aburrido. Lo interesante puede estar un poquito despu\u00e9s.<\/p>\n<p>-Evita pasar el rato de lectura cogiendo y soltando libros sin ton ni son<\/p>\n<p>-Pide ayuda al maestro para elegir un libro si no se te ocurre ninguno<\/p>\n<p>-Si un libro te ha gustado mucho recuerda cu\u00e1l es el autor o autora, puede que haya otros t\u00edtulos de \u00e9l\/ella en la biblioteca. Adem\u00e1s no dudes en recomend\u00e1rselo a tus compa\u00f1eros y amigos.<\/p>\n<p>&#8211;&nbsp;Cuando vayas a coger o dejar un ejemplar, no olvides pasar por el punto de registro y trata de mantener el orden adecuado hasta que se te pueda atender.<\/p>\n","protected":false},"excerpt":{"rendered":"<p>BIBLIOTECA ESCOLAR. Nuestro centro tiene una biblioteca escolar que funciona durante los recreos, gracias al trabajo del profesorado, que ha conseguido hacer realidad uno de los recursos m\u00e1s demandados por la comunidad escolar. Este a\u00f1o nuestra bibliotecaria es la se\u00f1orita&nbsp; Ver\u00f3nica Ca\u00f1ete Marfil, Jefa de Estudios del centro. Durante el curso seguimos informatizando todos los [&hellip;]<\/p>\n","protected":false},"author":17575,"featured_media":0,"parent":0,"menu_order":0,"comment_status":"closed","ping_status":"closed","template":"","meta":{"_et_pb_use_builder":"","_et_pb_old_content":"","_et_gb_content_width":"","ngg_post_thumbnail":0,"footnotes":""},"aioseo_notices":[],"_links":{"self":[{"href":"https:\/\/blogsaverroes.juntadeandalucia.es\/ceipsantiagolalinea\/wp-json\/wp\/v2\/pages\/1461"}],"collection":[{"href":"https:\/\/blogsaverroes.juntadeandalucia.es\/ceipsantiagolalinea\/wp-json\/wp\/v2\/pages"}],"about":[{"href":"https:\/\/blogsaverroes.juntadeandalucia.es\/ceipsantiagolalinea\/wp-json\/wp\/v2\/types\/page"}],"author":[{"embeddable":true,"href":"https:\/\/blogsaverroes.juntadeandalucia.es\/ceipsantiagolalinea\/wp-json\/wp\/v2\/users\/17575"}],"replies":[{"embeddable":true,"href":"https:\/\/blogsaverroes.juntadeandalucia.es\/ceipsantiagolalinea\/wp-json\/wp\/v2\/comments?post=1461"}],"version-history":[{"count":4,"href":"https:\/\/blogsaverroes.juntadeandalucia.es\/ceipsantiagolalinea\/wp-json\/wp\/v2\/pages\/1461\/revisions"}],"predecessor-version":[{"id":5924,"href":"https:\/\/blogsaverroes.juntadeandalucia.es\/ceipsantiagolalinea\/wp-json\/wp\/v2\/pages\/1461\/revisions\/5924"}],"wp:attachment":[{"href":"https:\/\/blogsaverroes.juntadeandalucia.es\/ceipsantiagolalinea\/wp-json\/wp\/v2\/media?parent=1461"}],"curies":[{"name":"wp","href":"https:\/\/api.w.org\/{rel}","templated":true}]}}