{"id":1483,"date":"2023-03-01T00:42:02","date_gmt":"2023-02-28T23:42:02","guid":{"rendered":"https:\/\/blogsaverroes.juntadeandalucia.es\/ceipsantiagolalinea\/?page_id=1483"},"modified":"2024-10-03T19:37:40","modified_gmt":"2024-10-03T18:37:40","slug":"delegados-as-de-curso","status":"publish","type":"page","link":"https:\/\/blogsaverroes.juntadeandalucia.es\/ceipsantiagolalinea\/delegados-as-de-curso\/","title":{"rendered":"Delegados\/as de curso."},"content":{"rendered":"<header class=\"portlet-topper\">\n<h1 class=\"portlet-title\"><span class=\"portlet-title-text\">Delegados de padres y madres<\/span><\/h1>\n<menu id=\"portlet-topper-toolbar_ABACO_WEB_WAR_abacoportlet_INSTANCE_7GBa\" class=\"portlet-topper-toolbar\" type=\"toolbar\"><\/menu>\n<\/header>\n<div class=\"portlet-content\">\n<div class=\" portlet-content-container\">\n<div class=\"portlet-body\">\n<div class=\"\">\n<div class=\"contenido_detalle\">\n<div class=\"detalle_html\">\n<p>Las personas delegadas de padres y madres del alumnado en cada uno de los grupos aulas de los centros docentes ser\u00e1n elegidas para cada curso escolar por los propios padres, madres o representantes legales del alumnado, en la reuni\u00f3n que el profesorado que ejerza la tutor\u00eda realiza con las familias al principio de curso.<\/p>\n<h3><span style=\"font-size: 14pt\"><strong>Funciones de las personas delegadas de los padres y madres en cada grupo.<\/strong><\/span><\/h3>\n<p>Las personas delegadas de los padres y madres en cada grupo tendr\u00e1n las siguientes funciones, recogidas en elPlan de Convivencia de nuestro Proyecto Educativo:<\/p>\n<p><span style=\"font-weight: 400\">1.-&nbsp; Representar en cuestiones de orden general a los padres y madres del alumnado del grupo.&nbsp;<\/span><\/p>\n<p><span style=\"font-weight: 400\">2.-&nbsp; Ser el Portavoz de las necesidades y propuestas generales de mejora de las familias a nivel de grupo.<\/span><\/p>\n<p><span style=\"font-weight: 400\">3.-&nbsp; Fomentar la participaci\u00f3n de los padres y madres, especialmente en las tutor\u00edas.&nbsp;<\/span><\/p>\n<p><span style=\"font-weight: 400\">4.- Ser intermediario\/a entre el tutor o tutora y los padres\/madres sobre cualquier&nbsp;informaci\u00f3n general, propuestas, proyectos, quejas\u2026etc, a nivel de grupo.&nbsp;<\/span><\/p>\n<p><span style=\"font-weight: 400\">5.- Colaborar con el tutor o tutora en la resoluci\u00f3n de posibles conflictos en el grupo, y en la organizaci\u00f3n de actividades y\/o visitas&nbsp;culturales.&nbsp;<\/span><\/p>\n<p><span style=\"font-weight: 400\">6.-&nbsp; Colaborar en la formaci\u00f3n de las familias implic\u00e1ndolas en el proyecto educativo del centro y en el plan de convivencia. <\/span><\/p>\n<\/div>\n<\/div>\n<\/div>\n<\/div>\n<\/div>\n<\/div>\n<p>&nbsp;<\/p>\n<h3><strong>Delegadas y Delegados del CEIP \u00abSantiago\u00bb para el Curso 2022 \/ 2023<br \/>\n<\/strong><\/h3>\n<p>Infantil 3 a\u00f1os:<\/p>\n<ul>\n<li>Delegada: D\u00aa Ver\u00f3nica Rodr\u00edguez Mu\u00f1oz..<\/li>\n<\/ul>\n<p>Infantil 4 a\u00f1os:<\/p>\n<ul>\n<li>Delegada: D\u00aa Ana Isabel Mena Silverio<\/li>\n<\/ul>\n<p>Infantil 5 a\u00f1os:<\/p>\n<ul>\n<li>Delegada: D\u00aa Manuela Enciso Vel\u00e1zquez.<\/li>\n<\/ul>\n<p>1\u00ba de Primaria:<\/p>\n<ul>\n<li>Delegada: D\u00aa Paula Romero Amusco Yuste.<\/li>\n<\/ul>\n<p>2\u00ba de Primaria:<\/p>\n<ul>\n<li>Delegada: D\u00aa Janire Montiel Alonso.<\/li>\n<\/ul>\n<p>3\u00ba de Primaria:<\/p>\n<ul>\n<li>Delegada: D\u00aa Arancha Ortiz Mafe.<\/li>\n<\/ul>\n<p>4\u00ba de Primaria:<\/p>\n<ul>\n<li>Delegada: D\u00aa Araceli Becerra Aguilar.<\/li>\n<\/ul>\n<p>5\u00ba de Primaria:<\/p>\n<ul>\n<li>Delegada: D\u00aa Jennifer Mart\u00ednez L\u00f3pez.<\/li>\n<\/ul>\n<p>6\u00ba de Primaria:<\/p>\n<ul>\n<li>Delegada: D \u00aa M\u00aa del Carmen Moreno G\u00f3mez.&nbsp;<\/li>\n<\/ul>\n","protected":false},"excerpt":{"rendered":"<p>Delegados de padres y madres Las personas delegadas de padres y madres del alumnado en cada uno de los grupos aulas de los centros docentes ser\u00e1n elegidas para cada curso escolar por los propios padres, madres o representantes legales del alumnado, en la reuni\u00f3n que el profesorado que ejerza la tutor\u00eda realiza con las familias [&hellip;]<\/p>\n","protected":false},"author":17575,"featured_media":0,"parent":0,"menu_order":0,"comment_status":"closed","ping_status":"closed","template":"","meta":{"_et_pb_use_builder":"","_et_pb_old_content":"","_et_gb_content_width":"","ngg_post_thumbnail":0,"footnotes":""},"aioseo_notices":[],"_links":{"self":[{"href":"https:\/\/blogsaverroes.juntadeandalucia.es\/ceipsantiagolalinea\/wp-json\/wp\/v2\/pages\/1483"}],"collection":[{"href":"https:\/\/blogsaverroes.juntadeandalucia.es\/ceipsantiagolalinea\/wp-json\/wp\/v2\/pages"}],"about":[{"href":"https:\/\/blogsaverroes.juntadeandalucia.es\/ceipsantiagolalinea\/wp-json\/wp\/v2\/types\/page"}],"author":[{"embeddable":true,"href":"https:\/\/blogsaverroes.juntadeandalucia.es\/ceipsantiagolalinea\/wp-json\/wp\/v2\/users\/17575"}],"replies":[{"embeddable":true,"href":"https:\/\/blogsaverroes.juntadeandalucia.es\/ceipsantiagolalinea\/wp-json\/wp\/v2\/comments?post=1483"}],"version-history":[{"count":6,"href":"https:\/\/blogsaverroes.juntadeandalucia.es\/ceipsantiagolalinea\/wp-json\/wp\/v2\/pages\/1483\/revisions"}],"predecessor-version":[{"id":3753,"href":"https:\/\/blogsaverroes.juntadeandalucia.es\/ceipsantiagolalinea\/wp-json\/wp\/v2\/pages\/1483\/revisions\/3753"}],"wp:attachment":[{"href":"https:\/\/blogsaverroes.juntadeandalucia.es\/ceipsantiagolalinea\/wp-json\/wp\/v2\/media?parent=1483"}],"curies":[{"name":"wp","href":"https:\/\/api.w.org\/{rel}","templated":true}]}}