{"id":1488,"date":"2023-03-01T00:43:20","date_gmt":"2023-02-28T23:43:20","guid":{"rendered":"https:\/\/blogsaverroes.juntadeandalucia.es\/ceipsantiagolalinea\/?page_id=1488"},"modified":"2023-03-02T21:29:56","modified_gmt":"2023-03-02T20:29:56","slug":"recomendaciones-para-las-familias","status":"publish","type":"page","link":"https:\/\/blogsaverroes.juntadeandalucia.es\/ceipsantiagolalinea\/recomendaciones-para-las-familias\/","title":{"rendered":"Recomendaciones para las familias"},"content":{"rendered":"<header class=\"entry-header cf\">\n<h1 class=\"entry-title\">&nbsp;<\/h1>\n<\/header>\n<div class=\"entry-content cf\">\n<ul>\n<li><a href=\"https:\/\/blogsaverroes.juntadeandalucia.es\/ceipsantiagolalinea\/files\/2023\/03\/Recomendaciones-Generales-para-las-familias.pdf\">Recomendaciones Generales para las familias<\/a><\/li>\n<li><a href=\"https:\/\/blogsaverroes.juntadeandalucia.es\/ceipsantiagolalinea\/files\/2023\/03\/Gu\u00eda-para-el-Uso-Educativo-de-las-TICs.pdf\">Gu\u00eda para el Uso Educativo de las TICs<\/a><a href=\"https:\/\/blogsaverroes.juntadeandalucia.es\/ceipsantiagolalinea\/files\/2023\/03\/Gu\u00eda-para-tener-un-m\u00f3vil.pdf\">Gu\u00eda para tener un m\u00f3vil<\/a><a href=\"https:\/\/blogsaverroes.juntadeandalucia.es\/ceipsantiagolalinea\/files\/2023\/03\/Gu\u00eda-para-tener-un-m\u00f3vil.pdf\">Gu\u00eda para tener un m\u00f3vil<\/a><\/li>\n<li><a href=\"https:\/\/blogsaverroes.juntadeandalucia.es\/ceipsantiagolalinea\/files\/2023\/03\/Gu\u00eda-para-j\u00f3venes-uso-de-las-redes.pdf\">Gu\u00eda para j\u00f3venes uso de internet<\/a><\/li>\n<li><a href=\"https:\/\/blogsaverroes.juntadeandalucia.es\/ceipsantiagolalinea\/files\/2023\/03\/Gu\u00eda-para-padres-y-profesores-uso-de-las-redes.pdf\">Gu\u00eda para padres y profesores uso de las redes<\/a><\/li>\n<li><a href=\"https:\/\/blogsaverroes.juntadeandalucia.es\/ceipsantiagolalinea\/files\/2023\/03\/Gu\u00eda-para-tener-un-m\u00f3vil.pdf\">Gu\u00eda para tener un m\u00f3vil<\/a><\/li>\n<\/ul>\n<\/div>\n","protected":false},"excerpt":{"rendered":"<p>&nbsp; Recomendaciones Generales para las familias Gu\u00eda para el Uso Educativo de las TICsGu\u00eda para tener un m\u00f3vilGu\u00eda para tener un m\u00f3vil Gu\u00eda para j\u00f3venes uso de internet Gu\u00eda para padres y profesores uso de las redes Gu\u00eda para tener un m\u00f3vil<\/p>\n","protected":false},"author":17575,"featured_media":0,"parent":0,"menu_order":0,"comment_status":"closed","ping_status":"closed","template":"","meta":{"_et_pb_use_builder":"","_et_pb_old_content":"","_et_gb_content_width":"","ngg_post_thumbnail":0,"footnotes":""},"aioseo_notices":[],"_links":{"self":[{"href":"https:\/\/blogsaverroes.juntadeandalucia.es\/ceipsantiagolalinea\/wp-json\/wp\/v2\/pages\/1488"}],"collection":[{"href":"https:\/\/blogsaverroes.juntadeandalucia.es\/ceipsantiagolalinea\/wp-json\/wp\/v2\/pages"}],"about":[{"href":"https:\/\/blogsaverroes.juntadeandalucia.es\/ceipsantiagolalinea\/wp-json\/wp\/v2\/types\/page"}],"author":[{"embeddable":true,"href":"https:\/\/blogsaverroes.juntadeandalucia.es\/ceipsantiagolalinea\/wp-json\/wp\/v2\/users\/17575"}],"replies":[{"embeddable":true,"href":"https:\/\/blogsaverroes.juntadeandalucia.es\/ceipsantiagolalinea\/wp-json\/wp\/v2\/comments?post=1488"}],"version-history":[{"count":4,"href":"https:\/\/blogsaverroes.juntadeandalucia.es\/ceipsantiagolalinea\/wp-json\/wp\/v2\/pages\/1488\/revisions"}],"predecessor-version":[{"id":1763,"href":"https:\/\/blogsaverroes.juntadeandalucia.es\/ceipsantiagolalinea\/wp-json\/wp\/v2\/pages\/1488\/revisions\/1763"}],"wp:attachment":[{"href":"https:\/\/blogsaverroes.juntadeandalucia.es\/ceipsantiagolalinea\/wp-json\/wp\/v2\/media?parent=1488"}],"curies":[{"name":"wp","href":"https:\/\/api.w.org\/{rel}","templated":true}]}}