{"id":1493,"date":"2023-03-01T00:48:38","date_gmt":"2023-02-28T23:48:38","guid":{"rendered":"https:\/\/blogsaverroes.juntadeandalucia.es\/ceipsantiagolalinea\/?page_id=1493"},"modified":"2023-03-01T17:43:04","modified_gmt":"2023-03-01T16:43:04","slug":"abn","status":"publish","type":"page","link":"https:\/\/blogsaverroes.juntadeandalucia.es\/ceipsantiagolalinea\/abn\/","title":{"rendered":"ABN"},"content":{"rendered":"<p align=\"justify\"><strong><span style=\"font-size: 14pt\">Algoritmo basado en n\u00fameros.<\/span><\/strong><\/p>\n<p align=\"justify\"><img loading=\"lazy\" decoding=\"async\" class=\"alignnone size-full wp-image-1550\" src=\"https:\/\/blogsaverroes.juntadeandalucia.es\/ceipsantiagolalinea\/files\/2023\/03\/Nuevo-logo-ABN-color-2.jpg\" alt=\"\" width=\"200\" height=\"197\"><\/p>\n<p class=\"Estilo23\" align=\"justify\">El m\u00e9todo matem\u00e1tico Algortimo Basados en N\u00fameros (ABN) tiene como objetivo aumentar la capacidda de numeraci\u00f3n y c\u00e1lculo matem\u00e1tico en los alumnos de educaci\u00f3n infantil y primaria para mejorar su nivel de abstracci\u00f3n matem\u00e1tico.<\/p>\n<p class=\"Estilo23\" align=\"justify\">Su creaor es D. Jaime Montero, Inspector de Educaci\u00f3n de nuestra provincia.<\/p>\n<p class=\"Estilo23\" align=\"justify\">Nuestro centro educativo es uno de los primeros de la ciudad y de nuestra comarca que lleva a cabo este novedoso m\u00e9todo impulsado. Actualmente el mismo se lleva a cabo en los todos los cursos de E. Infantil y en Educaci\u00f3n Primaria desde 1\u00ba hasta 6 \u00ba.<\/p>\n<p class=\"Estilo23\" align=\"justify\">Para ayudar a los padres en el conocimiento del m\u00e9todo hemos colocado un material de ayuda. Para ir a la p\u00e1gina pinchar en el siguiente enlace.<\/p>\n<p class=\"Estilo17\" align=\"center\"><a href=\"http:\/\/ceipsantiagolalinea.es\/ABN%20CALCULO%20MENTAL.html\"><span style=\"font-size: 18pt\">CALCULO MENTAL<\/span>.<\/a><\/p>\n<p class=\"Estilo23\" align=\"center\">Para saber m\u00e1s sobre el m\u00e9todo puedes pinchar&nbsp;<a href=\"http:\/\/www.algoritmosabn.com\/\">aqu\u00ed.<\/a><\/p>\n<p class=\"Estilo23\" align=\"center\"><span style=\"font-size: 18pt\">TABLAS DE MULTIPLICAR<\/span><\/p>\n<p class=\"Estilo23\" align=\"center\">Para practicar las tablas de multiplicar te ofrecemos dos programas:<\/p>\n<table style=\"width: 99.4721%;height: 320px\" border=\"1\" width=\"605\">\n<tbody>\n<tr>\n<td style=\"width: 153.515%\" colspan=\"2\">\n<div align=\"center\"><span class=\"Estilo23\"><img loading=\"lazy\" decoding=\"async\" class=\"aligncenter\" src=\"http:\/\/ceipsantiagolalinea.es\/Imagenes\/gif%20de%20pizarra.gif\" width=\"346\" height=\"288\" border=\"0\"><\/span><\/div>\n<\/td>\n<\/tr>\n<tr>\n<td style=\"width: 46.1216%\" width=\"288\">\n<div align=\"center\"><a class=\"Estilo24\" href=\"http:\/\/www3.gobiernodecanarias.org\/medusa\/eltanquematematico\/preguntatablas\/tablas_pp.html\">REPASO TABLAS DE MULTIPLICAR<\/a><\/div>\n<\/td>\n<td style=\"width: 107.394%\" width=\"301\">\n<div align=\"center\"><a class=\"Estilo24\" href=\"http:\/\/www.disfrutalasmatematicas.com\/numeros\/entrenador-matematicas-multiplicar.html\">ENTRENAMIENTO DIARIO<\/a><\/div>\n<\/td>\n<\/tr>\n<\/tbody>\n<\/table>\n","protected":false},"excerpt":{"rendered":"<p>Algoritmo basado en n\u00fameros. El m\u00e9todo matem\u00e1tico Algortimo Basados en N\u00fameros (ABN) tiene como objetivo aumentar la capacidda de numeraci\u00f3n y c\u00e1lculo matem\u00e1tico en los alumnos de educaci\u00f3n infantil y primaria para mejorar su nivel de abstracci\u00f3n matem\u00e1tico. Su creaor es D. Jaime Montero, Inspector de Educaci\u00f3n de nuestra provincia. Nuestro centro educativo es uno [&hellip;]<\/p>\n","protected":false},"author":17575,"featured_media":0,"parent":0,"menu_order":0,"comment_status":"closed","ping_status":"closed","template":"","meta":{"_et_pb_use_builder":"","_et_pb_old_content":"","_et_gb_content_width":"","ngg_post_thumbnail":0,"footnotes":""},"aioseo_notices":[],"_links":{"self":[{"href":"https:\/\/blogsaverroes.juntadeandalucia.es\/ceipsantiagolalinea\/wp-json\/wp\/v2\/pages\/1493"}],"collection":[{"href":"https:\/\/blogsaverroes.juntadeandalucia.es\/ceipsantiagolalinea\/wp-json\/wp\/v2\/pages"}],"about":[{"href":"https:\/\/blogsaverroes.juntadeandalucia.es\/ceipsantiagolalinea\/wp-json\/wp\/v2\/types\/page"}],"author":[{"embeddable":true,"href":"https:\/\/blogsaverroes.juntadeandalucia.es\/ceipsantiagolalinea\/wp-json\/wp\/v2\/users\/17575"}],"replies":[{"embeddable":true,"href":"https:\/\/blogsaverroes.juntadeandalucia.es\/ceipsantiagolalinea\/wp-json\/wp\/v2\/comments?post=1493"}],"version-history":[{"count":4,"href":"https:\/\/blogsaverroes.juntadeandalucia.es\/ceipsantiagolalinea\/wp-json\/wp\/v2\/pages\/1493\/revisions"}],"predecessor-version":[{"id":1588,"href":"https:\/\/blogsaverroes.juntadeandalucia.es\/ceipsantiagolalinea\/wp-json\/wp\/v2\/pages\/1493\/revisions\/1588"}],"wp:attachment":[{"href":"https:\/\/blogsaverroes.juntadeandalucia.es\/ceipsantiagolalinea\/wp-json\/wp\/v2\/media?parent=1493"}],"curies":[{"name":"wp","href":"https:\/\/api.w.org\/{rel}","templated":true}]}}