{"id":1615,"date":"2023-03-01T19:03:30","date_gmt":"2023-03-01T18:03:30","guid":{"rendered":"https:\/\/blogsaverroes.juntadeandalucia.es\/ceipsantiagolalinea\/?page_id=1615"},"modified":"2026-04-21T16:45:02","modified_gmt":"2026-04-21T15:45:02","slug":"documentos","status":"publish","type":"page","link":"https:\/\/blogsaverroes.juntadeandalucia.es\/ceipsantiagolalinea\/documentos\/","title":{"rendered":"Documentos."},"content":{"rendered":"<p><span style=\"font-size: 14pt\"><strong>DOCUMENTOS DEL PLAN DE CENTRO:<\/strong><\/span><\/p>\n<table style=\"width: 89.7857%;height: 434px\" border=\"1\" width=\"855\">\n<tbody>\n<tr style=\"height: 103px\">\n<th style=\"height: 103px;width: 15.318%\" scope=\"col\" width=\"238\">\n<p class=\"Estilo16\">Proyecto<\/p>\n<p class=\"Estilo16\">Educativo.<\/p>\n<\/th>\n<th style=\"height: 103px;width: 15.0445%\" scope=\"col\" width=\"269\">\n<p class=\"Estilo16\">Proyecto de<\/p>\n<p class=\"Estilo16\">Gesti\u00f3n.<\/p>\n<\/th>\n<th style=\"height: 103px;width: 19.098%\" scope=\"col\" width=\"326\">\n<p class=\"Estilo16\">Reglamento de Organizaci\u00f3n y Funcionamiento.<\/p>\n<\/th>\n<\/tr>\n<tr style=\"height: 137px\">\n<td style=\"height: 137px;width: 15.318%\">\n<div align=\"center\"><a href=\"https:\/\/blogsaverroes.juntadeandalucia.es\/ceipsantiagolalinea\/proyecto-educativo\/\" target=\"_blank\" rel=\"noopener noreferrer\"><img loading=\"lazy\" decoding=\"async\" src=\"http:\/\/ceipsantiagolalinea.es\/Imagenes\/ticher.gif\" width=\"150\" height=\"110\" border=\"0\"><\/a><\/div>\n<\/td>\n<td style=\"height: 206px;width: 15.0445%\">\n<div align=\"center\"><a href=\"https:\/\/blogsaverroes.juntadeandalucia.es\/ceipsantiagolalinea\/files\/2026\/04\/PROYECTO-DE-GESTION-REVISION-ABRIL-2026.pdf\" target=\"_blank\" rel=\"noopener noreferrer\"><img loading=\"lazy\" decoding=\"async\" class=\"alignnone\" src=\"http:\/\/ceipsantiagolalinea.es\/Imagenes\/oficinas-02.gif\" alt=\"\" width=\"78\" height=\"127\" border=\"0\"><\/a><\/div>\n<div align=\"center\">&nbsp;<\/div>\n<\/td>\n<td style=\"height: 137px;width: 19.098%\">\n<div align=\"center\"><a href=\"https:\/\/blogsaverroes.juntadeandalucia.es\/ceipsantiagolalinea\/files\/2026\/02\/ROF-CEIP-SANTIAGO-APROBADO-EN-CE-MODIFICADO-EL-23-DE-FEBRERO-DE-2026.pdf\" target=\"_blank\" rel=\"noopener noreferrer\"><img loading=\"lazy\" decoding=\"async\" class=\"alignnone\" src=\"http:\/\/ceipsantiagolalinea.es\/Imagenes\/juez-03.gif\" alt=\"\" width=\"150\" height=\"130\" border=\"0\"><\/a><\/div>\n<\/td>\n<\/tr>\n<tr>\n<td style=\"width: 49.4605%\" colspan=\"3\">\n<div align=\"center\"><a href=\"http:\/\/ceipsantiagolalinea.es\/Imagenes\/Plan%20de%20autoproteccion%20CEIP%20SANTIAGO.pdf\"><span style=\"color: #ff0000;font-size: 12pt\">Plan de Autoprotecci\u00f3n.<\/span><\/a><\/div>\n<\/td>\n<\/tr>\n<tr style=\"height: 10px\">\n<td class=\"Estilo16\" style=\"height: 10px;width: 49.4605%\" colspan=\"3\">\n<div align=\"center\"><span style=\"color: #ff0000;font-size: 12pt\">Criterios de Evaluaci\u00f3n de Educaci\u00f3n Primaria.<\/span><\/div>\n<\/td>\n<\/tr>\n<tr style=\"height: 23px\">\n<td style=\"text-align: center;height: 23px;width: 15.318%\"><a href=\"https:\/\/blogsaverroes.juntadeandalucia.es\/ceipsantiagolalinea\/files\/2024\/06\/CRITERIOS-DE-EVALUACION-1o-EP-.pdf\">Criterios Evaluaci\u00f3n 1\u00ba EP<\/a><\/td>\n<td style=\"text-align: center;height: 23px;width: 15.0445%\"><a href=\"https:\/\/blogsaverroes.juntadeandalucia.es\/ceipsantiagolalinea\/files\/2024\/06\/CRITERIOS-DE-EVALUACION-2o-EP.pdf\">Criterios Evaluaci\u00f3n 2\u00ba EP<\/a><\/td>\n<td style=\"text-align: center;height: 23px;width: 19.098%\"><a href=\"https:\/\/blogsaverroes.juntadeandalucia.es\/ceipsantiagolalinea\/files\/2024\/06\/CRITERIOS-DE-EVALUACION-3o-EP.pdf\">Criterios Evaluaci\u00f3n 3\u00ba EP<\/a><\/td>\n<\/tr>\n<tr style=\"height: 23px\">\n<td style=\"text-align: center;height: 23px;width: 15.318%\"><a href=\"https:\/\/blogsaverroes.juntadeandalucia.es\/ceipsantiagolalinea\/files\/2024\/06\/CRITERIOS-DE-EVALUACION-4o-EP.pdf\">Criterios Evaluaci\u00f3n 4\u00ba EP<\/a><\/td>\n<td style=\"height: 23px;width: 15.0445%\">\n<div align=\"center\"><a href=\"https:\/\/blogsaverroes.juntadeandalucia.es\/ceipsantiagolalinea\/files\/2024\/06\/CRITERIOS-DE-EVALUACION-5o-EP-.pdf\">Criterios Evaluaci\u00f3n 5\u00ba EP<\/a>&nbsp;<\/div>\n<\/td>\n<td style=\"text-align: center;height: 23px;width: 19.098%\"><a href=\"https:\/\/blogsaverroes.juntadeandalucia.es\/ceipsantiagolalinea\/files\/2024\/06\/CRITERIOS-DE-EVALUACION-6o-EP.pdf\">Criterios Evaluaci\u00f3n 6\u00ba EP<\/a><\/td>\n<\/tr>\n<tr style=\"height: 23px\">\n<td class=\"Estilo16\" style=\"height: 23px;width: 49.4605%\" colspan=\"3\">\n<div align=\"center\"><a href=\"https:\/\/blogsaverroes.juntadeandalucia.es\/ceipsantiagolalinea\/files\/2025\/10\/PROYECTO-BILINGUE-CEIP-SANTIAGO-CURSO-ESCOLAR-2025-26.pdf\">Proyecto Biling\u00fce. (\u00daltima revisi\u00f3n octubre 2025<\/a><a href=\"http:\/\/ceipsantiagolalinea.es\/DOCUMENTOS%20DE%20PUBLICACION\/PROYECTO%20BILINGUE%20CEIP%20SANTIAGO%20CURSO%20ESCOLAR%202021-22.pdf\">)<\/a><\/div>\n<\/td>\n<\/tr>\n<tr style=\"height: 23px\">\n<td class=\"Estilo16\" style=\"height: 23px;width: 49.4605%\" colspan=\"3\">\n<div align=\"center\"><a href=\"http:\/\/ceipsantiagolalinea.es\/Imagenes\/Serrano_Pedrosa_Juan%20Luis_Proyecto%20de%20Direcci%C3%B3n.pdf\">Proyecto de Direcci\u00f3n de centro. 2018\/2022.<\/a><\/div>\n<\/td>\n<\/tr>\n<tr style=\"height: 23px\">\n<td style=\"height: 23px;width: 49.4605%\" colspan=\"3\">\n<div align=\"center\"><a href=\"https:\/\/blogsaverroes.juntadeandalucia.es\/ceipsantiagolalinea\/files\/2025\/11\/PLAN-DE-MEJORA-CEIP-SANTIAGO-CURSO-ESCOLAR-2025-26-.pdf\">Plan de Mejora&nbsp; curso 2025\/26<\/a><\/div>\n<div align=\"center\">&nbsp;<\/div>\n<\/td>\n<\/tr>\n<\/tbody>\n<\/table>\n","protected":false},"excerpt":{"rendered":"<p>DOCUMENTOS DEL PLAN DE CENTRO: Proyecto Educativo. Proyecto de Gesti\u00f3n. Reglamento de Organizaci\u00f3n y Funcionamiento. &nbsp; Plan de Autoprotecci\u00f3n. Criterios de Evaluaci\u00f3n de Educaci\u00f3n Primaria. Criterios Evaluaci\u00f3n 1\u00ba EP Criterios Evaluaci\u00f3n 2\u00ba EP Criterios Evaluaci\u00f3n 3\u00ba EP Criterios Evaluaci\u00f3n 4\u00ba EP Criterios Evaluaci\u00f3n 5\u00ba EP&nbsp; Criterios Evaluaci\u00f3n 6\u00ba EP Proyecto Biling\u00fce. (\u00daltima revisi\u00f3n octubre 2025) [&hellip;]<\/p>\n","protected":false},"author":17575,"featured_media":0,"parent":0,"menu_order":0,"comment_status":"closed","ping_status":"closed","template":"","meta":{"_et_pb_use_builder":"","_et_pb_old_content":"","_et_gb_content_width":"","ngg_post_thumbnail":0,"footnotes":""},"aioseo_notices":[],"_links":{"self":[{"href":"https:\/\/blogsaverroes.juntadeandalucia.es\/ceipsantiagolalinea\/wp-json\/wp\/v2\/pages\/1615"}],"collection":[{"href":"https:\/\/blogsaverroes.juntadeandalucia.es\/ceipsantiagolalinea\/wp-json\/wp\/v2\/pages"}],"about":[{"href":"https:\/\/blogsaverroes.juntadeandalucia.es\/ceipsantiagolalinea\/wp-json\/wp\/v2\/types\/page"}],"author":[{"embeddable":true,"href":"https:\/\/blogsaverroes.juntadeandalucia.es\/ceipsantiagolalinea\/wp-json\/wp\/v2\/users\/17575"}],"replies":[{"embeddable":true,"href":"https:\/\/blogsaverroes.juntadeandalucia.es\/ceipsantiagolalinea\/wp-json\/wp\/v2\/comments?post=1615"}],"version-history":[{"count":25,"href":"https:\/\/blogsaverroes.juntadeandalucia.es\/ceipsantiagolalinea\/wp-json\/wp\/v2\/pages\/1615\/revisions"}],"predecessor-version":[{"id":6708,"href":"https:\/\/blogsaverroes.juntadeandalucia.es\/ceipsantiagolalinea\/wp-json\/wp\/v2\/pages\/1615\/revisions\/6708"}],"wp:attachment":[{"href":"https:\/\/blogsaverroes.juntadeandalucia.es\/ceipsantiagolalinea\/wp-json\/wp\/v2\/media?parent=1615"}],"curies":[{"name":"wp","href":"https:\/\/api.w.org\/{rel}","templated":true}]}}