{"id":1691,"date":"2023-03-02T00:55:14","date_gmt":"2023-03-01T23:55:14","guid":{"rendered":"https:\/\/blogsaverroes.juntadeandalucia.es\/ceipsantiagolalinea\/?page_id=1691"},"modified":"2024-10-07T12:22:39","modified_gmt":"2024-10-07T11:22:39","slug":"1o-de-educacion-primaria","status":"publish","type":"page","link":"https:\/\/blogsaverroes.juntadeandalucia.es\/ceipsantiagolalinea\/1o-de-educacion-primaria\/","title":{"rendered":"1\u00ba de Educaci\u00f3n Primaria."},"content":{"rendered":"<p><strong><span style=\"font-size: 14pt\">LIBROS DE TEXTO.<\/span><\/strong><\/p>\n<table style=\"width: 99.6805%\" width=\"1024\">\n<tbody>\n<tr>\n<td style=\"width: 12.2439%;text-align: center\" width=\"332\"><strong>Materia<\/strong><\/td>\n<td style=\"width: 14.5286%;text-align: center\" width=\"259\"><strong>Editorial<\/strong><\/td>\n<td style=\"width: 28.1498%;text-align: center\" width=\"433\"><strong>T\u00edtulo<\/strong><\/td>\n<\/tr>\n<tr>\n<td style=\"width: 12.2439%\" width=\"332\">Lengua Castellana y Literatura<\/td>\n<td style=\"width: 14.5286%\" width=\"259\">Ediciones SM, S.A.<\/td>\n<td style=\"width: 28.1498%\" width=\"433\">Lengua castellana y Literatura. 1 Primaria. Trimestres. Revuela. Andaluc\u00eda<\/td>\n<\/tr>\n<tr>\n<td style=\"width: 12.2439%\" width=\"332\">Matem\u00e1ticas<\/td>\n<td style=\"width: 14.5286%\" width=\"259\">Ediciones SM, S.A.<\/td>\n<td style=\"width: 28.1498%\" width=\"433\">.Matem\u00e1ticas. 1 Primaria. Trimestres. Revuela. Andaluc\u00eda<\/td>\n<\/tr>\n<tr>\n<td style=\"width: 12.2439%\" width=\"332\">Ingl\u00e9s<\/td>\n<td style=\"width: 14.5286%\" width=\"259\">Oxford University Press Espa\u00f1a, S.A.<\/td>\n<td style=\"width: 28.1498%\" width=\"433\">Open Up 1. Class Book. Andalusian Edition<\/td>\n<\/tr>\n<tr>\n<td style=\"width: 12.2439%\" width=\"332\">Religi\u00f3n Cat\u00f3lica<\/td>\n<td style=\"width: 14.5286%\" width=\"259\">Edeb\u00e9 Educaci\u00f3n, S.L.<\/td>\n<td style=\"width: 28.1498%\" width=\"433\">Religi\u00f3n 1\u00ba EP Enlazados<\/td>\n<\/tr>\n<tr>\n<td style=\"width: 12.2439%\" width=\"332\">Educaci\u00f3n Art\u00edstica<\/td>\n<td style=\"width: 14.5286%\" width=\"259\">Ediciones SM, S.A.<\/td>\n<td style=\"width: 28.1498%\" width=\"433\">Educaci\u00f3n Pl\u00e1stica y Visual. 1 Primaria. Revuela. Andaluc\u00eda<\/td>\n<\/tr>\n<tr>\n<td style=\"width: 12.2439%\" rowspan=\"2\" width=\"332\">Conocimiento del Medio Natural Social y Cultural<\/td>\n<td style=\"width: 14.5286%\" rowspan=\"2\" width=\"259\">Ediciones SM, S.<\/td>\n<td style=\"width: 28.1498%\" rowspan=\"2\" width=\"433\">Science. 1 Primary. Revuela. Andaluc\u00eda<\/td>\n<\/tr>\n<\/tbody>\n<\/table>\n<p><strong><span style=\"font-size: 14pt\">HORARIO<\/span><\/strong><\/p>\n<table style=\"border-collapse: collapse;width: 96.211%;height: 360.588px\">\n<tbody>\n<tr style=\"background-color: #adbdf0;border-color: adbdf0\">\n<td style=\"width: 16.6667%;height: 116px;text-align: center\">HORA \/ DIA<\/td>\n<td style=\"width: 11.3322%;height: 116px;text-align: center\">LUNES<\/td>\n<td style=\"width: 16.2434%;height: 116px;text-align: center\">MARTES<\/td>\n<td style=\"width: 13.8724%;height: 116px;text-align: center\">MIERCOLES<\/td>\n<td style=\"width: 13.1104%;height: 116px;text-align: center\">JUEVES<\/td>\n<td style=\"width: 11.8799%;height: 116px;text-align: center\">VIERNES<\/td>\n<\/tr>\n<tr>\n<td style=\"width: 16.6667%;text-align: center\">9:00-10:00<\/td>\n<td style=\"width: 11.3322%;text-align: center\">INGL\u00c9S<\/td>\n<td style=\"text-align: center;width: 16.2434%\" rowspan=\"2\">RELIGI\u00d3N\/ATENCI\u00d3N EDUCATIVA<\/td>\n<td style=\"width: 13.8724%;text-align: center\">E. F\u00cdSICA<\/td>\n<td style=\"width: 13.1104%;text-align: center\" rowspan=\"2\">MATEM\u00c1TICAS<\/td>\n<td style=\"width: 11.8799%;text-align: center\" rowspan=\"2\">MATEM\u00c1TICAS<\/td>\n<\/tr>\n<tr>\n<td style=\"width: 16.6667%;text-align: center\">10:00-10:30<\/td>\n<td style=\"width: 11.3322%;text-align: center\" rowspan=\"2\">&nbsp;<\/p>\n<p>LENGUA<\/td>\n<td style=\"width: 13.8724%;text-align: center\" rowspan=\"2\">LENGUA<\/td>\n<\/tr>\n<tr>\n<td style=\"width: 16.6667%;text-align: center\">10:30-11:30<\/td>\n<td style=\"text-align: center;width: 16.2434%\">INGL\u00c9S<\/td>\n<td style=\"width: 13.1104%;text-align: center\">E. ART\/PL\u00c1STICA<\/td>\n<td style=\"width: 11.8799%;text-align: center\">E. F\u00cdSICA<\/td>\n<\/tr>\n<tr>\n<td style=\"width: 16.6667%;text-align: center\">11:30-12:00<\/td>\n<td style=\"width: 11.3322%;text-align: center\" colspan=\"5\">RECREO<\/td>\n<\/tr>\n<tr>\n<td style=\"width: 16.6667%;text-align: center\">12:00-13:00<\/td>\n<td style=\"width: 11.3322%;text-align: center\">E. F\u00cdSICA<\/td>\n<td style=\"text-align: center;width: 16.2434%\">E. ART\/M\u00daSICA<\/td>\n<td style=\"width: 13.8724%;text-align: center\">MATEM\u00c1TICAS<\/td>\n<td style=\"width: 13.1104%;text-align: center\">INGL\u00c9S<\/td>\n<td style=\"width: 11.8799%;text-align: center\">LENGUA<\/td>\n<\/tr>\n<tr>\n<td style=\"width: 16.6667%;text-align: center\">13:00-14:00<\/td>\n<td style=\"width: 11.3322%;text-align: center\">C. DEL MEDIO<\/td>\n<td style=\"text-align: center;width: 16.2434%\">MATEM\u00c1TICAS<\/td>\n<td style=\"width: 13.8724%;text-align: center\">C. DEL MEDIO<\/td>\n<td style=\"width: 13.1104%;text-align: center\">LENGUA<\/td>\n<td style=\"width: 11.8799%;text-align: center\">C. DEL MEDIO<\/td>\n<\/tr>\n<\/tbody>\n<\/table>\n<p><strong><span style=\"font-size: 14pt\">LISTA DE MATERIALES.<\/span><\/strong><\/p>\n<p>Consultar la lista de materiales <a href=\"https:\/\/view.genially.com\/5ef276085155370dcf0ae31a\/presentation-list-de-materiales\">aqu\u00ed.<\/a><\/p>\n<p>&nbsp;<\/p>\n","protected":false},"excerpt":{"rendered":"<p>LIBROS DE TEXTO. Materia Editorial T\u00edtulo Lengua Castellana y Literatura Ediciones SM, S.A. Lengua castellana y Literatura. 1 Primaria. Trimestres. Revuela. Andaluc\u00eda Matem\u00e1ticas Ediciones SM, S.A. .Matem\u00e1ticas. 1 Primaria. Trimestres. Revuela. Andaluc\u00eda Ingl\u00e9s Oxford University Press Espa\u00f1a, S.A. Open Up 1. Class Book. Andalusian Edition Religi\u00f3n Cat\u00f3lica Edeb\u00e9 Educaci\u00f3n, S.L. Religi\u00f3n 1\u00ba EP Enlazados Educaci\u00f3n [&hellip;]<\/p>\n","protected":false},"author":17575,"featured_media":0,"parent":0,"menu_order":0,"comment_status":"closed","ping_status":"closed","template":"","meta":{"_et_pb_use_builder":"","_et_pb_old_content":"","_et_gb_content_width":"","ngg_post_thumbnail":0,"footnotes":""},"aioseo_notices":[],"_links":{"self":[{"href":"https:\/\/blogsaverroes.juntadeandalucia.es\/ceipsantiagolalinea\/wp-json\/wp\/v2\/pages\/1691"}],"collection":[{"href":"https:\/\/blogsaverroes.juntadeandalucia.es\/ceipsantiagolalinea\/wp-json\/wp\/v2\/pages"}],"about":[{"href":"https:\/\/blogsaverroes.juntadeandalucia.es\/ceipsantiagolalinea\/wp-json\/wp\/v2\/types\/page"}],"author":[{"embeddable":true,"href":"https:\/\/blogsaverroes.juntadeandalucia.es\/ceipsantiagolalinea\/wp-json\/wp\/v2\/users\/17575"}],"replies":[{"embeddable":true,"href":"https:\/\/blogsaverroes.juntadeandalucia.es\/ceipsantiagolalinea\/wp-json\/wp\/v2\/comments?post=1691"}],"version-history":[{"count":17,"href":"https:\/\/blogsaverroes.juntadeandalucia.es\/ceipsantiagolalinea\/wp-json\/wp\/v2\/pages\/1691\/revisions"}],"predecessor-version":[{"id":3785,"href":"https:\/\/blogsaverroes.juntadeandalucia.es\/ceipsantiagolalinea\/wp-json\/wp\/v2\/pages\/1691\/revisions\/3785"}],"wp:attachment":[{"href":"https:\/\/blogsaverroes.juntadeandalucia.es\/ceipsantiagolalinea\/wp-json\/wp\/v2\/media?parent=1691"}],"curies":[{"name":"wp","href":"https:\/\/api.w.org\/{rel}","templated":true}]}}