{"id":1719,"date":"2023-03-02T08:54:10","date_gmt":"2023-03-02T07:54:10","guid":{"rendered":"https:\/\/blogsaverroes.juntadeandalucia.es\/ceipsantiagolalinea\/?page_id=1719"},"modified":"2024-10-07T12:14:43","modified_gmt":"2024-10-07T11:14:43","slug":"educacion-infantil","status":"publish","type":"page","link":"https:\/\/blogsaverroes.juntadeandalucia.es\/ceipsantiagolalinea\/educacion-infantil\/","title":{"rendered":"Educaci\u00f3n Infantil"},"content":{"rendered":"<p><strong><span style=\"font-size: 14pt\">LIBROS DE TEXTO.<\/span><\/strong><\/p>\n<p>El ciclo funciona a trav\u00e9s de Trabajos por Proyectos elaborados desde el propio profesorado.<\/p>\n<p><strong><span style=\"font-size: 14pt\">HORARIO EI 3 A\u00d1OS<\/span><\/strong><\/p>\n<table style=\"border-collapse: collapse;width: 100%;height: 253px\">\n<tbody>\n<tr style=\"background-color: #adbdf0;border-color: adbdf0\">\n<td style=\"width: 16.6667%;height: 23px;text-align: center\">HORA \/ DIA<\/td>\n<td style=\"width: 16.6667%;height: 23px;text-align: center\">LUNES<\/td>\n<td style=\"width: 16.6667%;height: 23px;text-align: center\">MARTES<\/td>\n<td style=\"width: 16.6667%;height: 23px;text-align: center\">MIERCOLES<\/td>\n<td style=\"width: 16.6667%;height: 23px;text-align: center\">JUEVES<\/td>\n<td style=\"width: 16.6667%;height: 23px;text-align: center\">VIERNES<\/td>\n<\/tr>\n<tr style=\"height: 23px\">\n<td style=\"width: 16.6667%;text-align: center;height: 23px\">9:00-10:00<\/td>\n<td style=\"width: 16.6667%;text-align: center;height: 23px\">CA<\/td>\n<td style=\"width: 16.6667%;text-align: center;height: 23px\">CA<\/td>\n<td style=\"width: 16.6667%;text-align: center;height: 23px\">CA<\/td>\n<td style=\"width: 16.6667%;text-align: center;height: 23px\">CA<\/td>\n<td style=\"width: 16.6667%;text-align: center;height: 23px\">CA<\/td>\n<\/tr>\n<tr style=\"height: 23px\">\n<td style=\"width: 16.6667%;text-align: center;height: 23px\">10:00-10:30<\/td>\n<td style=\"width: 16.6667%;text-align: center;height: 23px\">INGL\u00c9S<\/td>\n<td style=\"width: 16.6667%;text-align: center;height: 23px\">CRR<\/td>\n<td style=\"width: 16.6667%;text-align: center;height: 23px\">INGL\u00c9S<\/td>\n<td style=\"width: 16.6667%;text-align: center;height: 46px\" rowspan=\"2\">DEE<\/td>\n<td style=\"width: 16.6667%;text-align: center;height: 23px\">INGL\u00c9S<\/td>\n<\/tr>\n<tr style=\"height: 23px\">\n<td style=\"width: 16.6667%;text-align: center;height: 23px\">10:30-11:00<\/td>\n<td style=\"width: 16.6667%;text-align: center;height: 23px\">DEE<\/td>\n<td style=\"width: 16.6667%;text-align: center;height: 46px\" rowspan=\"2\">RELIGI\u00d3N\/ATENCI\u00d3N EDUCATIVA<\/td>\n<td style=\"width: 16.6667%;text-align: center;height: 46px\" rowspan=\"2\">CA<\/td>\n<td style=\"width: 16.6667%;text-align: center;height: 23px\">DEE<\/td>\n<\/tr>\n<tr style=\"height: 23px\">\n<td style=\"width: 16.6667%;text-align: center;height: 23px\">11:00-11:30<\/td>\n<td style=\"width: 16.6667%;text-align: center;height: 23px\">CA<\/td>\n<td style=\"width: 16.6667%;text-align: center;height: 23px\">CA<\/td>\n<td style=\"width: 16.6667%;text-align: center;height: 23px\">CA<\/td>\n<\/tr>\n<tr style=\"height: 23px\">\n<td style=\"width: 16.6667%;text-align: center;height: 23px\">11:30-12:00<\/td>\n<td style=\"width: 16.6667%;text-align: center;height: 23px\" colspan=\"5\">RECREO<\/td>\n<\/tr>\n<tr style=\"height: 23px\">\n<td style=\"width: 16.6667%;text-align: center;height: 23px\">12:00-12:30<\/td>\n<td style=\"width: 16.6667%;text-align: center;height: 69px\" rowspan=\"3\">DEE<\/td>\n<td style=\"width: 16.6667%;text-align: center;height: 23px\">RELIGI\u00d3N\/ATENCI\u00d3N EDUCATIVA<\/td>\n<td style=\"width: 16.6667%;text-align: center;height: 23px\" rowspan=\"3\">DEE<\/td>\n<td style=\"width: 16.6667%;text-align: center;height: 23px\" rowspan=\"2\">DEE<\/td>\n<td style=\"width: 16.6667%;text-align: center;height: 23px\" rowspan=\"4\">CRR<\/td>\n<\/tr>\n<tr style=\"height: 23px\">\n<td style=\"width: 16.6667%;text-align: center;height: 23px\">12:30-13:00<\/td>\n<td style=\"width: 16.6667%;text-align: center;height: 46px\" rowspan=\"2\">DEE<\/td>\n<\/tr>\n<tr style=\"height: 23px\">\n<td style=\"width: 16.6667%;text-align: center;height: 23px\">13:00-13:15<\/td>\n<td style=\"width: 16.6667%;text-align: center;height: 23px\" rowspan=\"3\">CA<\/td>\n<\/tr>\n<tr style=\"height: 23px\">\n<td style=\"width: 16.6667%;text-align: center;height: 23px\">13:15-13:30<\/td>\n<td style=\"width: 16.6667%;text-align: center;height: 23px\" rowspan=\"2\">CA<\/td>\n<td style=\"width: 16.6667%;text-align: center;height: 23px\" rowspan=\"2\">CA<\/td>\n<td style=\"width: 16.6667%;text-align: center;height: 23px\" rowspan=\"2\">CA<\/td>\n<\/tr>\n<tr style=\"height: 23px\">\n<td style=\"width: 16.6667%;text-align: center;height: 23px\">13:30-14:00<\/td>\n<td style=\"width: 16.6667%;text-align: center;height: 23px\">CA<\/td>\n<\/tr>\n<\/tbody>\n<\/table>\n<p style=\"text-align: center\"><span style=\"font-size: 8pt\"><strong><span style=\"font-size: 10pt\">CA<\/span><\/strong>= Creciendo en Armon\u00eda. <span style=\"font-size: 10pt\"><strong>DEE<\/strong><\/span>= Descubrimiento y Exploraci\u00f3n del Entorno. <strong><span style=\"font-size: 10pt\">CRR<\/span><\/strong>= Comunicaci\u00f3n y Representaci\u00f3n de la Realidad.<\/span><\/p>\n<p><strong><span style=\"font-size: 14pt\">HORARIO EI 4 A\u00d1OS<\/span><\/strong><\/p>\n<table style=\"border-collapse: collapse;width: 100%;height: 223px\">\n<tbody>\n<tr style=\"background-color: #adbdf0;border-color: adbdf0\">\n<td style=\"width: 16.6667%;height: 23px;text-align: center\">HORA \/ DIA<\/td>\n<td style=\"width: 16.6667%;height: 23px;text-align: center\">LUNES<\/td>\n<td style=\"width: 16.6667%;height: 23px;text-align: center\">MARTES<\/td>\n<td style=\"width: 16.6667%;height: 23px;text-align: center\">MIERCOLES<\/td>\n<td style=\"width: 16.6667%;height: 23px;text-align: center\">JUEVES<\/td>\n<td style=\"width: 16.6667%;height: 23px;text-align: center\">VIERNES<\/td>\n<\/tr>\n<tr style=\"border-color: adbdf0;background-color: adbdf0\">\n<td style=\"width: 16.6667%;height: 16px;text-align: center\">9:00 &#8211; 9:30<\/td>\n<td style=\"width: 16.6667%;height: 16px;text-align: center\">CA<\/td>\n<td style=\"width: 16.6667%;height: 16px;text-align: center\">CA<\/td>\n<td style=\"width: 16.6667%;height: 16px;text-align: center\">CA<\/td>\n<td style=\"width: 16.6667%;height: 16px;text-align: center\">CA<\/td>\n<td style=\"width: 16.6667%;height: 16px;text-align: center\">CA<\/td>\n<\/tr>\n<tr style=\"border-color: adbdf0;background-color: adbdf0\">\n<td style=\"width: 16.6667%;height: 23px;text-align: center\">9;30 &#8211; 10.30<\/td>\n<td style=\"width: 16.6667%;height: 46px;text-align: center\" rowspan=\"2\">CRR<\/td>\n<td style=\"width: 16.6667%;height: 46px;text-align: center\" rowspan=\"2\">CRR<\/td>\n<td style=\"width: 16.6667%;height: 23px;text-align: center\">CRR<\/td>\n<td style=\"width: 16.6667%;height: 23px;text-align: center\">CRR<\/td>\n<td style=\"width: 16.6667%;height: 23px;text-align: center\">CRR<\/td>\n<\/tr>\n<tr style=\"height: 23px\">\n<td style=\"width: 16.6667%;text-align: center;height: 23px\">10:30 -11:00<\/td>\n<td style=\"width: 16.6667%;height: 46px;text-align: center\" rowspan=\"2\">RELIGI\u00d3N\/ATENCI\u00d3N EDUCATIVA<\/td>\n<td style=\"width: 16.6667%;height: 23px;text-align: center\">INGL\u00c9S<\/td>\n<td style=\"width: 16.6667%;height: 46px;text-align: center\" rowspan=\"2\">DEE<\/td>\n<\/tr>\n<tr style=\"height: 23px\">\n<td style=\"width: 16.6667%;text-align: center;height: 23px\">11:00-11:30<\/td>\n<td style=\"width: 16.6667%;text-align: center;height: 23px\">CA<\/td>\n<td style=\"width: 16.6667%;text-align: center;height: 23px\">CA<\/td>\n<td style=\"width: 16.6667%;text-align: center;height: 23px\">CA<\/td>\n<\/tr>\n<tr style=\"border-color: adbdf0;background-color: adbdf0\">\n<td style=\"width: 16.6667%;height: 23px;text-align: center\">11:30- 12:00<\/td>\n<td style=\"width: 83.3335%;height: 23px;text-align: center\" colspan=\"5\">RECREO<\/td>\n<\/tr>\n<tr style=\"border-color: adbdf0;background-color: adbdf0\">\n<td style=\"width: 16.6667%;height: 23px;text-align: center\">12:00 &#8211; 12:30<\/td>\n<td style=\"width: 16.6667%;height: 23px;text-align: center\">CRR<\/td>\n<td style=\"width: 16.6667%;height: 23px;text-align: center\">INGL\u00c9S<\/td>\n<td style=\"width: 16.6667%;height: 23px;text-align: center\">RELIGI\u00d3N\/ATENCI\u00d3N EDUCATIVA<\/td>\n<td style=\"width: 16.6667%;height: 23px;text-align: center\">CRR<\/td>\n<td style=\"width: 16.6667%;height: 23px;text-align: center\">INGL\u00c9S<\/td>\n<\/tr>\n<tr style=\"height: 23px\">\n<td style=\"width: 16.6667%;text-align: center;height: 23px\">12:30-13:30<\/td>\n<td style=\"width: 16.6667%;text-align: center;height: 46px\" rowspan=\"2\">DEE<\/td>\n<td style=\"width: 16.6667%;text-align: center;height: 23px\">DEE<\/td>\n<td style=\"width: 16.6667%;text-align: center;height: 46px\" rowspan=\"2\">DEE<\/td>\n<td style=\"width: 16.6667%;text-align: center;height: 46px\" rowspan=\"2\">DEE<\/td>\n<td style=\"width: 16.6667%;text-align: center;height: 46px\" rowspan=\"2\">DEE<\/td>\n<\/tr>\n<tr style=\"height: 23px\">\n<td style=\"width: 16.6667%;text-align: center;height: 23px\">13.30-13:45<\/td>\n<td style=\"width: 16.6667%;text-align: center;height: 46px\" rowspan=\"2\">CA<\/td>\n<\/tr>\n<tr style=\"height: 23px\">\n<td style=\"width: 16.6667%;text-align: center;height: 23px\">13:45-14:00<\/td>\n<td style=\"width: 16.6667%;text-align: center;height: 23px\">CA<\/td>\n<td style=\"width: 16.6667%;text-align: center;height: 23px\">CA<\/td>\n<td style=\"width: 16.6667%;text-align: center;height: 23px\">CA<\/td>\n<td style=\"width: 16.6667%;text-align: center;height: 23px\">CA<\/td>\n<\/tr>\n<\/tbody>\n<\/table>\n<p style=\"text-align: center\"><span style=\"font-size: 8pt\"><strong><span style=\"font-size: 10pt\">CA<\/span><\/strong>= Creciendo en Armon\u00eda. <span style=\"font-size: 10pt\"><strong>DEE<\/strong><\/span>= Descubrimiento y Exploraci\u00f3n del Entorno. <strong><span style=\"font-size: 10pt\">CRR<\/span><\/strong>= Comunicaci\u00f3n y Representaci\u00f3n de la Realidad.<\/span><\/p>\n<p><strong><span style=\"font-size: 14pt\">HORARIO EI 5 A\u00d1OS<\/span><\/strong><\/p>\n<table style=\"border-collapse: collapse;width: 99.3992%;height: 161px\">\n<tbody>\n<tr style=\"background-color: #adbdf0;border-color: adbdf0\">\n<td style=\"width: 12.3006%;height: 23px;text-align: center\">HORA \/ DIA<\/td>\n<td style=\"width: 12.1327%;height: 23px;text-align: center\">LUNES<\/td>\n<td style=\"width: 11.7129%;height: 23px;text-align: center\">MARTES<\/td>\n<td style=\"width: 11.8808%;height: 23px;text-align: center\">MIERCOLES<\/td>\n<td style=\"width: 14.3997%;height: 23px;text-align: center\">JUEVES<\/td>\n<td style=\"width: 11.2511%;height: 23px;text-align: center\">VIERNES<\/td>\n<\/tr>\n<tr style=\"height: 23px\">\n<td style=\"width: 12.3006%;text-align: center;height: 23px\">9:00-9:30<\/td>\n<td style=\"width: 12.1327%;text-align: center;height: 23px\">CA<\/td>\n<td style=\"width: 11.7129%;text-align: center;height: 23px\">CA<\/td>\n<td style=\"width: 11.8808%;text-align: center;height: 23px\">CA<\/td>\n<td style=\"width: 14.3997%;text-align: center;height: 23px\">CA<\/td>\n<td style=\"width: 11.2511%;text-align: center;height: 23px\">CA<\/td>\n<\/tr>\n<tr style=\"height: 23px\">\n<td style=\"width: 12.3006%;text-align: center;height: 23px\">9:30-11:30<\/td>\n<td style=\"width: 12.1327%;text-align: center;height: 23px\">CRR<\/td>\n<td style=\"width: 11.7129%;text-align: center;height: 23px\">CRR<\/td>\n<td style=\"width: 11.8808%;text-align: center;height: 23px\">CRR<\/td>\n<td style=\"width: 14.3997%;text-align: center;height: 23px\">CRR<\/td>\n<td style=\"width: 11.2511%;text-align: center;height: 23px\">CRR<\/td>\n<\/tr>\n<tr style=\"height: 23px\">\n<td style=\"width: 12.3006%;text-align: center;height: 23px\">11:30-12:00<\/td>\n<td style=\"width: 12.1327%;text-align: center;height: 23px\" colspan=\"5\">RECREO<\/td>\n<\/tr>\n<tr style=\"height: 23px\">\n<td style=\"width: 12.3006%;text-align: center;height: 23px\">12:00-12:30<\/td>\n<td style=\"width: 12.1327%;text-align: center;height: 23px\">INGL\u00c9S<\/td>\n<td style=\"width: 11.7129%;text-align: center;height: 23px\" rowspan=\"2\">DEE<\/td>\n<td style=\"width: 11.8808%;text-align: center;height: 23px\">INGL\u00c9S<\/td>\n<td style=\"width: 14.3997%;text-align: center;height: 23px\">INGL\u00c9S<\/td>\n<td style=\"width: 11.2511%;text-align: center;height: 23px\">DEE<\/td>\n<\/tr>\n<tr style=\"height: 23px\">\n<td style=\"width: 12.3006%;text-align: center;height: 23px\">12:30-13:45<\/td>\n<td style=\"width: 12.1327%;text-align: center;height: 23px\">DEE<\/td>\n<td style=\"width: 11.8808%;text-align: center;height: 23px\">DEE<\/td>\n<td style=\"width: 14.3997%;text-align: center;height: 23px\">DEE<\/td>\n<td style=\"width: 11.2511%;text-align: center;height: 46px\" rowspan=\"2\">RELIGI\u00d3N\/ATENCI\u00d3N EDUCATIVA<\/td>\n<\/tr>\n<tr style=\"height: 23px\">\n<td style=\"width: 12.3006%;text-align: center;height: 23px\">13:45-14:00<\/td>\n<td style=\"width: 12.1327%;text-align: center;height: 23px\">CA<\/td>\n<td style=\"width: 11.7129%;text-align: center;height: 23px\">CA<\/td>\n<td style=\"width: 11.8808%;text-align: center;height: 23px\">CA<\/td>\n<td style=\"width: 14.3997%;text-align: center;height: 23px\">CA<\/td>\n<\/tr>\n<\/tbody>\n<\/table>\n<p style=\"text-align: center\"><span style=\"font-size: 8pt\"><strong><span style=\"font-size: 10pt\">CA<\/span><\/strong>= Creciendo en Armon\u00eda. <span style=\"font-size: 10pt\"><strong>DEE<\/strong><\/span>= Descubrimiento y Exploraci\u00f3n del Entorno. <strong><span style=\"font-size: 10pt\">CRR<\/span><\/strong>= Comunicaci\u00f3n y Representaci\u00f3n de la Realidad.<\/span><\/p>\n<p>&nbsp;<\/p>\n<p><strong><span style=\"font-size: 14pt\">LISTA DE MATERIALES.<\/span><\/strong><\/p>\n<p>La aportaci\u00f3n de materiales se organiza desde la actuaci\u00f3n de las Madres Delegadas con la maestra de sus respectivo curso.<\/p>\n","protected":false},"excerpt":{"rendered":"<p>LIBROS DE TEXTO. El ciclo funciona a trav\u00e9s de Trabajos por Proyectos elaborados desde el propio profesorado. HORARIO EI 3 A\u00d1OS HORA \/ DIA LUNES MARTES MIERCOLES JUEVES VIERNES 9:00-10:00 CA CA CA CA CA 10:00-10:30 INGL\u00c9S CRR INGL\u00c9S DEE INGL\u00c9S 10:30-11:00 DEE RELIGI\u00d3N\/ATENCI\u00d3N EDUCATIVA CA DEE 11:00-11:30 CA CA CA 11:30-12:00 RECREO 12:00-12:30 DEE [&hellip;]<\/p>\n","protected":false},"author":17575,"featured_media":0,"parent":0,"menu_order":0,"comment_status":"closed","ping_status":"closed","template":"","meta":{"_et_pb_use_builder":"","_et_pb_old_content":"","_et_gb_content_width":"","ngg_post_thumbnail":0,"footnotes":""},"aioseo_notices":[],"_links":{"self":[{"href":"https:\/\/blogsaverroes.juntadeandalucia.es\/ceipsantiagolalinea\/wp-json\/wp\/v2\/pages\/1719"}],"collection":[{"href":"https:\/\/blogsaverroes.juntadeandalucia.es\/ceipsantiagolalinea\/wp-json\/wp\/v2\/pages"}],"about":[{"href":"https:\/\/blogsaverroes.juntadeandalucia.es\/ceipsantiagolalinea\/wp-json\/wp\/v2\/types\/page"}],"author":[{"embeddable":true,"href":"https:\/\/blogsaverroes.juntadeandalucia.es\/ceipsantiagolalinea\/wp-json\/wp\/v2\/users\/17575"}],"replies":[{"embeddable":true,"href":"https:\/\/blogsaverroes.juntadeandalucia.es\/ceipsantiagolalinea\/wp-json\/wp\/v2\/comments?post=1719"}],"version-history":[{"count":19,"href":"https:\/\/blogsaverroes.juntadeandalucia.es\/ceipsantiagolalinea\/wp-json\/wp\/v2\/pages\/1719\/revisions"}],"predecessor-version":[{"id":3784,"href":"https:\/\/blogsaverroes.juntadeandalucia.es\/ceipsantiagolalinea\/wp-json\/wp\/v2\/pages\/1719\/revisions\/3784"}],"wp:attachment":[{"href":"https:\/\/blogsaverroes.juntadeandalucia.es\/ceipsantiagolalinea\/wp-json\/wp\/v2\/media?parent=1719"}],"curies":[{"name":"wp","href":"https:\/\/api.w.org\/{rel}","templated":true}]}}