{"id":2500,"date":"2024-02-19T22:22:49","date_gmt":"2024-02-19T21:22:49","guid":{"rendered":"https:\/\/blogsaverroes.juntadeandalucia.es\/ceipsantiagolalinea\/?page_id=2500"},"modified":"2025-11-06T11:47:54","modified_gmt":"2025-11-06T10:47:54","slug":"proyecto-educativo-de-centro","status":"publish","type":"page","link":"https:\/\/blogsaverroes.juntadeandalucia.es\/ceipsantiagolalinea\/proyecto-educativo-de-centro\/","title":{"rendered":"PROYECTO EDUCATIVO DE CENTRO"},"content":{"rendered":"<p><span style=\"font-size: 24px\"><b>Para consultar el Proyecto Educativo puede pinchar en cada uno de los cap\u00edtulos.<\/b><\/span><\/p>\n<ol>\n<li><a href=\"https:\/\/blogsaverroes.juntadeandalucia.es\/ceipsantiagolalinea\/files\/2025\/11\/1.-Contextualizacion.pdf\"><span style=\"font-size: 14pt\">CONTEXTUALIZACI\u00d3N.<\/span><\/a><\/li>\n<li><a href=\"https:\/\/blogsaverroes.juntadeandalucia.es\/ceipsantiagolalinea\/files\/2024\/11\/2.-Lineas-generales-de-actuacion-pedagogica.pdf\"><span style=\"font-size: 14pt\">L\u00cdNEAS PEDAG\u00d3GICAS.<\/span><\/a><\/li>\n<li><a href=\"https:\/\/blogsaverroes.juntadeandalucia.es\/ceipsantiagolalinea\/files\/2024\/11\/3.-Notas-de-identidad-del-centro-educativo.pdf\"><span style=\"font-size: 14pt\">NOTAS DE IDENTIDAD.<\/span><\/a><\/li>\n<li><a href=\"https:\/\/blogsaverroes.juntadeandalucia.es\/ceipsantiagolalinea\/files\/2024\/11\/4.-Objetivos-propios-para-la-mejora-del-rendimiento-escolar.pdf\"><span style=\"font-size: 14pt\">OBJETIVOS DEL PROPIO CENTRO EDUCATIVO.<\/span><\/a><\/li>\n<li><a href=\"https:\/\/blogsaverroes.juntadeandalucia.es\/ceipsantiagolalinea\/files\/2024\/11\/5.-Concrecion-de-los-contenidos.pdf\"><span style=\"font-size: 14pt\">CONCRECI\u00d3N DE LOS CONTENIDOS.<\/span><\/a><\/li>\n<li><a href=\"https:\/\/blogsaverroes.juntadeandalucia.es\/ceipsantiagolalinea\/files\/2024\/11\/6.-Evaluacion.pdf\"><span style=\"font-size: 14pt\">EVALUACI\u00d3N.<\/span><\/a><\/li>\n<li><a href=\"https:\/\/blogsaverroes.juntadeandalucia.es\/ceipsantiagolalinea\/files\/2024\/11\/7.-Criterios-pedagogicos-para-la-determinacion-de-los-organos-de-coordinacion-docente-del-centro-y-del-horario-de-dedicacion-de-las-personas-responsables.pdf\"><span style=\"font-size: 14pt\">CRITERIOS PEDAG\u00d3GICOS PARA LA DETERMINACI\u00d3N DEL HORARIO DE DEDICACI\u00d3N DE LAS PERSONAS RESPONSABLES DE LOS \u00d3RGANOS DE COORDINACI\u00d3N DOCENTE.<\/span><\/a><\/li>\n<li><a href=\"https:\/\/blogsaverroes.juntadeandalucia.es\/ceipsantiagolalinea\/files\/2024\/11\/8.-Plan-de-Atencion-a-la-Diversidad.pdf\"><span style=\"font-size: 14pt\">PLAN DE ATENCI\u00d3N A&nbsp; LA DIVERSIDAD.<\/span><\/a><\/li>\n<li><span style=\"font-size: 14pt\"><a href=\"https:\/\/blogsaverroes.juntadeandalucia.es\/ceipsantiagolalinea\/files\/2024\/11\/9.-La-organizacion-de-las-actividades-de-refuerzo-y-recuperacion.pdf\">ORGANIZACI\u00d3N DE LAS ACTIVIDADES DE REFUERZO Y RECUPERACI\u00d3N.<\/a><\/span><\/li>\n<li><a href=\"https:\/\/blogsaverroes.juntadeandalucia.es\/ceipsantiagolalinea\/files\/2024\/11\/10.-Plan-de-Orientacion-y-Accion-Tutorial.docx.pdf\"><span style=\"font-size: 14pt\">PLAN DE ORIENTACI\u00d3N Y ACCI\u00d3N TUTORIAL.<\/span><\/a><\/li>\n<li><a href=\"https:\/\/blogsaverroes.juntadeandalucia.es\/ceipsantiagolalinea\/files\/2024\/11\/11.-Plan-de-Convivencia.pdf\"><span style=\"font-size: 14pt\">PLAN DE CONVIVENCIA.<\/span><\/a><\/li>\n<li><a href=\"https:\/\/blogsaverroes.juntadeandalucia.es\/ceipsantiagolalinea\/files\/2024\/11\/12.-Criterios-y-Procedimientos-para-la-elaboracion-de-las-Propuestas-Pedagogicas-y-Programaciones-Didacticas.pdf\"><span style=\"font-size: 14pt\">CRITERIOS Y PROCEDIMIENTOS PARA LA ELABORACI\u00d3N DE LAS PROPUESTAS PEDAG\u00d3GICAS Y LA PROGRAMACI\u00d3NES DID\u00c1CTICAS.<\/span><\/a><\/li>\n<li><a href=\"https:\/\/blogsaverroes.juntadeandalucia.es\/ceipsantiagolalinea\/files\/2025\/11\/13.-Plan-de-Formacion-del-Profesorado.pdf\"><span style=\"font-size: 14pt\">PLAN DE FORMACI\u00d3N DEL PROFESORADO.<\/span><\/a><\/li>\n<li><a href=\"https:\/\/blogsaverroes.juntadeandalucia.es\/ceipsantiagolalinea\/files\/2025\/11\/14.-Criterios-para-organizar-el-tiempo-escolar.pdf\"><span style=\"font-size: 14pt\">CRITERIOS PARA LA ORGANIZACION DEL TIEMPO ESCOLAR.<\/span><\/a><\/li>\n<li><a href=\"https:\/\/blogsaverroes.juntadeandalucia.es\/ceipsantiagolalinea\/files\/2025\/11\/15.-Procedimientos-de-evaluacion-interna.pdf\"><span style=\"font-size: 14pt\">PROCEDIMIENTOS DE EVALUACI\u00d3N INTERNA.<\/span><\/a><\/li>\n<li><a href=\"https:\/\/blogsaverroes.juntadeandalucia.es\/ceipsantiagolalinea\/files\/2024\/11\/16.-Planes-estrategicos-que-en-su-caso-se-desarrollen-en-el-centro.pdf\"><span style=\"font-size: 14pt\">PLANES Y PROGRAMAS EDUCATIVOS.<\/span><\/a><\/li>\n<\/ol>\n<p>&nbsp;<\/p>\n","protected":false},"excerpt":{"rendered":"<p>Para consultar el Proyecto Educativo puede pinchar en cada uno de los cap\u00edtulos. CONTEXTUALIZACI\u00d3N. L\u00cdNEAS PEDAG\u00d3GICAS. NOTAS DE IDENTIDAD. OBJETIVOS DEL PROPIO CENTRO EDUCATIVO. CONCRECI\u00d3N DE LOS CONTENIDOS. EVALUACI\u00d3N. CRITERIOS PEDAG\u00d3GICOS PARA LA DETERMINACI\u00d3N DEL HORARIO DE DEDICACI\u00d3N DE LAS PERSONAS RESPONSABLES DE LOS \u00d3RGANOS DE COORDINACI\u00d3N DOCENTE. PLAN DE ATENCI\u00d3N A&nbsp; LA DIVERSIDAD. ORGANIZACI\u00d3N [&hellip;]<\/p>\n","protected":false},"author":17575,"featured_media":0,"parent":0,"menu_order":0,"comment_status":"closed","ping_status":"closed","template":"","meta":{"_et_pb_use_builder":"","_et_pb_old_content":"","_et_gb_content_width":"","ngg_post_thumbnail":0,"footnotes":""},"aioseo_notices":[],"_links":{"self":[{"href":"https:\/\/blogsaverroes.juntadeandalucia.es\/ceipsantiagolalinea\/wp-json\/wp\/v2\/pages\/2500"}],"collection":[{"href":"https:\/\/blogsaverroes.juntadeandalucia.es\/ceipsantiagolalinea\/wp-json\/wp\/v2\/pages"}],"about":[{"href":"https:\/\/blogsaverroes.juntadeandalucia.es\/ceipsantiagolalinea\/wp-json\/wp\/v2\/types\/page"}],"author":[{"embeddable":true,"href":"https:\/\/blogsaverroes.juntadeandalucia.es\/ceipsantiagolalinea\/wp-json\/wp\/v2\/users\/17575"}],"replies":[{"embeddable":true,"href":"https:\/\/blogsaverroes.juntadeandalucia.es\/ceipsantiagolalinea\/wp-json\/wp\/v2\/comments?post=2500"}],"version-history":[{"count":12,"href":"https:\/\/blogsaverroes.juntadeandalucia.es\/ceipsantiagolalinea\/wp-json\/wp\/v2\/pages\/2500\/revisions"}],"predecessor-version":[{"id":5866,"href":"https:\/\/blogsaverroes.juntadeandalucia.es\/ceipsantiagolalinea\/wp-json\/wp\/v2\/pages\/2500\/revisions\/5866"}],"wp:attachment":[{"href":"https:\/\/blogsaverroes.juntadeandalucia.es\/ceipsantiagolalinea\/wp-json\/wp\/v2\/media?parent=2500"}],"curies":[{"name":"wp","href":"https:\/\/api.w.org\/{rel}","templated":true}]}}