{"id":6584,"date":"2026-04-01T08:16:01","date_gmt":"2026-04-01T07:16:01","guid":{"rendered":"https:\/\/blogsaverroes.juntadeandalucia.es\/ceipsantiagolalinea\/?page_id=6584"},"modified":"2026-04-01T08:16:01","modified_gmt":"2026-04-01T07:16:01","slug":"escuelas-visuales","status":"publish","type":"page","link":"https:\/\/blogsaverroes.juntadeandalucia.es\/ceipsantiagolalinea\/escuelas-visuales\/","title":{"rendered":"Escuelas Visuales"},"content":{"rendered":"<p><img loading=\"lazy\" decoding=\"async\" class=\"size-full wp-image-6585 alignleft\" src=\"https:\/\/blogsaverroes.juntadeandalucia.es\/ceipsantiagolalinea\/files\/2026\/04\/Esxcuelas-Visuales.jpg\" alt=\"\" width=\"200\" height=\"200\" srcset=\"https:\/\/blogsaverroes.juntadeandalucia.es\/ceipsantiagolalinea\/files\/2026\/04\/Esxcuelas-Visuales.jpg 200w, https:\/\/blogsaverroes.juntadeandalucia.es\/ceipsantiagolalinea\/files\/2026\/04\/Esxcuelas-Visuales-150x150.jpg 150w\" sizes=\"(max-width: 200px) 100vw, 200px\" \/><\/p>\n<p style=\"text-align: left\">El programa educativo \u201cEscuelas Visuales\u201d tiene como objetivo principal crear una educaci\u00f3n inclusiva a trav\u00e9s del uso de herramientas visuales.<br \/>\nCada curso escolar el programa detecta el punto de partida del centro, formando y asesorando de forma personalizada a los maestros y maestras y acompa\u00f1\u00e1ndolos hasta que las herramientas visuales formen parte del d\u00eda a d\u00eda del centro.<br \/>\nLa implementaci\u00f3n de este programa, coordinada por el maestro D. Carlos Flores Valle, maestro de PT del centro educativo, se realizar\u00e1 a lo largo de este curso escolar a trav\u00e9s de diferentes procesos cuyo producto final formar\u00e1 parte de la vida del colegio con nuevas formas de comunicaci\u00f3n para el alumnado, dando una gran importancia al soporte visual como medio de comunicaci\u00f3n r\u00e1pido, sencillo y sobre todo eficaz.<br \/>\nAdem\u00e1s, con esta iniciativa nuestro colegio reafirma su compromiso con una educaci\u00f3n de calidad, inclusiva y equitativa, que garantice la participaci\u00f3n y el aprendizaje de todo el alumnado, respetando la diversidad y promoviendo la igualdad de oportunidades. De esta forma, el centro avanza hacia un modelo educativo innovador, accesible y centrado en las necesidades reales de su alumnado.<\/p>\n","protected":false},"excerpt":{"rendered":"<p>El programa educativo \u201cEscuelas Visuales\u201d tiene como objetivo principal crear una educaci\u00f3n inclusiva a trav\u00e9s del uso de herramientas visuales. Cada curso escolar el programa detecta el punto de partida del centro, formando y asesorando de forma personalizada a los maestros y maestras y acompa\u00f1\u00e1ndolos hasta que las herramientas visuales formen parte del d\u00eda a [&hellip;]<\/p>\n","protected":false},"author":17575,"featured_media":0,"parent":0,"menu_order":0,"comment_status":"closed","ping_status":"closed","template":"","meta":{"_et_pb_use_builder":"","_et_pb_old_content":"","_et_gb_content_width":"","ngg_post_thumbnail":0,"footnotes":""},"aioseo_notices":[],"_links":{"self":[{"href":"https:\/\/blogsaverroes.juntadeandalucia.es\/ceipsantiagolalinea\/wp-json\/wp\/v2\/pages\/6584"}],"collection":[{"href":"https:\/\/blogsaverroes.juntadeandalucia.es\/ceipsantiagolalinea\/wp-json\/wp\/v2\/pages"}],"about":[{"href":"https:\/\/blogsaverroes.juntadeandalucia.es\/ceipsantiagolalinea\/wp-json\/wp\/v2\/types\/page"}],"author":[{"embeddable":true,"href":"https:\/\/blogsaverroes.juntadeandalucia.es\/ceipsantiagolalinea\/wp-json\/wp\/v2\/users\/17575"}],"replies":[{"embeddable":true,"href":"https:\/\/blogsaverroes.juntadeandalucia.es\/ceipsantiagolalinea\/wp-json\/wp\/v2\/comments?post=6584"}],"version-history":[{"count":1,"href":"https:\/\/blogsaverroes.juntadeandalucia.es\/ceipsantiagolalinea\/wp-json\/wp\/v2\/pages\/6584\/revisions"}],"predecessor-version":[{"id":6586,"href":"https:\/\/blogsaverroes.juntadeandalucia.es\/ceipsantiagolalinea\/wp-json\/wp\/v2\/pages\/6584\/revisions\/6586"}],"wp:attachment":[{"href":"https:\/\/blogsaverroes.juntadeandalucia.es\/ceipsantiagolalinea\/wp-json\/wp\/v2\/media?parent=6584"}],"curies":[{"name":"wp","href":"https:\/\/api.w.org\/{rel}","templated":true}]}}