{"id":840,"date":"2020-12-18T08:38:52","date_gmt":"2020-12-18T07:38:52","guid":{"rendered":"https:\/\/blogsaverroes.juntadeandalucia.es\/pre\/plantilla-pencil\/?page_id=840"},"modified":"2023-09-19T09:10:33","modified_gmt":"2023-09-19T08:10:33","slug":"ampa","status":"publish","type":"page","link":"https:\/\/blogsaverroes.juntadeandalucia.es\/ceipsantiagolalinea\/ampa\/","title":{"rendered":"AMPA"},"content":{"rendered":"<p>[et_pb_section fb_built=&#8221;1&#8243; _builder_version=&#8221;4.14.5&#8243; background_color=&#8221;#FFFFFF&#8221; custom_padding=&#8221;0px||0px|&#8221; z_index_tablet=&#8221;500&#8243; box_shadow_horizontal_tablet=&#8221;0px&#8221; box_shadow_vertical_tablet=&#8221;0px&#8221; box_shadow_blur_tablet=&#8221;40px&#8221; box_shadow_spread_tablet=&#8221;0px&#8221; global_colors_info=&#8221;{}&#8221;][et_pb_row _builder_version=&#8221;3.25&#8243; background_size=&#8221;initial&#8221; background_position=&#8221;top_left&#8221; background_repeat=&#8221;repeat&#8221; hover_enabled=&#8221;0&#8243; global_colors_info=&#8221;{}&#8221; sticky_enabled=&#8221;0&#8243;][et_pb_column type=&#8221;4_4&#8243; _builder_version=&#8221;3.25&#8243; custom_padding=&#8221;|||&#8221; global_colors_info=&#8221;{}&#8221; custom_padding__hover=&#8221;|||&#8221;][et_pb_image src=&#8221;https:\/\/blogsaverroes.juntadeandalucia.es\/ceipsantiagolalinea\/files\/2023\/03\/AMPA-JARDINES-4.jpg&#8221; title_text=&#8221;AMPA JARDINES&#8221; admin_label=&#8221;Imagen de la portada&#8221; _builder_version=&#8221;4.14.5&#8243; z_index_tablet=&#8221;500&#8243; box_shadow_horizontal_tablet=&#8221;0px&#8221; box_shadow_vertical_tablet=&#8221;0px&#8221; box_shadow_blur_tablet=&#8221;40px&#8221; box_shadow_spread_tablet=&#8221;0px&#8221; global_colors_info=&#8221;{}&#8221;][\/et_pb_image][et_pb_text admin_label=&#8221;Texto descriptivo&#8221; _builder_version=&#8221;4.14.5&#8243; hover_enabled=&#8221;0&#8243; z_index_tablet=&#8221;500&#8243; text_text_shadow_horizontal_length_tablet=&#8221;0px&#8221; text_text_shadow_vertical_length_tablet=&#8221;0px&#8221; text_text_shadow_blur_strength_tablet=&#8221;1px&#8221; link_text_shadow_horizontal_length_tablet=&#8221;0px&#8221; link_text_shadow_vertical_length_tablet=&#8221;0px&#8221; link_text_shadow_blur_strength_tablet=&#8221;1px&#8221; ul_text_shadow_horizontal_length_tablet=&#8221;0px&#8221; ul_text_shadow_vertical_length_tablet=&#8221;0px&#8221; ul_text_shadow_blur_strength_tablet=&#8221;1px&#8221; ol_text_shadow_horizontal_length_tablet=&#8221;0px&#8221; ol_text_shadow_vertical_length_tablet=&#8221;0px&#8221; ol_text_shadow_blur_strength_tablet=&#8221;1px&#8221; quote_text_shadow_horizontal_length_tablet=&#8221;0px&#8221; quote_text_shadow_vertical_length_tablet=&#8221;0px&#8221; quote_text_shadow_blur_strength_tablet=&#8221;1px&#8221; header_text_shadow_horizontal_length_tablet=&#8221;0px&#8221; header_text_shadow_vertical_length_tablet=&#8221;0px&#8221; header_text_shadow_blur_strength_tablet=&#8221;1px&#8221; header_2_text_shadow_horizontal_length_tablet=&#8221;0px&#8221; header_2_text_shadow_vertical_length_tablet=&#8221;0px&#8221; header_2_text_shadow_blur_strength_tablet=&#8221;1px&#8221; header_3_text_shadow_horizontal_length_tablet=&#8221;0px&#8221; header_3_text_shadow_vertical_length_tablet=&#8221;0px&#8221; header_3_text_shadow_blur_strength_tablet=&#8221;1px&#8221; header_4_text_shadow_horizontal_length_tablet=&#8221;0px&#8221; header_4_text_shadow_vertical_length_tablet=&#8221;0px&#8221; header_4_text_shadow_blur_strength_tablet=&#8221;1px&#8221; header_5_text_shadow_horizontal_length_tablet=&#8221;0px&#8221; header_5_text_shadow_vertical_length_tablet=&#8221;0px&#8221; header_5_text_shadow_blur_strength_tablet=&#8221;1px&#8221; header_6_text_shadow_horizontal_length_tablet=&#8221;0px&#8221; header_6_text_shadow_vertical_length_tablet=&#8221;0px&#8221; header_6_text_shadow_blur_strength_tablet=&#8221;1px&#8221; box_shadow_horizontal_tablet=&#8221;0px&#8221; box_shadow_vertical_tablet=&#8221;0px&#8221; box_shadow_blur_tablet=&#8221;40px&#8221; box_shadow_spread_tablet=&#8221;0px&#8221; global_colors_info=&#8221;{}&#8221; sticky_enabled=&#8221;0&#8243;]<\/p>\n<h2 style=\"text-align: center\"><strong>AMPA &#8220;JARDINES&#8221;.<\/strong><\/h2>\n<p class=\"Estilo23\">Los padres y madres de los alumnos de nuestro centro pueden participar en el mismo a trav\u00e9s de la Asociaci\u00f3n de Madres y Padres de Alumnos &#8220;Jardines&#8221;<\/p>\n<p class=\"Estilo25\" style=\"text-align: center\"><strong><em>\u00bfQU\u00c9 ES UNA AMPA?<\/em><\/strong><\/p>\n<p class=\"Estilo25\"><img loading=\"lazy\" decoding=\"async\" class=\"aligncenter\" src=\"http:\/\/www.ceipsantiagolalinea.es\/Imagenes\/9879rty.gif\" width=\"139\" height=\"123\"><\/p>\n<p class=\"Estilo16 Estilo24\" align=\"justify\">Se trata de una asociaci\u00f3n que re\u00fane a las madres y padres de los alumnos de un centro escolar para trabajar juntos por una mejor educaci\u00f3n para sus hijos, dentro de un clima natural y adecuado.<\/p>\n<p class=\"Estilo25\" style=\"text-align: center\"><strong><em>\u00bfPOR QU\u00c9 ES NECESARIA?<\/em><\/strong><\/p>\n<p class=\"Estilo25\"><img loading=\"lazy\" decoding=\"async\" class=\"aligncenter\" src=\"http:\/\/www.ceipsantiagolalinea.es\/Imagenes\/mix_073.gif\" width=\"84\" height=\"112\"><\/p>\n<p class=\"Estilo23\" align=\"justify\">Es importante que las madres y padres de los alumnos se impliquen en colaborar en el colegio donde cada d\u00eda aprenden su hijos\/as y conviven con otros alumnos\/as. Adem\u00e1s debe existir alg\u00fan organismo o asociaci\u00f3n que vele por el cumplimiento de una educaci\u00f3n de calidad de los alumnos\/as y que no tenga otro inter\u00e9s que el bien de sus hijos\/as.<\/p>\n<p class=\"Estilo25\" style=\"text-align: center\"><em><strong>\u00bfQU\u00c9 OBJETIVOS TIENE EL AMPA &#8220;JARDINES&#8221;?<\/strong><\/em><\/p>\n<p class=\"Estilo25\"><img loading=\"lazy\" decoding=\"async\" class=\"aligncenter\" src=\"http:\/\/www.ceipsantiagolalinea.es\/Imagenes\/dardomovil.gif\" width=\"75\" height=\"63\"><\/p>\n<p class=\"Estilo23\" align=\"justify\">Sus objetivos son sencillos. Participar en la vida escolar ayudando en diferentes actividades y velar porque las Administraciones locales y provinciales se esfuercen por dar una educaci\u00f3n de calidad en un marco lo m\u00e1s id\u00f3neo posible. Todo ello participando en las decisiones que la leyes vigentes le permita y haci\u00e9ndose visible en la vida del centro. Adem\u00e1s se encarga de asesorar y ayudar a otros padres en la educaci\u00f3n de sus hijos\/as en relaci\u00f3n al colegio.<\/p>\n<p class=\"Estilo25\" style=\"text-align: center\"><em><strong>\u00bfC\u00d3MO PARTICIPAR?<\/strong><\/em><\/p>\n<p class=\"Estilo25\"><img loading=\"lazy\" decoding=\"async\" class=\"aligncenter\" src=\"http:\/\/www.ceipsantiagolalinea.es\/Imagenes\/3x2cv1b.gif\" width=\"75\" height=\"75\"><\/p>\n<p class=\"Estilo23\" align=\"justify\">La pertenencia a la asociaci\u00f3n es voluntaria y s\u00f3lo es necesario acudir a sus convocatorias y a cuantas actividades se lleven a cabo por parte de \u00e9sta, solicitando ayuda de los padres.<\/p>\n<p class=\"Estilo25\" style=\"text-align: center\"><strong><em>\u00bfC\u00d3MO CONTACTAR PARA RECIBIR INFORMACION?<\/em><\/strong><\/p>\n<p class=\"Estilo25\"><img loading=\"lazy\" decoding=\"async\" class=\"aligncenter\" src=\"http:\/\/www.ceipsantiagolalinea.es\/Imagenes\/cephone.gif\" width=\"100\" height=\"82\"><\/p>\n<p class=\"Estilo23\" align=\"justify\">Para recibir informaci\u00f3n pueden ponerse en contacto con su Presidenta a trav\u00e9s de la Secretar\u00eda del centro escolar o en la direcci\u00f3n de correo:<\/p>\n<p class=\"Estilo23\" align=\"center\"><a href=\"mailto:ampa.jardines@gmail.com\">ampajardinesceipsantiago@gmail.com<\/a><\/p>\n<p class=\"Estilo23\" align=\"center\"><a href=\"https:\/\/www.facebook.com\/ampa.jardines.71\">Facebook AMPA Jardines<\/a><\/p>\n<p class=\"Estilo23\" align=\"justify\">Adem\u00e1s el horario de atenci\u00f3n a padres\/madres de alumnos\/as dentro del propio centro este curso escolar ser\u00e1 los martes y jueves de&nbsp; 9:00 a 9:30:30..<\/p>\n<p class=\"Estilo25\" style=\"text-align: center\"><em><strong>\u00bfCUALES SON SUS ACTIVIDADES?<\/strong><\/em><\/p>\n<p class=\"Estilo25\"><img loading=\"lazy\" decoding=\"async\" class=\"aligncenter\" src=\"http:\/\/www.ceipsantiagolalinea.es\/Imagenes\/Halterofilia-44.gif\" width=\"100\" height=\"88\"><\/p>\n<p class=\"Estilo23\" align=\"center\">La AMPA de nuestro colegio realiza numerosas actividades a lo largo de cada curso escolar.<\/p>\n<p class=\"Estilo23\" align=\"center\">Os resumimos las m\u00e1s destacadas.<\/p>\n<p class=\"Estilo23\" align=\"center\">D\u00eda de la Casta\u00f1a y celebraci\u00f3n Halloween.<\/p>\n<p class=\"Estilo23\" align=\"center\">Fiesta de la Constituci\u00f3n.<\/p>\n<p class=\"Estilo23\" align=\"center\">Celebraci\u00f3n Navide\u00f1a mediante adornos, concurso de felicitaciones navide\u00f1as, visita de los Reyes Magos y reparto de regalos.<\/p>\n<p class=\"Estilo23\" align=\"center\">Convivencia de Navidad para madres y padres de alumnos.<\/p>\n<p class=\"Estilo23\" align=\"center\">Colaboraci\u00f3n en la celebraci\u00f3n del D\u00eda de la Paz y la No violencia.<\/p>\n<p class=\"Estilo23\" align=\"center\">D\u00eda de Andaluc\u00eda.<\/p>\n<p class=\"Estilo23\" align=\"center\">Actividades de carnaval.<\/p>\n<p class=\"Estilo23\" align=\"center\">D\u00eda de la familia.<\/p>\n<p align=\"center\">D\u00eda contra el c\u00e1ncer infantil.<\/p>\n<p class=\"Estilo23\" align=\"center\">Cena despedida alumnos de 6\u00ba curso.<\/p>\n<p class=\"Estilo23\" align=\"center\">Actuaciones Final de curso.<\/p>\n<p class=\"Estilo23\" align=\"justify\">Pero adem\u00e1s de estas actividades organizadas para los alumnos, la Asociaci\u00f3n lleva a cabo una Escuela de Padres donde se orienta y ayuda a las madres y padres de alumnos en la educaci\u00f3n de sus hijos\/as.<\/p>\n<p class=\"Estilo25\" style=\"text-align: center\"><strong><em>\u00bfC\u00d3MO SUFRAGAN ESTAS ACTIVIDADES?<\/em><\/strong><\/p>\n<p class=\"Estilo25\"><img loading=\"lazy\" decoding=\"async\" class=\"aligncenter\" src=\"http:\/\/www.ceipsantiagolalinea.es\/Imagenes\/pir3.gif\" width=\"152\" height=\"125\"><\/p>\n<p class=\"Estilo23\" align=\"justify\">La Asociaci\u00f3n se autofinancia a trav\u00e9s de las cuotas de las madres y padres de alumnos. Se abona una sola cantidad de 12 euros por familia en las oficinas de la Caixa. Adem\u00e1s tambi\u00e9n realizan la venta de participaciones de Navidad y ponen a la venta los babis y el uniforme de verano de los alumnos de E. Infantil. La Asociaci\u00f3n no recibe financiaci\u00f3n p\u00fablica ni privada y todos sus ingresos se destinan exclusivamente a actividades con el alumnado.<\/p>\n<p class=\"Estilo25\" style=\"text-align: center\"><em><strong>\u00bfQUIENES FORMAN SU JUNTA DIRECTIVA?<\/strong><\/em><\/p>\n<p class=\"Estilo25\"><img loading=\"lazy\" decoding=\"async\" class=\"aligncenter\" src=\"http:\/\/www.ceipsantiagolalinea.es\/Imagenes\/a_singer_e0.gif\" width=\"160\" height=\"159\"><\/p>\n<p class=\"Estilo23\" align=\"justify\">La Junta Directiva es el conjunto de personas que gestionan directamente los fondos de la asociaci\u00f3n y organizan las actividades. Sus miembros son designados por la Asamblea junto con el nombramiento de la Presidencia.<\/p>\n<p class=\"Estilo23\" align=\"center\">Actualmente la Junta Direrctiva de la AMPA &#8220;Jardines&#8221; est\u00e1 formada por:<\/p>\n<p class=\"Estilo23\" align=\"center\">D\u00f1a. Jennifer Mart\u00ednez como Presidenta.<\/p>\n<p align=\"center\">D\u00f1a. Joaquina Barrul Barrul, como Vicepresidenta.<\/p>\n<p class=\"Estilo23\" align=\"center\">D\u00f1a. Ana Roc\u00edo Carrasco Alcedo, como Secretaria.<\/p>\n<p class=\"Estilo23\" align=\"center\">D\u00f1a. Patricia Arroyo Pescada, como Tesorera.<\/p>\n<p align=\"center\">D\u00f1a. Araceli Becerra Aguilar, como vocal.<\/p>\n<p align=\"center\">D\u00f1a. Manuela Enciso V\u00e1zquez, como vocal.<\/p>\n<p align=\"center\">D\u00f1a. Amaranta Garc\u00eda Del R\u00edo, como vocal.<\/p>\n<p align=\"center\">D\u00f1a. Lorena Montiel Alonso como vocal.<\/p>\n<p align=\"center\">D\u00f1a. Mar\u00eda Perla Pi\u00f1er Aguiar, como vocal.&nbsp;<\/p>\n<p align=\"center\">&nbsp;<\/p>\n<p class=\"Estilo23\" align=\"center\">&nbsp;<\/p>\n<p>&nbsp;<\/p>\n<p>[\/et_pb_text][\/et_pb_column][\/et_pb_row][et_pb_row _builder_version=&#8221;4.14.5&#8243; _module_preset=&#8221;default&#8221; hover_enabled=&#8221;0&#8243; global_colors_info=&#8221;{}&#8221; sticky_enabled=&#8221;0&#8243;][et_pb_column type=&#8221;4_4&#8243; _builder_version=&#8221;4.14.5&#8243; _module_preset=&#8221;default&#8221; global_colors_info=&#8221;{}&#8221;][\/et_pb_column][\/et_pb_row][\/et_pb_section]<\/p>\n","protected":false},"excerpt":{"rendered":"<p>AMPA &#8220;JARDINES&#8221;. Los padres y madres de los alumnos de nuestro centro pueden participar en el mismo a trav\u00e9s de la Asociaci\u00f3n de Madres y Padres de Alumnos &#8220;Jardines&#8221; \u00bfQU\u00c9 ES UNA AMPA? Se trata de una asociaci\u00f3n que re\u00fane a las madres y padres de los alumnos de un centro escolar para trabajar juntos [&hellip;]<\/p>\n","protected":false},"author":17575,"featured_media":0,"parent":0,"menu_order":0,"comment_status":"closed","ping_status":"closed","template":"","meta":{"_et_pb_use_builder":"on","_et_pb_old_content":"","_et_gb_content_width":"","ngg_post_thumbnail":0,"footnotes":""},"aioseo_notices":[],"_links":{"self":[{"href":"https:\/\/blogsaverroes.juntadeandalucia.es\/ceipsantiagolalinea\/wp-json\/wp\/v2\/pages\/840"}],"collection":[{"href":"https:\/\/blogsaverroes.juntadeandalucia.es\/ceipsantiagolalinea\/wp-json\/wp\/v2\/pages"}],"about":[{"href":"https:\/\/blogsaverroes.juntadeandalucia.es\/ceipsantiagolalinea\/wp-json\/wp\/v2\/types\/page"}],"author":[{"embeddable":true,"href":"https:\/\/blogsaverroes.juntadeandalucia.es\/ceipsantiagolalinea\/wp-json\/wp\/v2\/users\/17575"}],"replies":[{"embeddable":true,"href":"https:\/\/blogsaverroes.juntadeandalucia.es\/ceipsantiagolalinea\/wp-json\/wp\/v2\/comments?post=840"}],"version-history":[{"count":8,"href":"https:\/\/blogsaverroes.juntadeandalucia.es\/ceipsantiagolalinea\/wp-json\/wp\/v2\/pages\/840\/revisions"}],"predecessor-version":[{"id":2045,"href":"https:\/\/blogsaverroes.juntadeandalucia.es\/ceipsantiagolalinea\/wp-json\/wp\/v2\/pages\/840\/revisions\/2045"}],"wp:attachment":[{"href":"https:\/\/blogsaverroes.juntadeandalucia.es\/ceipsantiagolalinea\/wp-json\/wp\/v2\/media?parent=840"}],"curies":[{"name":"wp","href":"https:\/\/api.w.org\/{rel}","templated":true}]}}