{"id":850,"date":"2020-12-18T08:41:27","date_gmt":"2020-12-18T07:41:27","guid":{"rendered":"https:\/\/blogsaverroes.juntadeandalucia.es\/pre\/plantilla-pencil\/?page_id=850"},"modified":"2023-02-28T14:18:57","modified_gmt":"2023-02-28T13:18:57","slug":"planes-y-proyectos","status":"publish","type":"page","link":"https:\/\/blogsaverroes.juntadeandalucia.es\/ceipsantiagolalinea\/planes-y-proyectos\/","title":{"rendered":"Secretar\u00eda"},"content":{"rendered":"<p>[et_pb_section fb_built=&#8221;1&#8243; _builder_version=&#8221;4.14.5&#8243; background_color=&#8221;#FFFFFF&#8221; global_colors_info=&#8221;{}&#8221;][et_pb_row _builder_version=&#8221;4.14.5&#8243; background_size=&#8221;initial&#8221; background_position=&#8221;top_left&#8221; background_repeat=&#8221;repeat&#8221; global_colors_info=&#8221;{}&#8221;][et_pb_column type=&#8221;4_4&#8243; _builder_version=&#8221;3.25&#8243; custom_padding=&#8221;|||&#8221; global_colors_info=&#8221;{}&#8221; custom_padding__hover=&#8221;|||&#8221;][et_pb_image src=&#8221;https:\/\/blogsaverroes.juntadeandalucia.es\/ceipsantiagolalinea\/files\/2023\/02\/secretaria-y-administracion-1.png&#8221; title_text=&#8221;secretaria-y-administracion&#8221; src_tablet=&#8221;https:\/\/blogsaverroes.juntadeandalucia.es\/ceipsantiagolalinea\/files\/2023\/02\/2012-12-06-10.32.22.jpg&#8221; src_phone=&#8221;https:\/\/blogsaverroes.juntadeandalucia.es\/ceipsantiagolalinea\/files\/2023\/02\/2012-12-06-10.32.22.jpg&#8221; src_last_edited=&#8221;on|tablet&#8221; admin_label=&#8221;Imagen de la portada&#8221; _builder_version=&#8221;4.14.5&#8243; z_index_tablet=&#8221;500&#8243; box_shadow_horizontal_tablet=&#8221;0px&#8221; box_shadow_vertical_tablet=&#8221;0px&#8221; box_shadow_blur_tablet=&#8221;40px&#8221; box_shadow_spread_tablet=&#8221;0px&#8221; global_colors_info=&#8221;{}&#8221;][\/et_pb_image][et_pb_text admin_label=&#8221;Texto descriptivo&#8221; _builder_version=&#8221;4.14.5&#8243; text_text_color=&#8221;#000000&#8243; background_color=&#8221;#FFFFFF&#8221; hover_enabled=&#8221;0&#8243; z_index_tablet=&#8221;500&#8243; text_text_shadow_horizontal_length_tablet=&#8221;0px&#8221; text_text_shadow_vertical_length_tablet=&#8221;0px&#8221; text_text_shadow_blur_strength_tablet=&#8221;1px&#8221; link_text_shadow_horizontal_length_tablet=&#8221;0px&#8221; link_text_shadow_vertical_length_tablet=&#8221;0px&#8221; link_text_shadow_blur_strength_tablet=&#8221;1px&#8221; ul_text_shadow_horizontal_length_tablet=&#8221;0px&#8221; ul_text_shadow_vertical_length_tablet=&#8221;0px&#8221; ul_text_shadow_blur_strength_tablet=&#8221;1px&#8221; ol_text_shadow_horizontal_length_tablet=&#8221;0px&#8221; ol_text_shadow_vertical_length_tablet=&#8221;0px&#8221; ol_text_shadow_blur_strength_tablet=&#8221;1px&#8221; quote_text_shadow_horizontal_length_tablet=&#8221;0px&#8221; quote_text_shadow_vertical_length_tablet=&#8221;0px&#8221; quote_text_shadow_blur_strength_tablet=&#8221;1px&#8221; header_text_shadow_horizontal_length_tablet=&#8221;0px&#8221; header_text_shadow_vertical_length_tablet=&#8221;0px&#8221; header_text_shadow_blur_strength_tablet=&#8221;1px&#8221; header_2_text_shadow_horizontal_length_tablet=&#8221;0px&#8221; header_2_text_shadow_vertical_length_tablet=&#8221;0px&#8221; header_2_text_shadow_blur_strength_tablet=&#8221;1px&#8221; header_3_text_shadow_horizontal_length_tablet=&#8221;0px&#8221; header_3_text_shadow_vertical_length_tablet=&#8221;0px&#8221; header_3_text_shadow_blur_strength_tablet=&#8221;1px&#8221; header_4_text_shadow_horizontal_length_tablet=&#8221;0px&#8221; header_4_text_shadow_vertical_length_tablet=&#8221;0px&#8221; header_4_text_shadow_blur_strength_tablet=&#8221;1px&#8221; header_5_text_shadow_horizontal_length_tablet=&#8221;0px&#8221; header_5_text_shadow_vertical_length_tablet=&#8221;0px&#8221; header_5_text_shadow_blur_strength_tablet=&#8221;1px&#8221; header_6_text_shadow_horizontal_length_tablet=&#8221;0px&#8221; header_6_text_shadow_vertical_length_tablet=&#8221;0px&#8221; header_6_text_shadow_blur_strength_tablet=&#8221;1px&#8221; box_shadow_horizontal_tablet=&#8221;0px&#8221; box_shadow_vertical_tablet=&#8221;0px&#8221; box_shadow_blur_tablet=&#8221;40px&#8221; box_shadow_spread_tablet=&#8221;0px&#8221; global_colors_info=&#8221;{}&#8221; sticky_enabled=&#8221;0&#8243;]<\/p>\n<h2>Secretar\u00eda<\/h2>\n<p align=\"left\">La Secretar\u00eda&nbsp;desarrolla muchas funciones importantes en la vida de un centro, con el objetivo de conseguir una mayor&nbsp;transparencia, agilidad y eficiencia, especialmente en la relaci\u00f3n que mantiene con las familias en los diferentes tr\u00e1mites administrativos a lo largo de la escolarizaci\u00f3n: admisi\u00f3n, matr\u00edcula, comedor escolar, becas, etc.<\/p>\n<p align=\"left\"><img loading=\"lazy\" decoding=\"async\" class=\"aligncenter wp-image-1242 size-thumbnail\" src=\"https:\/\/blogsaverroes.juntadeandalucia.es\/ceipsantiagolalinea\/files\/2023\/02\/secretaria-gif-150x150.gif\" alt=\"\" width=\"150\" height=\"150\"><\/p>\n<p><strong>Tr\u00e1mites que se pueden realizar:<\/strong><\/p>\n<ul>\n<li>Admisi\u00f3n del alumnado.<\/li>\n<li>Matriculaci\u00f3n.<\/li>\n<li>Solicitud de alta en actividades y servicios complementarios (Aula Matinal, Comedor Escolar y Actividades Extraescolares).<\/li>\n<li>Solicitud de bonificaci\u00f3n del precio de Aula Matinal, Comedor Escolar y Actividades Extraescolares.<\/li>\n<li>Solicitud de baja en actividades y servicios complementarios (Aula Matinal, Comedor Escolar y Actividades Extraescolares)<\/li>\n<li>Certificados de matriculaci\u00f3n.<\/li>\n<li>Solicitud y entrega de t\u00edtulos antiguos de Escolaridad y Graduado Escolar.<\/li>\n<li>Gratuidad de libros de texto.<\/li>\n<li>Solicitudes de beca de transporte escolar.<\/li>\n<li>Solicitud de claves de acceso a la aplicaci\u00f3n PASEN.<\/li>\n<li>Solicitud de Licencias y Permisos.<\/li>\n<\/ul>\n<p>&nbsp;<\/p>\n<p><strong>Horario de atenci\u00f3n al p\u00fablico<\/strong><\/p>\n<table style=\"width: 103.879%\" width=\"595\">\n<tbody>\n<tr>\n<td style=\"width: 19.3025%\" width=\"99\">DIAS<\/td>\n<td style=\"width: 15.5355%\" width=\"99\">LUNES<\/td>\n<td style=\"width: 13.8457%\" width=\"99\">MARTES<\/td>\n<td style=\"width: 17.686%\" width=\"99\">MI\u00c9RCOLES<\/td>\n<td style=\"width: 16.9179%\" width=\"99\">JUEVES<\/td>\n<td style=\"width: 22.9203%\" width=\"99\">VIERNES<\/td>\n<\/tr>\n<tr>\n<td style=\"width: 19.3025%\" width=\"99\">9:00 &#8211; 10:00<\/td>\n<td style=\"width: 15.5355%\" width=\"99\">&nbsp;<\/td>\n<td style=\"width: 13.8457%\" rowspan=\"2\" width=\"99\">\n<p>&nbsp;<\/p>\n<p>SECRETAR\u00cdA<\/p>\n<p>&nbsp;<\/p>\n<\/td>\n<td style=\"width: 17.686%\" width=\"99\">&nbsp;<\/td>\n<td style=\"width: 16.9179%\" rowspan=\"2\" width=\"99\">SECRETAR\u00cdA<\/td>\n<td style=\"width: 22.9203%\" width=\"99\">&nbsp;<\/td>\n<\/tr>\n<tr>\n<td style=\"width: 19.3025%\" width=\"99\">10:00 &#8211; 11:30<\/td>\n<td style=\"width: 15.5355%\" width=\"99\">&nbsp;<\/td>\n<td style=\"width: 17.686%\" width=\"99\">&nbsp;<\/td>\n<td style=\"width: 22.9203%\" width=\"99\">&nbsp;<\/td>\n<\/tr>\n<tr>\n<td style=\"width: 19.3025%\" width=\"99\">11:30 -12:00<\/td>\n<td style=\"width: 15.5355%\" width=\"99\">&nbsp;<\/td>\n<td style=\"width: 13.8457%\" width=\"99\">&nbsp;<\/td>\n<td style=\"width: 17.686%\" width=\"99\">&nbsp;<\/td>\n<td style=\"width: 16.9179%\" width=\"99\">&nbsp;<\/td>\n<td style=\"width: 22.9203%\" width=\"99\">&nbsp;<\/td>\n<\/tr>\n<tr>\n<td style=\"width: 19.3025%\" width=\"99\">12:00 -13:00<\/td>\n<td style=\"width: 15.5355%\" width=\"99\">&nbsp;<\/td>\n<td style=\"width: 13.8457%\" width=\"99\">&nbsp;<\/td>\n<td style=\"width: 17.686%\" width=\"99\">&nbsp;<\/td>\n<td style=\"width: 16.9179%\" width=\"99\">&nbsp;<\/td>\n<td style=\"width: 22.9203%\" width=\"99\">&nbsp;<\/td>\n<\/tr>\n<tr>\n<td style=\"width: 19.3025%\" width=\"99\">13:00 \u2013 14:00<\/td>\n<td style=\"width: 15.5355%\" width=\"99\">SECRETAR\u00cdA<\/td>\n<td style=\"width: 13.8457%\" width=\"99\">&nbsp;<\/td>\n<td style=\"width: 17.686%\" width=\"99\">SECRETAR\u00cdA<\/td>\n<td style=\"width: 16.9179%\" width=\"99\">&nbsp;<\/td>\n<td style=\"width: 22.9203%\" width=\"99\">SECRETAR\u00cdA<\/td>\n<\/tr>\n<\/tbody>\n<\/table>\n<p><strong>Plazos importantes<\/strong><\/p>\n<ul>\n<li>Admisi\u00f3n del alumnado: Del 1 al 31 de marzo de cada a\u00f1o.<\/li>\n<li>Matriculaci\u00f3n: Del 1 al 8 de junio.<\/li>\n<li>Solicitud de Aula Matinal, Comedor Escolar y Actividades Extraescolares: Del 1 al 10 de junio o en cualquier momento del curso si hay plazas vacantes.<\/li>\n<li>Solicitud de bonificaci\u00f3n del precio de Aula Matinal, Comedor Escolar y Actividades Extraescolares: Del 1 al 7 de septiembre.<\/li>\n<\/ul>\n<p>&nbsp;<\/p>\n<p><strong>Nueva normativa de Admisi\u00f3n del alumnado<\/strong><\/p>\n<ul>\n<li><a href=\"https:\/\/blogsaverroes.juntadeandalucia.es\/ceipmiguelzubeldia\/files\/2021\/02\/Decreto-21_2020-de-17-de-febrero.-Admisi%C3%B3n-del-alumnado.pdf\">Decreto 21\/2020, de 17 de febrero, por el que se regulan los criterios y el procedimiento de admisi\u00f3n del alumnado en los centros docentes p\u00fablicos y privados concertados para cursar las ense\u00f1anzas de segundo ciclo de educaci\u00f3n&nbsp;infantil, educaci\u00f3n primaria, educaci\u00f3n especial, educaci\u00f3n secundaria obligatoria y bachillerato.<\/a><\/li>\n<li><a href=\"https:\/\/blogsaverroes.juntadeandalucia.es\/ceipmiguelzubeldia\/files\/2021\/02\/Orden-de-20-de-febrero-de-2020.-Admisi%C3%B3n-del-alumnado.pdf\">Orden de 20 de febrero de 2020, por la que se desarrolla el procedimiento de admisi\u00f3n del alumnado en los centros docentes p\u00fablicos y privados concertados para cursar las ense\u00f1anzas de segundo ciclo de educaci\u00f3n infantil, educaci\u00f3n primaria, educaci\u00f3n especial, educaci\u00f3n secundaria obligatoria y bachillerato.<\/a><\/li>\n<\/ul>\n<p>&nbsp;<\/p>\n<p><strong>Documentos para descargar<br \/><\/strong><\/p>\n<p><a href=\"https:\/\/blogsaverroes.juntadeandalucia.es\/ceipsantiagolalinea\/files\/2023\/02\/Admisi\u00f3n.pdf\">ADMISI\u00d3N DEL ALUMNADO<\/a><\/p>\n<p><a href=\"https:\/\/blogsaverroes.juntadeandalucia.es\/ceipsantiagolalinea\/files\/2023\/02\/Anexo-IX.-Admisi\u00f3n-extraordinaria.pdf\">PROCEDIMIENTO EXTRAORDINARIO DE ADMISI\u00d3N<\/a><\/p>\n<p><a href=\"https:\/\/blogsaverroes.juntadeandalucia.es\/ceipsantiagolalinea\/files\/2023\/02\/Matr\u00edcula-Infantil.pdf\">MATR\u00cdCULA EN EDUCACI\u00d3N INFANTIL<\/a><\/p>\n<p><a href=\"https:\/\/blogsaverroes.juntadeandalucia.es\/ceipsantiagolalinea\/files\/2023\/02\/Matr\u00edcula-Primaria.pdf\">MATRICULA DE EDUCACI\u00d3N PRIMARIA<\/a><\/p>\n<p><a href=\"https:\/\/blogsaverroes.juntadeandalucia.es\/ceipsantiagolalinea\/files\/2023\/02\/Anexo-Religi\u00f3n.pdf\">SOLICITUD PARA CURSAR RELIGI\u00d3N<\/a><\/p>\n<p><a href=\"https:\/\/blogsaverroes.juntadeandalucia.es\/ceipsantiagolalinea\/files\/2023\/02\/SOLICITUD-DE-AULA-MATINAL-COMEDOR-ESCOLAR-Y-ACTIVIDADES-EXTRAESCOLARES-2.pdf\">SOLICITUD DE AULA MATINAL, COMEDOR ESCOLAR Y ACTIVIDADES EXTRAESCOLARES<\/a><\/p>\n<p><a href=\"https:\/\/blogsaverroes.juntadeandalucia.es\/ceipsantiagolalinea\/files\/2023\/02\/GRATUIDADBONIFICACI\u00d3N-DEL-PRECIO-P\u00daBLICO-POR-LOS-SERVICIOS-COMPLEMENTARIOS.pdf\">BONIFICACI\u00d3N DEL PRECIO P\u00daBLICO DE SERVICIOS COMPLEMENTARIOS<\/a><\/p>\n<p><a href=\"https:\/\/blogsaverroes.juntadeandalucia.es\/ceipsantiagolalinea\/files\/2023\/02\/AYUDA-TRANSPORTE-ESCOLAR.pdf\">AYUDA TRANSPORTE P\u00daBLICO<\/a><\/p>\n<p>&nbsp;<\/p>\n<p><strong>Datos de contacto.<\/strong><\/p>\n<table style=\"width: 105.251%;height: 139px\" border=\"1\" width=\"1224\">\n<tbody>\n<tr>\n<td style=\"width: 25.2345%\" width=\"314\">\n<div align=\"center\"><img loading=\"lazy\" decoding=\"async\" src=\"http:\/\/www.ceipsantiagolalinea.es\/Imagenes\/telefono.gif\" width=\"90\" height=\"90\"><\/div>\n<\/td>\n<td style=\"width: 27.0365%\" width=\"368\">\n<div align=\"center\"><img loading=\"lazy\" decoding=\"async\" src=\"http:\/\/www.ceipsantiagolalinea.es\/Imagenes\/thfax.gif\" width=\"141\" height=\"49\"><\/div>\n<\/td>\n<td style=\"width: 29.1421%\" width=\"520\">\n<div align=\"center\"><img loading=\"lazy\" decoding=\"async\" src=\"http:\/\/www.ceipsantiagolalinea.es\/Imagenes\/arroba07.gif\" width=\"60\" height=\"60\"><\/div>\n<\/td>\n<\/tr>\n<tr>\n<td class=\"Estilo17 Estilo22\" style=\"width: 25.2345%\">\n<div align=\"center\">956 670 989<\/div>\n<\/td>\n<td class=\"Estilo17\" style=\"width: 27.0365%\">\n<div class=\"Estilo22\" align=\"center\">956 670 990<\/div>\n<\/td>\n<td class=\"Estilo16\" style=\"width: 29.1421%\">\n<div class=\"Estilo22\" align=\"center\">11007417.edu@juntadeandalucia.es<\/div>\n<\/td>\n<\/tr>\n<\/tbody>\n<\/table>\n<p>[\/et_pb_text][\/et_pb_column][\/et_pb_row][\/et_pb_section]<\/p>\n","protected":false},"excerpt":{"rendered":"<p>Secretar\u00eda La Secretar\u00eda&nbsp;desarrolla muchas funciones importantes en la vida de un centro, con el objetivo de conseguir una mayor&nbsp;transparencia, agilidad y eficiencia, especialmente en la relaci\u00f3n que mantiene con las familias en los diferentes tr\u00e1mites administrativos a lo largo de la escolarizaci\u00f3n: admisi\u00f3n, matr\u00edcula, comedor escolar, becas, etc. Tr\u00e1mites que se pueden realizar: Admisi\u00f3n del [&hellip;]<\/p>\n","protected":false},"author":17575,"featured_media":0,"parent":0,"menu_order":0,"comment_status":"closed","ping_status":"closed","template":"","meta":{"_et_pb_use_builder":"on","_et_pb_old_content":"","_et_gb_content_width":"","ngg_post_thumbnail":0,"footnotes":""},"aioseo_notices":[],"_links":{"self":[{"href":"https:\/\/blogsaverroes.juntadeandalucia.es\/ceipsantiagolalinea\/wp-json\/wp\/v2\/pages\/850"}],"collection":[{"href":"https:\/\/blogsaverroes.juntadeandalucia.es\/ceipsantiagolalinea\/wp-json\/wp\/v2\/pages"}],"about":[{"href":"https:\/\/blogsaverroes.juntadeandalucia.es\/ceipsantiagolalinea\/wp-json\/wp\/v2\/types\/page"}],"author":[{"embeddable":true,"href":"https:\/\/blogsaverroes.juntadeandalucia.es\/ceipsantiagolalinea\/wp-json\/wp\/v2\/users\/17575"}],"replies":[{"embeddable":true,"href":"https:\/\/blogsaverroes.juntadeandalucia.es\/ceipsantiagolalinea\/wp-json\/wp\/v2\/comments?post=850"}],"version-history":[{"count":25,"href":"https:\/\/blogsaverroes.juntadeandalucia.es\/ceipsantiagolalinea\/wp-json\/wp\/v2\/pages\/850\/revisions"}],"predecessor-version":[{"id":1255,"href":"https:\/\/blogsaverroes.juntadeandalucia.es\/ceipsantiagolalinea\/wp-json\/wp\/v2\/pages\/850\/revisions\/1255"}],"wp:attachment":[{"href":"https:\/\/blogsaverroes.juntadeandalucia.es\/ceipsantiagolalinea\/wp-json\/wp\/v2\/media?parent=850"}],"curies":[{"name":"wp","href":"https:\/\/api.w.org\/{rel}","templated":true}]}}