{"id":853,"date":"2020-12-18T08:50:47","date_gmt":"2020-12-18T07:50:47","guid":{"rendered":"https:\/\/blogsaverroes.juntadeandalucia.es\/pre\/plantilla-pencil\/?page_id=853"},"modified":"2024-12-28T13:54:32","modified_gmt":"2024-12-28T12:54:32","slug":"nuestra-historia","status":"publish","type":"page","link":"https:\/\/blogsaverroes.juntadeandalucia.es\/ceipsantiagolalinea\/nuestra-historia\/","title":{"rendered":"Nuestra Historia."},"content":{"rendered":"<p>[et_pb_section fb_built=&#8221;1&#8243; admin_label=&#8221;Secci\u00f3n&#8221; _builder_version=&#8221;4.16&#8243; background_color=&#8221;#FFFFFF&#8221; global_colors_info=&#8221;{}&#8221;][et_pb_row _builder_version=&#8221;4.16&#8243; background_color=&#8221;#FFFFFF&#8221; background_size=&#8221;initial&#8221; background_position=&#8221;top_left&#8221; background_repeat=&#8221;repeat&#8221; global_colors_info=&#8221;{}&#8221;][et_pb_column type=&#8221;4_4&#8243; _builder_version=&#8221;4.16&#8243; custom_padding=&#8221;|||&#8221; global_colors_info=&#8221;{}&#8221; custom_padding__hover=&#8221;|||&#8221;][et_pb_image src=&#8221;https:\/\/blogsaverroes.juntadeandalucia.es\/ceipsantiagolalinea\/files\/2023\/02\/2012-12-06-10.32.22.jpg&#8221; title_text=&#8221;2012-12-06 10.32.22&#8243; admin_label=&#8221;Imagen de la portada&#8221; _builder_version=&#8221;4.16&#8243; background_color=&#8221;#FFFFFF&#8221; z_index_tablet=&#8221;500&#8243; box_shadow_horizontal_tablet=&#8221;0px&#8221; box_shadow_vertical_tablet=&#8221;0px&#8221; box_shadow_blur_tablet=&#8221;40px&#8221; box_shadow_spread_tablet=&#8221;0px&#8221; global_colors_info=&#8221;{}&#8221;][\/et_pb_image][et_pb_text admin_label=&#8221;Texto descriptivo&#8221; _builder_version=&#8221;4.16&#8243; z_index_tablet=&#8221;500&#8243; text_text_shadow_horizontal_length_tablet=&#8221;0px&#8221; text_text_shadow_vertical_length_tablet=&#8221;0px&#8221; text_text_shadow_blur_strength_tablet=&#8221;1px&#8221; link_text_shadow_horizontal_length_tablet=&#8221;0px&#8221; link_text_shadow_vertical_length_tablet=&#8221;0px&#8221; link_text_shadow_blur_strength_tablet=&#8221;1px&#8221; ul_text_shadow_horizontal_length_tablet=&#8221;0px&#8221; ul_text_shadow_vertical_length_tablet=&#8221;0px&#8221; ul_text_shadow_blur_strength_tablet=&#8221;1px&#8221; ol_text_shadow_horizontal_length_tablet=&#8221;0px&#8221; ol_text_shadow_vertical_length_tablet=&#8221;0px&#8221; ol_text_shadow_blur_strength_tablet=&#8221;1px&#8221; quote_text_shadow_horizontal_length_tablet=&#8221;0px&#8221; quote_text_shadow_vertical_length_tablet=&#8221;0px&#8221; quote_text_shadow_blur_strength_tablet=&#8221;1px&#8221; header_text_shadow_horizontal_length_tablet=&#8221;0px&#8221; header_text_shadow_vertical_length_tablet=&#8221;0px&#8221; header_text_shadow_blur_strength_tablet=&#8221;1px&#8221; header_2_text_shadow_horizontal_length_tablet=&#8221;0px&#8221; header_2_text_shadow_vertical_length_tablet=&#8221;0px&#8221; header_2_text_shadow_blur_strength_tablet=&#8221;1px&#8221; header_3_text_shadow_horizontal_length_tablet=&#8221;0px&#8221; header_3_text_shadow_vertical_length_tablet=&#8221;0px&#8221; header_3_text_shadow_blur_strength_tablet=&#8221;1px&#8221; header_4_text_shadow_horizontal_length_tablet=&#8221;0px&#8221; header_4_text_shadow_vertical_length_tablet=&#8221;0px&#8221; header_4_text_shadow_blur_strength_tablet=&#8221;1px&#8221; header_5_text_shadow_horizontal_length_tablet=&#8221;0px&#8221; header_5_text_shadow_vertical_length_tablet=&#8221;0px&#8221; header_5_text_shadow_blur_strength_tablet=&#8221;1px&#8221; header_6_text_shadow_horizontal_length_tablet=&#8221;0px&#8221; header_6_text_shadow_vertical_length_tablet=&#8221;0px&#8221; header_6_text_shadow_blur_strength_tablet=&#8221;1px&#8221; box_shadow_horizontal_tablet=&#8221;0px&#8221; box_shadow_vertical_tablet=&#8221;0px&#8221; box_shadow_blur_tablet=&#8221;40px&#8221; box_shadow_spread_tablet=&#8221;0px&#8221; global_colors_info=&#8221;{}&#8221;]<\/p>\n<h2>Nuestra Historia<\/h2>\n<p class=\"Estilo23\" align=\"justify\">El CEIP Santiago es un centro educativo de la Junta de Andaluc\u00eda construido durante la segunda Rep\u00fablica espa\u00f1ola en el a\u00f1o 1935 en un solar de la calle Jardines cercano al mar. Nace de la necesidad de escolarizar a una poblaci\u00f3n infantil ubicada en la costa este de la ciudad y cuyas familias se dedicaban principalmente a la pesca. Desde entonces se han llevado dos reformas en el mismo. La primera en los a\u00f1os ochenta donde se le a\u00f1adieron algunas aulas m\u00e1s y se construy\u00f3 un porche para recibir a los alumnos en los d\u00edas de lluvia. En el a\u00f1o 2009 se construye tambi\u00e9n una SUM (Sala de Usos M\u00faltiples) y un comedor escolar.<\/p>\n<p class=\"Estilo23\" align=\"justify\">Su nombre hace referencia a uno de los ap\u00f3stoles m\u00e1s emblem\u00e1ticos que acompa\u00f1aban a Jes\u00fas de Nazaret, del que se dice lleg\u00f3 a Espa\u00f1a predicando el Evangelio en el siglo I y al que la Iglesia Cat\u00f3lica nombr\u00f3 patr\u00f3n de nuestro pa\u00eds.<\/p>\n<p class=\"Estilo23\" align=\"justify\">Como an\u00e9cdota, resaltar que las relacions instituciones eclesi\u00e1sticas y las civiles eran tan cercanas que en el pasillo de la planta baja se celebraba misa los domingos y festivos, siendo tambi\u00e9n casa del p\u00e1rroco hasta la construcci\u00f3n de la parroquia de Santiago, muy cercana al propio centro escolar. Adem\u00e1s, la primera capilla del Cristo de Medinaceli, muy venerado en el barrio, estuvo en este colegio.<\/p>\n<p>[\/et_pb_text][\/et_pb_column][\/et_pb_row][et_pb_row _builder_version=&#8221;4.16&#8243; _module_preset=&#8221;default&#8221; global_colors_info=&#8221;{}&#8221;][et_pb_column type=&#8221;4_4&#8243; _builder_version=&#8221;4.16&#8243; _module_preset=&#8221;default&#8221; global_colors_info=&#8221;{}&#8221;][et_pb_text _builder_version=&#8221;4.16&#8243; _module_preset=&#8221;default&#8221; global_colors_info=&#8221;{}&#8221;]<\/p>\n<p style=\"text-align: center\">Estas fotos muestran la evoluci\u00f3n del barrio alrededor del colegio.<\/p>\n<p>[\/et_pb_text][\/et_pb_column][\/et_pb_row][et_pb_row column_structure=&#8221;1_2,1_2&#8243; _builder_version=&#8221;4.16&#8243; _module_preset=&#8221;default&#8221; global_colors_info=&#8221;{}&#8221;][et_pb_column type=&#8221;1_2&#8243; _builder_version=&#8221;4.16&#8243; _module_preset=&#8221;default&#8221; global_colors_info=&#8221;{}&#8221;][et_pb_image src=&#8221;https:\/\/blogsaverroes.juntadeandalucia.es\/ceipsantiagolalinea\/files\/2023\/02\/c_-jardines-al-fondo-el-colegio-santiago-3.jpeg&#8221; title_text=&#8221;c_-jardines-al-fondo-el-colegio-santiago&#8221; _builder_version=&#8221;4.16&#8243; _module_preset=&#8221;default&#8221; global_colors_info=&#8221;{}&#8221;][\/et_pb_image][\/et_pb_column][et_pb_column type=&#8221;1_2&#8243; _builder_version=&#8221;4.16&#8243; _module_preset=&#8221;default&#8221; global_colors_info=&#8221;{}&#8221;][et_pb_image src=&#8221;https:\/\/blogsaverroes.juntadeandalucia.es\/ceipsantiagolalinea\/files\/2023\/02\/colegio-santiago-en-c_-jardines.jpeg&#8221; title_text=&#8221;colegio-santiago-en-c_-jardines&#8221; _builder_version=&#8221;4.16&#8243; _module_preset=&#8221;default&#8221; global_colors_info=&#8221;{}&#8221;][\/et_pb_image][\/et_pb_column][\/et_pb_row][et_pb_row column_structure=&#8221;1_2,1_2&#8243; _builder_version=&#8221;4.16&#8243; _module_preset=&#8221;default&#8221; global_colors_info=&#8221;{}&#8221;][et_pb_column type=&#8221;1_2&#8243; _builder_version=&#8221;4.16&#8243; _module_preset=&#8221;default&#8221; global_colors_info=&#8221;{}&#8221;][et_pb_image src=&#8221;https:\/\/blogsaverroes.juntadeandalucia.es\/ceipsantiagolalinea\/files\/2023\/02\/c_jardines-colegio-santiago.jpeg&#8221; title_text=&#8221;c_jardines-colegio-santiago&#8221; _builder_version=&#8221;4.16&#8243; _module_preset=&#8221;default&#8221; global_colors_info=&#8221;{}&#8221;][\/et_pb_image][\/et_pb_column][et_pb_column type=&#8221;1_2&#8243; _builder_version=&#8221;4.16&#8243; _module_preset=&#8221;default&#8221; global_colors_info=&#8221;{}&#8221;][et_pb_image src=&#8221;https:\/\/blogsaverroes.juntadeandalucia.es\/ceipsantiagolalinea\/files\/2023\/02\/412.jpg&#8221; title_text=&#8221;412&#8243; _builder_version=&#8221;4.16&#8243; _module_preset=&#8221;default&#8221; hover_enabled=&#8221;0&#8243; global_colors_info=&#8221;{}&#8221; sticky_enabled=&#8221;0&#8243;][\/et_pb_image][\/et_pb_column][\/et_pb_row][et_pb_row _builder_version=&#8221;4.16&#8243; _module_preset=&#8221;default&#8221; global_colors_info=&#8221;{}&#8221;][et_pb_column type=&#8221;4_4&#8243; _builder_version=&#8221;4.16&#8243; _module_preset=&#8221;default&#8221; global_colors_info=&#8221;{}&#8221;][et_pb_text _builder_version=&#8221;4.16&#8243; _module_preset=&#8221;default&#8221; global_colors_info=&#8221;{}&#8221;]<\/p>\n<p class=\"Estilo23\" style=\"text-align: center\" align=\"center\">Momentos de los primeros recuerdos que quedaron en los corazones de nuestros alumnos y alumnas.<\/p>\n<p>[\/et_pb_text][\/et_pb_column][\/et_pb_row][et_pb_row column_structure=&#8221;1_2,1_2&#8243; _builder_version=&#8221;4.16&#8243; _module_preset=&#8221;default&#8221; global_colors_info=&#8221;{}&#8221;][et_pb_column type=&#8221;1_2&#8243; _builder_version=&#8221;4.16&#8243; _module_preset=&#8221;default&#8221; global_colors_info=&#8221;{}&#8221;][et_pb_image src=&#8221;https:\/\/blogsaverroes.juntadeandalucia.es\/ceipsantiagolalinea\/files\/2023\/02\/Bendicion-Medinaceli.jpg&#8221; title_text=&#8221;Bendicion Medinaceli&#8221; _builder_version=&#8221;4.16&#8243; _module_preset=&#8221;default&#8221; global_colors_info=&#8221;{}&#8221;][\/et_pb_image][et_pb_image src=&#8221;https:\/\/blogsaverroes.juntadeandalucia.es\/ceipsantiagolalinea\/files\/2024\/12\/WhatsApp-Image-2024-10-24-at-14.55.45-6-rotated.jpeg&#8221; title_text=&#8221;WhatsApp Image 2024-10-24 at 14.55.45 (6)&#8221; _builder_version=&#8221;4.24.2&#8243; _module_preset=&#8221;default&#8221; hover_enabled=&#8221;0&#8243; global_colors_info=&#8221;{}&#8221; sticky_enabled=&#8221;0&#8243;][\/et_pb_image][\/et_pb_column][et_pb_column type=&#8221;1_2&#8243; _builder_version=&#8221;4.16&#8243; _module_preset=&#8221;default&#8221; global_colors_info=&#8221;{}&#8221;][et_pb_image src=&#8221;https:\/\/blogsaverroes.juntadeandalucia.es\/ceipsantiagolalinea\/files\/2023\/02\/Alumnos-en-la-fila.jpg&#8221; title_text=&#8221;Alumnos en la fila&#8221; _builder_version=&#8221;4.24.2&#8243; _module_preset=&#8221;default&#8221; hover_enabled=&#8221;0&#8243; global_colors_info=&#8221;{}&#8221; sticky_enabled=&#8221;0&#8243;][\/et_pb_image][et_pb_image _builder_version=&#8221;4.24.2&#8243; _module_preset=&#8221;default&#8221; title_text=&#8221;WhatsApp Image 2024-10-24 at 14.55.45 (5)&#8221; src=&#8221;https:\/\/blogsaverroes.juntadeandalucia.es\/ceipsantiagolalinea\/files\/2024\/12\/WhatsApp-Image-2024-10-24-at-14.55.45-5-rotated.jpeg&#8221; hover_enabled=&#8221;0&#8243; sticky_enabled=&#8221;0&#8243;][\/et_pb_image][\/et_pb_column][\/et_pb_row][et_pb_row _builder_version=&#8221;4.24.2&#8243; _module_preset=&#8221;default&#8221; global_colors_info=&#8221;{}&#8221;][et_pb_column type=&#8221;4_4&#8243; _builder_version=&#8221;4.24.2&#8243; _module_preset=&#8221;default&#8221; global_colors_info=&#8221;{}&#8221;][et_pb_image src=&#8221;https:\/\/blogsaverroes.juntadeandalucia.es\/ceipsantiagolalinea\/files\/2024\/10\/Pasiilo-bajo-CEIP-Santiago-rotated.jpg&#8221; title_text=&#8221;Pasiilo bajo CEIP Santiago&#8221; _builder_version=&#8221;4.24.2&#8243; _module_preset=&#8221;default&#8221; global_colors_info=&#8221;{}&#8221;][\/et_pb_image][\/et_pb_column][\/et_pb_row][\/et_pb_section]<\/p>\n","protected":false},"excerpt":{"rendered":"<p>El CEIP Santiago es un centro educativo de la Junta de Andaluc\u00eda construido durante la segunda Rep\u00fablica espa\u00f1ola en el a\u00f1o 1935 en un solar de la calle Jardines cercano al mar. Nace de la necesidad de escolarizar a una poblaci\u00f3n infantil ubicada en la costa este de la ciudad y cuyas familias se dedicaban principalmente a la pesca. Desde entonces se han llevado dos reformas en el mismo. La primera en los a\u00f1os ochenta donde se le a\u00f1adieron algunas aulas m\u00e1s y se construy\u00f3 un porche para recibir a los alumnos en los d\u00edas de lluvia. En el a\u00f1o 2009 se construye tambi\u00e9n una SUM (Sala de Usos M\u00faltiples) y un comedor escolar.<\/p>\n<p>Su nombre hace referencia a uno de los ap\u00f3stoles m\u00e1s emblem\u00e1ticos que acompa\u00f1aban a Jes\u00fas de Nazaret, del que se dice lleg\u00f3 a Espa\u00f1a predicando el Evangelio en el siglo I y al que la Iglesia Cat\u00f3lica nombr\u00f3 patr\u00f3n de nuestro pa\u00eds.<\/p>\n<p>Como an\u00e9cdota, resaltar que las relacions instituciones eclesi\u00e1sticas y las civiles eran tan cercanas que en el pasillo de la planta baja se celebraba misa los domingos y festivos, siendo tambi\u00e9n casa del p\u00e1rroco hasta la construcci\u00f3n de la parroquia de Santiago, muy cercana al propio centro escolar. Adem\u00e1s, la primera capilla del Cristo de Medinaceli, muy venerado en el barrio, estuvo en este colegio.<\/p>\n","protected":false},"author":17575,"featured_media":0,"parent":0,"menu_order":0,"comment_status":"closed","ping_status":"closed","template":"","meta":{"_et_pb_use_builder":"on","_et_pb_old_content":"","_et_gb_content_width":"","ngg_post_thumbnail":0,"footnotes":""},"aioseo_notices":[],"_links":{"self":[{"href":"https:\/\/blogsaverroes.juntadeandalucia.es\/ceipsantiagolalinea\/wp-json\/wp\/v2\/pages\/853"}],"collection":[{"href":"https:\/\/blogsaverroes.juntadeandalucia.es\/ceipsantiagolalinea\/wp-json\/wp\/v2\/pages"}],"about":[{"href":"https:\/\/blogsaverroes.juntadeandalucia.es\/ceipsantiagolalinea\/wp-json\/wp\/v2\/types\/page"}],"author":[{"embeddable":true,"href":"https:\/\/blogsaverroes.juntadeandalucia.es\/ceipsantiagolalinea\/wp-json\/wp\/v2\/users\/17575"}],"replies":[{"embeddable":true,"href":"https:\/\/blogsaverroes.juntadeandalucia.es\/ceipsantiagolalinea\/wp-json\/wp\/v2\/comments?post=853"}],"version-history":[{"count":27,"href":"https:\/\/blogsaverroes.juntadeandalucia.es\/ceipsantiagolalinea\/wp-json\/wp\/v2\/pages\/853\/revisions"}],"predecessor-version":[{"id":4122,"href":"https:\/\/blogsaverroes.juntadeandalucia.es\/ceipsantiagolalinea\/wp-json\/wp\/v2\/pages\/853\/revisions\/4122"}],"wp:attachment":[{"href":"https:\/\/blogsaverroes.juntadeandalucia.es\/ceipsantiagolalinea\/wp-json\/wp\/v2\/media?parent=853"}],"curies":[{"name":"wp","href":"https:\/\/api.w.org\/{rel}","templated":true}]}}