{"id":2727,"date":"2026-03-24T11:32:48","date_gmt":"2026-03-24T11:32:48","guid":{"rendered":"https:\/\/blogsaverroes.juntadeandalucia.es\/ceipsantoangel\/?page_id=2727"},"modified":"2026-03-24T11:32:48","modified_gmt":"2026-03-24T11:32:48","slug":"proyecto-de-gestion","status":"publish","type":"page","link":"https:\/\/blogsaverroes.juntadeandalucia.es\/ceipsantoangel\/proyecto-de-gestion\/","title":{"rendered":"PROYECTO DE GESTI\u00d3N"},"content":{"rendered":"<p>Aqu\u00ed vamos a a\u00f1adir el proyecto de gesti\u00f3n.<\/p>\n","protected":false},"excerpt":{"rendered":"<p>Aqu\u00ed vamos a a\u00f1adir el proyecto de gesti\u00f3n.<\/p>\n","protected":false},"author":11674,"featured_media":0,"parent":0,"menu_order":0,"comment_status":"closed","ping_status":"closed","template":"","meta":{"ngg_post_thumbnail":0,"footnotes":"","_mc_calendar":[]},"aioseo_notices":[],"_links":{"self":[{"href":"https:\/\/blogsaverroes.juntadeandalucia.es\/ceipsantoangel\/wp-json\/wp\/v2\/pages\/2727"}],"collection":[{"href":"https:\/\/blogsaverroes.juntadeandalucia.es\/ceipsantoangel\/wp-json\/wp\/v2\/pages"}],"about":[{"href":"https:\/\/blogsaverroes.juntadeandalucia.es\/ceipsantoangel\/wp-json\/wp\/v2\/types\/page"}],"author":[{"embeddable":true,"href":"https:\/\/blogsaverroes.juntadeandalucia.es\/ceipsantoangel\/wp-json\/wp\/v2\/users\/11674"}],"replies":[{"embeddable":true,"href":"https:\/\/blogsaverroes.juntadeandalucia.es\/ceipsantoangel\/wp-json\/wp\/v2\/comments?post=2727"}],"version-history":[{"count":1,"href":"https:\/\/blogsaverroes.juntadeandalucia.es\/ceipsantoangel\/wp-json\/wp\/v2\/pages\/2727\/revisions"}],"predecessor-version":[{"id":2728,"href":"https:\/\/blogsaverroes.juntadeandalucia.es\/ceipsantoangel\/wp-json\/wp\/v2\/pages\/2727\/revisions\/2728"}],"wp:attachment":[{"href":"https:\/\/blogsaverroes.juntadeandalucia.es\/ceipsantoangel\/wp-json\/wp\/v2\/media?parent=2727"}],"curies":[{"name":"wp","href":"https:\/\/api.w.org\/{rel}","templated":true}]}}