{"id":2287,"date":"2020-09-12T01:22:29","date_gmt":"2020-09-12T01:22:29","guid":{"rendered":"https:\/\/blogsaverroes.juntadeandalucia.es\/ceipsantocristodelmar\/?page_id=2287"},"modified":"2023-03-17T10:24:49","modified_gmt":"2023-03-17T10:24:49","slug":"equipo-docente","status":"publish","type":"page","link":"https:\/\/blogsaverroes.juntadeandalucia.es\/ceipsantocristodelmar\/equipo-docente\/","title":{"rendered":"Claustro"},"content":{"rendered":"<p style=\"font-weight: 400\"><strong><em>CLAUSTRO DE PROFESORES\/AS<\/em><\/strong><\/p>\n<p style=\"font-weight: 400\"><strong>EDUCACI\u00d3N INFANTIL<\/strong><\/p>\n<ul style=\"font-weight: 400\">\n<li style=\"font-weight: 400\"><strong>Ana M\u00aa Ruiz Bueno: 4 a\u00f1os.<\/strong><\/li>\n<li><strong>Lucia Mora Mart\u00ednez<\/strong><b style=\"font-weight: 400\">:<\/b><strong> 3 a\u00f1os<\/strong><\/li>\n<li style=\"font-weight: 400\"><strong>Olivia Mart\u00edn Hern\u00e1ndez: 5 a\u00f1os.<\/strong><\/li>\n<\/ul>\n<p style=\"font-weight: 400\"><strong>PRIMER CICLO DE EDUCACI\u00d3N PRIMARIA<\/strong><\/p>\n<ul style=\"font-weight: 400\">\n<li><strong>Laura Mart\u00ednez Ponce de Le\u00f3n: 1\u00ba<\/strong><\/li>\n<li><strong>Mar\u00eda del Carmen Linares Gonz\u00e1lez: 2\u00ba<\/strong><\/li>\n<\/ul>\n<p style=\"font-weight: 400\"><strong>SEGUNDO CICLO DE EDUCACI\u00d3N PRIMARIA<\/strong><strong>.<\/strong><\/p>\n<ul style=\"font-weight: 400\">\n<li><strong>Isabel Cadena Navarro: 3\u00ba<\/strong><\/li>\n<li><strong>Marian Le\u00f3n Peso: 4\u00ba<\/strong><\/li>\n<\/ul>\n<p style=\"font-weight: 400\"><strong>TERCER CICLO DE EDUCACI\u00d3N PRIMARIA<\/strong><\/p>\n<ul style=\"font-weight: 400\">\n<li><strong>Mariola Jim\u00e9nez Rosado: 5\u00ba.<\/strong><\/li>\n<li><strong>\u00c1frica Garc\u00eda Fern\u00e1ndez: 6 \u00ba<\/strong><\/li>\n<\/ul>\n<p style=\"font-weight: 400\"><strong>ATENCI\u00d3N A LA DIVERSIDAD<\/strong>&nbsp;<\/p>\n<ul style=\"font-weight: 400\">\n<li style=\"font-weight: 400\"><strong>Maestra de Ed. Compensatoria: Dolores Santana Rivas<br \/>\n<\/strong><\/li>\n<li style=\"font-weight: 400\"><strong>Maestra de Audici\u00f3n y Lenguaje: Ana Donoso<br \/>\n<\/strong><\/li>\n<li><strong>Pedagog\u00eda Terap\u00e9utica: M\u00aa del Rosario Toscano Madrid&nbsp;<\/strong><\/li>\n<\/ul>\n<p style=\"font-weight: 400\"><strong>COORDINADOR TDE<\/strong><\/p>\n<ul style=\"font-weight: 400\">\n<li><strong>\u00c1frica Garc\u00eda Fern\u00e1ndez<\/strong><\/li>\n<\/ul>\n<p style=\"font-weight: 400\"><strong>MAESTROS\/AS &nbsp;ESPECIALISTAS<\/strong><\/p>\n<ul style=\"font-weight: 400\">\n<li><strong>Ana L\u00f3pez Sevidanes: Ingl\u00e9s&nbsp;<\/strong><\/li>\n<li><strong>Mar\u00eda del Carmen Linares Gonz\u00e1lez: Ingl\u00e9s<\/strong><\/li>\n<li><strong>Sonia L\u00f3pez Romero: Religi\u00f3n Cat\u00f3lica<\/strong><\/li>\n<li><strong>Cristina Salas S\u00e1nchez-Guerra: Educaci\u00f3n F\u00edsica<\/strong><\/li>\n<li><strong>Isabel Cadena Navarro: Franc\u00e9s<\/strong><\/li>\n<li><strong>Mariola Jim\u00e9nez Rosado: M\u00fasica<\/strong><\/li>\n<li><strong>Carmen del Roc\u00edo G\u00f3mez Rivera: Apoyo<\/strong><\/li>\n<\/ul>\n","protected":false},"excerpt":{"rendered":"<p>CLAUSTRO DE PROFESORES\/AS EDUCACI\u00d3N INFANTIL Ana M\u00aa Ruiz Bueno: 4 a\u00f1os. Lucia Mora Mart\u00ednez: 3 a\u00f1os Olivia Mart\u00edn Hern\u00e1ndez: 5 a\u00f1os. PRIMER CICLO DE EDUCACI\u00d3N PRIMARIA Laura Mart\u00ednez Ponce de Le\u00f3n: 1\u00ba Mar\u00eda del&#46;&#46;&#46;<\/p>\n","protected":false},"author":6168,"featured_media":0,"parent":0,"menu_order":0,"comment_status":"closed","ping_status":"closed","template":"","meta":{"ngg_post_thumbnail":0,"footnotes":"","_mc_calendar":[]},"aioseo_notices":[],"_links":{"self":[{"href":"https:\/\/blogsaverroes.juntadeandalucia.es\/ceipsantocristodelmar\/wp-json\/wp\/v2\/pages\/2287"}],"collection":[{"href":"https:\/\/blogsaverroes.juntadeandalucia.es\/ceipsantocristodelmar\/wp-json\/wp\/v2\/pages"}],"about":[{"href":"https:\/\/blogsaverroes.juntadeandalucia.es\/ceipsantocristodelmar\/wp-json\/wp\/v2\/types\/page"}],"author":[{"embeddable":true,"href":"https:\/\/blogsaverroes.juntadeandalucia.es\/ceipsantocristodelmar\/wp-json\/wp\/v2\/users\/6168"}],"replies":[{"embeddable":true,"href":"https:\/\/blogsaverroes.juntadeandalucia.es\/ceipsantocristodelmar\/wp-json\/wp\/v2\/comments?post=2287"}],"version-history":[{"count":8,"href":"https:\/\/blogsaverroes.juntadeandalucia.es\/ceipsantocristodelmar\/wp-json\/wp\/v2\/pages\/2287\/revisions"}],"predecessor-version":[{"id":3879,"href":"https:\/\/blogsaverroes.juntadeandalucia.es\/ceipsantocristodelmar\/wp-json\/wp\/v2\/pages\/2287\/revisions\/3879"}],"wp:attachment":[{"href":"https:\/\/blogsaverroes.juntadeandalucia.es\/ceipsantocristodelmar\/wp-json\/wp\/v2\/media?parent=2287"}],"curies":[{"name":"wp","href":"https:\/\/api.w.org\/{rel}","templated":true}]}}