{"id":2340,"date":"2020-10-03T09:54:34","date_gmt":"2020-10-03T09:54:34","guid":{"rendered":"https:\/\/blogsaverroes.juntadeandalucia.es\/ceipsantocristodelmar\/?page_id=2340"},"modified":"2020-10-03T09:54:47","modified_gmt":"2020-10-03T09:54:47","slug":"programa-comunica","status":"publish","type":"page","link":"https:\/\/blogsaverroes.juntadeandalucia.es\/ceipsantocristodelmar\/programa-comunica\/","title":{"rendered":"Programa Comunica"},"content":{"rendered":"<p style=\"text-align: left\">La finalidad de este programa consiste en la mejora de la&nbsp; comprensi\u00f3n, expresi\u00f3n e interacci\u00f3n de textos orales, escritos, audiovisuales y digitales, as\u00ed como la implicaci\u00f3n del alumnado en la creaci\u00f3n de textos propios de car\u00e1cter est\u00e9tico procurando que los alumnos sean los verdaderos protagonistas de sus logros y de la metodolog\u00eda utilizada.<\/p>\n<p style=\"text-align: left\"><a href=\"https:\/\/blogsaverroes.juntadeandalucia.es\/ceipsantocristodelmar\/files\/2020\/10\/FAMILIA_LEYENDO.png\"><img loading=\"lazy\" decoding=\"async\" class=\"alignleft wp-image-2341 size-full\" src=\"https:\/\/blogsaverroes.juntadeandalucia.es\/ceipsantocristodelmar\/files\/2020\/10\/FAMILIA_LEYENDO.png\" alt=\"\" width=\"400\" height=\"317\" srcset=\"https:\/\/blogsaverroes.juntadeandalucia.es\/ceipsantocristodelmar\/files\/2020\/10\/FAMILIA_LEYENDO.png 400w, https:\/\/blogsaverroes.juntadeandalucia.es\/ceipsantocristodelmar\/files\/2020\/10\/FAMILIA_LEYENDO-300x238.png 300w, https:\/\/blogsaverroes.juntadeandalucia.es\/ceipsantocristodelmar\/files\/2020\/10\/FAMILIA_LEYENDO-24x19.png 24w, https:\/\/blogsaverroes.juntadeandalucia.es\/ceipsantocristodelmar\/files\/2020\/10\/FAMILIA_LEYENDO-36x29.png 36w, https:\/\/blogsaverroes.juntadeandalucia.es\/ceipsantocristodelmar\/files\/2020\/10\/FAMILIA_LEYENDO-48x38.png 48w\" sizes=\"(max-width: 400px) 100vw, 400px\" \/><\/a><\/p>\n<p>&nbsp;<\/p>\n<p style=\"text-align: left\">La participaci\u00f3n de las familias en algunas actividades dentro del aula (tertulias literarias, cuentacuentos&#8230;) hace&nbsp; de este programa una experiencia muy enriquecedora para el alumnado.<\/p>\n","protected":false},"excerpt":{"rendered":"<p>La finalidad de este programa consiste en la mejora de la&nbsp; comprensi\u00f3n, expresi\u00f3n e interacci\u00f3n de textos orales, escritos, audiovisuales y digitales, as\u00ed como la implicaci\u00f3n del alumnado en la creaci\u00f3n de textos propios&#46;&#46;&#46;<\/p>\n","protected":false},"author":10535,"featured_media":0,"parent":0,"menu_order":0,"comment_status":"closed","ping_status":"closed","template":"","meta":{"ngg_post_thumbnail":0,"footnotes":"","_mc_calendar":[]},"aioseo_notices":[],"_links":{"self":[{"href":"https:\/\/blogsaverroes.juntadeandalucia.es\/ceipsantocristodelmar\/wp-json\/wp\/v2\/pages\/2340"}],"collection":[{"href":"https:\/\/blogsaverroes.juntadeandalucia.es\/ceipsantocristodelmar\/wp-json\/wp\/v2\/pages"}],"about":[{"href":"https:\/\/blogsaverroes.juntadeandalucia.es\/ceipsantocristodelmar\/wp-json\/wp\/v2\/types\/page"}],"author":[{"embeddable":true,"href":"https:\/\/blogsaverroes.juntadeandalucia.es\/ceipsantocristodelmar\/wp-json\/wp\/v2\/users\/10535"}],"replies":[{"embeddable":true,"href":"https:\/\/blogsaverroes.juntadeandalucia.es\/ceipsantocristodelmar\/wp-json\/wp\/v2\/comments?post=2340"}],"version-history":[{"count":2,"href":"https:\/\/blogsaverroes.juntadeandalucia.es\/ceipsantocristodelmar\/wp-json\/wp\/v2\/pages\/2340\/revisions"}],"predecessor-version":[{"id":2343,"href":"https:\/\/blogsaverroes.juntadeandalucia.es\/ceipsantocristodelmar\/wp-json\/wp\/v2\/pages\/2340\/revisions\/2343"}],"wp:attachment":[{"href":"https:\/\/blogsaverroes.juntadeandalucia.es\/ceipsantocristodelmar\/wp-json\/wp\/v2\/media?parent=2340"}],"curies":[{"name":"wp","href":"https:\/\/api.w.org\/{rel}","templated":true}]}}