{"id":2345,"date":"2020-10-03T10:56:57","date_gmt":"2020-10-03T10:56:57","guid":{"rendered":"https:\/\/blogsaverroes.juntadeandalucia.es\/ceipsantocristodelmar\/?page_id=2345"},"modified":"2020-10-03T10:56:57","modified_gmt":"2020-10-03T10:56:57","slug":"plan-de-bilinguismo","status":"publish","type":"page","link":"https:\/\/blogsaverroes.juntadeandalucia.es\/ceipsantocristodelmar\/plan-de-bilinguismo\/","title":{"rendered":"Plan de Biling\u00fcismo"},"content":{"rendered":"<p>Este programa concede especial relevancia a la competencia en comunicaci\u00f3n ling\u00fc\u00edstica, referida a la utilizaci\u00f3n del lenguaje como instrumento de comunicaci\u00f3n oral y escrita, tanto en la lengua espa\u00f1ola como en lengua extranjera, en nuestro caso en ingl\u00e9s. Asimismo, prev\u00e9 que determinados \u00e1mbitos, \u00e1reas o materias del curr\u00edculo sean impartidos en una lengua extranjera en educaci\u00f3n infantil y educaci\u00f3n primaria. En nuestro centro, actualmente en primaria, se trabaja en las \u00e1reas de Ciencias de la Naturaleza y&nbsp; Ciencias Sociales.<\/p>\n<p>Contamos cada a\u00f1o con un auxiliar de conversaci\u00f3n nativo que realiza una labor important\u00edsima con nuestro alumnado,. El objetivo fundamental es el de la <em>conversaci\u00f3n en ingl\u00e9s<\/em> con la clase y aprender la cultura del pa\u00eds del auxiliar.<\/p>\n","protected":false},"excerpt":{"rendered":"<p>Este programa concede especial relevancia a la competencia en comunicaci\u00f3n ling\u00fc\u00edstica, referida a la utilizaci\u00f3n del lenguaje como instrumento de comunicaci\u00f3n oral y escrita, tanto en la lengua espa\u00f1ola como en lengua extranjera, en&#46;&#46;&#46;<\/p>\n","protected":false},"author":10535,"featured_media":0,"parent":0,"menu_order":0,"comment_status":"closed","ping_status":"closed","template":"","meta":{"ngg_post_thumbnail":0,"footnotes":"","_mc_calendar":[]},"aioseo_notices":[],"_links":{"self":[{"href":"https:\/\/blogsaverroes.juntadeandalucia.es\/ceipsantocristodelmar\/wp-json\/wp\/v2\/pages\/2345"}],"collection":[{"href":"https:\/\/blogsaverroes.juntadeandalucia.es\/ceipsantocristodelmar\/wp-json\/wp\/v2\/pages"}],"about":[{"href":"https:\/\/blogsaverroes.juntadeandalucia.es\/ceipsantocristodelmar\/wp-json\/wp\/v2\/types\/page"}],"author":[{"embeddable":true,"href":"https:\/\/blogsaverroes.juntadeandalucia.es\/ceipsantocristodelmar\/wp-json\/wp\/v2\/users\/10535"}],"replies":[{"embeddable":true,"href":"https:\/\/blogsaverroes.juntadeandalucia.es\/ceipsantocristodelmar\/wp-json\/wp\/v2\/comments?post=2345"}],"version-history":[{"count":2,"href":"https:\/\/blogsaverroes.juntadeandalucia.es\/ceipsantocristodelmar\/wp-json\/wp\/v2\/pages\/2345\/revisions"}],"predecessor-version":[{"id":2349,"href":"https:\/\/blogsaverroes.juntadeandalucia.es\/ceipsantocristodelmar\/wp-json\/wp\/v2\/pages\/2345\/revisions\/2349"}],"wp:attachment":[{"href":"https:\/\/blogsaverroes.juntadeandalucia.es\/ceipsantocristodelmar\/wp-json\/wp\/v2\/media?parent=2345"}],"curies":[{"name":"wp","href":"https:\/\/api.w.org\/{rel}","templated":true}]}}