{"id":2396,"date":"2020-11-05T09:57:27","date_gmt":"2020-11-05T09:57:27","guid":{"rendered":"https:\/\/blogsaverroes.juntadeandalucia.es\/ceipsantocristodelmar\/?page_id=2396"},"modified":"2024-11-08T11:24:31","modified_gmt":"2024-11-08T11:24:31","slug":"proyecto-educativo-3","status":"publish","type":"page","link":"https:\/\/blogsaverroes.juntadeandalucia.es\/ceipsantocristodelmar\/proyecto-educativo-3\/","title":{"rendered":"Proyecto Educativo"},"content":{"rendered":"<p><a href=\"https:\/\/blogsaverroes.juntadeandalucia.es\/ceipsantocristodelmar\/files\/2020\/11\/proyectoeducativo_001.jpg\"><img loading=\"lazy\" decoding=\"async\" class=\"alignleft wp-image-2431\" src=\"https:\/\/blogsaverroes.juntadeandalucia.es\/ceipsantocristodelmar\/files\/2020\/11\/proyectoeducativo_001-300x78.jpg\" alt=\"\" width=\"530\" height=\"138\" srcset=\"https:\/\/blogsaverroes.juntadeandalucia.es\/ceipsantocristodelmar\/files\/2020\/11\/proyectoeducativo_001-300x78.jpg 300w, https:\/\/blogsaverroes.juntadeandalucia.es\/ceipsantocristodelmar\/files\/2020\/11\/proyectoeducativo_001-1024x265.jpg 1024w, https:\/\/blogsaverroes.juntadeandalucia.es\/ceipsantocristodelmar\/files\/2020\/11\/proyectoeducativo_001-768x199.jpg 768w, https:\/\/blogsaverroes.juntadeandalucia.es\/ceipsantocristodelmar\/files\/2020\/11\/proyectoeducativo_001-24x6.jpg 24w, https:\/\/blogsaverroes.juntadeandalucia.es\/ceipsantocristodelmar\/files\/2020\/11\/proyectoeducativo_001-36x9.jpg 36w, https:\/\/blogsaverroes.juntadeandalucia.es\/ceipsantocristodelmar\/files\/2020\/11\/proyectoeducativo_001-48x12.jpg 48w, https:\/\/blogsaverroes.juntadeandalucia.es\/ceipsantocristodelmar\/files\/2020\/11\/proyectoeducativo_001.jpg 1350w\" sizes=\"(max-width: 530px) 100vw, 530px\" \/><\/a>Se entiende el proyecto educativo de centro como el documento, que debe ser p\u00fablico para conocimiento de toda la comunidad, el cual, llevado a la pr\u00e1ctica,&nbsp;<b>define la identidad de la escuela, estipula los valores de la instituci\u00f3n y recoge los objetivos, metas y prioridades del citado proyecto&nbsp;<\/b>dentro del \u00e1mbito social y cultural que le rodea, siempre atendiendo a los principios que le identifican. En \u00e9l tambi\u00e9n ser\u00e1n incluidos los curr\u00edculos aprobados por el Claustro adem\u00e1s de la metodolog\u00eda establecida para tratar las materias correspondientes.&nbsp; Descarga en el siguiente enlace: <a href=\"https:\/\/blogsaverroes.juntadeandalucia.es\/ceipsantocristodelmar\/files\/2024\/11\/Proyecto-educativo.pdf\">Proyecto educativo 2024-25<\/a><\/p>\n<p><a href=\"https:\/\/blogsaverroes.juntadeandalucia.es\/ceipsantocristodelmar\/files\/2024\/11\/PLAN-de-IGUALDAD.pdf\">Plan de Igualdad 2024-25<\/a><\/p>\n","protected":false},"excerpt":{"rendered":"<p>Se entiende el proyecto educativo de centro como el documento, que debe ser p\u00fablico para conocimiento de toda la comunidad, el cual, llevado a la pr\u00e1ctica,&nbsp;define la identidad de la escuela, estipula los valores&#46;&#46;&#46;<\/p>\n","protected":false},"author":10535,"featured_media":0,"parent":0,"menu_order":0,"comment_status":"closed","ping_status":"closed","template":"","meta":{"ngg_post_thumbnail":0,"footnotes":"","_mc_calendar":[]},"aioseo_notices":[],"_links":{"self":[{"href":"https:\/\/blogsaverroes.juntadeandalucia.es\/ceipsantocristodelmar\/wp-json\/wp\/v2\/pages\/2396"}],"collection":[{"href":"https:\/\/blogsaverroes.juntadeandalucia.es\/ceipsantocristodelmar\/wp-json\/wp\/v2\/pages"}],"about":[{"href":"https:\/\/blogsaverroes.juntadeandalucia.es\/ceipsantocristodelmar\/wp-json\/wp\/v2\/types\/page"}],"author":[{"embeddable":true,"href":"https:\/\/blogsaverroes.juntadeandalucia.es\/ceipsantocristodelmar\/wp-json\/wp\/v2\/users\/10535"}],"replies":[{"embeddable":true,"href":"https:\/\/blogsaverroes.juntadeandalucia.es\/ceipsantocristodelmar\/wp-json\/wp\/v2\/comments?post=2396"}],"version-history":[{"count":10,"href":"https:\/\/blogsaverroes.juntadeandalucia.es\/ceipsantocristodelmar\/wp-json\/wp\/v2\/pages\/2396\/revisions"}],"predecessor-version":[{"id":4165,"href":"https:\/\/blogsaverroes.juntadeandalucia.es\/ceipsantocristodelmar\/wp-json\/wp\/v2\/pages\/2396\/revisions\/4165"}],"wp:attachment":[{"href":"https:\/\/blogsaverroes.juntadeandalucia.es\/ceipsantocristodelmar\/wp-json\/wp\/v2\/media?parent=2396"}],"curies":[{"name":"wp","href":"https:\/\/api.w.org\/{rel}","templated":true}]}}