{"id":2821,"date":"2021-09-24T10:44:44","date_gmt":"2021-09-24T10:44:44","guid":{"rendered":"https:\/\/blogsaverroes.juntadeandalucia.es\/ceipsantocristodelmar\/?page_id=2821"},"modified":"2024-09-17T07:45:09","modified_gmt":"2024-09-17T07:45:09","slug":"consejo-escolar","status":"publish","type":"page","link":"https:\/\/blogsaverroes.juntadeandalucia.es\/ceipsantocristodelmar\/consejo-escolar\/","title":{"rendered":"Consejo Escolar"},"content":{"rendered":"<p>&nbsp;<\/p>\n<p style=\"text-align: center\"><strong>ELECCIONES 2024<\/strong><\/p>\n<p>El proceso electoral se realizar\u00e1 de acuerdo con lo estipulado en la Orden de 7 de octubre de 2010, modificada por la Orden de 23 de abril de 2024<\/p>\n<p style=\"text-align: center\"><strong>CALENDARIO&nbsp;<\/strong><\/p>\n<ol>\n<li>Generaci\u00f3n de los Censos Electorales para Publicaci\u00f3n: De los distintos sectores, entre el 16 y el 20 de septiembre de 2024 (ambos inclusive).<\/li>\n<li>Constituci\u00f3n de la Junta Electoral: Entre los d\u00edas 30 de septiembre y 4 de octubre de 2024 (ambos inclusive).<\/li>\n<li>Publicaci\u00f3n definitiva del Censo para Publicaci\u00f3n, tras las reclamaciones: Antes del 14 de octubre de 2024.<\/li>\n<li>Admisi\u00f3n de candidaturas: Entre los d\u00edas 14 y 25 de octubre de 2024 (ambos inclusive).<\/li>\n<li>Publicaci\u00f3n de la lista provisional de candidatos y candidatas: 28 de octubre de 2024.<\/li>\n<li>Publicaci\u00f3n de la lista definitiva de candidatos y candidatas: 31 de octubre de 2024<\/li>\n<li>Campa\u00f1a electoral: Del 4 al 14 de noviembre de 2024 (ambos inclusive).<\/li>\n<li>Confecci\u00f3n de las papeletas de voto: Antes del d\u00eda 7 de noviembre de 2024.<\/li>\n<li>Voto electr\u00f3nico de las familias: Del 4 al 14 de noviembre (ambos inclusive).<\/li>\n<li>Voto no presencial en doble sobre de las familias: Del 12 al 18 de noviembre (ambos inclusive).<\/li>\n<li>Generaci\u00f3n de los Censos de Consulta Interna: 18 de noviembre de 2024.<\/li>\n<li>Celebraci\u00f3n de las elecciones. Tendr\u00e1 lugar durante los siguientes d\u00edas:\n<ol>\n<li>Elecciones del sector de padres, madres y personas que ejerzan la tutela legal: 19 de noviembre.<\/li>\n<li>Elecciones del sector del alumnado: 20 de noviembre.<\/li>\n<li>Elecciones del sector del profesorado, del personal de administraci\u00f3n y servicios y, en su caso, del personal de atenci\u00f3n educativa complementaria: 21 de noviembre.<\/li>\n<\/ol>\n<\/li>\n<li>Proclamaci\u00f3n de representantes electos: Antes del 30 de noviembre de 2024.<\/li>\n<li>Constituci\u00f3n del nuevo Consejo Escolar: Antes del 21 de diciembre de 2024.<\/li>\n<\/ol>\n","protected":false},"excerpt":{"rendered":"<p>&nbsp; ELECCIONES 2024 El proceso electoral se realizar\u00e1 de acuerdo con lo estipulado en la Orden de 7 de octubre de 2010, modificada por la Orden de 23 de abril de 2024 CALENDARIO&nbsp; Generaci\u00f3n&#46;&#46;&#46;<\/p>\n","protected":false},"author":10535,"featured_media":0,"parent":0,"menu_order":0,"comment_status":"closed","ping_status":"closed","template":"","meta":{"ngg_post_thumbnail":0,"footnotes":"","_mc_calendar":[]},"aioseo_notices":[],"_links":{"self":[{"href":"https:\/\/blogsaverroes.juntadeandalucia.es\/ceipsantocristodelmar\/wp-json\/wp\/v2\/pages\/2821"}],"collection":[{"href":"https:\/\/blogsaverroes.juntadeandalucia.es\/ceipsantocristodelmar\/wp-json\/wp\/v2\/pages"}],"about":[{"href":"https:\/\/blogsaverroes.juntadeandalucia.es\/ceipsantocristodelmar\/wp-json\/wp\/v2\/types\/page"}],"author":[{"embeddable":true,"href":"https:\/\/blogsaverroes.juntadeandalucia.es\/ceipsantocristodelmar\/wp-json\/wp\/v2\/users\/10535"}],"replies":[{"embeddable":true,"href":"https:\/\/blogsaverroes.juntadeandalucia.es\/ceipsantocristodelmar\/wp-json\/wp\/v2\/comments?post=2821"}],"version-history":[{"count":5,"href":"https:\/\/blogsaverroes.juntadeandalucia.es\/ceipsantocristodelmar\/wp-json\/wp\/v2\/pages\/2821\/revisions"}],"predecessor-version":[{"id":4157,"href":"https:\/\/blogsaverroes.juntadeandalucia.es\/ceipsantocristodelmar\/wp-json\/wp\/v2\/pages\/2821\/revisions\/4157"}],"wp:attachment":[{"href":"https:\/\/blogsaverroes.juntadeandalucia.es\/ceipsantocristodelmar\/wp-json\/wp\/v2\/media?parent=2821"}],"curies":[{"name":"wp","href":"https:\/\/api.w.org\/{rel}","templated":true}]}}