{"id":35,"date":"2015-03-13T08:21:43","date_gmt":"2015-03-13T08:21:43","guid":{"rendered":"http:\/\/blogsaverroes.juntadeandalucia.es\/pre\/ceip\/?page_id=35"},"modified":"2020-09-12T01:26:09","modified_gmt":"2020-09-12T01:26:09","slug":"el-centro-2","status":"publish","type":"page","link":"https:\/\/blogsaverroes.juntadeandalucia.es\/ceipsantocristodelmar\/el-centro-2\/","title":{"rendered":"Datos del centro"},"content":{"rendered":"<div style=\"width: 100%\"><iframe loading=\"lazy\" src=\"https:\/\/maps.google.com\/maps?width=100%25&amp;height=600&amp;hl=es&amp;q=Av.%20Andaluc%C3%ADa,%2025,%2021100%20Punta%20Umbr%C3%ADa,%20Huelva+(CEIP%20Santo%20Cristo%20del%20Mar)&amp;t=&amp;z=14&amp;ie=UTF8&amp;iwloc=B&amp;output=embed\" width=\"100%\" height=\"600\" frameborder=\"0\" marginwidth=\"0\" marginheight=\"0\" scrolling=\"no\"><\/iframe><\/div>\n<h4><strong>Datos de contacto<\/strong><\/h4>\n<p>CEIP Santo Cristo del Mar. Punta Umbr\u00eda (Huelva).<\/p>\n<p><strong>Direcci\u00f3n:<\/strong> Av. Andaluc\u00eda, 25, 21100 Punta Umbr\u00eda, Huelva&nbsp;<\/p>\n<p><strong>Tel\u00e9fono \/ FAX:<\/strong><br \/>\n<strong>Email:<\/strong> santocristo.averroes@gmail.com<\/p>\n<h4><strong>Horarios<\/strong><\/h4>\n<p>Reflejar el horario de apertura del centro: aula matinal, actividades lectivas, Plan de Acompa\u00f1amiento, talleres extraescolares organizados desde el AMPA, etc.<\/p>\n<h4><strong>Oferta educativa<\/strong><\/h4>\n<p>Una breve descripci\u00f3n de las ense\u00f1anzas ofrecidas en el centro, con posibilidad de <a title=\"Educaci\u00f3n infantil\" href=\"https:\/\/blogsaverroes.juntadeandalucia.es\/ceipsantocristodelmar\/educacion-infantil\/\">enlazar <\/a>a otras secciones informativas de la web.<\/p>\n<h4>Instalaciones<\/h4>\nngg_shortcode_0_placeholder\n","protected":false},"excerpt":{"rendered":"<p>Datos de contacto CEIP Santo Cristo del Mar. Punta Umbr\u00eda (Huelva). Direcci\u00f3n: Av. Andaluc\u00eda, 25, 21100 Punta Umbr\u00eda, Huelva&nbsp; Tel\u00e9fono \/ FAX: Email: santocristo.averroes@gmail.com Horarios Reflejar el horario de apertura del centro: aula matinal,&#46;&#46;&#46;<\/p>\n","protected":false},"author":1,"featured_media":0,"parent":0,"menu_order":0,"comment_status":"closed","ping_status":"open","template":"page-cs.php","meta":{"ngg_post_thumbnail":0,"footnotes":"","_mc_calendar":[]},"aioseo_notices":[],"_links":{"self":[{"href":"https:\/\/blogsaverroes.juntadeandalucia.es\/ceipsantocristodelmar\/wp-json\/wp\/v2\/pages\/35"}],"collection":[{"href":"https:\/\/blogsaverroes.juntadeandalucia.es\/ceipsantocristodelmar\/wp-json\/wp\/v2\/pages"}],"about":[{"href":"https:\/\/blogsaverroes.juntadeandalucia.es\/ceipsantocristodelmar\/wp-json\/wp\/v2\/types\/page"}],"author":[{"embeddable":true,"href":"https:\/\/blogsaverroes.juntadeandalucia.es\/ceipsantocristodelmar\/wp-json\/wp\/v2\/users\/1"}],"replies":[{"embeddable":true,"href":"https:\/\/blogsaverroes.juntadeandalucia.es\/ceipsantocristodelmar\/wp-json\/wp\/v2\/comments?post=35"}],"version-history":[{"count":25,"href":"https:\/\/blogsaverroes.juntadeandalucia.es\/ceipsantocristodelmar\/wp-json\/wp\/v2\/pages\/35\/revisions"}],"predecessor-version":[{"id":2586,"href":"https:\/\/blogsaverroes.juntadeandalucia.es\/ceipsantocristodelmar\/wp-json\/wp\/v2\/pages\/35\/revisions\/2586"}],"wp:attachment":[{"href":"https:\/\/blogsaverroes.juntadeandalucia.es\/ceipsantocristodelmar\/wp-json\/wp\/v2\/media?parent=35"}],"curies":[{"name":"wp","href":"https:\/\/api.w.org\/{rel}","templated":true}]}}