{"id":871,"date":"2015-03-16T07:25:46","date_gmt":"2015-03-16T07:25:46","guid":{"rendered":"http:\/\/blogsaverroes.juntadeandalucia.es\/pre\/ceip\/?page_id=106"},"modified":"2022-09-20T11:08:57","modified_gmt":"2022-09-20T11:08:57","slug":"actividades-extraescolares","status":"publish","type":"page","link":"https:\/\/blogsaverroes.juntadeandalucia.es\/ceipsantocristodelmar\/actividades-extraescolares\/","title":{"rendered":"Actividades extraescolares"},"content":{"rendered":"<h4>&nbsp;<\/h4>\n<p style=\"text-align: left\"><a href=\"https:\/\/blogsaverroes.juntadeandalucia.es\/ceipsantocristodelmar\/files\/2015\/03\/talleres.jpg\"><img loading=\"lazy\" decoding=\"async\" class=\" alignnone wp-image-228 size-medium alignleft\" src=\"https:\/\/blogsaverroes.juntadeandalucia.es\/ceipsantocristodelmar\/files\/2015\/03\/talleres-300x199.jpg\" alt=\"\" width=\"300\" height=\"199\" srcset=\"https:\/\/blogsaverroes.juntadeandalucia.es\/ceipsantocristodelmar\/files\/2015\/03\/talleres-300x199.jpg 300w, https:\/\/blogsaverroes.juntadeandalucia.es\/ceipsantocristodelmar\/files\/2015\/03\/talleres-1024x682.jpg 1024w, https:\/\/blogsaverroes.juntadeandalucia.es\/ceipsantocristodelmar\/files\/2015\/03\/talleres.jpg 1280w\" sizes=\"(max-width: 300px) 100vw, 300px\" \/><\/a>Las actividades extraescolares tienen lugar en horario de tarde, hasta las 18.00, y abarcan aspectos como la lectura, el deporte,&nbsp; los idiomas, la danza o el teatro, entre otras actividades l\u00fadicas y formativas.<\/p>\n<p>Para hacer posible la realizaci\u00f3n de estas actividades fuera del horario lectivo, los centros abren sus instalaciones hasta las 18.00 todos los d\u00edas lectivos con excepci\u00f3n de los viernes, en los que el cierre se establece a las 16.00.<\/p>\n<p>Nuestras acividades son las siguientes:<\/p>\n<p><a href=\"https:\/\/blogsaverroes.juntadeandalucia.es\/ceipsantocristodelmar\/files\/2022\/09\/HORARIO-SANTO-CRISTO-DEL-MAR-2022-23_page-0001.jpg\"><img loading=\"lazy\" decoding=\"async\" class=\"alignnone wp-image-3711 size-full\" src=\"https:\/\/blogsaverroes.juntadeandalucia.es\/ceipsantocristodelmar\/files\/2022\/09\/HORARIO-SANTO-CRISTO-DEL-MAR-2022-23_page-0001.jpg\" alt=\"\" width=\"1600\" height=\"1131\" srcset=\"https:\/\/blogsaverroes.juntadeandalucia.es\/ceipsantocristodelmar\/files\/2022\/09\/HORARIO-SANTO-CRISTO-DEL-MAR-2022-23_page-0001.jpg 1600w, https:\/\/blogsaverroes.juntadeandalucia.es\/ceipsantocristodelmar\/files\/2022\/09\/HORARIO-SANTO-CRISTO-DEL-MAR-2022-23_page-0001-300x212.jpg 300w, https:\/\/blogsaverroes.juntadeandalucia.es\/ceipsantocristodelmar\/files\/2022\/09\/HORARIO-SANTO-CRISTO-DEL-MAR-2022-23_page-0001-1024x724.jpg 1024w, https:\/\/blogsaverroes.juntadeandalucia.es\/ceipsantocristodelmar\/files\/2022\/09\/HORARIO-SANTO-CRISTO-DEL-MAR-2022-23_page-0001-768x543.jpg 768w, https:\/\/blogsaverroes.juntadeandalucia.es\/ceipsantocristodelmar\/files\/2022\/09\/HORARIO-SANTO-CRISTO-DEL-MAR-2022-23_page-0001-1536x1086.jpg 1536w\" sizes=\"(max-width: 1600px) 100vw, 1600px\" \/><\/a><\/p>\n<p>&nbsp;<\/p>\n<p>&nbsp;<\/p>\n<p>&nbsp;<\/p>\n<p>&nbsp;<\/p>\n<p>&nbsp;<\/p>\n<p>Talleres<\/p>\n<p>Horarios<\/p>\n<p>Solicitudes<\/p>\n<p>Precios<\/p>\n","protected":false},"excerpt":{"rendered":"<p>&nbsp; Las actividades extraescolares tienen lugar en horario de tarde, hasta las 18.00, y abarcan aspectos como la lectura, el deporte,&nbsp; los idiomas, la danza o el teatro, entre otras actividades l\u00fadicas y formativas.&#46;&#46;&#46;<\/p>\n","protected":false},"author":1,"featured_media":0,"parent":0,"menu_order":0,"comment_status":"closed","ping_status":"open","template":"page-cs.php","meta":{"ngg_post_thumbnail":0,"footnotes":"","_mc_calendar":[]},"aioseo_notices":[],"_links":{"self":[{"href":"https:\/\/blogsaverroes.juntadeandalucia.es\/ceipsantocristodelmar\/wp-json\/wp\/v2\/pages\/871"}],"collection":[{"href":"https:\/\/blogsaverroes.juntadeandalucia.es\/ceipsantocristodelmar\/wp-json\/wp\/v2\/pages"}],"about":[{"href":"https:\/\/blogsaverroes.juntadeandalucia.es\/ceipsantocristodelmar\/wp-json\/wp\/v2\/types\/page"}],"author":[{"embeddable":true,"href":"https:\/\/blogsaverroes.juntadeandalucia.es\/ceipsantocristodelmar\/wp-json\/wp\/v2\/users\/1"}],"replies":[{"embeddable":true,"href":"https:\/\/blogsaverroes.juntadeandalucia.es\/ceipsantocristodelmar\/wp-json\/wp\/v2\/comments?post=871"}],"version-history":[{"count":9,"href":"https:\/\/blogsaverroes.juntadeandalucia.es\/ceipsantocristodelmar\/wp-json\/wp\/v2\/pages\/871\/revisions"}],"predecessor-version":[{"id":3712,"href":"https:\/\/blogsaverroes.juntadeandalucia.es\/ceipsantocristodelmar\/wp-json\/wp\/v2\/pages\/871\/revisions\/3712"}],"wp:attachment":[{"href":"https:\/\/blogsaverroes.juntadeandalucia.es\/ceipsantocristodelmar\/wp-json\/wp\/v2\/media?parent=871"}],"curies":[{"name":"wp","href":"https:\/\/api.w.org\/{rel}","templated":true}]}}