{"id":49,"date":"2015-03-13T08:47:05","date_gmt":"2015-03-13T08:47:05","guid":{"rendered":"http:\/\/blogsaverroes.juntadeandalucia.es\/pre\/ceip\/?page_id=49"},"modified":"2024-11-10T10:18:22","modified_gmt":"2024-11-10T10:18:22","slug":"proyecto-educativo","status":"publish","type":"page","link":"https:\/\/blogsaverroes.juntadeandalucia.es\/ceipsanvalentin\/proyecto-educativo\/","title":{"rendered":"Proyecto Educativo"},"content":{"rendered":"<p><img loading=\"lazy\" decoding=\"async\" class=\"alignnone size-medium wp-image-1662\" src=\"https:\/\/blogsaverroes.juntadeandalucia.es\/ceipsanvalentin\/files\/2015\/03\/proyecto-300x266.png\" alt=\"proyecto\" width=\"300\" height=\"266\" srcset=\"https:\/\/blogsaverroes.juntadeandalucia.es\/ceipsanvalentin\/files\/2015\/03\/proyecto-300x266.png 300w, https:\/\/blogsaverroes.juntadeandalucia.es\/ceipsanvalentin\/files\/2015\/03\/proyecto.png 640w\" sizes=\"(max-width: 300px) 100vw, 300px\" \/><\/p>\n<p>Un centro se define en gran medida por su <strong>Proyecto Educativo<\/strong>. En \u00e9l se plasma el modelo educativo y la concreci\u00f3n de la normativa que un centro realiza respecto a las ense\u00f1anzas que imparte. Aspectos tales como las finales educativas, objetivos, atenci\u00f3n a la diversidad, etc.<\/p>\n<p>Que la web de un centro informe de su Proyecto Educativo es una apuesta clara por la <strong>transparencia<\/strong>.<\/p>\n<p>Este espacio puede mostrar tanto los aspectos esenciales del Proyecto como enlazar a otros documentos o secciones con informaci\u00f3n m\u00e1s detallada.<\/p>\n<p><a href=\"https:\/\/drive.google.com\/file\/d\/1GdTuJylS5RZ00LiTb6i963MWfXJDftQK\/view?usp=sharing\">PROYECTO DE GESTION 2024\/2025<\/a><\/p>\n<p><a href=\"https:\/\/drive.google.com\/file\/d\/1v_XiTdQjcMqDUKabMKkqlBvn8OPeNkPP\/view?usp=drive_link\">PROYECTO EDUCATIVO 2024\/2025<\/a><\/p>\n<p><a href=\"https:\/\/drive.google.com\/file\/d\/1Kr_nV9u7Z2t2gltS4mwwPmVzOnwPmUfl\/view?usp=sharing\">1.-PLAN DE ACOGIDA.<\/a><\/p>\n<p><a href=\"https:\/\/drive.google.com\/file\/d\/1O_pDOs_pYr66e6e4D5-Grzh7FbgqVew4\/view?usp=sharing\">2.-PLAN DE AUTOPROTECCI\u00d3N.<\/a><\/p>\n<p><a href=\"https:\/\/drive.google.com\/file\/d\/1POGXgeGT12k5Vo_cJJ3t8V6H106PeP1x\/view?usp=sharing\">3.-PLAN DE IGUALDAD ENTRE HOMBRES Y MUJERES.<\/a><br \/>\n<a href=\"https:\/\/drive.google.com\/file\/d\/1_sRVqgLvU3vepXwmzZ3QPuzbJU3zp_Mf\/view?usp=sharing\">3.1.- ACTIVIDADES DE COEDUCACI\u00d3N Y TEMPORALIZACI\u00d3N<\/a><\/p>\n<p><a href=\"https:\/\/drive.google.com\/file\/d\/1J3RIk8JM39YcPER6u3wGXWEQPanv-N_b\/view?usp=sharing\">4.-PLAN DE COMPENSACI\u00d3N EDUCATIVA.<\/a><\/p>\n<p><a href=\"https:\/\/drive.google.com\/file\/d\/1VxBENi3slVYiKGO1Udg1mnj1dox6MCDq\/view?usp=sharing\">5. PROGRAMA CONRED<\/a><\/p>\n<p><a href=\"https:\/\/drive.google.com\/file\/d\/11n744NBWujnRzgbI7bX1eLxZ_V7XSx3H\/view?usp=sharing\">6. PROGRAMA CIMA PROMOCI\u00d3N DE H\u00c1BITOS DE VIDA SALUDABLE Y STEAM<\/a><\/p>\n<p><a href=\"https:\/\/drive.google.com\/file\/d\/1iS-1cFIqO2uc-ASgQhwSK0270YYMZ0Y8\/view?usp=sharing\">7. PLAN LECTOR<\/a><\/p>\n<p><a href=\"https:\/\/drive.google.com\/file\/d\/1rcZ74HAD3hbjwIcXIGEHAzICZCRi0V9p\/view?usp=sharing\">8. PLAN IMPULSO RAZONAMIENTO MATEM\u00c1TICO<\/a><\/p>\n<p><a href=\"https:\/\/drive.google.com\/file\/d\/1SnD24YeF64bv_MJ_1AqSmJB2AoBiOS4P\/view?usp=sharing\">9. PROTOCOLO OLAS DE CALOR<\/a><\/p>\n<p><a href=\"https:\/\/drive.google.com\/file\/d\/1k7QBdenWoBqVvnV2HRdIKEVxuVXmPM28\/view?usp=sharing\">10. PROTOCOLO COVID<\/a><\/p>\n<p><a href=\"https:\/\/drive.google.com\/file\/d\/1POEW8gUpcX4ES9eqpeM8ebc7yM88U6Y2\/view?usp=sharing\">11. PLAN DE ACTUACI\u00d3N DIGITAL<\/a><\/p>\n<p><a href=\"https:\/\/drive.google.com\/file\/d\/1B9ChxtwQ2J-X-gQ-6Q5pn1T_RdeBCzua\/view?usp=sharing\">12. TALLERES INTEGRALES<\/a><\/p>\n<p><a href=\"https:\/\/drive.google.com\/file\/d\/1VGj6F0nqCbBa9EZgmtgJmBBKIsQN_XOZ\/view?usp=sharing\">13. PROYECTO RECREOS ACTIVOS<\/a><\/p>\n<p><a href=\"https:\/\/drive.google.com\/file\/d\/11TyGiEPqvotzG3ljaNFVGc5n2am7W0xH\/view?usp=sharing\">14. PLAN ACTUACI\u00d3N BIBLIOTECA MAR DE LETRAS<\/a><\/p>\n<p><a href=\"https:\/\/drive.google.com\/file\/d\/1DA-n-OVQnZebnwHZnESPyl3zfYW1qFBq\/view?usp=sharing\">ROF<\/a><\/p>\n","protected":false},"excerpt":{"rendered":"<p>Un centro se define en gran medida por su Proyecto Educativo. En \u00e9l se plasma el modelo educativo y la concreci\u00f3n de la normativa que un centro realiza respecto a las ense\u00f1anzas que imparte.&#46;&#46;&#46;<\/p>\n","protected":false},"author":1,"featured_media":0,"parent":0,"menu_order":0,"comment_status":"closed","ping_status":"open","template":"","meta":{"ngg_post_thumbnail":0,"footnotes":""},"aioseo_notices":[],"_links":{"self":[{"href":"https:\/\/blogsaverroes.juntadeandalucia.es\/ceipsanvalentin\/wp-json\/wp\/v2\/pages\/49"}],"collection":[{"href":"https:\/\/blogsaverroes.juntadeandalucia.es\/ceipsanvalentin\/wp-json\/wp\/v2\/pages"}],"about":[{"href":"https:\/\/blogsaverroes.juntadeandalucia.es\/ceipsanvalentin\/wp-json\/wp\/v2\/types\/page"}],"author":[{"embeddable":true,"href":"https:\/\/blogsaverroes.juntadeandalucia.es\/ceipsanvalentin\/wp-json\/wp\/v2\/users\/1"}],"replies":[{"embeddable":true,"href":"https:\/\/blogsaverroes.juntadeandalucia.es\/ceipsanvalentin\/wp-json\/wp\/v2\/comments?post=49"}],"version-history":[{"count":11,"href":"https:\/\/blogsaverroes.juntadeandalucia.es\/ceipsanvalentin\/wp-json\/wp\/v2\/pages\/49\/revisions"}],"predecessor-version":[{"id":2374,"href":"https:\/\/blogsaverroes.juntadeandalucia.es\/ceipsanvalentin\/wp-json\/wp\/v2\/pages\/49\/revisions\/2374"}],"wp:attachment":[{"href":"https:\/\/blogsaverroes.juntadeandalucia.es\/ceipsanvalentin\/wp-json\/wp\/v2\/media?parent=49"}],"curies":[{"name":"wp","href":"https:\/\/api.w.org\/{rel}","templated":true}]}}