{"id":77,"date":"2015-03-16T06:54:56","date_gmt":"2015-03-16T06:54:56","guid":{"rendered":"http:\/\/blogsaverroes.juntadeandalucia.es\/pre\/ceip\/?page_id=77"},"modified":"2021-02-07T10:31:52","modified_gmt":"2021-02-07T10:31:52","slug":"secretaria","status":"publish","type":"page","link":"https:\/\/blogsaverroes.juntadeandalucia.es\/ceipsanvicentedepaul\/secretaria\/","title":{"rendered":"Secretar\u00eda"},"content":{"rendered":"<p>Nuestra&nbsp;<strong>Secretar\u00eda<\/strong> desarrolla muchas funciones importantes en el centro, especialmente en cuanto a los diferentes tr\u00e1mites administrativos a lo largo de la escolarizaci\u00f3n: admisi\u00f3n, matr\u00edcula, comedor escolar, becas, etc.<\/p>\n<p><strong>Horario de secretar\u00eda<\/strong>:<\/p>\n<p>De lunes a viernes de 9:00h a 14:00h.&nbsp;<\/p>\n<p>Tel\u00e9fono fijo: 856 81 19 72<\/p>\n<p>Tel\u00e9fono m\u00f3vil: 697 95 11 00<\/p>\n<p>Email: 11002572.edu@juntadeandalucia.es<\/p>\n<p>&nbsp;<\/p>\n<p>&nbsp;<\/p>\n","protected":false},"excerpt":{"rendered":"<p>Nuestra&nbsp;Secretar\u00eda desarrolla muchas funciones importantes en el centro, especialmente en cuanto a los diferentes tr\u00e1mites administrativos a lo largo de la escolarizaci\u00f3n: admisi\u00f3n, matr\u00edcula, comedor escolar, becas, etc. Horario de secretar\u00eda: De lunes a&#46;&#46;&#46;<\/p>\n","protected":false},"author":1,"featured_media":0,"parent":0,"menu_order":0,"comment_status":"open","ping_status":"open","template":"page-templates\/child-menu.php","meta":{"ngg_post_thumbnail":0,"footnotes":"","_mc_calendar":[]},"aioseo_notices":[],"_links":{"self":[{"href":"https:\/\/blogsaverroes.juntadeandalucia.es\/ceipsanvicentedepaul\/wp-json\/wp\/v2\/pages\/77"}],"collection":[{"href":"https:\/\/blogsaverroes.juntadeandalucia.es\/ceipsanvicentedepaul\/wp-json\/wp\/v2\/pages"}],"about":[{"href":"https:\/\/blogsaverroes.juntadeandalucia.es\/ceipsanvicentedepaul\/wp-json\/wp\/v2\/types\/page"}],"author":[{"embeddable":true,"href":"https:\/\/blogsaverroes.juntadeandalucia.es\/ceipsanvicentedepaul\/wp-json\/wp\/v2\/users\/1"}],"replies":[{"embeddable":true,"href":"https:\/\/blogsaverroes.juntadeandalucia.es\/ceipsanvicentedepaul\/wp-json\/wp\/v2\/comments?post=77"}],"version-history":[{"count":6,"href":"https:\/\/blogsaverroes.juntadeandalucia.es\/ceipsanvicentedepaul\/wp-json\/wp\/v2\/pages\/77\/revisions"}],"predecessor-version":[{"id":2474,"href":"https:\/\/blogsaverroes.juntadeandalucia.es\/ceipsanvicentedepaul\/wp-json\/wp\/v2\/pages\/77\/revisions\/2474"}],"wp:attachment":[{"href":"https:\/\/blogsaverroes.juntadeandalucia.es\/ceipsanvicentedepaul\/wp-json\/wp\/v2\/media?parent=77"}],"curies":[{"name":"wp","href":"https:\/\/api.w.org\/{rel}","templated":true}]}}