{"id":2282,"date":"2020-09-11T17:03:07","date_gmt":"2020-09-11T17:03:07","guid":{"rendered":"https:\/\/blogsaverroes.juntadeandalucia.es\/ceipsegundocentenario\/?page_id=2282"},"modified":"2020-09-11T17:03:07","modified_gmt":"2020-09-11T17:03:07","slug":"oferta-educativa","status":"publish","type":"page","link":"https:\/\/blogsaverroes.juntadeandalucia.es\/ceipsegundocentenario\/oferta-educativa\/","title":{"rendered":"Oferta educativa"},"content":{"rendered":"<p>Las ense\u00f1anzas que se imparten en el CEIP Segundo Centenario son:&nbsp;<\/p>\n<table style=\"border-collapse: collapse;width: 100%\">\n<tbody>\n<tr>\n<td style=\"width: 50%\">Educaci\u00f3n Infantil<\/td>\n<td style=\"width: 50%\">3 a\u00f1os, 4 a\u00f1os y 5 a\u00f1os<\/td>\n<\/tr>\n<tr>\n<td style=\"width: 50%\">Educaci\u00f3n Primaria<\/td>\n<td style=\"width: 50%\">1\u00ba,2\u00ba,3\u00ba,4\u00ba,5\u00ba y 6\u00ba<\/td>\n<\/tr>\n<\/tbody>\n<\/table>\n","protected":false},"excerpt":{"rendered":"<p>Las ense\u00f1anzas que se imparten en el CEIP Segundo Centenario son:&nbsp; Educaci\u00f3n Infantil 3 a\u00f1os, 4 a\u00f1os y 5 a\u00f1os Educaci\u00f3n Primaria 1\u00ba,2\u00ba,3\u00ba,4\u00ba,5\u00ba y 6\u00ba<\/p>\n","protected":false},"author":10503,"featured_media":0,"parent":0,"menu_order":0,"comment_status":"closed","ping_status":"closed","template":"","meta":{"ngg_post_thumbnail":0,"footnotes":"","_mc_calendar":[]},"aioseo_notices":[],"_links":{"self":[{"href":"https:\/\/blogsaverroes.juntadeandalucia.es\/ceipsegundocentenario\/wp-json\/wp\/v2\/pages\/2282"}],"collection":[{"href":"https:\/\/blogsaverroes.juntadeandalucia.es\/ceipsegundocentenario\/wp-json\/wp\/v2\/pages"}],"about":[{"href":"https:\/\/blogsaverroes.juntadeandalucia.es\/ceipsegundocentenario\/wp-json\/wp\/v2\/types\/page"}],"author":[{"embeddable":true,"href":"https:\/\/blogsaverroes.juntadeandalucia.es\/ceipsegundocentenario\/wp-json\/wp\/v2\/users\/10503"}],"replies":[{"embeddable":true,"href":"https:\/\/blogsaverroes.juntadeandalucia.es\/ceipsegundocentenario\/wp-json\/wp\/v2\/comments?post=2282"}],"version-history":[{"count":1,"href":"https:\/\/blogsaverroes.juntadeandalucia.es\/ceipsegundocentenario\/wp-json\/wp\/v2\/pages\/2282\/revisions"}],"predecessor-version":[{"id":2283,"href":"https:\/\/blogsaverroes.juntadeandalucia.es\/ceipsegundocentenario\/wp-json\/wp\/v2\/pages\/2282\/revisions\/2283"}],"wp:attachment":[{"href":"https:\/\/blogsaverroes.juntadeandalucia.es\/ceipsegundocentenario\/wp-json\/wp\/v2\/media?parent=2282"}],"curies":[{"name":"wp","href":"https:\/\/api.w.org\/{rel}","templated":true}]}}