{"id":2544,"date":"2020-12-04T12:19:33","date_gmt":"2020-12-04T12:19:33","guid":{"rendered":"https:\/\/blogsaverroes.juntadeandalucia.es\/ceipsegundocentenario\/?page_id=2544"},"modified":"2020-12-04T15:46:23","modified_gmt":"2020-12-04T15:46:23","slug":"grupo-de-trabajo-digitaula","status":"publish","type":"page","link":"https:\/\/blogsaverroes.juntadeandalucia.es\/ceipsegundocentenario\/grupo-de-trabajo-digitaula\/","title":{"rendered":"Grupo de trabajo: DIGITAULA"},"content":{"rendered":"<p>En nuestro centro tenemos un grupo de trabajo el cu\u00e1l toma decisiones para la incorporaci\u00f3n de la tecnolog\u00eda en nuestro centro y en el aula.&nbsp;<\/p>\n<p>Este grupo de trabajo, asesorado por el CEP de Osuna-\u00c9cija, &nbsp;est\u00e1 formado por diez docentes del centro, pertenecientes a las dos etapas y maestros especialistas.&nbsp;Es coordinado por nuestra compa\u00f1era Isabel Mar\u00eda Sevillano Mu\u00f1iz.<\/p>\n<p>Entre las acciones que lleva a cabo, destacamos: elaboraci\u00f3n de una gu\u00eda con recomendaciones para uso de dispositivos en el aula, formaciones para el uso de herramientas digitales en el proceso de ense\u00f1anza- aprendizaje, sesiones formativas para el uso del cuaderno de S\u00e9neca as\u00ed como de las posibilidades de comunicaci\u00f3n con las familias a trav\u00e9s de S\u00e9neca\/IPasen, etc.<\/p>\n<p>&nbsp;<\/p>\n<p>&nbsp;<\/p>\n","protected":false},"excerpt":{"rendered":"<p>En nuestro centro tenemos un grupo de trabajo el cu\u00e1l toma decisiones para la incorporaci\u00f3n de la tecnolog\u00eda en nuestro centro y en el aula.&nbsp; Este grupo de trabajo, asesorado por el CEP de Osuna-\u00c9cija,&#46;&#46;&#46;<\/p>\n","protected":false},"author":10503,"featured_media":0,"parent":0,"menu_order":0,"comment_status":"closed","ping_status":"closed","template":"","meta":{"ngg_post_thumbnail":0,"footnotes":"","_mc_calendar":[]},"aioseo_notices":[],"_links":{"self":[{"href":"https:\/\/blogsaverroes.juntadeandalucia.es\/ceipsegundocentenario\/wp-json\/wp\/v2\/pages\/2544"}],"collection":[{"href":"https:\/\/blogsaverroes.juntadeandalucia.es\/ceipsegundocentenario\/wp-json\/wp\/v2\/pages"}],"about":[{"href":"https:\/\/blogsaverroes.juntadeandalucia.es\/ceipsegundocentenario\/wp-json\/wp\/v2\/types\/page"}],"author":[{"embeddable":true,"href":"https:\/\/blogsaverroes.juntadeandalucia.es\/ceipsegundocentenario\/wp-json\/wp\/v2\/users\/10503"}],"replies":[{"embeddable":true,"href":"https:\/\/blogsaverroes.juntadeandalucia.es\/ceipsegundocentenario\/wp-json\/wp\/v2\/comments?post=2544"}],"version-history":[{"count":3,"href":"https:\/\/blogsaverroes.juntadeandalucia.es\/ceipsegundocentenario\/wp-json\/wp\/v2\/pages\/2544\/revisions"}],"predecessor-version":[{"id":2560,"href":"https:\/\/blogsaverroes.juntadeandalucia.es\/ceipsegundocentenario\/wp-json\/wp\/v2\/pages\/2544\/revisions\/2560"}],"wp:attachment":[{"href":"https:\/\/blogsaverroes.juntadeandalucia.es\/ceipsegundocentenario\/wp-json\/wp\/v2\/media?parent=2544"}],"curies":[{"name":"wp","href":"https:\/\/api.w.org\/{rel}","templated":true}]}}