{"id":3414,"date":"2022-09-21T17:53:24","date_gmt":"2022-09-21T17:53:24","guid":{"rendered":"https:\/\/blogsaverroes.juntadeandalucia.es\/ceipsegundocentenario\/?page_id=3414"},"modified":"2022-09-26T18:34:27","modified_gmt":"2022-09-26T18:34:27","slug":"claustro-2022-2023","status":"publish","type":"page","link":"https:\/\/blogsaverroes.juntadeandalucia.es\/ceipsegundocentenario\/claustro-2022-2023\/","title":{"rendered":"CLAUSTRO 2022-2023"},"content":{"rendered":"<h1 style=\"text-align: left\">&nbsp;<\/h1>\n<h1 style=\"text-align: left\"><a href=\"https:\/\/blogsaverroes.juntadeandalucia.es\/ceipsegundocentenario\/files\/2022\/09\/IMG20220827164011-scaled.jpg\"><br \/>\n<\/a>A continuaci\u00f3n se detalla el claustro &nbsp;de nuestro centro para este curso 2022-2023:<a href=\"https:\/\/blogsaverroes.juntadeandalucia.es\/ceipsegundocentenario\/files\/2020\/11\/IMG_20201108_144217.jpg\"><img decoding=\"async\" class=\"wp-image-2410 aligncenter\" src=\"https:\/\/blogsaverroes.juntadeandalucia.es\/ceipsegundocentenario\/files\/2020\/11\/IMG_20201108_144217-300x287.jpg\" alt=\"\" width=\"102\" height=\"97\" srcset=\"https:\/\/blogsaverroes.juntadeandalucia.es\/ceipsegundocentenario\/files\/2020\/11\/IMG_20201108_144217-300x287.jpg 300w, https:\/\/blogsaverroes.juntadeandalucia.es\/ceipsegundocentenario\/files\/2020\/11\/IMG_20201108_144217-24x24.jpg 24w, https:\/\/blogsaverroes.juntadeandalucia.es\/ceipsegundocentenario\/files\/2020\/11\/IMG_20201108_144217-36x34.jpg 36w, https:\/\/blogsaverroes.juntadeandalucia.es\/ceipsegundocentenario\/files\/2020\/11\/IMG_20201108_144217-48x46.jpg 48w, https:\/\/blogsaverroes.juntadeandalucia.es\/ceipsegundocentenario\/files\/2020\/11\/IMG_20201108_144217.jpg 403w\" sizes=\"(max-width: 102px) 100vw, 102px\" \/><\/a><\/h1>\n<p style=\"text-align: center\"><strong>Tutora de infantil 3 a\u00f1os:<\/strong> Miguel \u00c1ngel Bravo Burgos<\/p>\n<p><a href=\"https:\/\/blogsaverroes.juntadeandalucia.es\/ceipsegundocentenario\/files\/2022\/09\/Foto-Seila.jpg\"><br \/>\n<\/a><a href=\"https:\/\/blogsaverroes.juntadeandalucia.es\/ceipsegundocentenario\/files\/2022\/09\/20220219_113240.jpg\"><img decoding=\"async\" class=\" wp-image-3443 aligncenter\" src=\"https:\/\/blogsaverroes.juntadeandalucia.es\/ceipsegundocentenario\/files\/2022\/09\/20220219_113240-257x300.jpg\" alt=\"\" width=\"111\" height=\"130\" srcset=\"https:\/\/blogsaverroes.juntadeandalucia.es\/ceipsegundocentenario\/files\/2022\/09\/20220219_113240-257x300.jpg 257w, https:\/\/blogsaverroes.juntadeandalucia.es\/ceipsegundocentenario\/files\/2022\/09\/20220219_113240-876x1024.jpg 876w, https:\/\/blogsaverroes.juntadeandalucia.es\/ceipsegundocentenario\/files\/2022\/09\/20220219_113240-768x898.jpg 768w, https:\/\/blogsaverroes.juntadeandalucia.es\/ceipsegundocentenario\/files\/2022\/09\/20220219_113240-1313x1536.jpg 1313w, https:\/\/blogsaverroes.juntadeandalucia.es\/ceipsegundocentenario\/files\/2022\/09\/20220219_113240-1751x2048.jpg 1751w, https:\/\/blogsaverroes.juntadeandalucia.es\/ceipsegundocentenario\/files\/2022\/09\/20220219_113240.jpg 1368w\" sizes=\"(max-width: 111px) 100vw, 111px\" \/><\/a><\/p>\n<p style=\"text-align: center\"><strong>Tutor de infantil 4 a\u00f1os:<\/strong>&nbsp;Mar\u00eda Isabel Mar\u00edn Mu\u00f1oz<\/p>\n<p><a href=\"https:\/\/blogsaverroes.juntadeandalucia.es\/ceipsegundocentenario\/files\/2022\/09\/Foto-Seila.jpg\"><img decoding=\"async\" class=\"wp-image-3448 aligncenter\" src=\"https:\/\/blogsaverroes.juntadeandalucia.es\/ceipsegundocentenario\/files\/2022\/09\/Foto-Seila-216x300.jpg\" alt=\"\" width=\"95\" height=\"132\" srcset=\"https:\/\/blogsaverroes.juntadeandalucia.es\/ceipsegundocentenario\/files\/2022\/09\/Foto-Seila-216x300.jpg 216w, https:\/\/blogsaverroes.juntadeandalucia.es\/ceipsegundocentenario\/files\/2022\/09\/Foto-Seila.jpg 501w\" sizes=\"(max-width: 95px) 100vw, 95px\" \/><\/a><\/p>\n<p style=\"text-align: center\"><strong>Tutora de infantil 5 a\u00f1os:<\/strong>&nbsp;Seila G\u00f3mez Pedregal<\/p>\n<p><a href=\"https:\/\/blogsaverroes.juntadeandalucia.es\/ceipsegundocentenario\/files\/2022\/09\/Captura-de-pantalla-2022-09-21-a-las-19.07.45.png\"><img loading=\"lazy\" decoding=\"async\" class=\" wp-image-3434 aligncenter\" src=\"https:\/\/blogsaverroes.juntadeandalucia.es\/ceipsegundocentenario\/files\/2022\/09\/Captura-de-pantalla-2022-09-21-a-las-19.07.45.png\" alt=\"\" width=\"100\" height=\"136\"><\/a><\/p>\n<p style=\"text-align: center\"><strong>Tutora de 1\u00ba:<\/strong>&nbsp;Silvia Vald\u00e9s Amador<\/p>\n<p style=\"text-align: center\"><a href=\"https:\/\/blogsaverroes.juntadeandalucia.es\/ceipsegundocentenario\/files\/2022\/09\/IMG_20220907_002108-e1663783487144.jpg\"><img loading=\"lazy\" decoding=\"async\" class=\"aligncenter wp-image-3444\" src=\"https:\/\/blogsaverroes.juntadeandalucia.es\/ceipsegundocentenario\/files\/2022\/09\/IMG_20220907_002108-121x300.jpg\" alt=\"\" width=\"54\" height=\"134\"><\/a><\/p>\n<p style=\"text-align: center\"><strong>Tutora de 2\u00ba:<\/strong>&nbsp;Elisabeth S\u00e1nchez S\u00e1nchez<a href=\"https:\/\/blogsaverroes.juntadeandalucia.es\/ceipsegundocentenario\/files\/2020\/11\/Melissa-252.jpg\"><br \/>\n<\/a><\/p>\n<p><a href=\"https:\/\/blogsaverroes.juntadeandalucia.es\/ceipsegundocentenario\/files\/2020\/09\/Captura-de-pantalla-2020-09-13-a-las-10.59.49.png\"><img loading=\"lazy\" decoding=\"async\" class=\"wp-image-2330 aligncenter\" src=\"https:\/\/blogsaverroes.juntadeandalucia.es\/ceipsegundocentenario\/files\/2020\/09\/Captura-de-pantalla-2020-09-13-a-las-10.59.49-262x300.png\" alt=\"\" width=\"148\" height=\"169\" srcset=\"https:\/\/blogsaverroes.juntadeandalucia.es\/ceipsegundocentenario\/files\/2020\/09\/Captura-de-pantalla-2020-09-13-a-las-10.59.49-262x300.png 262w, https:\/\/blogsaverroes.juntadeandalucia.es\/ceipsegundocentenario\/files\/2020\/09\/Captura-de-pantalla-2020-09-13-a-las-10.59.49-21x24.png 21w, https:\/\/blogsaverroes.juntadeandalucia.es\/ceipsegundocentenario\/files\/2020\/09\/Captura-de-pantalla-2020-09-13-a-las-10.59.49-31x36.png 31w, https:\/\/blogsaverroes.juntadeandalucia.es\/ceipsegundocentenario\/files\/2020\/09\/Captura-de-pantalla-2020-09-13-a-las-10.59.49-42x48.png 42w, https:\/\/blogsaverroes.juntadeandalucia.es\/ceipsegundocentenario\/files\/2020\/09\/Captura-de-pantalla-2020-09-13-a-las-10.59.49.png 272w\" sizes=\"(max-width: 148px) 100vw, 148px\" \/><\/a><\/p>\n<p style=\"text-align: center\"><strong>Tutor de 3\u00ba:<\/strong> Sergio Lara del Valle<\/p>\n<p><a href=\"https:\/\/blogsaverroes.juntadeandalucia.es\/ceipsegundocentenario\/files\/2020\/11\/Melissa-252.jpg\"><img loading=\"lazy\" decoding=\"async\" class=\"wp-image-2412 aligncenter\" src=\"https:\/\/blogsaverroes.juntadeandalucia.es\/ceipsegundocentenario\/files\/2020\/11\/Melissa-252.jpg\" alt=\"\" width=\"115\" height=\"147\" srcset=\"https:\/\/blogsaverroes.juntadeandalucia.es\/ceipsegundocentenario\/files\/2020\/11\/Melissa-252.jpg 212w, https:\/\/blogsaverroes.juntadeandalucia.es\/ceipsegundocentenario\/files\/2020\/11\/Melissa-252-19x24.jpg 19w, https:\/\/blogsaverroes.juntadeandalucia.es\/ceipsegundocentenario\/files\/2020\/11\/Melissa-252-28x36.jpg 28w, https:\/\/blogsaverroes.juntadeandalucia.es\/ceipsegundocentenario\/files\/2020\/11\/Melissa-252-37x48.jpg 37w\" sizes=\"(max-width: 115px) 100vw, 115px\" \/><\/a><\/p>\n<p style=\"text-align: center\"><strong>Tutora de 4\u00ba:<\/strong>&nbsp;Melisa Serrano D\u00edaz<\/p>\n<p><a href=\"https:\/\/blogsaverroes.juntadeandalucia.es\/ceipsegundocentenario\/files\/2022\/09\/Captura-de-pantalla-2022-09-21-a-las-19.07.49.png\"><img loading=\"lazy\" decoding=\"async\" class=\" wp-image-3435 aligncenter\" src=\"https:\/\/blogsaverroes.juntadeandalucia.es\/ceipsegundocentenario\/files\/2022\/09\/Captura-de-pantalla-2022-09-21-a-las-19.07.49.png\" alt=\"\" width=\"98\" height=\"122\"><\/a><\/p>\n<p style=\"text-align: center\"><strong>Tutor &nbsp;de &nbsp;5\u00ba y&nbsp;&nbsp;especialista de M\u00fasica:<\/strong>&nbsp;\u00d3scar Reyes Rodr\u00edguez<\/p>\n<p style=\"text-align: justify\"><a href=\"https:\/\/blogsaverroes.juntadeandalucia.es\/ceipsegundocentenario\/files\/2022\/09\/Captura-de-pantalla-2022-09-21-a-las-19.07.54.png\"><img loading=\"lazy\" decoding=\"async\" class=\" wp-image-3436 aligncenter\" src=\"https:\/\/blogsaverroes.juntadeandalucia.es\/ceipsegundocentenario\/files\/2022\/09\/Captura-de-pantalla-2022-09-21-a-las-19.07.54.png\" alt=\"\" width=\"101\" height=\"106\"><\/a><\/p>\n<p style=\"text-align: center\"><strong>Tutor &nbsp;de &nbsp;6\u00ba y&nbsp;especialista de Franc\u00e9s:&nbsp;<\/strong>Mar\u00eda T\u00f3rrala D\u00edaz<\/p>\n<p><a href=\"https:\/\/blogsaverroes.juntadeandalucia.es\/ceipsegundocentenario\/files\/2020\/11\/Captura-de-pantalla-2020-11-08-a-las-17.53.29.png\"><img loading=\"lazy\" decoding=\"async\" class=\"wp-image-2454 aligncenter\" src=\"https:\/\/blogsaverroes.juntadeandalucia.es\/ceipsegundocentenario\/files\/2020\/11\/Captura-de-pantalla-2020-11-08-a-las-17.53.29-250x300.png\" alt=\"\" width=\"111\" height=\"133\" srcset=\"https:\/\/blogsaverroes.juntadeandalucia.es\/ceipsegundocentenario\/files\/2020\/11\/Captura-de-pantalla-2020-11-08-a-las-17.53.29-250x300.png 250w, https:\/\/blogsaverroes.juntadeandalucia.es\/ceipsegundocentenario\/files\/2020\/11\/Captura-de-pantalla-2020-11-08-a-las-17.53.29-20x24.png 20w, https:\/\/blogsaverroes.juntadeandalucia.es\/ceipsegundocentenario\/files\/2020\/11\/Captura-de-pantalla-2020-11-08-a-las-17.53.29-30x36.png 30w, https:\/\/blogsaverroes.juntadeandalucia.es\/ceipsegundocentenario\/files\/2020\/11\/Captura-de-pantalla-2020-11-08-a-las-17.53.29-40x48.png 40w, https:\/\/blogsaverroes.juntadeandalucia.es\/ceipsegundocentenario\/files\/2020\/11\/Captura-de-pantalla-2020-11-08-a-las-17.53.29.png 456w\" sizes=\"(max-width: 111px) 100vw, 111px\" \/><\/a><\/p>\n<p style=\"text-align: center\"><strong>Especialista de Audici\u00f3n y Lenguaje:<\/strong> Laura Ram\u00edrez Delgado<\/p>\n<p><a href=\"https:\/\/blogsaverroes.juntadeandalucia.es\/ceipsegundocentenario\/files\/2020\/09\/Captura-de-pantalla-2020-09-13-a-las-10.55.34-e1599987447386.png\"><img loading=\"lazy\" decoding=\"async\" class=\"wp-image-2328 aligncenter\" src=\"https:\/\/blogsaverroes.juntadeandalucia.es\/ceipsegundocentenario\/files\/2020\/09\/Captura-de-pantalla-2020-09-13-a-las-10.55.34-e1599987447386-179x300.png\" alt=\"\" width=\"89\" height=\"149\" srcset=\"https:\/\/blogsaverroes.juntadeandalucia.es\/ceipsegundocentenario\/files\/2020\/09\/Captura-de-pantalla-2020-09-13-a-las-10.55.34-e1599987447386-179x300.png 179w, https:\/\/blogsaverroes.juntadeandalucia.es\/ceipsegundocentenario\/files\/2020\/09\/Captura-de-pantalla-2020-09-13-a-las-10.55.34-e1599987447386-14x24.png 14w, https:\/\/blogsaverroes.juntadeandalucia.es\/ceipsegundocentenario\/files\/2020\/09\/Captura-de-pantalla-2020-09-13-a-las-10.55.34-e1599987447386-22x36.png 22w, https:\/\/blogsaverroes.juntadeandalucia.es\/ceipsegundocentenario\/files\/2020\/09\/Captura-de-pantalla-2020-09-13-a-las-10.55.34-e1599987447386-29x48.png 29w, https:\/\/blogsaverroes.juntadeandalucia.es\/ceipsegundocentenario\/files\/2020\/09\/Captura-de-pantalla-2020-09-13-a-las-10.55.34-e1599987447386.png 604w\" sizes=\"(max-width: 89px) 100vw, 89px\" \/><\/a><\/p>\n<p style=\"text-align: center\"><strong>Especialista de Educaci\u00f3n F\u00edsica:<\/strong> Miguel \u00c1ngel Gonz\u00e1lez Lozano<\/p>\n<p style=\"text-align: center\"><a href=\"https:\/\/blogsaverroes.juntadeandalucia.es\/ceipsegundocentenario\/files\/2022\/09\/IMG_20191101_191924.jpg\"><img loading=\"lazy\" decoding=\"async\" class=\" wp-image-3449\" src=\"https:\/\/blogsaverroes.juntadeandalucia.es\/ceipsegundocentenario\/files\/2022\/09\/IMG_20191101_191924-218x300.jpg\" alt=\"\" width=\"91\" height=\"126\" srcset=\"https:\/\/blogsaverroes.juntadeandalucia.es\/ceipsegundocentenario\/files\/2022\/09\/IMG_20191101_191924-218x300.jpg 218w, https:\/\/blogsaverroes.juntadeandalucia.es\/ceipsegundocentenario\/files\/2022\/09\/IMG_20191101_191924-746x1024.jpg 746w, https:\/\/blogsaverroes.juntadeandalucia.es\/ceipsegundocentenario\/files\/2022\/09\/IMG_20191101_191924-768x1055.jpg 768w, https:\/\/blogsaverroes.juntadeandalucia.es\/ceipsegundocentenario\/files\/2022\/09\/IMG_20191101_191924-1119x1536.jpg 1119w, https:\/\/blogsaverroes.juntadeandalucia.es\/ceipsegundocentenario\/files\/2022\/09\/IMG_20191101_191924.jpg 1165w\" sizes=\"(max-width: 91px) 100vw, 91px\" \/><\/a><\/p>\n<p style=\"text-align: center\"><strong>Especialista de Ingl\u00e9s:<\/strong>&nbsp;Roc\u00edo Gonz\u00e1lez Garc\u00eda<\/p>\n<p><a href=\"https:\/\/blogsaverroes.juntadeandalucia.es\/ceipsegundocentenario\/files\/2021\/01\/PHOTO-2021-01-26-15-57-51.jpg\"><img loading=\"lazy\" decoding=\"async\" class=\"aligncenter wp-image-2578 \" src=\"https:\/\/blogsaverroes.juntadeandalucia.es\/ceipsegundocentenario\/files\/2021\/01\/PHOTO-2021-01-26-15-57-51-193x300.jpg\" alt=\"\" width=\"89\" height=\"139\" srcset=\"https:\/\/blogsaverroes.juntadeandalucia.es\/ceipsegundocentenario\/files\/2021\/01\/PHOTO-2021-01-26-15-57-51-193x300.jpg 193w, https:\/\/blogsaverroes.juntadeandalucia.es\/ceipsegundocentenario\/files\/2021\/01\/PHOTO-2021-01-26-15-57-51-15x24.jpg 15w, https:\/\/blogsaverroes.juntadeandalucia.es\/ceipsegundocentenario\/files\/2021\/01\/PHOTO-2021-01-26-15-57-51-23x36.jpg 23w, https:\/\/blogsaverroes.juntadeandalucia.es\/ceipsegundocentenario\/files\/2021\/01\/PHOTO-2021-01-26-15-57-51-31x48.jpg 31w, https:\/\/blogsaverroes.juntadeandalucia.es\/ceipsegundocentenario\/files\/2021\/01\/PHOTO-2021-01-26-15-57-51.jpg 477w\" sizes=\"(max-width: 89px) 100vw, 89px\" \/><\/a><\/p>\n<p style=\"text-align: center\"><strong>Especialista de Religi\u00f3n:&nbsp;<\/strong>Ana Mar\u00eda Jim\u00e9nez Garc\u00eda<\/p>\n<p><a href=\"https:\/\/blogsaverroes.juntadeandalucia.es\/ceipsegundocentenario\/files\/2022\/09\/Captura-de-pantalla-2022-09-21-a-las-19.07.17.png\"><img loading=\"lazy\" decoding=\"async\" class=\" wp-image-3430 aligncenter\" src=\"https:\/\/blogsaverroes.juntadeandalucia.es\/ceipsegundocentenario\/files\/2022\/09\/Captura-de-pantalla-2022-09-21-a-las-19.07.17.png\" alt=\"\" width=\"89\" height=\"104\"><\/a><\/p>\n<p style=\"text-align: center\"><strong>Especialista de Educaci\u00f3n F\u00edsica:<\/strong>&nbsp;\u00c1lvaro Cobo Torres<\/p>\n<h1 style=\"text-align: left\"><a href=\"https:\/\/blogsaverroes.juntadeandalucia.es\/ceipsegundocentenario\/files\/2022\/09\/IMG20220827164011-scaled.jpg\"><img loading=\"lazy\" decoding=\"async\" class=\" wp-image-3450 aligncenter\" src=\"https:\/\/blogsaverroes.juntadeandalucia.es\/ceipsegundocentenario\/files\/2022\/09\/IMG20220827164011-225x300.jpg\" alt=\"\" width=\"103\" height=\"137\" srcset=\"https:\/\/blogsaverroes.juntadeandalucia.es\/ceipsegundocentenario\/files\/2022\/09\/IMG20220827164011-225x300.jpg 225w, https:\/\/blogsaverroes.juntadeandalucia.es\/ceipsegundocentenario\/files\/2022\/09\/IMG20220827164011-768x1024.jpg 768w, https:\/\/blogsaverroes.juntadeandalucia.es\/ceipsegundocentenario\/files\/2022\/09\/IMG20220827164011-1152x1536.jpg 1152w, https:\/\/blogsaverroes.juntadeandalucia.es\/ceipsegundocentenario\/files\/2022\/09\/IMG20220827164011-1536x2048.jpg 1536w, https:\/\/blogsaverroes.juntadeandalucia.es\/ceipsegundocentenario\/files\/2022\/09\/IMG20220827164011-scaled.jpg 1200w\" sizes=\"(max-width: 103px) 100vw, 103px\" \/><\/a><\/h1>\n<p style=\"text-align: center\"><strong>Especialista de Pedagog\u00eda&nbsp;<\/strong><b>Terap\u00e9utica:&nbsp;<\/b>Claudia Fern\u00e1ndez Mart\u00ednez<\/p>\n<p><a href=\"https:\/\/blogsaverroes.juntadeandalucia.es\/ceipsegundocentenario\/files\/2020\/09\/Captura-de-pantalla-2020-09-13-a-las-11.04.50.png\"><img loading=\"lazy\" decoding=\"async\" class=\"wp-image-2331 aligncenter\" src=\"https:\/\/blogsaverroes.juntadeandalucia.es\/ceipsegundocentenario\/files\/2020\/09\/Captura-de-pantalla-2020-09-13-a-las-11.04.50-221x300.png\" alt=\"\" width=\"109\" height=\"148\" srcset=\"https:\/\/blogsaverroes.juntadeandalucia.es\/ceipsegundocentenario\/files\/2020\/09\/Captura-de-pantalla-2020-09-13-a-las-11.04.50-221x300.png 221w, https:\/\/blogsaverroes.juntadeandalucia.es\/ceipsegundocentenario\/files\/2020\/09\/Captura-de-pantalla-2020-09-13-a-las-11.04.50-18x24.png 18w, https:\/\/blogsaverroes.juntadeandalucia.es\/ceipsegundocentenario\/files\/2020\/09\/Captura-de-pantalla-2020-09-13-a-las-11.04.50-27x36.png 27w, https:\/\/blogsaverroes.juntadeandalucia.es\/ceipsegundocentenario\/files\/2020\/09\/Captura-de-pantalla-2020-09-13-a-las-11.04.50-35x48.png 35w, https:\/\/blogsaverroes.juntadeandalucia.es\/ceipsegundocentenario\/files\/2020\/09\/Captura-de-pantalla-2020-09-13-a-las-11.04.50.png 472w\" sizes=\"(max-width: 109px) 100vw, 109px\" \/><\/a><\/p>\n<p style=\"text-align: center\"><strong>Refuerzo educativo:<\/strong> Pedro Porras Cuesta<\/p>\n","protected":false},"excerpt":{"rendered":"<p>&nbsp; A continuaci\u00f3n se detalla el claustro &nbsp;de nuestro centro para este curso 2022-2023: Tutora de infantil 3 a\u00f1os: Miguel \u00c1ngel Bravo Burgos Tutor de infantil 4 a\u00f1os:&nbsp;Mar\u00eda Isabel Mar\u00edn Mu\u00f1oz Tutora de infantil 5&#46;&#46;&#46;<\/p>\n","protected":false},"author":10503,"featured_media":0,"parent":0,"menu_order":0,"comment_status":"closed","ping_status":"closed","template":"","meta":{"ngg_post_thumbnail":0,"footnotes":"","_mc_calendar":[]},"aioseo_notices":[],"_links":{"self":[{"href":"https:\/\/blogsaverroes.juntadeandalucia.es\/ceipsegundocentenario\/wp-json\/wp\/v2\/pages\/3414"}],"collection":[{"href":"https:\/\/blogsaverroes.juntadeandalucia.es\/ceipsegundocentenario\/wp-json\/wp\/v2\/pages"}],"about":[{"href":"https:\/\/blogsaverroes.juntadeandalucia.es\/ceipsegundocentenario\/wp-json\/wp\/v2\/types\/page"}],"author":[{"embeddable":true,"href":"https:\/\/blogsaverroes.juntadeandalucia.es\/ceipsegundocentenario\/wp-json\/wp\/v2\/users\/10503"}],"replies":[{"embeddable":true,"href":"https:\/\/blogsaverroes.juntadeandalucia.es\/ceipsegundocentenario\/wp-json\/wp\/v2\/comments?post=3414"}],"version-history":[{"count":5,"href":"https:\/\/blogsaverroes.juntadeandalucia.es\/ceipsegundocentenario\/wp-json\/wp\/v2\/pages\/3414\/revisions"}],"predecessor-version":[{"id":3451,"href":"https:\/\/blogsaverroes.juntadeandalucia.es\/ceipsegundocentenario\/wp-json\/wp\/v2\/pages\/3414\/revisions\/3451"}],"wp:attachment":[{"href":"https:\/\/blogsaverroes.juntadeandalucia.es\/ceipsegundocentenario\/wp-json\/wp\/v2\/media?parent=3414"}],"curies":[{"name":"wp","href":"https:\/\/api.w.org\/{rel}","templated":true}]}}