{"id":4017,"date":"2023-09-03T17:08:29","date_gmt":"2023-09-03T17:08:29","guid":{"rendered":"https:\/\/blogsaverroes.juntadeandalucia.es\/ceipsegundocentenario\/?page_id=4017"},"modified":"2023-10-01T07:25:48","modified_gmt":"2023-10-01T07:25:48","slug":"claustro-2023-2024","status":"publish","type":"page","link":"https:\/\/blogsaverroes.juntadeandalucia.es\/ceipsegundocentenario\/claustro-2023-2024\/","title":{"rendered":"CLAUSTRO 2023-2024"},"content":{"rendered":"<h1>A continuaci\u00f3n se detalla el claustro &nbsp;de nuestro centro para este curso 2023-2024:<\/h1>\n<p><img decoding=\"async\" class=\"aligncenter\" src=\"https:\/\/blogsaverroes.juntadeandalucia.es\/ceipsegundocentenario\/files\/2020\/11\/3f56faae-bc04-488c-abad-7e3166c1c7eb.jpg\" width=\"118\" height=\"141\"><\/p>\n<p style=\"text-align: center\"><strong>Tutora de infantil 3 a\u00f1os:<\/strong> Ana Bel\u00e9n Real Dom\u00ednguez<\/p>\n<h1><a href=\"https:\/\/blogsaverroes.juntadeandalucia.es\/ceipsegundocentenario\/files\/2020\/11\/IMG_20201108_144217.jpg\"><img decoding=\"async\" class=\"wp-image-2410 aligncenter\" src=\"https:\/\/blogsaverroes.juntadeandalucia.es\/ceipsegundocentenario\/files\/2020\/11\/IMG_20201108_144217-300x287.jpg\" alt=\"\" width=\"102\" height=\"97\" srcset=\"https:\/\/blogsaverroes.juntadeandalucia.es\/ceipsegundocentenario\/files\/2020\/11\/IMG_20201108_144217-300x287.jpg 300w, https:\/\/blogsaverroes.juntadeandalucia.es\/ceipsegundocentenario\/files\/2020\/11\/IMG_20201108_144217-24x24.jpg 24w, https:\/\/blogsaverroes.juntadeandalucia.es\/ceipsegundocentenario\/files\/2020\/11\/IMG_20201108_144217-36x34.jpg 36w, https:\/\/blogsaverroes.juntadeandalucia.es\/ceipsegundocentenario\/files\/2020\/11\/IMG_20201108_144217-48x46.jpg 48w, https:\/\/blogsaverroes.juntadeandalucia.es\/ceipsegundocentenario\/files\/2020\/11\/IMG_20201108_144217.jpg 403w\" sizes=\"(max-width: 102px) 100vw, 102px\" \/><\/a><\/h1>\n<p style=\"text-align: center\"><strong>Tutor de infantil 4 a\u00f1os:<\/strong>&nbsp;Miguel \u00c1ngel Bravo Burgos<\/p>\n<p style=\"text-align: center\"><a href=\"https:\/\/blogsaverroes.juntadeandalucia.es\/ceipsegundocentenario\/files\/2023\/10\/PHOTO-2023-09-28-11-14-53.jpg\"><img decoding=\"async\" class=\"wp-image-4052 aligncenter\" src=\"https:\/\/blogsaverroes.juntadeandalucia.es\/ceipsegundocentenario\/files\/2023\/10\/PHOTO-2023-09-28-11-14-53-178x300.jpg\" alt=\"\" width=\"81\" height=\"136\" srcset=\"https:\/\/blogsaverroes.juntadeandalucia.es\/ceipsegundocentenario\/files\/2023\/10\/PHOTO-2023-09-28-11-14-53-178x300.jpg 178w, https:\/\/blogsaverroes.juntadeandalucia.es\/ceipsegundocentenario\/files\/2023\/10\/PHOTO-2023-09-28-11-14-53-607x1024.jpg 607w, https:\/\/blogsaverroes.juntadeandalucia.es\/ceipsegundocentenario\/files\/2023\/10\/PHOTO-2023-09-28-11-14-53-768x1296.jpg 768w, https:\/\/blogsaverroes.juntadeandalucia.es\/ceipsegundocentenario\/files\/2023\/10\/PHOTO-2023-09-28-11-14-53-911x1536.jpg 911w, https:\/\/blogsaverroes.juntadeandalucia.es\/ceipsegundocentenario\/files\/2023\/10\/PHOTO-2023-09-28-11-14-53.jpg 948w\" sizes=\"(max-width: 81px) 100vw, 81px\" \/><\/a><\/p>\n<p style=\"text-align: center\"><strong>Tutora de infantil 5 a\u00f1os:<\/strong> Mar\u00eda Isabel Mar\u00edn Mu\u00f1oz<\/p>\n<p>&nbsp;<\/p>\n<p style=\"text-align: center\"><strong>Tutor de 1\u00ba:<\/strong>&nbsp;Francisco Jos\u00e9 Lebr\u00f3n Baco<\/p>\n<p>&nbsp;<\/p>\n<p style=\"text-align: center\"><strong>Tutor de 2\u00ba y especialista de Franc\u00e9s:<\/strong>&nbsp;Mariano Palomo Carrillo<\/p>\n<p style=\"text-align: center\"><strong><a href=\"https:\/\/blogsaverroes.juntadeandalucia.es\/ceipsegundocentenario\/files\/2022\/09\/IMG_20220907_002108-e1663783487144.jpg\"><img loading=\"lazy\" decoding=\"async\" class=\"aligncenter wp-image-3444\" src=\"https:\/\/blogsaverroes.juntadeandalucia.es\/ceipsegundocentenario\/files\/2022\/09\/IMG_20220907_002108-121x300.jpg\" alt=\"\" width=\"54\" height=\"134\"><\/a><\/strong><\/p>\n<p style=\"text-align: center\"><strong>Tutora de 3\u00ba:<\/strong> Elisabeth S\u00e1nchez S\u00e1nchez<\/p>\n<p style=\"text-align: center\"><a href=\"https:\/\/blogsaverroes.juntadeandalucia.es\/ceipsegundocentenario\/files\/2020\/09\/Captura-de-pantalla-2020-09-13-a-las-10.59.49.png\"><img loading=\"lazy\" decoding=\"async\" class=\"wp-image-2330 aligncenter\" src=\"https:\/\/blogsaverroes.juntadeandalucia.es\/ceipsegundocentenario\/files\/2020\/09\/Captura-de-pantalla-2020-09-13-a-las-10.59.49-262x300.png\" alt=\"\" width=\"148\" height=\"169\" srcset=\"https:\/\/blogsaverroes.juntadeandalucia.es\/ceipsegundocentenario\/files\/2020\/09\/Captura-de-pantalla-2020-09-13-a-las-10.59.49-262x300.png 262w, https:\/\/blogsaverroes.juntadeandalucia.es\/ceipsegundocentenario\/files\/2020\/09\/Captura-de-pantalla-2020-09-13-a-las-10.59.49-21x24.png 21w, https:\/\/blogsaverroes.juntadeandalucia.es\/ceipsegundocentenario\/files\/2020\/09\/Captura-de-pantalla-2020-09-13-a-las-10.59.49-31x36.png 31w, https:\/\/blogsaverroes.juntadeandalucia.es\/ceipsegundocentenario\/files\/2020\/09\/Captura-de-pantalla-2020-09-13-a-las-10.59.49-42x48.png 42w, https:\/\/blogsaverroes.juntadeandalucia.es\/ceipsegundocentenario\/files\/2020\/09\/Captura-de-pantalla-2020-09-13-a-las-10.59.49.png 272w\" sizes=\"(max-width: 148px) 100vw, 148px\" \/><\/a><\/p>\n<p style=\"text-align: center\"><strong>Tutor de 4\u00ba A:<\/strong> Sergio Lara del Valle<\/p>\n<p>&nbsp;<\/p>\n<p style=\"text-align: center\"><strong>Tutora de 4\u00baB:<\/strong>&nbsp;Delia Lozano Gil<\/p>\n<p style=\"text-align: center\">&nbsp;<\/p>\n<p style=\"text-align: center\"><strong><a href=\"https:\/\/blogsaverroes.juntadeandalucia.es\/ceipsegundocentenario\/files\/2020\/11\/Melissa-252.jpg\"><img loading=\"lazy\" decoding=\"async\" class=\"wp-image-2412 aligncenter\" src=\"https:\/\/blogsaverroes.juntadeandalucia.es\/ceipsegundocentenario\/files\/2020\/11\/Melissa-252.jpg\" alt=\"\" width=\"115\" height=\"147\" srcset=\"https:\/\/blogsaverroes.juntadeandalucia.es\/ceipsegundocentenario\/files\/2020\/11\/Melissa-252.jpg 212w, https:\/\/blogsaverroes.juntadeandalucia.es\/ceipsegundocentenario\/files\/2020\/11\/Melissa-252-19x24.jpg 19w, https:\/\/blogsaverroes.juntadeandalucia.es\/ceipsegundocentenario\/files\/2020\/11\/Melissa-252-28x36.jpg 28w, https:\/\/blogsaverroes.juntadeandalucia.es\/ceipsegundocentenario\/files\/2020\/11\/Melissa-252-37x48.jpg 37w\" sizes=\"(max-width: 115px) 100vw, 115px\" \/><\/a><\/strong><\/p>\n<p style=\"text-align: center\"><strong>Tutor &nbsp;de &nbsp;5\u00ba :<\/strong>&nbsp;Melisa Serrano D\u00edaz<\/p>\n<p style=\"text-align: center\"><a href=\"https:\/\/blogsaverroes.juntadeandalucia.es\/ceipsegundocentenario\/files\/2022\/09\/Captura-de-pantalla-2022-09-21-a-las-19.07.49.png\"><img loading=\"lazy\" decoding=\"async\" class=\" wp-image-3435 aligncenter\" src=\"https:\/\/blogsaverroes.juntadeandalucia.es\/ceipsegundocentenario\/files\/2022\/09\/Captura-de-pantalla-2022-09-21-a-las-19.07.49.png\" alt=\"\" width=\"98\" height=\"122\"><\/a><\/p>\n<p style=\"text-align: center\"><strong>Tutor &nbsp;de &nbsp;6\u00ba y&nbsp;&nbsp;especialista de M\u00fasica:<\/strong>&nbsp;\u00d3scar Reyes Rodr\u00edguez<\/p>\n<p style=\"text-align: center\">&nbsp;<\/p>\n<p>&nbsp;<\/p>\n<p style=\"text-align: center\"><strong>Especialista de Audici\u00f3n y Lenguaje:<\/strong>&nbsp;Carolina Castro Salazar<\/p>\n<p><a href=\"https:\/\/blogsaverroes.juntadeandalucia.es\/ceipsegundocentenario\/files\/2020\/09\/Captura-de-pantalla-2020-09-13-a-las-10.55.34-e1599987447386.png\"><img loading=\"lazy\" decoding=\"async\" class=\"wp-image-2328 aligncenter\" src=\"https:\/\/blogsaverroes.juntadeandalucia.es\/ceipsegundocentenario\/files\/2020\/09\/Captura-de-pantalla-2020-09-13-a-las-10.55.34-e1599987447386-179x300.png\" alt=\"\" width=\"89\" height=\"149\" srcset=\"https:\/\/blogsaverroes.juntadeandalucia.es\/ceipsegundocentenario\/files\/2020\/09\/Captura-de-pantalla-2020-09-13-a-las-10.55.34-e1599987447386-179x300.png 179w, https:\/\/blogsaverroes.juntadeandalucia.es\/ceipsegundocentenario\/files\/2020\/09\/Captura-de-pantalla-2020-09-13-a-las-10.55.34-e1599987447386-14x24.png 14w, https:\/\/blogsaverroes.juntadeandalucia.es\/ceipsegundocentenario\/files\/2020\/09\/Captura-de-pantalla-2020-09-13-a-las-10.55.34-e1599987447386-22x36.png 22w, https:\/\/blogsaverroes.juntadeandalucia.es\/ceipsegundocentenario\/files\/2020\/09\/Captura-de-pantalla-2020-09-13-a-las-10.55.34-e1599987447386-29x48.png 29w, https:\/\/blogsaverroes.juntadeandalucia.es\/ceipsegundocentenario\/files\/2020\/09\/Captura-de-pantalla-2020-09-13-a-las-10.55.34-e1599987447386.png 604w\" sizes=\"(max-width: 89px) 100vw, 89px\" \/><\/a><\/p>\n<p style=\"text-align: center\"><strong>Especialista de Educaci\u00f3n F\u00edsica (4\u00ba, 5\u00ba y 6\u00ba):<\/strong> Miguel \u00c1ngel Gonz\u00e1lez Lozano<\/p>\n<p>&nbsp;<\/p>\n<p style=\"text-align: center\"><strong>Especialista de Ingl\u00e9s:<\/strong>&nbsp;Reyes Jim\u00e9nez Rold\u00e1n<\/p>\n<p><a href=\"https:\/\/blogsaverroes.juntadeandalucia.es\/ceipsegundocentenario\/files\/2021\/01\/PHOTO-2021-01-26-15-57-51.jpg\"><img loading=\"lazy\" decoding=\"async\" class=\"aligncenter wp-image-2578 \" src=\"https:\/\/blogsaverroes.juntadeandalucia.es\/ceipsegundocentenario\/files\/2021\/01\/PHOTO-2021-01-26-15-57-51-193x300.jpg\" alt=\"\" width=\"89\" height=\"139\" srcset=\"https:\/\/blogsaverroes.juntadeandalucia.es\/ceipsegundocentenario\/files\/2021\/01\/PHOTO-2021-01-26-15-57-51-193x300.jpg 193w, https:\/\/blogsaverroes.juntadeandalucia.es\/ceipsegundocentenario\/files\/2021\/01\/PHOTO-2021-01-26-15-57-51-15x24.jpg 15w, https:\/\/blogsaverroes.juntadeandalucia.es\/ceipsegundocentenario\/files\/2021\/01\/PHOTO-2021-01-26-15-57-51-23x36.jpg 23w, https:\/\/blogsaverroes.juntadeandalucia.es\/ceipsegundocentenario\/files\/2021\/01\/PHOTO-2021-01-26-15-57-51-31x48.jpg 31w, https:\/\/blogsaverroes.juntadeandalucia.es\/ceipsegundocentenario\/files\/2021\/01\/PHOTO-2021-01-26-15-57-51.jpg 477w\" sizes=\"(max-width: 89px) 100vw, 89px\" \/><\/a><\/p>\n<p style=\"text-align: center\"><strong>Especialista de Religi\u00f3n:&nbsp;<\/strong>Ana Mar\u00eda Jim\u00e9nez Garc\u00eda<\/p>\n<p>&nbsp;<\/p>\n<p style=\"text-align: center\"><strong>Especialista de Educaci\u00f3n F\u00edsica (1\u00ba,2\u00ba y 3\u00ba):<\/strong>&nbsp;Manuel L\u00f3pez Carmona<\/p>\n<h1>&nbsp;<\/h1>\n<p style=\"text-align: center\"><strong>Especialista de Pedagog\u00eda&nbsp;Terap\u00e9utica:<\/strong>Raquel Bel\u00e9n \u00c1lvarez Fern\u00e1ndez<\/p>\n<p><a href=\"https:\/\/blogsaverroes.juntadeandalucia.es\/ceipsegundocentenario\/files\/2020\/09\/Captura-de-pantalla-2020-09-13-a-las-11.04.50.png\"><img loading=\"lazy\" decoding=\"async\" class=\"wp-image-2331 aligncenter\" src=\"https:\/\/blogsaverroes.juntadeandalucia.es\/ceipsegundocentenario\/files\/2020\/09\/Captura-de-pantalla-2020-09-13-a-las-11.04.50-221x300.png\" alt=\"\" width=\"109\" height=\"148\" srcset=\"https:\/\/blogsaverroes.juntadeandalucia.es\/ceipsegundocentenario\/files\/2020\/09\/Captura-de-pantalla-2020-09-13-a-las-11.04.50-221x300.png 221w, https:\/\/blogsaverroes.juntadeandalucia.es\/ceipsegundocentenario\/files\/2020\/09\/Captura-de-pantalla-2020-09-13-a-las-11.04.50-18x24.png 18w, https:\/\/blogsaverroes.juntadeandalucia.es\/ceipsegundocentenario\/files\/2020\/09\/Captura-de-pantalla-2020-09-13-a-las-11.04.50-27x36.png 27w, https:\/\/blogsaverroes.juntadeandalucia.es\/ceipsegundocentenario\/files\/2020\/09\/Captura-de-pantalla-2020-09-13-a-las-11.04.50-35x48.png 35w, https:\/\/blogsaverroes.juntadeandalucia.es\/ceipsegundocentenario\/files\/2020\/09\/Captura-de-pantalla-2020-09-13-a-las-11.04.50.png 472w\" sizes=\"(max-width: 109px) 100vw, 109px\" \/><\/a><\/p>\n<p style=\"text-align: center\"><strong>Refuerzo educativo:<\/strong> Pedro Porras Cuesta<\/p>\n","protected":false},"excerpt":{"rendered":"<p>A continuaci\u00f3n se detalla el claustro &nbsp;de nuestro centro para este curso 2023-2024: Tutora de infantil 3 a\u00f1os: Ana Bel\u00e9n Real Dom\u00ednguez Tutor de infantil 4 a\u00f1os:&nbsp;Miguel \u00c1ngel Bravo Burgos Tutora de infantil 5 a\u00f1os:&#46;&#46;&#46;<\/p>\n","protected":false},"author":10503,"featured_media":0,"parent":0,"menu_order":0,"comment_status":"closed","ping_status":"closed","template":"","meta":{"ngg_post_thumbnail":0,"footnotes":"","_mc_calendar":[]},"aioseo_notices":[],"_links":{"self":[{"href":"https:\/\/blogsaverroes.juntadeandalucia.es\/ceipsegundocentenario\/wp-json\/wp\/v2\/pages\/4017"}],"collection":[{"href":"https:\/\/blogsaverroes.juntadeandalucia.es\/ceipsegundocentenario\/wp-json\/wp\/v2\/pages"}],"about":[{"href":"https:\/\/blogsaverroes.juntadeandalucia.es\/ceipsegundocentenario\/wp-json\/wp\/v2\/types\/page"}],"author":[{"embeddable":true,"href":"https:\/\/blogsaverroes.juntadeandalucia.es\/ceipsegundocentenario\/wp-json\/wp\/v2\/users\/10503"}],"replies":[{"embeddable":true,"href":"https:\/\/blogsaverroes.juntadeandalucia.es\/ceipsegundocentenario\/wp-json\/wp\/v2\/comments?post=4017"}],"version-history":[{"count":7,"href":"https:\/\/blogsaverroes.juntadeandalucia.es\/ceipsegundocentenario\/wp-json\/wp\/v2\/pages\/4017\/revisions"}],"predecessor-version":[{"id":4053,"href":"https:\/\/blogsaverroes.juntadeandalucia.es\/ceipsegundocentenario\/wp-json\/wp\/v2\/pages\/4017\/revisions\/4053"}],"wp:attachment":[{"href":"https:\/\/blogsaverroes.juntadeandalucia.es\/ceipsegundocentenario\/wp-json\/wp\/v2\/media?parent=4017"}],"curies":[{"name":"wp","href":"https:\/\/api.w.org\/{rel}","templated":true}]}}