{"id":42,"date":"2020-09-10T21:40:47","date_gmt":"2020-09-10T21:40:47","guid":{"rendered":"http:\/\/blogsaverroes.juntadeandalucia.es\/pre\/ceip\/?page_id=42"},"modified":"2020-09-13T09:06:30","modified_gmt":"2020-09-13T09:06:30","slug":"equipo-directivo","status":"publish","type":"page","link":"https:\/\/blogsaverroes.juntadeandalucia.es\/ceipsegundocentenario\/equipo-directivo\/","title":{"rendered":"Equipo directivo"},"content":{"rendered":"<h1>El equipo directivo para el curso 2020-2021 est\u00e1 compuesto por:&nbsp;<\/h1>\n<p>&nbsp;<\/p>\n<h3><a href=\"https:\/\/blogsaverroes.juntadeandalucia.es\/ceipsegundocentenario\/files\/2020\/09\/Captura-de-pantalla-2020-09-13-a-las-11.04.50.png\"><img decoding=\"async\" class=\"wp-image-2331 aligncenter\" src=\"https:\/\/blogsaverroes.juntadeandalucia.es\/ceipsegundocentenario\/files\/2020\/09\/Captura-de-pantalla-2020-09-13-a-las-11.04.50-221x300.png\" alt=\"\" width=\"108\" height=\"147\" srcset=\"https:\/\/blogsaverroes.juntadeandalucia.es\/ceipsegundocentenario\/files\/2020\/09\/Captura-de-pantalla-2020-09-13-a-las-11.04.50-221x300.png 221w, https:\/\/blogsaverroes.juntadeandalucia.es\/ceipsegundocentenario\/files\/2020\/09\/Captura-de-pantalla-2020-09-13-a-las-11.04.50-18x24.png 18w, https:\/\/blogsaverroes.juntadeandalucia.es\/ceipsegundocentenario\/files\/2020\/09\/Captura-de-pantalla-2020-09-13-a-las-11.04.50-27x36.png 27w, https:\/\/blogsaverroes.juntadeandalucia.es\/ceipsegundocentenario\/files\/2020\/09\/Captura-de-pantalla-2020-09-13-a-las-11.04.50-35x48.png 35w, https:\/\/blogsaverroes.juntadeandalucia.es\/ceipsegundocentenario\/files\/2020\/09\/Captura-de-pantalla-2020-09-13-a-las-11.04.50.png 472w\" sizes=\"(max-width: 108px) 100vw, 108px\" \/><\/a><\/h3>\n<h3 style=\"text-align: center\"><strong>Direcci\u00f3n: <\/strong>Pedro Porras Cuesta<\/h3>\n<h3 style=\"text-align: center\"><a href=\"https:\/\/blogsaverroes.juntadeandalucia.es\/ceipsegundocentenario\/files\/2020\/09\/Captura-de-pantalla-2020-09-13-a-las-10.55.34.png\"><br \/>\n<img decoding=\"async\" class=\"wp-image-2328  aligncenter\" src=\"https:\/\/blogsaverroes.juntadeandalucia.es\/ceipsegundocentenario\/files\/2020\/09\/Captura-de-pantalla-2020-09-13-a-las-10.55.34-e1599987447386-179x300.png\" alt=\"\" width=\"94\" height=\"158\" srcset=\"https:\/\/blogsaverroes.juntadeandalucia.es\/ceipsegundocentenario\/files\/2020\/09\/Captura-de-pantalla-2020-09-13-a-las-10.55.34-e1599987447386-179x300.png 179w, https:\/\/blogsaverroes.juntadeandalucia.es\/ceipsegundocentenario\/files\/2020\/09\/Captura-de-pantalla-2020-09-13-a-las-10.55.34-e1599987447386-14x24.png 14w, https:\/\/blogsaverroes.juntadeandalucia.es\/ceipsegundocentenario\/files\/2020\/09\/Captura-de-pantalla-2020-09-13-a-las-10.55.34-e1599987447386-22x36.png 22w, https:\/\/blogsaverroes.juntadeandalucia.es\/ceipsegundocentenario\/files\/2020\/09\/Captura-de-pantalla-2020-09-13-a-las-10.55.34-e1599987447386-29x48.png 29w, https:\/\/blogsaverroes.juntadeandalucia.es\/ceipsegundocentenario\/files\/2020\/09\/Captura-de-pantalla-2020-09-13-a-las-10.55.34-e1599987447386.png 604w\" sizes=\"(max-width: 94px) 100vw, 94px\" \/><\/a><\/h3>\n<h3 style=\"text-align: center\"><strong>Jefatura de estudios: <\/strong>Miguel \u00c1ngel Gonz\u00e1lez Lozano<\/h3>\n<h3 style=\"text-align: center\"><a href=\"https:\/\/blogsaverroes.juntadeandalucia.es\/ceipsegundocentenario\/files\/2020\/09\/Captura-de-pantalla-2020-09-13-a-las-10.59.49.png\"><img decoding=\"async\" class=\"alignnone  wp-image-2330\" src=\"https:\/\/blogsaverroes.juntadeandalucia.es\/ceipsegundocentenario\/files\/2020\/09\/Captura-de-pantalla-2020-09-13-a-las-10.59.49-262x300.png\" alt=\"\" width=\"111\" height=\"127\" srcset=\"https:\/\/blogsaverroes.juntadeandalucia.es\/ceipsegundocentenario\/files\/2020\/09\/Captura-de-pantalla-2020-09-13-a-las-10.59.49-262x300.png 262w, https:\/\/blogsaverroes.juntadeandalucia.es\/ceipsegundocentenario\/files\/2020\/09\/Captura-de-pantalla-2020-09-13-a-las-10.59.49-21x24.png 21w, https:\/\/blogsaverroes.juntadeandalucia.es\/ceipsegundocentenario\/files\/2020\/09\/Captura-de-pantalla-2020-09-13-a-las-10.59.49-31x36.png 31w, https:\/\/blogsaverroes.juntadeandalucia.es\/ceipsegundocentenario\/files\/2020\/09\/Captura-de-pantalla-2020-09-13-a-las-10.59.49-42x48.png 42w, https:\/\/blogsaverroes.juntadeandalucia.es\/ceipsegundocentenario\/files\/2020\/09\/Captura-de-pantalla-2020-09-13-a-las-10.59.49.png 272w\" sizes=\"(max-width: 111px) 100vw, 111px\" \/><\/a><\/h3>\n<h3 style=\"text-align: center\"><strong>Secretar\u00eda: <\/strong>Sergio Lara del Valle<\/h3>\n","protected":false},"excerpt":{"rendered":"<p>El equipo directivo para el curso 2020-2021 est\u00e1 compuesto por:&nbsp; &nbsp; Direcci\u00f3n: Pedro Porras Cuesta Jefatura de estudios: Miguel \u00c1ngel Gonz\u00e1lez Lozano Secretar\u00eda: Sergio Lara del Valle<\/p>\n","protected":false},"author":1,"featured_media":0,"parent":0,"menu_order":0,"comment_status":"closed","ping_status":"open","template":"","meta":{"ngg_post_thumbnail":0,"footnotes":"","_mc_calendar":[]},"aioseo_notices":[],"_links":{"self":[{"href":"https:\/\/blogsaverroes.juntadeandalucia.es\/ceipsegundocentenario\/wp-json\/wp\/v2\/pages\/42"}],"collection":[{"href":"https:\/\/blogsaverroes.juntadeandalucia.es\/ceipsegundocentenario\/wp-json\/wp\/v2\/pages"}],"about":[{"href":"https:\/\/blogsaverroes.juntadeandalucia.es\/ceipsegundocentenario\/wp-json\/wp\/v2\/types\/page"}],"author":[{"embeddable":true,"href":"https:\/\/blogsaverroes.juntadeandalucia.es\/ceipsegundocentenario\/wp-json\/wp\/v2\/users\/1"}],"replies":[{"embeddable":true,"href":"https:\/\/blogsaverroes.juntadeandalucia.es\/ceipsegundocentenario\/wp-json\/wp\/v2\/comments?post=42"}],"version-history":[{"count":10,"href":"https:\/\/blogsaverroes.juntadeandalucia.es\/ceipsegundocentenario\/wp-json\/wp\/v2\/pages\/42\/revisions"}],"predecessor-version":[{"id":2332,"href":"https:\/\/blogsaverroes.juntadeandalucia.es\/ceipsegundocentenario\/wp-json\/wp\/v2\/pages\/42\/revisions\/2332"}],"wp:attachment":[{"href":"https:\/\/blogsaverroes.juntadeandalucia.es\/ceipsegundocentenario\/wp-json\/wp\/v2\/media?parent=42"}],"curies":[{"name":"wp","href":"https:\/\/api.w.org\/{rel}","templated":true}]}}