{"id":44,"date":"2015-03-13T08:42:15","date_gmt":"2015-03-13T08:42:15","guid":{"rendered":"http:\/\/blogsaverroes.juntadeandalucia.es\/pre\/ceip\/?page_id=44"},"modified":"2025-03-20T09:37:46","modified_gmt":"2025-03-20T09:37:46","slug":"planes-y-proyectos","status":"publish","type":"page","link":"https:\/\/blogsaverroes.juntadeandalucia.es\/ceipsegundocentenario\/planes-y-proyectos\/","title":{"rendered":"Planes y Programas"},"content":{"rendered":"<p>&nbsp;<\/p>\n<p>Nuestro centro &nbsp;adapta su Proyecto Educativo adheriendose a diferentes <strong>Planes y Programas<\/strong> promovidos desde la Consejer\u00eda de Educaci\u00f3n, Cultura y Deporte.<\/p>\n<p>&nbsp;A continuaci\u00f3n se muestran los programas que se llevan a cabo en nuestro centro as\u00ed como sus coordinadores\/as:<\/p>\n<ul>\n<li><strong>Plan de Igualdad:&nbsp;<\/strong>Sergio Lara del Valle<\/li>\n<li><strong>Plan de Lectura y Biblioteca:<\/strong> Elisabeth S\u00e1nchez S\u00e1nchez<\/li>\n<li><strong>Plan de Apertura: <\/strong>Pedro Porras Cuesta<\/li>\n<li><strong>Transformaci\u00f3n Digital Educativa:<\/strong> Miguel \u00c1ngel Gonz\u00e1lez Lozano<\/li>\n<li><strong>Prevenci\u00f3n de Riesgos Laborales:<\/strong> Melisa Serrano D\u00edaz<\/li>\n<li><strong>CIMA:<\/strong> Melisa Serrano D\u00edaz<\/li>\n<li><strong>Programa de Refuerzo, Orientaci\u00f3n y Apoyo:<\/strong> Miguel \u00c1ngel Gonz\u00e1lez Lozano<\/li>\n<\/ul>\n<p>&nbsp;<\/p>\n","protected":false},"excerpt":{"rendered":"<p>&nbsp; Nuestro centro &nbsp;adapta su Proyecto Educativo adheriendose a diferentes Planes y Programas promovidos desde la Consejer\u00eda de Educaci\u00f3n, Cultura y Deporte. &nbsp;A continuaci\u00f3n se muestran los programas que se llevan a cabo en nuestro&#46;&#46;&#46;<\/p>\n","protected":false},"author":1,"featured_media":0,"parent":0,"menu_order":0,"comment_status":"closed","ping_status":"closed","template":"","meta":{"ngg_post_thumbnail":0,"footnotes":"","_mc_calendar":[]},"aioseo_notices":[],"_links":{"self":[{"href":"https:\/\/blogsaverroes.juntadeandalucia.es\/ceipsegundocentenario\/wp-json\/wp\/v2\/pages\/44"}],"collection":[{"href":"https:\/\/blogsaverroes.juntadeandalucia.es\/ceipsegundocentenario\/wp-json\/wp\/v2\/pages"}],"about":[{"href":"https:\/\/blogsaverroes.juntadeandalucia.es\/ceipsegundocentenario\/wp-json\/wp\/v2\/types\/page"}],"author":[{"embeddable":true,"href":"https:\/\/blogsaverroes.juntadeandalucia.es\/ceipsegundocentenario\/wp-json\/wp\/v2\/users\/1"}],"replies":[{"embeddable":true,"href":"https:\/\/blogsaverroes.juntadeandalucia.es\/ceipsegundocentenario\/wp-json\/wp\/v2\/comments?post=44"}],"version-history":[{"count":9,"href":"https:\/\/blogsaverroes.juntadeandalucia.es\/ceipsegundocentenario\/wp-json\/wp\/v2\/pages\/44\/revisions"}],"predecessor-version":[{"id":4833,"href":"https:\/\/blogsaverroes.juntadeandalucia.es\/ceipsegundocentenario\/wp-json\/wp\/v2\/pages\/44\/revisions\/4833"}],"wp:attachment":[{"href":"https:\/\/blogsaverroes.juntadeandalucia.es\/ceipsegundocentenario\/wp-json\/wp\/v2\/media?parent=44"}],"curies":[{"name":"wp","href":"https:\/\/api.w.org\/{rel}","templated":true}]}}