{"id":49,"date":"2020-09-11T01:47:05","date_gmt":"2020-09-11T01:47:05","guid":{"rendered":"http:\/\/blogsaverroes.juntadeandalucia.es\/pre\/ceip\/?page_id=49"},"modified":"2025-06-17T09:14:44","modified_gmt":"2025-06-17T09:14:44","slug":"proyecto-educativo","status":"publish","type":"page","link":"https:\/\/blogsaverroes.juntadeandalucia.es\/ceipsegundocentenario\/proyecto-educativo\/","title":{"rendered":"PLAN DE CENTRO"},"content":{"rendered":"<p>Adjuntamos el Plan de Centro del CEIP Segundo Centenario.<\/p>\n<ol>\n<li><a href=\"https:\/\/drive.google.com\/drive\/folders\/1S0jLMQvoPTVwWj7HS-VxQj1do2iR9JBh?usp=share_link\">Proyecto Educativo.<\/a><\/li>\n<li><a href=\"https:\/\/drive.google.com\/drive\/folders\/1HEVTcJNC3jXXohrIBorOkbmkLoecFTVF?usp=share_link\">Reglamento de Organizaci\u00f3n y Funcionamiento.<\/a><\/li>\n<li><a href=\"https:\/\/drive.google.com\/drive\/folders\/1SuP-r0Ksj4yQ21mtgo9iFKacSLe-VHV-?usp=share_link\">Proyecto de Gesti\u00f3n.<\/a><\/li>\n<li><a href=\"https:\/\/drive.google.com\/file\/d\/1hmlltnGWM9bGstljSCvkNVn3SVHY-Gz8\/view?usp=sharing\">Plan de Autoprotecci\u00f3n.<\/a><\/li>\n<\/ol>\n<p>&nbsp;<\/p>\n<p style=\"text-align: center\">&nbsp;<\/p>\n","protected":false},"excerpt":{"rendered":"<p>Adjuntamos el Plan de Centro del CEIP Segundo Centenario. Proyecto Educativo. Reglamento de Organizaci\u00f3n y Funcionamiento. Proyecto de Gesti\u00f3n. Plan de Autoprotecci\u00f3n. &nbsp; &nbsp;<\/p>\n","protected":false},"author":1,"featured_media":0,"parent":0,"menu_order":0,"comment_status":"closed","ping_status":"open","template":"","meta":{"ngg_post_thumbnail":0,"footnotes":"","_mc_calendar":[]},"aioseo_notices":[],"_links":{"self":[{"href":"https:\/\/blogsaverroes.juntadeandalucia.es\/ceipsegundocentenario\/wp-json\/wp\/v2\/pages\/49"}],"collection":[{"href":"https:\/\/blogsaverroes.juntadeandalucia.es\/ceipsegundocentenario\/wp-json\/wp\/v2\/pages"}],"about":[{"href":"https:\/\/blogsaverroes.juntadeandalucia.es\/ceipsegundocentenario\/wp-json\/wp\/v2\/types\/page"}],"author":[{"embeddable":true,"href":"https:\/\/blogsaverroes.juntadeandalucia.es\/ceipsegundocentenario\/wp-json\/wp\/v2\/users\/1"}],"replies":[{"embeddable":true,"href":"https:\/\/blogsaverroes.juntadeandalucia.es\/ceipsegundocentenario\/wp-json\/wp\/v2\/comments?post=49"}],"version-history":[{"count":15,"href":"https:\/\/blogsaverroes.juntadeandalucia.es\/ceipsegundocentenario\/wp-json\/wp\/v2\/pages\/49\/revisions"}],"predecessor-version":[{"id":4963,"href":"https:\/\/blogsaverroes.juntadeandalucia.es\/ceipsegundocentenario\/wp-json\/wp\/v2\/pages\/49\/revisions\/4963"}],"wp:attachment":[{"href":"https:\/\/blogsaverroes.juntadeandalucia.es\/ceipsegundocentenario\/wp-json\/wp\/v2\/media?parent=49"}],"curies":[{"name":"wp","href":"https:\/\/api.w.org\/{rel}","templated":true}]}}