{"id":871,"date":"2020-09-10T23:25:46","date_gmt":"2020-09-10T23:25:46","guid":{"rendered":"http:\/\/blogsaverroes.juntadeandalucia.es\/pre\/ceip\/?page_id=106"},"modified":"2021-10-12T14:24:57","modified_gmt":"2021-10-12T14:24:57","slug":"actividades-extraescolares","status":"publish","type":"page","link":"https:\/\/blogsaverroes.juntadeandalucia.es\/ceipsegundocentenario\/actividades-extraescolares\/","title":{"rendered":"Actividades extraescolares"},"content":{"rendered":"<h4>NUESTRAS ACTIVIDADES EXTRAESCOLARES<\/h4>\n<p><a href=\"https:\/\/blogsaverroes.juntadeandalucia.es\/ceipsegundocentenario\/files\/2021\/09\/favicon.png\"><img decoding=\"async\" class=\"wp-image-2801 alignleft\" src=\"https:\/\/blogsaverroes.juntadeandalucia.es\/ceipsegundocentenario\/files\/2021\/09\/favicon-300x300.png\" alt=\"\" width=\"113\" height=\"113\" srcset=\"https:\/\/blogsaverroes.juntadeandalucia.es\/ceipsegundocentenario\/files\/2021\/09\/favicon-300x300.png 300w, https:\/\/blogsaverroes.juntadeandalucia.es\/ceipsegundocentenario\/files\/2021\/09\/favicon-150x150.png 150w, https:\/\/blogsaverroes.juntadeandalucia.es\/ceipsegundocentenario\/files\/2021\/09\/favicon-80x80.png 80w, https:\/\/blogsaverroes.juntadeandalucia.es\/ceipsegundocentenario\/files\/2021\/09\/favicon-320x320.png 320w, https:\/\/blogsaverroes.juntadeandalucia.es\/ceipsegundocentenario\/files\/2021\/09\/favicon.png 360w\" sizes=\"(max-width: 113px) 100vw, 113px\" \/><\/a><\/p>\n<p style=\"text-align: left\">Las actividades extraescolares tienen lugar en horario de tarde, hasta las 18.00, y abarcan aspectos como la lectura, el deporte, la m\u00fasica, la inform\u00e1tica, los idiomas, la danza o el teatro, entre otras actividades l\u00fadicas y formativas.<\/p>\n<p>Para hacer posible la realizaci\u00f3n de estas actividades fuera del horario lectivo, los centros pueden abrir sus instalaciones hasta las 18.00 todos los d\u00edas lectivos con excepci\u00f3n de los viernes, en los que el cierre se establece a las 16.00.<\/p>\n<p>Las actividades extraescolares que se llevar\u00e1n a cabo en nuestro centro son:&nbsp;<\/p>\n<p><a href=\"https:\/\/blogsaverroes.juntadeandalucia.es\/ceipsegundocentenario\/files\/2020\/09\/unnamed.png\"><img fetchpriority=\"high\" decoding=\"async\" class=\" wp-image-2270 aligncenter\" src=\"https:\/\/blogsaverroes.juntadeandalucia.es\/ceipsegundocentenario\/files\/2020\/09\/unnamed.png\" alt=\"\" width=\"375\" height=\"245\" srcset=\"https:\/\/blogsaverroes.juntadeandalucia.es\/ceipsegundocentenario\/files\/2020\/09\/unnamed.png 280w, https:\/\/blogsaverroes.juntadeandalucia.es\/ceipsegundocentenario\/files\/2020\/09\/unnamed-24x16.png 24w, https:\/\/blogsaverroes.juntadeandalucia.es\/ceipsegundocentenario\/files\/2020\/09\/unnamed-36x24.png 36w, https:\/\/blogsaverroes.juntadeandalucia.es\/ceipsegundocentenario\/files\/2020\/09\/unnamed-48x31.png 48w\" sizes=\"(max-width: 375px) 100vw, 375px\" \/><\/a><\/p>\n<p>&nbsp;<\/p>\n<p>&nbsp;<\/p>\n<p>&nbsp;<\/p>\n<p>&nbsp;<\/p>\n<p>&nbsp;<\/p>\n<p>Talleres<\/p>\n<p>Horarios<\/p>\n<p>Solicitudes<\/p>\n<p>Precios<\/p>\n","protected":false},"excerpt":{"rendered":"<p>NUESTRAS ACTIVIDADES EXTRAESCOLARES Las actividades extraescolares tienen lugar en horario de tarde, hasta las 18.00, y abarcan aspectos como la lectura, el deporte, la m\u00fasica, la inform\u00e1tica, los idiomas, la danza o el teatro, entre&#46;&#46;&#46;<\/p>\n","protected":false},"author":1,"featured_media":0,"parent":0,"menu_order":0,"comment_status":"closed","ping_status":"open","template":"","meta":{"ngg_post_thumbnail":0,"footnotes":"","_mc_calendar":[]},"aioseo_notices":[],"_links":{"self":[{"href":"https:\/\/blogsaverroes.juntadeandalucia.es\/ceipsegundocentenario\/wp-json\/wp\/v2\/pages\/871"}],"collection":[{"href":"https:\/\/blogsaverroes.juntadeandalucia.es\/ceipsegundocentenario\/wp-json\/wp\/v2\/pages"}],"about":[{"href":"https:\/\/blogsaverroes.juntadeandalucia.es\/ceipsegundocentenario\/wp-json\/wp\/v2\/types\/page"}],"author":[{"embeddable":true,"href":"https:\/\/blogsaverroes.juntadeandalucia.es\/ceipsegundocentenario\/wp-json\/wp\/v2\/users\/1"}],"replies":[{"embeddable":true,"href":"https:\/\/blogsaverroes.juntadeandalucia.es\/ceipsegundocentenario\/wp-json\/wp\/v2\/comments?post=871"}],"version-history":[{"count":9,"href":"https:\/\/blogsaverroes.juntadeandalucia.es\/ceipsegundocentenario\/wp-json\/wp\/v2\/pages\/871\/revisions"}],"predecessor-version":[{"id":2850,"href":"https:\/\/blogsaverroes.juntadeandalucia.es\/ceipsegundocentenario\/wp-json\/wp\/v2\/pages\/871\/revisions\/2850"}],"wp:attachment":[{"href":"https:\/\/blogsaverroes.juntadeandalucia.es\/ceipsegundocentenario\/wp-json\/wp\/v2\/media?parent=871"}],"curies":[{"name":"wp","href":"https:\/\/api.w.org\/{rel}","templated":true}]}}