{"id":39,"date":"2020-10-21T19:07:59","date_gmt":"2020-10-21T19:07:59","guid":{"rendered":"https:\/\/blogsaverroes.juntadeandalucia.es\/ceipseneca\/?page_id=39"},"modified":"2020-10-21T19:42:59","modified_gmt":"2020-10-21T19:42:59","slug":"centro","status":"publish","type":"page","link":"https:\/\/blogsaverroes.juntadeandalucia.es\/ceipseneca\/centro\/","title":{"rendered":"DATOS DEL CENTRO"},"content":{"rendered":"<ul class=\"centro1\">\n<li><b>Centro:<\/b>&nbsp;C.E.I.P.&nbsp;S\u00e9neca<\/li>\n<li><b>Domicilio:<\/b>&nbsp;Ctra. Ronda, s\/n<\/li>\n<li><b>Localidad:<\/b>&nbsp;Villal\u00f3n<\/li>\n<li><b>Municipio:<\/b>&nbsp;Fuente Palmera<\/li>\n<li><b>Provincia:<\/b>&nbsp;C\u00f3rdoba<\/li>\n<li><b>C\u00f3digo postal:<\/b>&nbsp;14129<\/li>\n<li><b>Tel\u00e9fono:<\/b> 671 56 77 19<\/li>\n<li><b>Fax:<\/b>&nbsp;957719916<\/li>\n<li><b>email:<\/b>&nbsp; 14003976.edu@juntadeandalucia.es<\/li>\n<\/ul>\n","protected":false},"excerpt":{"rendered":"<p>Centro:&nbsp;C.E.I.P.&nbsp;S\u00e9neca Domicilio:&nbsp;Ctra. Ronda, s\/n Localidad:&nbsp;Villal\u00f3n Municipio:&nbsp;Fuente Palmera Provincia:&nbsp;C\u00f3rdoba C\u00f3digo postal:&nbsp;14129 Tel\u00e9fono: 671 56 77 19 Fax:&nbsp;957719916 email:&nbsp; 14003976.edu@juntadeandalucia.es<\/p>\n","protected":false},"author":10473,"featured_media":0,"parent":0,"menu_order":2,"comment_status":"closed","ping_status":"closed","template":"","meta":{"ngg_post_thumbnail":0,"footnotes":""},"aioseo_notices":[],"_links":{"self":[{"href":"https:\/\/blogsaverroes.juntadeandalucia.es\/ceipseneca\/wp-json\/wp\/v2\/pages\/39"}],"collection":[{"href":"https:\/\/blogsaverroes.juntadeandalucia.es\/ceipseneca\/wp-json\/wp\/v2\/pages"}],"about":[{"href":"https:\/\/blogsaverroes.juntadeandalucia.es\/ceipseneca\/wp-json\/wp\/v2\/types\/page"}],"author":[{"embeddable":true,"href":"https:\/\/blogsaverroes.juntadeandalucia.es\/ceipseneca\/wp-json\/wp\/v2\/users\/10473"}],"replies":[{"embeddable":true,"href":"https:\/\/blogsaverroes.juntadeandalucia.es\/ceipseneca\/wp-json\/wp\/v2\/comments?post=39"}],"version-history":[{"count":4,"href":"https:\/\/blogsaverroes.juntadeandalucia.es\/ceipseneca\/wp-json\/wp\/v2\/pages\/39\/revisions"}],"predecessor-version":[{"id":42,"href":"https:\/\/blogsaverroes.juntadeandalucia.es\/ceipseneca\/wp-json\/wp\/v2\/pages\/39\/revisions\/42"}],"wp:attachment":[{"href":"https:\/\/blogsaverroes.juntadeandalucia.es\/ceipseneca\/wp-json\/wp\/v2\/media?parent=39"}],"curies":[{"name":"wp","href":"https:\/\/api.w.org\/{rel}","templated":true}]}}