{"id":253,"date":"2016-08-27T18:39:38","date_gmt":"2016-08-27T17:39:38","guid":{"rendered":"http:\/\/blogsaverroes.juntadeandalucia.es\/ceipservandocamunez\/?page_id=253"},"modified":"2018-09-14T17:35:59","modified_gmt":"2018-09-14T16:35:59","slug":"datos-del-centro-2","status":"publish","type":"page","link":"https:\/\/blogsaverroes.juntadeandalucia.es\/ceipservandocamunez\/datos-del-centro-2\/","title":{"rendered":"Datos del CENTRO"},"content":{"rendered":"<hr \/>\n<h3 style=\"text-align: center\">&nbsp;<\/h3>\n<h3 style=\"text-align: center\"><span style=\"color: #ff6600\">Pincha en la imagen de la ubucaci\u00f3n m\u00e1s abajo y descubre donde nos encontramos !!<\/span><\/h3>\n<h3>&nbsp;<\/h3>\n<p>&nbsp;<\/p>\n<h4 class=\"entry clearfix\"><span style=\"color: #ff6600\"><strong>Direcci\u00f3n:<\/strong>&nbsp;<span style=\"color: #800000\">Calle R\u00e1bida, 9, 11100 San Fernando, C\u00e1diz<\/span><\/span><\/h4>\n<h4 class=\"entry clearfix\"><span style=\"color: #ff6600\"><strong>Tel\u00e9fono \/ FAX:&nbsp;<\/strong><span style=\"color: #800000\">956 243 933<\/span><\/span><\/h4>\n<h4 class=\"entry clearfix\"><span style=\"color: #ff6600\"><strong>Email:<\/strong> &nbsp;<span style=\"line-height: 1.5;color: #0000ff\"> <a style=\"color: #0000ff\" href=\"mailto:11006383.edu@juntadeandalucia.es?Subject=Hello%20again\" target=\"_top\">11006383.edu@juntadeandalucia.es<\/a><\/span><\/span><\/h4>\n<h4><a href=\"https:\/\/www.facebook.com\/Servando-Camu%C3%B1ez-342689819438834\/\" target=\"_blank\" rel=\"noopener\"><span style=\"color: #ff6600\"><strong>Nuestra p\u00e1gina de Facebook (pulsa para acceder)<\/strong><\/span><\/a><\/h4>\n<h4><span style=\"color: #ff6600\"><strong>Ubicaci\u00f3n:<\/strong><\/span><\/h4>\n<div style=\"width: 565px\" class=\"wp-caption alignnone\"><a href=\"https:\/\/www.google.es\/maps\/@36.4695365,-6.2013823,277m\/data=!3m1!1e3\"><img loading=\"lazy\" decoding=\"async\" class=\"ngg-singlepic ngg-none\" src=\"http:\/\/blogsaverroes.juntadeandalucia.es\/ceipservandocamunez\/wp-content\/uploads\/sites\/1572\/nggallery\/colegio\/mapa-1.jpg\" alt=\"mapa\" width=\"555\" height=\"355\"\/><\/a><p class=\"wp-caption-text\">Ubicaci\u00f3n del Centro<\/p><\/div>\n","protected":false},"excerpt":{"rendered":"<p>&nbsp; Pincha en la imagen de la ubucaci\u00f3n m\u00e1s abajo y descubre donde nos encontramos !! &nbsp; &nbsp; Direcci\u00f3n:&nbsp;Calle R\u00e1bida, 9, 11100 San Fernando, C\u00e1diz Tel\u00e9fono \/ FAX:&nbsp;956 243 933 Email: &nbsp; 11006383.edu@juntadeandalucia.es Nuestra&#46;&#46;&#46;<\/p>\n","protected":false},"author":2758,"featured_media":491,"parent":0,"menu_order":0,"comment_status":"closed","ping_status":"closed","template":"","meta":{"ngg_post_thumbnail":0,"footnotes":""},"aioseo_notices":[],"_links":{"self":[{"href":"https:\/\/blogsaverroes.juntadeandalucia.es\/ceipservandocamunez\/wp-json\/wp\/v2\/pages\/253"}],"collection":[{"href":"https:\/\/blogsaverroes.juntadeandalucia.es\/ceipservandocamunez\/wp-json\/wp\/v2\/pages"}],"about":[{"href":"https:\/\/blogsaverroes.juntadeandalucia.es\/ceipservandocamunez\/wp-json\/wp\/v2\/types\/page"}],"author":[{"embeddable":true,"href":"https:\/\/blogsaverroes.juntadeandalucia.es\/ceipservandocamunez\/wp-json\/wp\/v2\/users\/2758"}],"replies":[{"embeddable":true,"href":"https:\/\/blogsaverroes.juntadeandalucia.es\/ceipservandocamunez\/wp-json\/wp\/v2\/comments?post=253"}],"version-history":[{"count":6,"href":"https:\/\/blogsaverroes.juntadeandalucia.es\/ceipservandocamunez\/wp-json\/wp\/v2\/pages\/253\/revisions"}],"predecessor-version":[{"id":618,"href":"https:\/\/blogsaverroes.juntadeandalucia.es\/ceipservandocamunez\/wp-json\/wp\/v2\/pages\/253\/revisions\/618"}],"wp:featuredmedia":[{"embeddable":true,"href":"https:\/\/blogsaverroes.juntadeandalucia.es\/ceipservandocamunez\/wp-json\/wp\/v2\/media\/491"}],"wp:attachment":[{"href":"https:\/\/blogsaverroes.juntadeandalucia.es\/ceipservandocamunez\/wp-json\/wp\/v2\/media?parent=253"}],"curies":[{"name":"wp","href":"https:\/\/api.w.org\/{rel}","templated":true}]}}