{"id":265,"date":"2016-08-29T00:02:14","date_gmt":"2016-08-28T23:02:14","guid":{"rendered":"http:\/\/blogsaverroes.juntadeandalucia.es\/ceipservandocamunez\/?page_id=265"},"modified":"2018-09-14T17:30:18","modified_gmt":"2018-09-14T16:30:18","slug":"equipo-directivo","status":"publish","type":"page","link":"https:\/\/blogsaverroes.juntadeandalucia.es\/ceipservandocamunez\/equipo-directivo\/","title":{"rendered":"Equipo Directivo"},"content":{"rendered":"<h3>&nbsp;<\/h3>\n<hr \/>\n<h3>&nbsp;<\/h3>\n<h4><strong><span style=\"color: #ff6600\">Direcci\u00f3n: <span style=\"color: #000000\">Marisa Ben\u00edtez Alfaro<\/span><\/span><\/strong><\/h4>\n<h4><strong><span style=\"color: #ff6600\">Jefatura de estudios: <span style=\"color: #000000\">Jer\u00f3nimo Massanet Capilla<\/span><\/span><\/strong><\/h4>\n<h4><strong><span style=\"color: #ff6600\">Secretar\u00eda: <span style=\"color: #000000\">\u00c1ngeles Palomino Out\u00f3n<\/span><\/span><\/strong><\/h4>\n","protected":false},"excerpt":{"rendered":"<p>&nbsp; &nbsp; Direcci\u00f3n: Marisa Ben\u00edtez Alfaro Jefatura de estudios: Jer\u00f3nimo Massanet Capilla Secretar\u00eda: \u00c1ngeles Palomino Out\u00f3n<\/p>\n","protected":false},"author":2758,"featured_media":547,"parent":0,"menu_order":0,"comment_status":"closed","ping_status":"closed","template":"","meta":{"ngg_post_thumbnail":0,"footnotes":""},"aioseo_notices":[],"_links":{"self":[{"href":"https:\/\/blogsaverroes.juntadeandalucia.es\/ceipservandocamunez\/wp-json\/wp\/v2\/pages\/265"}],"collection":[{"href":"https:\/\/blogsaverroes.juntadeandalucia.es\/ceipservandocamunez\/wp-json\/wp\/v2\/pages"}],"about":[{"href":"https:\/\/blogsaverroes.juntadeandalucia.es\/ceipservandocamunez\/wp-json\/wp\/v2\/types\/page"}],"author":[{"embeddable":true,"href":"https:\/\/blogsaverroes.juntadeandalucia.es\/ceipservandocamunez\/wp-json\/wp\/v2\/users\/2758"}],"replies":[{"embeddable":true,"href":"https:\/\/blogsaverroes.juntadeandalucia.es\/ceipservandocamunez\/wp-json\/wp\/v2\/comments?post=265"}],"version-history":[{"count":4,"href":"https:\/\/blogsaverroes.juntadeandalucia.es\/ceipservandocamunez\/wp-json\/wp\/v2\/pages\/265\/revisions"}],"predecessor-version":[{"id":616,"href":"https:\/\/blogsaverroes.juntadeandalucia.es\/ceipservandocamunez\/wp-json\/wp\/v2\/pages\/265\/revisions\/616"}],"wp:featuredmedia":[{"embeddable":true,"href":"https:\/\/blogsaverroes.juntadeandalucia.es\/ceipservandocamunez\/wp-json\/wp\/v2\/media\/547"}],"wp:attachment":[{"href":"https:\/\/blogsaverroes.juntadeandalucia.es\/ceipservandocamunez\/wp-json\/wp\/v2\/media?parent=265"}],"curies":[{"name":"wp","href":"https:\/\/api.w.org\/{rel}","templated":true}]}}