{"id":267,"date":"2016-08-29T00:02:36","date_gmt":"2016-08-28T23:02:36","guid":{"rendered":"http:\/\/blogsaverroes.juntadeandalucia.es\/ceipservandocamunez\/?page_id=267"},"modified":"2016-09-21T14:20:24","modified_gmt":"2016-09-21T13:20:24","slug":"secretaria","status":"publish","type":"page","link":"https:\/\/blogsaverroes.juntadeandalucia.es\/ceipservandocamunez\/secretaria\/","title":{"rendered":"Secretar\u00eda"},"content":{"rendered":"<hr \/>\n<p>&nbsp;<\/p>\n<h4 style=\"text-align: left\"><span style=\"color: #ff6600\">La <strong>Secretar\u00eda<\/strong> desarrolla muchas funciones importantes en la vida de un centro, especialmente en la relaci\u00f3n que mantiene con las familias en los diferentes tr\u00e1mites administrativos a lo largo de la escolarizaci\u00f3n: admisi\u00f3n, matr\u00edcula, comedor escolar, becas, etc.<\/span><\/h4>\n<h4 style=\"text-align: left\"><\/h4>\n<h4 style=\"text-align: left\"><span style=\"color: #ff6600\">El horario de atenci\u00f3n al publico es de <strong>Martes<\/strong> y <strong>Jueves<\/strong> de <strong>12:30<\/strong> a <strong>14:00<\/strong>.<\/span><\/h4>\n","protected":false},"excerpt":{"rendered":"<p>&nbsp; La Secretar\u00eda desarrolla muchas funciones importantes en la vida de un centro, especialmente en la relaci\u00f3n que mantiene con las familias en los diferentes tr\u00e1mites administrativos a lo largo de la escolarizaci\u00f3n: admisi\u00f3n,&#46;&#46;&#46;<\/p>\n","protected":false},"author":2758,"featured_media":548,"parent":0,"menu_order":0,"comment_status":"closed","ping_status":"closed","template":"","meta":{"ngg_post_thumbnail":0,"footnotes":""},"aioseo_notices":[],"_links":{"self":[{"href":"https:\/\/blogsaverroes.juntadeandalucia.es\/ceipservandocamunez\/wp-json\/wp\/v2\/pages\/267"}],"collection":[{"href":"https:\/\/blogsaverroes.juntadeandalucia.es\/ceipservandocamunez\/wp-json\/wp\/v2\/pages"}],"about":[{"href":"https:\/\/blogsaverroes.juntadeandalucia.es\/ceipservandocamunez\/wp-json\/wp\/v2\/types\/page"}],"author":[{"embeddable":true,"href":"https:\/\/blogsaverroes.juntadeandalucia.es\/ceipservandocamunez\/wp-json\/wp\/v2\/users\/2758"}],"replies":[{"embeddable":true,"href":"https:\/\/blogsaverroes.juntadeandalucia.es\/ceipservandocamunez\/wp-json\/wp\/v2\/comments?post=267"}],"version-history":[{"count":5,"href":"https:\/\/blogsaverroes.juntadeandalucia.es\/ceipservandocamunez\/wp-json\/wp\/v2\/pages\/267\/revisions"}],"predecessor-version":[{"id":568,"href":"https:\/\/blogsaverroes.juntadeandalucia.es\/ceipservandocamunez\/wp-json\/wp\/v2\/pages\/267\/revisions\/568"}],"wp:featuredmedia":[{"embeddable":true,"href":"https:\/\/blogsaverroes.juntadeandalucia.es\/ceipservandocamunez\/wp-json\/wp\/v2\/media\/548"}],"wp:attachment":[{"href":"https:\/\/blogsaverroes.juntadeandalucia.es\/ceipservandocamunez\/wp-json\/wp\/v2\/media?parent=267"}],"curies":[{"name":"wp","href":"https:\/\/api.w.org\/{rel}","templated":true}]}}