{"id":1053,"date":"2022-09-13T17:30:57","date_gmt":"2022-09-13T16:30:57","guid":{"rendered":"https:\/\/blogsaverroes.juntadeandalucia.es\/ceipsil\/?page_id=1053"},"modified":"2026-02-24T09:51:05","modified_gmt":"2026-02-24T08:51:05","slug":"equipo-directivo","status":"publish","type":"page","link":"https:\/\/blogsaverroes.juntadeandalucia.es\/ceipsil\/inicio-pagina-principal-c-e-i-p-san-isidro-labrador\/equipo-directivo\/","title":{"rendered":"Equipo directivo"},"content":{"rendered":"<p>[et_pb_section fb_built=&#8221;1&#8243; fullwidth=&#8221;on&#8221; _builder_version=&#8221;4.24.2&#8243; _module_preset=&#8221;default&#8221; custom_margin=&#8221;50px||||false|false&#8221; global_colors_info=&#8221;{}&#8221;][et_pb_fullwidth_header title=&#8221;Equipo Directivo&#8221; _builder_version=&#8221;4.24.2&#8243; _module_preset=&#8221;default&#8221; content_text_align=&#8221;left&#8221; background_color=&#8221;rgba(0,121,50,0.34)&#8221; background_image=&#8221;https:\/\/blogsaverroes.juntadeandalucia.es\/ceipsil\/files\/2023\/02\/Escudo-SIL-Transparente-1.png&#8221; background_size=&#8221;custom&#8221; background_image_width=&#8221;9%&#8221; background_image_height=&#8221;87%&#8221; background_position=&#8221;center_left&#8221; background_horizontal_offset=&#8221;11%&#8221; height=&#8221;219px&#8221; custom_margin=&#8221;-36px||||false|false&#8221; custom_padding=&#8221;15px|||328px|false|false&#8221; global_colors_info=&#8221;{}&#8221;]<\/p>\n<h2><span style=\"font-size: 16px\"><em>Direcci\u00f3n:&nbsp; &nbsp; &nbsp; &nbsp; &nbsp; &nbsp; &nbsp; &nbsp; &nbsp; &nbsp; &nbsp; &nbsp; <strong>Juan Ram\u00f3n Molina Aguilera<\/strong><\/em><\/span><\/h2>\n<h2><span style=\"font-size: 16px\"><em>Jefatura de estudios:&nbsp; &nbsp;<strong>Leticia Gonz\u00e1lez Santaliestra<\/strong><\/em><\/span><\/h2>\n<h2><span style=\"font-size: 16px\"><em>Secretar\u00eda:&nbsp; &nbsp; &nbsp; &nbsp; &nbsp; &nbsp; &nbsp; &nbsp; &nbsp; &nbsp; &nbsp; <strong>Jos\u00e9 Carlos Jim\u00e9nez Valenzuela<\/strong><\/em><\/span><\/h2>\n<p>[\/et_pb_fullwidth_header][\/et_pb_section][et_pb_section fb_built=&#8221;1&#8243; _builder_version=&#8221;4.24.2&#8243; _module_preset=&#8221;default&#8221; background_color=&#8221;RGBA(255,255,255,0)&#8221; transform_translate_linked=&#8221;off&#8221; width=&#8221;100%&#8221; max_width=&#8221;99%&#8221; module_alignment=&#8221;center&#8221; min_height=&#8221;100px&#8221; height=&#8221;477px&#8221; max_height=&#8221;1000px&#8221; custom_margin=&#8221;14px||0px||false|false&#8221; custom_padding=&#8221;0px||0px||false|false&#8221; border_radii=&#8221;on|10px|10px|10px|10px&#8221; border_color_all=&#8221;#007932&#8243; locked=&#8221;off&#8221; collapsed=&#8221;off&#8221; global_colors_info=&#8221;{}&#8221;][et_pb_row column_structure=&#8221;2_3,1_3&#8243; use_custom_gutter=&#8221;on&#8221; make_equal=&#8221;on&#8221; _builder_version=&#8221;4.24.2&#8243; background_color=&#8221;RGBA(255,255,255,0)&#8221; background_size=&#8221;initial&#8221; background_position=&#8221;top_left&#8221; background_repeat=&#8221;repeat&#8221; transform_translate=&#8221;0px|-8px&#8221; transform_translate_linked=&#8221;off&#8221; width=&#8221;99%&#8221; max_width=&#8221;2560px&#8221; module_alignment=&#8221;center&#8221; min_height=&#8221;100px&#8221; height=&#8221;469px&#8221; custom_margin=&#8221;8px||0px||false|false&#8221; custom_padding=&#8221;0px||0px||false|false&#8221; locked=&#8221;off&#8221; collapsed=&#8221;off&#8221; global_colors_info=&#8221;{}&#8221;][et_pb_column type=&#8221;2_3&#8243; _builder_version=&#8221;4.24.2&#8243; background_color=&#8221;RGBA(255,255,255,0)&#8221; custom_padding=&#8221;0px||||false|false&#8221; border_radii=&#8221;on|10px|10px|10px|10px&#8221; border_width_all=&#8221;1px&#8221; border_color_all=&#8221;#007932&#8243; global_colors_info=&#8221;{}&#8221; custom_padding__hover=&#8221;|||&#8221;][et_pb_heading title=&#8221;Horario del equipo directivo&#8221; _builder_version=&#8221;4.24.2&#8243; _module_preset=&#8221;default&#8221; title_level=&#8221;h2&#8243; title_text_align=&#8221;center&#8221; background_color=&#8221;RGBA(255,255,255,0)&#8221; width=&#8221;59%&#8221; module_alignment=&#8221;center&#8221; custom_margin=&#8221;3px||||false|false&#8221; global_colors_info=&#8221;{}&#8221;][\/et_pb_heading][et_pb_image src=&#8221;https:\/\/blogsaverroes.juntadeandalucia.es\/ceipsil\/files\/2025\/09\/HORARIO-EQUIPO-DIRECTIVO-25-26.jpg&#8221; alt=&#8221;Horario Equipo Directivo&#8221; title_text=&#8221;HORARIO EQUIPO DIRECTIVO 25-26&#8243; align=&#8221;center&#8221; _builder_version=&#8221;4.24.2&#8243; _module_preset=&#8221;default&#8221; background_color=&#8221;RGBA(255,255,255,0)&#8221; transform_scale=&#8221;86%|60%&#8221; transform_scale_linked=&#8221;off&#8221; module_alignment=&#8221;center&#8221; custom_margin=&#8221;-222px||||false|false&#8221; border_color_all=&#8221;RGBA(255,255,255,0)&#8221; global_colors_info=&#8221;{}&#8221;][\/et_pb_image][\/et_pb_column][et_pb_column type=&#8221;1_3&#8243; _builder_version=&#8221;4.24.2&#8243; background_color=&#8221;RGBA(255,255,255,0)&#8221; custom_padding=&#8221;229px||||false|false&#8221; border_radii=&#8221;on|10px|10px|10px|10px&#8221; border_width_all=&#8221;1px&#8221; border_color_all=&#8221;#007932&#8243; border_color_left=&#8221;#007932&#8243; global_colors_info=&#8221;{}&#8221; custom_padding__hover=&#8221;|||&#8221;][et_pb_text admin_label=&#8221;CONSEJO ESCOLAR&#8221; _builder_version=&#8221;4.24.2&#8243; _module_preset=&#8221;default&#8221; transform_translate_linked=&#8221;off&#8221; text_orientation=&#8221;center&#8221; max_width=&#8221;47%&#8221; module_alignment=&#8221;center&#8221; custom_margin=&#8221;-226px|0px||0px|false|false&#8221; custom_padding=&#8221;0px||||false|false&#8221; link_option_url_new_window=&#8221;on&#8221; global_colors_info=&#8221;{}&#8221;]<\/p>\n<h3 style=\"text-align: center\"><span style=\"font-size: 16px;color: #339966\"><em><strong>EL CONSEJO ESCOLAR<\/strong><\/em><\/span><\/h3>\n<p>[\/et_pb_text][et_pb_image src=&#8221;https:\/\/blogsaverroes.juntadeandalucia.es\/ceipsil\/files\/2023\/03\/meeting-people-clipart-md.png&#8221; alt=&#8221;El Consejo Escolar \u00f3rgano colegiado&#8221; title_text=&#8221;El consejo escolar&#8221; align=&#8221;center&#8221; disabled_on=&#8221;on|off|off&#8221; admin_label=&#8221;IMAGEN CONSEJO ESCOLAR&#8221; _builder_version=&#8221;4.24.2&#8243; _module_preset=&#8221;default&#8221; background_color=&#8221;RGBA(255,255,255,0)&#8221; transform_scale=&#8221;32%|32%&#8221; transform_translate_linked=&#8221;off&#8221; custom_margin=&#8221;-204px||||false|false&#8221; filter_opacity=&#8221;69%&#8221; global_colors_info=&#8221;{}&#8221;][\/et_pb_image][et_pb_text _builder_version=&#8221;4.24.2&#8243; _module_preset=&#8221;default&#8221; text_orientation=&#8221;justified&#8221; custom_margin=&#8221;-163px|19px||22px|false|false&#8221; global_colors_info=&#8221;{}&#8221;]<\/p>\n<p><span style=\"color: #339966\"><em><span style=\"font-size: 12px\">El Consejo escolar es un \u00f3rgano colegiado de Participaci\u00f3n de la comunidad educativa en el gobierno del centro. La Constituci\u00f3n Espa\u00f1ola, en su art\u00edculo 27, establece que &#8220;Los profesores, los padres y, en su caso, los alumnos intervendr\u00e1n en el control y gesti\u00f3n de todos los centros sostenidos por la Administraci\u00f3n con fondos p\u00fablicos&#8221;; este principio de participaci\u00f3n constituye el principal instrumento para que toda la comunidad educativa pueda implicarse directamente en la toma de decisiones del mismo.<\/span><\/em><\/span><\/p>\n<p>[\/et_pb_text][et_pb_text disabled_on=&#8221;off|off|off&#8221; admin_label=&#8221;Manual Consejo escolar&#8221; _builder_version=&#8221;4.24.2&#8243; _module_preset=&#8221;default&#8221; text_font=&#8221;|700|||||||&#8221; transform_translate_linked=&#8221;off&#8221; width=&#8221;100%&#8221; max_width=&#8221;48%&#8221; module_alignment=&#8221;center&#8221; custom_margin=&#8221;-34px|||0px|false|false&#8221; custom_padding=&#8221;|||61px|false|false&#8221; link_option_url=&#8221;https:\/\/blogsaverroes.juntadeandalucia.es\/ceipsil\/files\/2023\/03\/Manual-Consejero-Codapa.pdf&#8221; link_option_url_new_window=&#8221;on&#8221; global_colors_info=&#8221;{}&#8221;]<\/p>\n<p style=\"text-align: center\"><span style=\"color: #3366ff;font-size: 12px\"><em>Manual del Consejo Escolar<\/em><\/span><\/p>\n<p>[\/et_pb_text][\/et_pb_column][\/et_pb_row][\/et_pb_section][et_pb_section fb_built=&#8221;1&#8243; _builder_version=&#8221;4.24.2&#8243; _module_preset=&#8221;default&#8221; background_color=&#8221;RGBA(255,255,255,0)&#8221; transform_translate_linked=&#8221;off&#8221; width=&#8221;98%&#8221; max_width=&#8221;100%&#8221; module_alignment=&#8221;center&#8221; min_height=&#8221;100px&#8221; height=&#8221;469px&#8221; custom_margin=&#8221;4px||0px||false|false&#8221; custom_padding=&#8221;0px||||false|false&#8221; border_color_all=&#8221;#007932&#8243; global_colors_info=&#8221;{}&#8221;][et_pb_row column_structure=&#8221;1_2,1_2&#8243; use_custom_gutter=&#8221;on&#8221; make_equal=&#8221;on&#8221; _builder_version=&#8221;4.24.2&#8243; _module_preset=&#8221;default&#8221; background_color=&#8221;RGBA(255,255,255,0)&#8221; width=&#8221;100%&#8221; max_width=&#8221;2560px&#8221; module_alignment=&#8221;center&#8221; min_height=&#8221;100px&#8221; height=&#8221;389px&#8221; max_height=&#8221;1000px&#8221; custom_margin=&#8221;5px|0px||0px|false|false&#8221; custom_padding=&#8221;0px|0px|0px|32px|false|false&#8221; border_radii=&#8221;on|10px|10px|10px|10px&#8221; border_width_all=&#8221;1px&#8221; border_color_all=&#8221;#007932&#8243; locked=&#8221;off&#8221; global_colors_info=&#8221;{}&#8221;][et_pb_column type=&#8221;1_2&#8243; _builder_version=&#8221;4.16&#8243; _module_preset=&#8221;default&#8221; background_color=&#8221;RGBA(255,255,255,0)&#8221; transform_translate_linked=&#8221;off&#8221; custom_padding=&#8221;100px|0px|0px|0px|false|false&#8221; border_color_all=&#8221;#7CDA24&#8243; global_colors_info=&#8221;{}&#8221;][et_pb_text _builder_version=&#8221;4.24.2&#8243; _module_preset=&#8221;default&#8221; transform_translate_linked=&#8221;off&#8221; width=&#8221;76%&#8221; max_width=&#8221;100%&#8221; module_alignment=&#8221;left&#8221; custom_margin=&#8221;-90px|||0px|false|false&#8221; locked=&#8221;off&#8221; global_colors_info=&#8221;{}&#8221;]<\/p>\n<h6 style=\"text-align: left\"><em>Para solicitar una cita p\u00f3ngase en contacto con nosotros&nbsp; &nbsp; Tel\u00e9fono&nbsp; 958 338 589<\/em><\/h6>\n<p>[\/et_pb_text][et_pb_text _builder_version=&#8221;4.24.2&#8243; _module_preset=&#8221;default&#8221; transform_translate_linked=&#8221;off&#8221; width=&#8221;36%&#8221; max_width=&#8221;57%&#8221; custom_margin=&#8221;-48px|||-4px|false|false&#8221; global_colors_info=&#8221;{}&#8221;]<\/p>\n<h6 style=\"text-align: center\"><em>o a trav\u00e9s de nuestro correo electr\u00f3nico<\/em><\/h6>\n<p>[\/et_pb_text][et_pb_contact_form email=&#8221;18009471.edu@juntadeandalucia.es&#8221; _builder_version=&#8221;4.24.2&#8243; _module_preset=&#8221;default&#8221; _unique_id=&#8221;e54e1dcb-9895-40c6-90e6-c8a1b73dca1d&#8221; form_field_background_color=&#8221;rgba(0,121,50,0.2)&#8221; form_field_text_color=&#8221;#005925&#8243; form_field_font_size=&#8221;12px&#8221; background_color=&#8221;RGBA(255,255,255,0)&#8221; transform_scale=&#8221;115%|93%&#8221; transform_scale_linked=&#8221;off&#8221; transform_translate_linked=&#8221;off&#8221; width=&#8221;72%&#8221; min_height=&#8221;100px&#8221; height=&#8221;353px&#8221; custom_margin=&#8221;-57px|||45px|false|false&#8221; global_colors_info=&#8221;{}&#8221;][et_pb_contact_field field_id=&#8221;Name&#8221; field_title=&#8221;Nombre&#8221; _builder_version=&#8221;4.16&#8243; global_colors_info=&#8221;{}&#8221; button_text_size__hover_enabled=&#8221;off&#8221; button_one_text_size__hover_enabled=&#8221;off&#8221; button_two_text_size__hover_enabled=&#8221;off&#8221; button_text_color__hover_enabled=&#8221;off&#8221; button_one_text_color__hover_enabled=&#8221;off&#8221; button_two_text_color__hover_enabled=&#8221;off&#8221; button_border_width__hover_enabled=&#8221;off&#8221; button_one_border_width__hover_enabled=&#8221;off&#8221; button_two_border_width__hover_enabled=&#8221;off&#8221; button_border_color__hover_enabled=&#8221;off&#8221; button_one_border_color__hover_enabled=&#8221;off&#8221; button_two_border_color__hover_enabled=&#8221;off&#8221; button_border_radius__hover_enabled=&#8221;off&#8221; button_one_border_radius__hover_enabled=&#8221;off&#8221; button_two_border_radius__hover_enabled=&#8221;off&#8221; button_letter_spacing__hover_enabled=&#8221;off&#8221; button_one_letter_spacing__hover_enabled=&#8221;off&#8221; button_two_letter_spacing__hover_enabled=&#8221;off&#8221; button_bg_color__hover_enabled=&#8221;off&#8221; button_one_bg_color__hover_enabled=&#8221;off&#8221; button_two_bg_color__hover_enabled=&#8221;off&#8221;][\/et_pb_contact_field][et_pb_contact_field field_id=&#8221;Email&#8221; field_title=&#8221;Direcci\u00f3n de correo electr\u00f3nico&#8221; field_type=&#8221;email&#8221; _builder_version=&#8221;4.16&#8243; global_colors_info=&#8221;{}&#8221; button_text_size__hover_enabled=&#8221;off&#8221; button_one_text_size__hover_enabled=&#8221;off&#8221; button_two_text_size__hover_enabled=&#8221;off&#8221; button_text_color__hover_enabled=&#8221;off&#8221; button_one_text_color__hover_enabled=&#8221;off&#8221; button_two_text_color__hover_enabled=&#8221;off&#8221; button_border_width__hover_enabled=&#8221;off&#8221; button_one_border_width__hover_enabled=&#8221;off&#8221; button_two_border_width__hover_enabled=&#8221;off&#8221; button_border_color__hover_enabled=&#8221;off&#8221; button_one_border_color__hover_enabled=&#8221;off&#8221; button_two_border_color__hover_enabled=&#8221;off&#8221; button_border_radius__hover_enabled=&#8221;off&#8221; button_one_border_radius__hover_enabled=&#8221;off&#8221; button_two_border_radius__hover_enabled=&#8221;off&#8221; button_letter_spacing__hover_enabled=&#8221;off&#8221; button_one_letter_spacing__hover_enabled=&#8221;off&#8221; button_two_letter_spacing__hover_enabled=&#8221;off&#8221; button_bg_color__hover_enabled=&#8221;off&#8221; button_one_bg_color__hover_enabled=&#8221;off&#8221; button_two_bg_color__hover_enabled=&#8221;off&#8221;][\/et_pb_contact_field][et_pb_contact_field field_id=&#8221;Message&#8221; field_title=&#8221;Mensaje&#8221; field_type=&#8221;text&#8221; fullwidth_field=&#8221;on&#8221; _builder_version=&#8221;4.16&#8243; global_colors_info=&#8221;{}&#8221; button_text_size__hover_enabled=&#8221;off&#8221; button_one_text_size__hover_enabled=&#8221;off&#8221; button_two_text_size__hover_enabled=&#8221;off&#8221; button_text_color__hover_enabled=&#8221;off&#8221; button_one_text_color__hover_enabled=&#8221;off&#8221; button_two_text_color__hover_enabled=&#8221;off&#8221; button_border_width__hover_enabled=&#8221;off&#8221; button_one_border_width__hover_enabled=&#8221;off&#8221; button_two_border_width__hover_enabled=&#8221;off&#8221; button_border_color__hover_enabled=&#8221;off&#8221; button_one_border_color__hover_enabled=&#8221;off&#8221; button_two_border_color__hover_enabled=&#8221;off&#8221; button_border_radius__hover_enabled=&#8221;off&#8221; button_one_border_radius__hover_enabled=&#8221;off&#8221; button_two_border_radius__hover_enabled=&#8221;off&#8221; button_letter_spacing__hover_enabled=&#8221;off&#8221; button_one_letter_spacing__hover_enabled=&#8221;off&#8221; button_two_letter_spacing__hover_enabled=&#8221;off&#8221; button_bg_color__hover_enabled=&#8221;off&#8221; button_one_bg_color__hover_enabled=&#8221;off&#8221; button_two_bg_color__hover_enabled=&#8221;off&#8221;][\/et_pb_contact_field][\/et_pb_contact_form][et_pb_text _builder_version=&#8221;4.24.2&#8243; _module_preset=&#8221;default&#8221; header_text_align=&#8221;right&#8221; transform_translate=&#8221;300px|-27px&#8221; transform_translate_linked=&#8221;off&#8221; width=&#8221;100%&#8221; max_width=&#8221;40%&#8221; custom_margin=&#8221;-83px|0px|||false|false&#8221; global_colors_info=&#8221;{}&#8221;]<\/p>\n<h6 style=\"text-align: center\"><em>En breve nos pondremos en contacto.<\/em><\/h6>\n<p>[\/et_pb_text][\/et_pb_column][et_pb_column type=&#8221;1_2&#8243; _builder_version=&#8221;4.16&#8243; _module_preset=&#8221;default&#8221; background_color=&#8221;RGBA(255,255,255,0)&#8221; transform_translate_linked=&#8221;off&#8221; custom_padding=&#8221;100px|0px|0px|0px|false|false&#8221; border_color_all=&#8221;#7CDA24&#8243; global_colors_info=&#8221;{}&#8221;][et_pb_image src=&#8221;https:\/\/blogsaverroes.juntadeandalucia.es\/ceipsil\/files\/2024\/05\/San-Isidro-Huetor-Tajar-excelencia_1436866684_116896395_667x375.jpg&#8221; alt=&#8221;Premios Excelencia Educativa 2020&#8243; title_text=&#8221;CEIP San-Isidro Labrador-Huetor-Tajar-excelencia&#8221; url=&#8221;https:\/\/www.granadahoy.com\/provincia\/San-Isidro-Huetor-Tajar-excelencia_0_1436856555.html&#8221; url_new_window=&#8221;on&#8221; align=&#8221;center&#8221; _builder_version=&#8221;4.24.2&#8243; _module_preset=&#8221;default&#8221; background_color=&#8221;RGBA(255,255,255,0)&#8221; transform_scale=&#8221;71%|71%&#8221; width=&#8221;78%&#8221; custom_margin=&#8221;-127px||||false|false&#8221; border_radii=&#8221;on|20px|20px|20px|20px&#8221; global_colors_info=&#8221;{}&#8221;][\/et_pb_image][et_pb_text _builder_version=&#8221;4.24.2&#8243; _module_preset=&#8221;default&#8221; transform_translate_linked=&#8221;off&#8221; width=&#8221;86%&#8221; module_alignment=&#8221;center&#8221; custom_margin=&#8221;-92px||||false|false&#8221; link_option_url=&#8221;https:\/\/www.granadahoy.com\/provincia\/San-Isidro-Huetor-Tajar-excelencia_0_1436856555.html&#8221; link_option_url_new_window=&#8221;on&#8221; global_colors_info=&#8221;{}&#8221;]<\/p>\n<h3 class=\"pg-bkn-headline\"><span style=\"font-size: 13px\">Los maestros del San Isidro de la localidad granadina de Hu\u00e9tor T\u00e1jar, premiados por su excelencia<\/span><\/h3>\n<p>[\/et_pb_text][\/et_pb_column][\/et_pb_row][\/et_pb_section]<\/p>\n","protected":false},"excerpt":{"rendered":"<p>Direcci\u00f3n:&nbsp; &nbsp; &nbsp; &nbsp; &nbsp; &nbsp; &nbsp; &nbsp; &nbsp; &nbsp; &nbsp; &nbsp; Juan Ram\u00f3n Molina Aguilera Jefatura de estudios:&nbsp; &nbsp;Leticia Gonz\u00e1lez Santaliestra Secretar\u00eda:&nbsp; &nbsp; &nbsp; &nbsp; &nbsp; &nbsp; &nbsp; &nbsp; &nbsp; &nbsp; &nbsp; Jos\u00e9 Carlos Jim\u00e9nez ValenzuelaEL CONSEJO ESCOLAREl Consejo escolar es un \u00f3rgano colegiado de Participaci\u00f3n de la comunidad educativa en el gobierno del [&hellip;]<\/p>\n","protected":false},"author":15386,"featured_media":0,"parent":15,"menu_order":2,"comment_status":"closed","ping_status":"closed","template":"","meta":{"_et_pb_use_builder":"on","_et_pb_old_content":"<p><img class=\"alignnone size-medium wp-image-1061\" src=\"https:\/\/blogsaverroes.juntadeandalucia.es\/ceipsil\/files\/2022\/09\/Captura-de-Pantalla-2022-09-13-a-las-18.39.26-298x300.png\" alt=\"\" width=\"298\" height=\"300\"><\/p><p><strong>Direcci\u00f3n:<\/strong> Juan Ram\u00f3n Molina Aguilera<\/p><p><strong>Jefatura de estudios:<\/strong> Leticia Gonz\u00e1lez Santaliestra<\/p><p><strong>Secretar\u00eda:<\/strong> Jos\u00e9 Carlos Jim\u00e9nez Valenzuela<\/p>","_et_gb_content_width":"","_exactmetrics_skip_tracking":false,"_exactmetrics_sitenote_active":false,"_exactmetrics_sitenote_note":"","_exactmetrics_sitenote_category":0,"footnotes":""},"aioseo_notices":[],"post_mailing_queue_ids":[],"_links":{"self":[{"href":"https:\/\/blogsaverroes.juntadeandalucia.es\/ceipsil\/wp-json\/wp\/v2\/pages\/1053"}],"collection":[{"href":"https:\/\/blogsaverroes.juntadeandalucia.es\/ceipsil\/wp-json\/wp\/v2\/pages"}],"about":[{"href":"https:\/\/blogsaverroes.juntadeandalucia.es\/ceipsil\/wp-json\/wp\/v2\/types\/page"}],"author":[{"embeddable":true,"href":"https:\/\/blogsaverroes.juntadeandalucia.es\/ceipsil\/wp-json\/wp\/v2\/users\/15386"}],"replies":[{"embeddable":true,"href":"https:\/\/blogsaverroes.juntadeandalucia.es\/ceipsil\/wp-json\/wp\/v2\/comments?post=1053"}],"version-history":[{"count":251,"href":"https:\/\/blogsaverroes.juntadeandalucia.es\/ceipsil\/wp-json\/wp\/v2\/pages\/1053\/revisions"}],"predecessor-version":[{"id":12617,"href":"https:\/\/blogsaverroes.juntadeandalucia.es\/ceipsil\/wp-json\/wp\/v2\/pages\/1053\/revisions\/12617"}],"up":[{"embeddable":true,"href":"https:\/\/blogsaverroes.juntadeandalucia.es\/ceipsil\/wp-json\/wp\/v2\/pages\/15"}],"wp:attachment":[{"href":"https:\/\/blogsaverroes.juntadeandalucia.es\/ceipsil\/wp-json\/wp\/v2\/media?parent=1053"}],"curies":[{"name":"wp","href":"https:\/\/api.w.org\/{rel}","templated":true}]}}