{"id":15,"date":"2020-01-09T10:56:20","date_gmt":"2020-01-09T09:56:20","guid":{"rendered":"http:\/\/blogsaverroes.juntadeandalucia.es\/pre\/nuevoceipv2\/?page_id=15"},"modified":"2026-04-23T12:58:17","modified_gmt":"2026-04-23T11:58:17","slug":"inicio-pagina-principal-c-e-i-p-san-isidro-labrador","status":"publish","type":"page","link":"https:\/\/blogsaverroes.juntadeandalucia.es\/ceipsil\/","title":{"rendered":"C.E.I.P. San Isidro Labrador"},"content":{"rendered":"<p>[et_pb_section fb_built=&#8221;1&#8243; fullwidth=&#8221;on&#8221; _builder_version=&#8221;4.24.2&#8243; _module_preset=&#8221;default&#8221; custom_margin=&#8221;50px||||false|false&#8221; global_colors_info=&#8221;{}&#8221;][et_pb_fullwidth_header title=&#8221;Nuestro colegio&#8221; _builder_version=&#8221;4.24.2&#8243; _module_preset=&#8221;default&#8221; content_text_align=&#8221;left&#8221; subhead_text_align=&#8221;justify&#8221; subhead_text_color=&#8221;#FFFFFF&#8221; subhead_font_size=&#8221;15px&#8221; background_color=&#8221;rgba(0,121,50,0.34)&#8221; background_image=&#8221;https:\/\/blogsaverroes.juntadeandalucia.es\/ceipsil\/files\/2023\/02\/Escudo-SIL-Transparente-1.png&#8221; background_size=&#8221;custom&#8221; background_image_width=&#8221;9%&#8221; background_image_height=&#8221;87%&#8221; background_position=&#8221;center_left&#8221; background_horizontal_offset=&#8221;11%&#8221; height=&#8221;220px&#8221; custom_margin=&#8221;-38px||||false|false&#8221; custom_padding=&#8221;15px|||328px|false|false&#8221; global_colors_info=&#8221;{}&#8221;]<\/p>\n<p><span style=\"font-size: 13px;color: #ffffff\"><em>Situado en la zona del Poniente Granadino, el colegio sirve a la comunidad local de Hu\u00e9tor T\u00e1jar.<\/em><\/span><\/p>\n<p><span style=\"font-size: 13px;color: #ffffff\"><em>El CEIP San Isidro Labrador en Hu\u00e9tor T\u00e1jar, Granada, es un centro educativo p\u00fablico consolidado en la localidad que imparte el segundo ciclo de Educaci\u00f3n Infantil y Educaci\u00f3n Primaria.<\/em><\/span><\/p>\n<p><span style=\"font-size: 13px;color: #ffffff\"><em>Su trayectoria est\u00e1 marcada por su integraci\u00f3n, su constante modernizaci\u00f3n y dinamismo pedag\u00f3gico.<\/em><\/span><\/p>\n<p><span style=\"font-size: 13px;color: #ffffff\"><em>Destaca por utilizar metodolog\u00edas activas y un plan de formaci\u00f3n continua del profesorado para mejorar los resultados escolares.<\/em><\/span><\/p>\n<p>[\/et_pb_fullwidth_header][\/et_pb_section][et_pb_section fb_built=&#8221;1&#8243; disabled_on=&#8221;off|off|off&#8221; admin_label=&#8221;Secci\u00f3n3 CENTRAL PC&#8221; _builder_version=&#8221;4.24.2&#8243; _module_preset=&#8221;default&#8221; background_color=&#8221;RGBA(255,255,255,0)&#8221; background_size=&#8221;contain&#8221; transform_translate_linked=&#8221;off&#8221; max_width=&#8221;100%&#8221; module_alignment=&#8221;center&#8221; min_height=&#8221;1000px&#8221; height=&#8221;1200px&#8221; overflow-x=&#8221;visible&#8221; overflow-y=&#8221;visible&#8221; custom_margin=&#8221;5px||||false|false&#8221; custom_padding=&#8221;28px||0px||false|false&#8221; border_radii=&#8221;on|10px|10px|10px|10px&#8221; border_width_all=&#8221;1px&#8221; border_color_all=&#8221;RGBA(255,255,255,0)&#8221; locked=&#8221;off&#8221; collapsed=&#8221;off&#8221; global_colors_info=&#8221;{}&#8221;][et_pb_row column_structure=&#8221;1_3,1_3,1_3&#8243; make_equal=&#8221;on&#8221; disabled_on=&#8221;off|off|off&#8221; admin_label=&#8221;Fila Entradas&#8221; _builder_version=&#8221;4.24.2&#8243; _module_preset=&#8221;default&#8221; background_color=&#8221;RGBA(255,255,255,0)&#8221; transform_translate_linked=&#8221;off&#8221; width=&#8221;100%&#8221; max_width=&#8221;1809px&#8221; module_alignment=&#8221;center&#8221; min_height=&#8221;1000px&#8221; height=&#8221;1000px&#8221; max_height=&#8221;1000px&#8221; custom_margin=&#8221;0px|0px|0px|0px|false|false&#8221; custom_padding=&#8221;0px||0px||false|false&#8221; mix_blend_mode=&#8221;overlay&#8221; border_color_all=&#8221;#007932&#8243; locked=&#8221;off&#8221; collapsed=&#8221;off&#8221; global_colors_info=&#8221;{}&#8221;][et_pb_column type=&#8221;1_3&#8243; admin_label=&#8221;Columna izda&#8221; disabled_on=&#8221;off|off|off&#8221; _builder_version=&#8221;4.24.2&#8243; _module_preset=&#8221;default&#8221; background_color=&#8221;RGBA(255,255,255,0)&#8221; background_image=&#8221;https:\/\/blogsaverroes.juntadeandalucia.es\/ceipsil\/files\/2025\/12\/menu.png&#8221; background_size=&#8221;custom&#8221; background_image_width=&#8221;66%&#8221; background_image_height=&#8221;20%&#8221; background_position=&#8221;top_center&#8221; background_vertical_offset=&#8221;4%&#8221; transform_translate_linked=&#8221;off&#8221; custom_padding=&#8221;53px|0px|0px|0px|false|false&#8221; border_radii=&#8221;on|10px|10px|10px|10px&#8221; border_width_all=&#8221;1px&#8221; border_color_all=&#8221;#007932&#8243; border_width_right=&#8221;1px&#8221; global_colors_info=&#8221;{}&#8221;][et_pb_text admin_label=&#8221;Texto Comedor&#8221; _builder_version=&#8221;4.24.2&#8243; _module_preset=&#8221;default&#8221; text_line_height=&#8221;1.4em&#8221; transform_translate=&#8221;0px|-38px&#8221; transform_translate_linked=&#8221;off&#8221; text_orientation=&#8221;center&#8221; width=&#8221;24%&#8221; max_width=&#8221;25%&#8221; module_alignment=&#8221;center&#8221; custom_margin=&#8221;-15px||0px|0px|false|false&#8221; custom_padding=&#8221;||0px|0px|false|false&#8221; link_option_url=&#8221;https:\/\/blogsaverroes.juntadeandalucia.es\/ceipsil\/inicio-pagina-principal-c-e-i-p-san-isidro-labrador\/comedor-escolar\/&#8221; locked=&#8221;off&#8221; global_colors_info=&#8221;{}&#8221;]<\/p>\n<h2 style=\"text-align: center\"><span style=\"color: #808080;font-size: 18px\"><em><span style=\"text-decoration: underline\">Comedor<\/span><\/em><\/span><\/h2>\n<p>[\/et_pb_text][et_pb_text admin_label=&#8221;MENU ENERO&#8221; _builder_version=&#8221;4.24.2&#8243; _module_preset=&#8221;default&#8221; transform_translate=&#8221;45px|0px&#8221; transform_translate_linked=&#8221;off&#8221; max_width=&#8221;20%&#8221; module_alignment=&#8221;center&#8221; custom_margin=&#8221;39px||||false|false&#8221; link_option_url=&#8221;https:\/\/blogsaverroes.juntadeandalucia.es\/ceipsil\/files\/2026\/02\/MENU-MARZO-2026.pdf&#8221; link_option_url_new_window=&#8221;on&#8221; locked=&#8221;off&#8221; global_colors_info=&#8221;{}&#8221;]<\/p>\n<h3 style=\"text-align: center\"><em><span style=\"font-size: 12px\">MARZO<\/span><\/em><\/h3>\n<p>[\/et_pb_text][et_pb_text disabled_on=&#8221;off|off|off&#8221; admin_label=&#8221;Men\u00fa DICIEMBRE&#8221; _builder_version=&#8221;4.24.2&#8243; _module_preset=&#8221;default&#8221; transform_translate=&#8221;45px|0px&#8221; transform_translate_linked=&#8221;off&#8221; max_width=&#8221;20%&#8221; module_alignment=&#8221;center&#8221; custom_margin=&#8221;-48px||||false|false&#8221; link_option_url=&#8221;https:\/\/blogsaverroes.juntadeandalucia.es\/ceipsil\/files\/2026\/04\/MENU-ABRIL-LINEA-CALIENTE-2026.pdf&#8221; link_option_url_new_window=&#8221;on&#8221; locked=&#8221;off&#8221; global_colors_info=&#8221;{}&#8221;]<\/p>\n<h4 style=\"text-align: center\"><span style=\"font-size: 12px\">ABRIL<\/span><\/h4>\n<p>[\/et_pb_text][et_pb_image src=&#8221;https:\/\/blogsaverroes.juntadeandalucia.es\/ceipsil\/files\/2025\/03\/WhatsApp-Image-2025-03-26-at-13.36.54.jpeg&#8221; alt=&#8221;El grupo de teatro de padres y madres del C.E.I.P. San Isidro Labrador ha representado este a\u00f1o la obra ben\u00e9fica %22G\u00dcETOR STORY%22 en la Casa de la Cultura.&#8221; url=&#8221;https:\/\/blogsaverroes.juntadeandalucia.es\/ceipsil\/inicio-pagina-principal-c-e-i-p-san-isidro-labrador\/ampa-tayarat\/&#8221; show_bottom_space=&#8221;off&#8221; _builder_version=&#8221;4.24.2&#8243; _module_preset=&#8221;default&#8221; transform_scale=&#8221;78%|78%&#8221; custom_margin=&#8221;93px||||false|false&#8221; border_radii=&#8221;on|20px|20px|20px|20px&#8221; global_colors_info=&#8221;{}&#8221;][\/et_pb_image][et_pb_text _builder_version=&#8221;4.24.2&#8243; _module_preset=&#8221;default&#8221; text_font_size=&#8221;15px&#8221; transform_scale=&#8221;93%|93%&#8221; width=&#8221;65%&#8221; max_width=&#8221;97%&#8221; module_alignment=&#8221;center&#8221; custom_margin=&#8221;-340px|0px||0px|false|false&#8221; custom_padding=&#8221;|||18px|false|false&#8221; link_option_url=&#8221;https:\/\/www.facebook.com\/100057105263569\/videos\/641224655282118&#8243; link_option_url_new_window=&#8221;on&#8221; border_color_all=&#8221;#007932&#8243; global_colors_info=&#8221;{}&#8221;]<\/p>\n<p><span style=\"color: #ffffff;font-size: 14px\"><em><strong>El grupo de teatro de padres y madres del C.E.I.P. San Isidro Labrador<\/strong><\/em> <em>ha representado este a\u00f1o la obra ben\u00e9fica &#8220;<strong>G\u00dcETOR\u00a0STORY<\/strong>&#8221; en la Casa de la Cultura.<\/em><\/span><\/p>\n<p>[\/et_pb_text][et_pb_image src=&#8221;https:\/\/blogsaverroes.juntadeandalucia.es\/ceipsil\/files\/2024\/03\/DIA-DE-LA-MUJER.png&#8221; alt=&#8221;Nuestro alumnado en Canal Sur&#8221; title_text=&#8221;DIA DE LA MUJER 8 de marzo 2024&#8243; url=&#8221;https:\/\/www.canalsurmas.es\/videos\/detail\/127658-d%C3%ADa-internacional-de-la-mujer-en-canal-sur&#8221; url_new_window=&#8221;on&#8221; show_bottom_space=&#8221;off&#8221; align=&#8221;center&#8221; force_fullwidth=&#8221;on&#8221; disabled_on=&#8221;off|off|off&#8221; _builder_version=&#8221;4.24.2&#8243; _module_preset=&#8221;default&#8221; background_color=&#8221;RGBA(255,255,255,0)&#8221; transform_scale=&#8221;80%|80%&#8221; transform_translate_linked=&#8221;off&#8221; module_alignment=&#8221;center&#8221; custom_margin=&#8221;225px||||false|false&#8221; border_radii=&#8221;on|20px|20px|20px|20px&#8221; global_colors_info=&#8221;{}&#8221;][\/et_pb_image][et_pb_text _builder_version=&#8221;4.24.2&#8243; _module_preset=&#8221;default&#8221; text_orientation=&#8221;center&#8221; max_width=&#8221;71%&#8221; module_alignment=&#8221;center&#8221; custom_margin=&#8221;-271px||||false|false&#8221; link_option_url=&#8221;https:\/\/www.canalsurmas.es\/videos\/detail\/127658-d%C3%ADa-internacional-de-la-mujer-en-canal-sur&#8221; link_option_url_new_window=&#8221;on&#8221; border_radii=&#8221;on|20px|20px|20px|20px&#8221; border_color_all=&#8221;#007932&#8243; global_colors_info=&#8221;{}&#8221;]<\/p>\n<h3 style=\"text-align: center\"><span style=\"font-size: 14px\"><em><span style=\"color: #ffffff\">8 de marzo 2024\u00a0<\/span> <span style=\"color: #cc99ff\">D\u00eda de la mujer<\/span><\/em><\/span><\/h3>\n<h5 style=\"text-align: center\"><span style=\"font-size: 14px;color: #ffffff\"><em>Nuestro alumnado en Canal Sur<\/em><\/span><\/h5>\n<p>[\/et_pb_text][\/et_pb_column][et_pb_column type=&#8221;1_3&#8243; admin_label=&#8221;Columna Central&#8221; disabled_on=&#8221;on|off|off&#8221; _builder_version=&#8221;4.24.2&#8243; _module_preset=&#8221;default&#8221; background_color=&#8221;RGBA(255,255,255,0)&#8221; custom_padding=&#8221;22px|0px||0px|false|false&#8221; global_colors_info=&#8221;{}&#8221;][et_pb_text _builder_version=&#8221;4.24.2&#8243; _module_preset=&#8221;default&#8221; text_line_height=&#8221;1.1em&#8221; background_color=&#8221;rgba(0,121,50,0.1)&#8221; background_enable_image=&#8221;off&#8221; background_size=&#8221;initial&#8221; module_alignment=&#8221;center&#8221; custom_margin=&#8221;-8px||||false|false&#8221; custom_padding=&#8221;20px|12px||12px|false|false&#8221; link_option_url=&#8221;https:\/\/blogsaverroes.juntadeandalucia.es\/ceipsil\/files\/2026\/04\/NOTA-INFORMATIVA_-Servicio-de-Comedor-Mes-de-Abril.pdf&#8221; link_option_url_new_window=&#8221;on&#8221; hover_enabled=&#8221;0&#8243; border_radii=&#8221;on|10px|10px|10px|10px&#8221; border_width_all=&#8221;1px&#8221; border_color_all=&#8221;#007932&#8243; locked=&#8221;off&#8221; global_colors_info=&#8221;{}&#8221; sticky_enabled=&#8221;0&#8243;]<\/p>\n<h3 style=\"text-align: center\"><em><span style=\"font-size: 15px\">NOTA INFORMATIVA: Servicio de Comedor &#8211; Mes de Abril<\/span><\/em><\/h3>\n<h3><span style=\"font-size: 12px;color: #008000\"><em>Estimadas familias del CEIP San Isidro Labrador:<\/em><\/span><\/h3>\n<p><span style=\"font-size: 12px\"><em><span style=\"color: #008000\"><span style=\"font-weight: 400\">Nos dirigimos a ustedes para informarles de que, desde el lunes 13 abril hasta el 4 de mayo, el servicio de comedor escolar de nuestro centro ser\u00e1 gestionado por la empresa de catering <\/span>Ibagar<span style=\"font-weight: 400\">.<\/span><\/span><\/em><\/span><\/p>\n<p><span style=\"font-size: 12px;color: #008000\"><em><span style=\"font-weight: 400\">Con el objetivo de mantenerles plenamente informados, les comunicamos los siguientes puntos:<\/span><\/em><\/span><\/p>\n<ul>\n<li style=\"font-weight: 400\"><span style=\"font-size: 12px;color: #008000\"><em><b>Men\u00fas mensuales:<\/b><span style=\"font-weight: 400\"> Adjuntamos a esta nota el cuadrante detallado con los men\u00fas correspondientes a este periodo.<\/span><\/em><\/span><\/li>\n<li style=\"font-weight: 400\"><span style=\"font-size: 12px;color: #008000\"><em><b>Dietas especiales:<\/b><span style=\"font-weight: 400\"> Queremos asegurarles que todos los usuarios que precisen un men\u00fa adaptado por <\/span>intolerancias o alergias alimentarias<span style=\"font-weight: 400\"> est\u00e1n debidamente registrados y ser\u00e1n atendidos con total seguridad y rigor nutricional.<\/span><\/em><\/span><\/li>\n<\/ul>\n<p><span style=\"font-size: 12px;color: #008000\"><em>Desde la Direcci\u00f3n, les rogamos disculpen las molestias que esta reorganizaci\u00f3n pueda causarles. Agradecemos enormemente su confianza y esperamos que muy pronto recuperemos la normalidad habitual en el servicio.<\/em><\/span><\/p>\n<p><span style=\"font-size: 12px;color: #008000\"><em><span style=\"font-weight: 400\">Quedamos a su entera disposici\u00f3n para cualquier duda o aclaraci\u00f3n.<\/span><\/em><\/span><\/p>\n<p><span style=\"font-size: 12px;color: #008000\"><em><span style=\"font-weight: 400\">Atentamente,<\/span><\/em><\/span><\/p>\n<p><span style=\"font-size: 12px;color: #008000\"><em>La Direcci\u00f3n CEIP SAN ISIDRO LABRADOR<\/em><\/span><\/p>\n<p>[\/et_pb_text][et_pb_text disabled_on=&#8221;off|off|off&#8221; admin_label=&#8221;inicio curso 25-26&#8243; _builder_version=&#8221;4.24.2&#8243; _module_preset=&#8221;default&#8221; transform_translate_linked=&#8221;off&#8221; z_index=&#8221;15&#8243; text_orientation=&#8221;center&#8221; max_width=&#8221;76%&#8221; module_alignment=&#8221;center&#8221; custom_margin=&#8221;0px||||false|false&#8221; custom_padding=&#8221;|0px||0px|false|false&#8221; border_radii=&#8221;on|20px|20px|20px|20px&#8221; border_color_all=&#8221;#007932&#8243; locked=&#8221;off&#8221; global_colors_info=&#8221;{}&#8221;]<\/p>\n<h2 style=\"text-align: center\"><span style=\"color: #008000\"><em>Comienza el curso 2025\/2026<\/em><\/span><\/h2>\n<h5 style=\"text-align: center\"><span style=\"color: #008000\"><em>\u00a1 M\u00e1s SILvestres que nunca !<\/em><\/span><\/h5>\n<p>[\/et_pb_text][et_pb_video src=&#8221;https:\/\/blogsaverroes.juntadeandalucia.es\/ceipsil\/files\/2025\/09\/INICIO-CURSO-25_26-1.mp4&#8243; disabled_on=&#8221;off|off|off&#8221; admin_label=&#8221;V\u00eddeo inicio curso&#8221; _builder_version=&#8221;4.24.2&#8243; _module_preset=&#8221;default&#8221; transform_scale=&#8221;111%|111%&#8221; transform_translate_linked=&#8221;off&#8221; module_alignment=&#8221;right&#8221; custom_margin=&#8221;49px||||false|false&#8221; border_radii=&#8221;on|10px|10px|10px|10px&#8221; locked=&#8221;off&#8221; global_colors_info=&#8221;{}&#8221;][\/et_pb_video][\/et_pb_column][et_pb_column type=&#8221;1_3&#8243; admin_label=&#8221;Columna Central&#8221; disabled_on=&#8221;on|off|off&#8221; _builder_version=&#8221;4.24.2&#8243; _module_preset=&#8221;default&#8221; background_color=&#8221;RGBA(255,255,255,0)&#8221; custom_padding=&#8221;22px|0px|0px|0px|false|false&#8221; border_radii=&#8221;on|10px|10px|10px|10px&#8221; border_width_all=&#8221;1px&#8221; border_color_all=&#8221;#007932&#8243; global_colors_info=&#8221;{}&#8221;][et_pb_image src=&#8221;https:\/\/blogsaverroes.juntadeandalucia.es\/ceipsil\/files\/2025\/10\/I-JORNADAS-OAOA-ANDALUCIA_page-0001.jpg&#8221; title_text=&#8221;I JORNADAS OAOA ANDALUC\u00cdA_page-0001&#8243; url=&#8221;https:\/\/sites.google.com\/view\/i-jornadas-oaoa-andaluca\/inicio&#8221; url_new_window=&#8221;on&#8221; show_bottom_space=&#8221;off&#8221; align=&#8221;center&#8221; _builder_version=&#8221;4.24.2&#8243; _module_preset=&#8221;default&#8221; transform_scale=&#8221;64%|64%&#8221; transform_translate_linked=&#8221;off&#8221; custom_margin=&#8221;-134px||||false|false&#8221; border_radii=&#8221;on|20px|20px|20px|20px&#8221; global_colors_info=&#8221;{}&#8221;][\/et_pb_image][et_pb_image src=&#8221;https:\/\/blogsaverroes.juntadeandalucia.es\/ceipsil\/files\/2025\/09\/SSECRETARIA25092612260_0001-e1758882202257.jpg&#8221; title_text=&#8221;Curso 25-26&#8243; show_in_lightbox=&#8221;on&#8221; show_bottom_space=&#8221;off&#8221; align=&#8221;center&#8221; disabled_on=&#8221;off|off|off&#8221; _builder_version=&#8221;4.24.2&#8243; _module_preset=&#8221;default&#8221; transform_scale=&#8221;88%|88%&#8221; transform_translate_linked=&#8221;off&#8221; custom_margin=&#8221;-54px|0px|||false|false&#8221; border_radii=&#8221;on|10px|10px|10px|10px&#8221; border_width_all=&#8221;1px&#8221; border_color_all=&#8221;#007932&#8243; border_width_top=&#8221;1px&#8221; global_colors_info=&#8221;{}&#8221;][\/et_pb_image][et_pb_text disabled_on=&#8221;off|off|off&#8221; _builder_version=&#8221;4.24.2&#8243; _module_preset=&#8221;default&#8221; text_font_size=&#8221;9px&#8221; transform_translate_linked=&#8221;off&#8221; max_width=&#8221;40%&#8221; module_alignment=&#8221;right&#8221; custom_margin=&#8221;0px|0px||0px|false|false&#8221; custom_padding=&#8221;|0px||0px|false|false&#8221; global_colors_info=&#8221;{}&#8221;]<\/p>\n<p style=\"text-align: left\">Peri\u00f3dico El Poniente de Granada<\/p>\n<p>[\/et_pb_text][\/et_pb_column][\/et_pb_row][\/et_pb_section]<\/p>\n","protected":false},"excerpt":{"rendered":"<p>Situado en la zona del Poniente Granadino, el colegio sirve a la comunidad local de Hu\u00e9tor T\u00e1jar. El CEIP San Isidro Labrador en Hu\u00e9tor T\u00e1jar, Granada, es un centro educativo p\u00fablico consolidado en la localidad que imparte el segundo ciclo de Educaci\u00f3n Infantil y Educaci\u00f3n Primaria. Su trayectoria est\u00e1 marcada por su integraci\u00f3n, su constante [&hellip;]<\/p>\n","protected":false},"author":15386,"featured_media":8656,"parent":0,"menu_order":0,"comment_status":"closed","ping_status":"closed","template":"","meta":{"_et_pb_use_builder":"on","_et_pb_old_content":"<h2>CEIP SAN ISIDRO LABRADOR<\/h2>","_et_gb_content_width":"","_exactmetrics_skip_tracking":false,"_exactmetrics_sitenote_active":false,"_exactmetrics_sitenote_note":"","_exactmetrics_sitenote_category":0,"footnotes":""},"aioseo_notices":[],"post_mailing_queue_ids":[],"_links":{"self":[{"href":"https:\/\/blogsaverroes.juntadeandalucia.es\/ceipsil\/wp-json\/wp\/v2\/pages\/15"}],"collection":[{"href":"https:\/\/blogsaverroes.juntadeandalucia.es\/ceipsil\/wp-json\/wp\/v2\/pages"}],"about":[{"href":"https:\/\/blogsaverroes.juntadeandalucia.es\/ceipsil\/wp-json\/wp\/v2\/types\/page"}],"author":[{"embeddable":true,"href":"https:\/\/blogsaverroes.juntadeandalucia.es\/ceipsil\/wp-json\/wp\/v2\/users\/15386"}],"replies":[{"embeddable":true,"href":"https:\/\/blogsaverroes.juntadeandalucia.es\/ceipsil\/wp-json\/wp\/v2\/comments?post=15"}],"version-history":[{"count":1905,"href":"https:\/\/blogsaverroes.juntadeandalucia.es\/ceipsil\/wp-json\/wp\/v2\/pages\/15\/revisions"}],"predecessor-version":[{"id":12992,"href":"https:\/\/blogsaverroes.juntadeandalucia.es\/ceipsil\/wp-json\/wp\/v2\/pages\/15\/revisions\/12992"}],"wp:featuredmedia":[{"embeddable":true,"href":"https:\/\/blogsaverroes.juntadeandalucia.es\/ceipsil\/wp-json\/wp\/v2\/media\/8656"}],"wp:attachment":[{"href":"https:\/\/blogsaverroes.juntadeandalucia.es\/ceipsil\/wp-json\/wp\/v2\/media?parent=15"}],"curies":[{"name":"wp","href":"https:\/\/api.w.org\/{rel}","templated":true}]}}